{"id":9860,"date":"2024-04-25T13:57:29","date_gmt":"2024-04-25T19:57:29","guid":{"rendered":"https:\/\/palitrochestore.com.mx\/product\/preventa-bandai-figuartszero-dohalim\/"},"modified":"2025-11-18T01:07:24","modified_gmt":"2025-11-18T07:07:24","slug":"preventa-bandai-figuartszero-dohalim","status":"publish","type":"product","link":"https:\/\/palitrochestore.com.mx\/?product=preventa-bandai-figuartszero-dohalim","title":{"rendered":"Bandai FiguartsZero Dohalim"},"content":{"rendered":"<p><strong>Palitroche Toys es la mejor tienda de figuras de Anime en M\u00e9xico, aqu\u00ed es donde coleccionar figuras de Tales of Arise es tu mejor opci\u00f3n.<\/strong><\/p>\n<div class=\"flex flex-grow flex-col max-w-full\">\n<div class=\"min-h-[20px] text-message flex flex-col items-start whitespace-pre-wrap break-words [.text-message+&amp;]:mt-5 juice:w-full juice:items-end overflow-x-auto gap-2\" dir=\"auto\" data-message-author-role=\"assistant\" data-message-id=\"6733a879-27cc-48bc-b524-aa81c47c9085\">\n<div class=\"flex w-full flex-col gap-1 juice:empty:hidden juice:first:pt-[3px]\">\n<div class=\"markdown prose w-full break-words dark:prose-invert light\">\n<p>En Palitroche Toys, la tienda l\u00edder en figuras de anime y coleccionables en M\u00e9xico, nos complace presentar la exquisita figura Bandai FiguartsZero Dohalim, inspirada en el popular videojuego &#8220;Tales of Arise&#8221;. Esta figura captura con precisi\u00f3n y elegancia la esencia de Dohalim il Qaras, uno de los personajes m\u00e1s enigm\u00e1ticos y carism\u00e1ticos del juego. Con una altura de aproximadamente 18 cm, Dohalim est\u00e1 representado con su majestuoso atuendo y su postura refinada, destacando los intrincados detalles de su vestimenta y accesorios, que reflejan su nobleza y habilidades m\u00e1gicas.<\/p>\n<p>La figura Bandai FiguartsZero Dohalim incluye una base detallada que realza la figura y permite una exhibici\u00f3n impresionante en cualquier colecci\u00f3n. Fabricada con materiales de alta calidad y esmero en cada detalle, esta figura es una obra de arte que captura la esencia del personaje y la atm\u00f3sfera del juego. En Palitroche Toys, nos enorgullece ofrecer productos excepcionales que honran las series y videojuegos m\u00e1s queridos, y esta figura de Dohalim es un tributo perfecto para los fan\u00e1ticos de &#8220;Tales of Arise&#8221;. \u00a1No te pierdas la oportunidad de agregar esta magn\u00edfica figura a tu colecci\u00f3n y revivir las aventuras \u00e9picas de Dohalim y sus compa\u00f1eros!<\/p>\n<\/div>\n<\/div>\n<\/div>\n<\/div>\n<div class=\"mt-1 flex gap-3 empty:hidden juice:-ml-3\">\n<div class=\"items-center justify-start rounded-xl p-1 flex\">\n<div class=\"flex items-center\">\n<p>&nbsp;<\/p>\n<div class=\"flex\"><\/div>\n<div class=\"flex items-center pb-0.5 juice:pb-0\">\n<div class=\"[&amp;_svg]:h-full [&amp;_svg]:w-full icon-md h-4 w-4\"><\/div>\n<p><span class=\"line-clamp-1 text-sm\">4o<\/span><\/p>\n<\/div>\n<\/div>\n<\/div>\n<\/div>\n","protected":false},"excerpt":{"rendered":"<p>Palitroche Toys es la mejor tienda de figuras de Anime en M\u00e9xico, aqu\u00ed es donde coleccionar figuras de Tales of Arise es tu mejor opci\u00f3n. En Palitroche Toys, la tienda l\u00edder en figuras de anime y coleccionables en M\u00e9xico, nos complace presentar la exquisita figura Bandai FiguartsZero Dohalim, inspirada en el popular videojuego &#8220;Tales of [&hellip;]<\/p>\n","protected":false},"featured_media":9840,"comment_status":"open","ping_status":"closed","template":"","meta":{"site-sidebar-layout":"default","site-content-layout":"default","ast-site-content-layout":"default","site-content-style":"default","site-sidebar-style":"default","ast-global-header-display":"","ast-banner-title-visibility":"","ast-main-header-display":"","ast-hfb-above-header-display":"","ast-hfb-below-header-display":"","ast-hfb-mobile-header-display":"","site-post-title":"","ast-breadcrumbs-content":"","ast-featured-img":"","footer-sml-layout":"","ast-disable-related-posts":"","theme-transparent-header-meta":"default","adv-header-id-meta":"","stick-header-meta":"","header-above-stick-meta":"","header-main-stick-meta":"","header-below-stick-meta":"","astra-migrate-meta-layouts":"default","ast-page-background-enabled":"default","ast-page-background-meta":{"desktop":{"background-color":"","background-image":"","background-repeat":"repeat","background-position":"center center","background-size":"auto","background-attachment":"scroll","background-type":"","background-media":"","overlay-type":"","overlay-color":"","overlay-opacity":"","overlay-gradient":""},"tablet":{"background-color":"","background-image":"","background-repeat":"repeat","background-position":"center center","background-size":"auto","background-attachment":"scroll","background-type":"","background-media":"","overlay-type":"","overlay-color":"","overlay-opacity":"","overlay-gradient":""},"mobile":{"background-color":"","background-image":"","background-repeat":"repeat","background-position":"center center","background-size":"auto","background-attachment":"scroll","background-type":"","background-media":"","overlay-type":"","overlay-color":"","overlay-opacity":"","overlay-gradient":""}},"ast-content-background-meta":{"desktop":{"background-color":"var(--ast-global-color-5)","background-image":"","background-repeat":"repeat","background-position":"center center","background-size":"auto","background-attachment":"scroll","background-type":"","background-media":"","overlay-type":"","overlay-color":"","overlay-opacity":"","overlay-gradient":""},"tablet":{"background-color":"var(--ast-global-color-5)","background-image":"","background-repeat":"repeat","background-position":"center center","background-size":"auto","background-attachment":"scroll","background-type":"","background-media":"","overlay-type":"","overlay-color":"","overlay-opacity":"","overlay-gradient":""},"mobile":{"background-color":"var(--ast-global-color-5)","background-image":"","background-repeat":"repeat","background-position":"center center","background-size":"auto","background-attachment":"scroll","background-type":"","background-media":"","overlay-type":"","overlay-color":"","overlay-opacity":"","overlay-gradient":""}}},"product_brand":[],"product_cat":[101,37,39],"product_tag":[118,260,297,374,375],"class_list":{"0":"post-9860","1":"product","2":"type-product","3":"status-publish","4":"has-post-thumbnail","6":"product_cat-anime","7":"product_cat-tamashii-nations","8":"product_cat-todas","9":"product_tag-bandai","10":"product_tag-figura","11":"product_tag-figura-de-coleccion","12":"product_tag-figura-original","13":"product_tag-figuras-de-anime","14":"desktop-align-center","15":"tablet-align-center","16":"mobile-align-center","18":"first","19":"instock","20":"sold-individually","21":"shipping-taxable","22":"purchasable","23":"product-type-simple"},"yoast_head":"<!-- This site is optimized with the Yoast SEO plugin v27.3 - https:\/\/yoast.com\/product\/yoast-seo-wordpress\/ -->\n<title>Bandai FiguartsZero Dohalim - Palitroche Store<\/title>\n<meta name=\"robots\" content=\"index, follow, max-snippet:-1, max-image-preview:large, max-video-preview:-1\" \/>\n<link rel=\"canonical\" href=\"https:\/\/palitrochestore.com.mx\/producto\/preventa-bandai-figuartszero-dohalim\/\" \/>\n<meta property=\"og:locale\" content=\"es_ES\" \/>\n<meta property=\"og:type\" content=\"article\" \/>\n<meta property=\"og:title\" content=\"Bandai FiguartsZero Dohalim - Palitroche Store\" \/>\n<meta property=\"og:description\" content=\"Palitroche Toys es la mejor tienda de figuras de Anime en M\u00e9xico, aqu\u00ed es donde coleccionar figuras de Tales of Arise es tu mejor opci\u00f3n. En Palitroche Toys, la tienda l\u00edder en figuras de anime y coleccionables en M\u00e9xico, nos complace presentar la exquisita figura Bandai FiguartsZero Dohalim, inspirada en el popular videojuego &#8220;Tales of [&hellip;]\" \/>\n<meta property=\"og:url\" content=\"https:\/\/palitrochestore.com.mx\/producto\/preventa-bandai-figuartszero-dohalim\/\" \/>\n<meta property=\"og:site_name\" content=\"Palitroche Store\" \/>\n<meta property=\"article:modified_time\" content=\"2025-11-18T07:07:24+00:00\" \/>\n<meta property=\"og:image\" content=\"https:\/\/palitrochestore.com.mx\/wp-content\/uploads\/2024\/04\/4573102656636-1.webp\" \/>\n\t<meta property=\"og:image:width\" content=\"1000\" \/>\n\t<meta property=\"og:image:height\" content=\"1000\" \/>\n\t<meta property=\"og:image:type\" content=\"image\/webp\" \/>\n<meta name=\"twitter:card\" content=\"summary_large_image\" \/>\n<meta name=\"twitter:label1\" content=\"Tiempo de lectura\" \/>\n\t<meta name=\"twitter:data1\" content=\"2 minutos\" \/>\n<script type=\"application\/ld+json\" class=\"yoast-schema-graph\">{\"@context\":\"https:\\\/\\\/schema.org\",\"@graph\":[{\"@type\":\"WebPage\",\"@id\":\"https:\\\/\\\/palitrochestore.com.mx\\\/producto\\\/preventa-bandai-figuartszero-dohalim\\\/\",\"url\":\"https:\\\/\\\/palitrochestore.com.mx\\\/producto\\\/preventa-bandai-figuartszero-dohalim\\\/\",\"name\":\"Bandai FiguartsZero Dohalim - Palitroche Store\",\"isPartOf\":{\"@id\":\"https:\\\/\\\/palitrochestore.com.mx\\\/#website\"},\"primaryImageOfPage\":{\"@id\":\"https:\\\/\\\/palitrochestore.com.mx\\\/producto\\\/preventa-bandai-figuartszero-dohalim\\\/#primaryimage\"},\"image\":{\"@id\":\"https:\\\/\\\/palitrochestore.com.mx\\\/producto\\\/preventa-bandai-figuartszero-dohalim\\\/#primaryimage\"},\"thumbnailUrl\":\"https:\\\/\\\/palitrochestore.com.mx\\\/wp-content\\\/uploads\\\/2024\\\/04\\\/4573102656636-1.webp\",\"datePublished\":\"2024-04-25T19:57:29+00:00\",\"dateModified\":\"2025-11-18T07:07:24+00:00\",\"breadcrumb\":{\"@id\":\"https:\\\/\\\/palitrochestore.com.mx\\\/producto\\\/preventa-bandai-figuartszero-dohalim\\\/#breadcrumb\"},\"inLanguage\":\"es\",\"potentialAction\":[{\"@type\":\"ReadAction\",\"target\":[\"https:\\\/\\\/palitrochestore.com.mx\\\/producto\\\/preventa-bandai-figuartszero-dohalim\\\/\"]}]},{\"@type\":\"ImageObject\",\"inLanguage\":\"es\",\"@id\":\"https:\\\/\\\/palitrochestore.com.mx\\\/producto\\\/preventa-bandai-figuartszero-dohalim\\\/#primaryimage\",\"url\":\"https:\\\/\\\/palitrochestore.com.mx\\\/wp-content\\\/uploads\\\/2024\\\/04\\\/4573102656636-1.webp\",\"contentUrl\":\"https:\\\/\\\/palitrochestore.com.mx\\\/wp-content\\\/uploads\\\/2024\\\/04\\\/4573102656636-1.webp\",\"width\":1000,\"height\":1000},{\"@type\":\"BreadcrumbList\",\"@id\":\"https:\\\/\\\/palitrochestore.com.mx\\\/producto\\\/preventa-bandai-figuartszero-dohalim\\\/#breadcrumb\",\"itemListElement\":[{\"@type\":\"ListItem\",\"position\":1,\"name\":\"Home\",\"item\":\"https:\\\/\\\/palitrochestore.com.mx\\\/\"},{\"@type\":\"ListItem\",\"position\":2,\"name\":\"Shop\",\"item\":\"https:\\\/\\\/palitrochestore.com.mx\\\/?page_id=21686\"},{\"@type\":\"ListItem\",\"position\":3,\"name\":\"Bandai FiguartsZero Dohalim\"}]},{\"@type\":\"WebSite\",\"@id\":\"https:\\\/\\\/palitrochestore.com.mx\\\/#website\",\"url\":\"https:\\\/\\\/palitrochestore.com.mx\\\/\",\"name\":\"Palitroche Store\",\"description\":\"Tienda f\u00edsica y online para comprar figuras de anime en M\u00e9xico, figuras originales coleccionables Bandai y S.H.Figuarts y tambi\u00e9n TCG como One Piece y Pok\u00e9mon TCG en CDMX\",\"publisher\":{\"@id\":\"https:\\\/\\\/palitrochestore.com.mx\\\/#organization\"},\"potentialAction\":[{\"@type\":\"SearchAction\",\"target\":{\"@type\":\"EntryPoint\",\"urlTemplate\":\"https:\\\/\\\/palitrochestore.com.mx\\\/?s={search_term_string}\"},\"query-input\":{\"@type\":\"PropertyValueSpecification\",\"valueRequired\":true,\"valueName\":\"search_term_string\"}}],\"inLanguage\":\"es\"},{\"@type\":\"Organization\",\"@id\":\"https:\\\/\\\/palitrochestore.com.mx\\\/#organization\",\"name\":\"Palitroche Store\",\"url\":\"https:\\\/\\\/palitrochestore.com.mx\\\/\",\"logo\":{\"@type\":\"ImageObject\",\"inLanguage\":\"es\",\"@id\":\"https:\\\/\\\/palitrochestore.com.mx\\\/#\\\/schema\\\/logo\\\/image\\\/\",\"url\":\"https:\\\/\\\/palitrochestore.com.mx\\\/wp-content\\\/uploads\\\/2025\\\/12\\\/cropped-LOGO_PALI_2025-1.png\",\"contentUrl\":\"https:\\\/\\\/palitrochestore.com.mx\\\/wp-content\\\/uploads\\\/2025\\\/12\\\/cropped-LOGO_PALI_2025-1.png\",\"width\":2117,\"height\":1572,\"caption\":\"Palitroche Store\"},\"image\":{\"@id\":\"https:\\\/\\\/palitrochestore.com.mx\\\/#\\\/schema\\\/logo\\\/image\\\/\"}}]}<\/script>\n<!-- \/ Yoast SEO plugin. -->","yoast_head_json":{"title":"Bandai FiguartsZero Dohalim - Palitroche Store","robots":{"index":"index","follow":"follow","max-snippet":"max-snippet:-1","max-image-preview":"max-image-preview:large","max-video-preview":"max-video-preview:-1"},"canonical":"https:\/\/palitrochestore.com.mx\/producto\/preventa-bandai-figuartszero-dohalim\/","og_locale":"es_ES","og_type":"article","og_title":"Bandai FiguartsZero Dohalim - Palitroche Store","og_description":"Palitroche Toys es la mejor tienda de figuras de Anime en M\u00e9xico, aqu\u00ed es donde coleccionar figuras de Tales of Arise es tu mejor opci\u00f3n. En Palitroche Toys, la tienda l\u00edder en figuras de anime y coleccionables en M\u00e9xico, nos complace presentar la exquisita figura Bandai FiguartsZero Dohalim, inspirada en el popular videojuego &#8220;Tales of [&hellip;]","og_url":"https:\/\/palitrochestore.com.mx\/producto\/preventa-bandai-figuartszero-dohalim\/","og_site_name":"Palitroche Store","article_modified_time":"2025-11-18T07:07:24+00:00","og_image":[{"width":1000,"height":1000,"url":"https:\/\/palitrochestore.com.mx\/wp-content\/uploads\/2024\/04\/4573102656636-1.webp","type":"image\/webp"}],"twitter_card":"summary_large_image","twitter_misc":{"Tiempo de lectura":"2 minutos"},"schema":{"@context":"https:\/\/schema.org","@graph":[{"@type":"WebPage","@id":"https:\/\/palitrochestore.com.mx\/producto\/preventa-bandai-figuartszero-dohalim\/","url":"https:\/\/palitrochestore.com.mx\/producto\/preventa-bandai-figuartszero-dohalim\/","name":"Bandai FiguartsZero Dohalim - Palitroche Store","isPartOf":{"@id":"https:\/\/palitrochestore.com.mx\/#website"},"primaryImageOfPage":{"@id":"https:\/\/palitrochestore.com.mx\/producto\/preventa-bandai-figuartszero-dohalim\/#primaryimage"},"image":{"@id":"https:\/\/palitrochestore.com.mx\/producto\/preventa-bandai-figuartszero-dohalim\/#primaryimage"},"thumbnailUrl":"https:\/\/palitrochestore.com.mx\/wp-content\/uploads\/2024\/04\/4573102656636-1.webp","datePublished":"2024-04-25T19:57:29+00:00","dateModified":"2025-11-18T07:07:24+00:00","breadcrumb":{"@id":"https:\/\/palitrochestore.com.mx\/producto\/preventa-bandai-figuartszero-dohalim\/#breadcrumb"},"inLanguage":"es","potentialAction":[{"@type":"ReadAction","target":["https:\/\/palitrochestore.com.mx\/producto\/preventa-bandai-figuartszero-dohalim\/"]}]},{"@type":"ImageObject","inLanguage":"es","@id":"https:\/\/palitrochestore.com.mx\/producto\/preventa-bandai-figuartszero-dohalim\/#primaryimage","url":"https:\/\/palitrochestore.com.mx\/wp-content\/uploads\/2024\/04\/4573102656636-1.webp","contentUrl":"https:\/\/palitrochestore.com.mx\/wp-content\/uploads\/2024\/04\/4573102656636-1.webp","width":1000,"height":1000},{"@type":"BreadcrumbList","@id":"https:\/\/palitrochestore.com.mx\/producto\/preventa-bandai-figuartszero-dohalim\/#breadcrumb","itemListElement":[{"@type":"ListItem","position":1,"name":"Home","item":"https:\/\/palitrochestore.com.mx\/"},{"@type":"ListItem","position":2,"name":"Shop","item":"https:\/\/palitrochestore.com.mx\/?page_id=21686"},{"@type":"ListItem","position":3,"name":"Bandai FiguartsZero Dohalim"}]},{"@type":"WebSite","@id":"https:\/\/palitrochestore.com.mx\/#website","url":"https:\/\/palitrochestore.com.mx\/","name":"Palitroche Store","description":"Tienda f\u00edsica y online para comprar figuras de anime en M\u00e9xico, figuras originales coleccionables Bandai y S.H.Figuarts y tambi\u00e9n TCG como One Piece y Pok\u00e9mon TCG en CDMX","publisher":{"@id":"https:\/\/palitrochestore.com.mx\/#organization"},"potentialAction":[{"@type":"SearchAction","target":{"@type":"EntryPoint","urlTemplate":"https:\/\/palitrochestore.com.mx\/?s={search_term_string}"},"query-input":{"@type":"PropertyValueSpecification","valueRequired":true,"valueName":"search_term_string"}}],"inLanguage":"es"},{"@type":"Organization","@id":"https:\/\/palitrochestore.com.mx\/#organization","name":"Palitroche Store","url":"https:\/\/palitrochestore.com.mx\/","logo":{"@type":"ImageObject","inLanguage":"es","@id":"https:\/\/palitrochestore.com.mx\/#\/schema\/logo\/image\/","url":"https:\/\/palitrochestore.com.mx\/wp-content\/uploads\/2025\/12\/cropped-LOGO_PALI_2025-1.png","contentUrl":"https:\/\/palitrochestore.com.mx\/wp-content\/uploads\/2025\/12\/cropped-LOGO_PALI_2025-1.png","width":2117,"height":1572,"caption":"Palitroche Store"},"image":{"@id":"https:\/\/palitrochestore.com.mx\/#\/schema\/logo\/image\/"}}]}},"_links":{"self":[{"href":"https:\/\/palitrochestore.com.mx\/index.php?rest_route=\/wp\/v2\/product\/9860","targetHints":{"allow":["GET"]}}],"collection":[{"href":"https:\/\/palitrochestore.com.mx\/index.php?rest_route=\/wp\/v2\/product"}],"about":[{"href":"https:\/\/palitrochestore.com.mx\/index.php?rest_route=\/wp\/v2\/types\/product"}],"replies":[{"embeddable":true,"href":"https:\/\/palitrochestore.com.mx\/index.php?rest_route=%2Fwp%2Fv2%2Fcomments&post=9860"}],"version-history":[{"count":1,"href":"https:\/\/palitrochestore.com.mx\/index.php?rest_route=\/wp\/v2\/product\/9860\/revisions"}],"predecessor-version":[{"id":10125,"href":"https:\/\/palitrochestore.com.mx\/index.php?rest_route=\/wp\/v2\/product\/9860\/revisions\/10125"}],"wp:featuredmedia":[{"embeddable":true,"href":"https:\/\/palitrochestore.com.mx\/index.php?rest_route=\/wp\/v2\/media\/9840"}],"wp:attachment":[{"href":"https:\/\/palitrochestore.com.mx\/index.php?rest_route=%2Fwp%2Fv2%2Fmedia&parent=9860"}],"wp:term":[{"taxonomy":"product_brand","embeddable":true,"href":"https:\/\/palitrochestore.com.mx\/index.php?rest_route=%2Fwp%2Fv2%2Fproduct_brand&post=9860"},{"taxonomy":"product_cat","embeddable":true,"href":"https:\/\/palitrochestore.com.mx\/index.php?rest_route=%2Fwp%2Fv2%2Fproduct_cat&post=9860"},{"taxonomy":"product_tag","embeddable":true,"href":"https:\/\/palitrochestore.com.mx\/index.php?rest_route=%2Fwp%2Fv2%2Fproduct_tag&post=9860"}],"curies":[{"name":"wp","href":"https:\/\/api.w.org\/{rel}","templated":true}]}}