{"id":8364,"date":"2023-08-02T16:32:31","date_gmt":"2023-08-02T22:32:31","guid":{"rendered":"https:\/\/palitrochestore.com.mx\/product\/lonchera-para-nino-de-tiburon-de-neopreno-termica\/"},"modified":"2026-02-18T01:51:36","modified_gmt":"2026-02-18T07:51:36","slug":"lonchera-para-nino-de-tiburon-de-neopreno-termica","status":"publish","type":"product","link":"https:\/\/palitrochestore.com.mx\/?product=lonchera-para-nino-de-tiburon-de-neopreno-termica","title":{"rendered":"Lonchera para Ni\u00f1o de Tibur\u00f3n De Neopreno T\u00e9rmica"},"content":{"rendered":"<p>\u00a1Haz que la hora del almuerzo sea una aventura con nuestra Lonchera para Ni\u00f1o de Tibur\u00f3n de Neopreno T\u00e9rmica! Dise\u00f1ada para cautivar la imaginaci\u00f3n de los m\u00e1s peque\u00f1os, esta adorable lonchera con forma de tibur\u00f3n mantendr\u00e1 la comida fresca durante horas gracias a su material t\u00e9rmico de neopreno. Con un dise\u00f1o ergon\u00f3mico, es c\u00f3moda de llevar y perfecta para la escuela, excursiones o picnics. \u00a1Haz que tu peque\u00f1o se emocione por sus comidas y convierte la hora del almuerzo en un viaje emocionante con nuestra lonchera de tibur\u00f3n!<\/p>\n","protected":false},"excerpt":{"rendered":"<p>\u00a1Haz que la hora del almuerzo sea una aventura con nuestra Lonchera para Ni\u00f1o de Tibur\u00f3n de Neopreno T\u00e9rmica! Dise\u00f1ada para cautivar la imaginaci\u00f3n de los m\u00e1s peque\u00f1os, esta adorable lonchera con forma de tibur\u00f3n mantendr\u00e1 la comida fresca durante horas gracias a su material t\u00e9rmico de neopreno. Con un dise\u00f1o ergon\u00f3mico, es c\u00f3moda de [&hellip;]<\/p>\n","protected":false},"featured_media":8347,"comment_status":"open","ping_status":"closed","template":"","meta":{"site-sidebar-layout":"default","site-content-layout":"","ast-site-content-layout":"default","site-content-style":"default","site-sidebar-style":"default","ast-global-header-display":"","ast-banner-title-visibility":"","ast-main-header-display":"","ast-hfb-above-header-display":"","ast-hfb-below-header-display":"","ast-hfb-mobile-header-display":"","site-post-title":"","ast-breadcrumbs-content":"","ast-featured-img":"","footer-sml-layout":"","ast-disable-related-posts":"","theme-transparent-header-meta":"","adv-header-id-meta":"","stick-header-meta":"","header-above-stick-meta":"","header-main-stick-meta":"","header-below-stick-meta":"","astra-migrate-meta-layouts":"default","ast-page-background-enabled":"default","ast-page-background-meta":{"desktop":{"background-color":"","background-image":"","background-repeat":"repeat","background-position":"center center","background-size":"auto","background-attachment":"scroll","background-type":"","background-media":"","overlay-type":"","overlay-color":"","overlay-opacity":"","overlay-gradient":""},"tablet":{"background-color":"","background-image":"","background-repeat":"repeat","background-position":"center center","background-size":"auto","background-attachment":"scroll","background-type":"","background-media":"","overlay-type":"","overlay-color":"","overlay-opacity":"","overlay-gradient":""},"mobile":{"background-color":"","background-image":"","background-repeat":"repeat","background-position":"center center","background-size":"auto","background-attachment":"scroll","background-type":"","background-media":"","overlay-type":"","overlay-color":"","overlay-opacity":"","overlay-gradient":""}},"ast-content-background-meta":{"desktop":{"background-color":"var(--ast-global-color-5)","background-image":"","background-repeat":"repeat","background-position":"center center","background-size":"auto","background-attachment":"scroll","background-type":"","background-media":"","overlay-type":"","overlay-color":"","overlay-opacity":"","overlay-gradient":""},"tablet":{"background-color":"var(--ast-global-color-5)","background-image":"","background-repeat":"repeat","background-position":"center center","background-size":"auto","background-attachment":"scroll","background-type":"","background-media":"","overlay-type":"","overlay-color":"","overlay-opacity":"","overlay-gradient":""},"mobile":{"background-color":"var(--ast-global-color-5)","background-image":"","background-repeat":"repeat","background-position":"center center","background-size":"auto","background-attachment":"scroll","background-type":"","background-media":"","overlay-type":"","overlay-color":"","overlay-opacity":"","overlay-gradient":""}}},"product_brand":[],"product_cat":[109],"product_tag":[],"class_list":{"0":"post-8364","1":"product","2":"type-product","3":"status-publish","4":"has-post-thumbnail","6":"product_cat-accesorios","7":"desktop-align-center","8":"tablet-align-center","9":"mobile-align-center","11":"first","12":"instock","13":"shipping-taxable","14":"purchasable","15":"product-type-simple"},"yoast_head":"<!-- This site is optimized with the Yoast SEO plugin v27.3 - https:\/\/yoast.com\/product\/yoast-seo-wordpress\/ -->\n<title>Lonchera para Ni\u00f1o de Tibur\u00f3n De Neopreno T\u00e9rmica - Palitroche Store<\/title>\n<meta name=\"robots\" content=\"index, follow, max-snippet:-1, max-image-preview:large, max-video-preview:-1\" \/>\n<link rel=\"canonical\" href=\"https:\/\/palitrochestore.com.mx\/?product=lonchera-para-nino-de-tiburon-de-neopreno-termica\" \/>\n<meta property=\"og:locale\" content=\"es_ES\" \/>\n<meta property=\"og:type\" content=\"article\" \/>\n<meta property=\"og:title\" content=\"Lonchera para Ni\u00f1o de Tibur\u00f3n De Neopreno T\u00e9rmica - Palitroche Store\" \/>\n<meta property=\"og:description\" content=\"\u00a1Haz que la hora del almuerzo sea una aventura con nuestra Lonchera para Ni\u00f1o de Tibur\u00f3n de Neopreno T\u00e9rmica! Dise\u00f1ada para cautivar la imaginaci\u00f3n de los m\u00e1s peque\u00f1os, esta adorable lonchera con forma de tibur\u00f3n mantendr\u00e1 la comida fresca durante horas gracias a su material t\u00e9rmico de neopreno. Con un dise\u00f1o ergon\u00f3mico, es c\u00f3moda de [&hellip;]\" \/>\n<meta property=\"og:url\" content=\"https:\/\/palitrochestore.com.mx\/?product=lonchera-para-nino-de-tiburon-de-neopreno-termica\" \/>\n<meta property=\"og:site_name\" content=\"Palitroche Store\" \/>\n<meta property=\"article:modified_time\" content=\"2026-02-18T07:51:36+00:00\" \/>\n<meta property=\"og:image\" content=\"https:\/\/palitrochestore.com.mx\/wp-content\/uploads\/2023\/08\/7501954052747-1.jpg\" \/>\n\t<meta property=\"og:image:width\" content=\"1200\" \/>\n\t<meta property=\"og:image:height\" content=\"1200\" \/>\n\t<meta property=\"og:image:type\" content=\"image\/jpeg\" \/>\n<meta name=\"twitter:card\" content=\"summary_large_image\" \/>\n<meta name=\"twitter:label1\" content=\"Tiempo de lectura\" \/>\n\t<meta name=\"twitter:data1\" content=\"1 minuto\" \/>\n<script type=\"application\/ld+json\" class=\"yoast-schema-graph\">{\"@context\":\"https:\\\/\\\/schema.org\",\"@graph\":[{\"@type\":\"WebPage\",\"@id\":\"https:\\\/\\\/palitrochestore.com.mx\\\/?product=lonchera-para-nino-de-tiburon-de-neopreno-termica\",\"url\":\"https:\\\/\\\/palitrochestore.com.mx\\\/?product=lonchera-para-nino-de-tiburon-de-neopreno-termica\",\"name\":\"Lonchera para Ni\u00f1o de Tibur\u00f3n De Neopreno T\u00e9rmica - Palitroche Store\",\"isPartOf\":{\"@id\":\"https:\\\/\\\/palitrochestore.com.mx\\\/#website\"},\"primaryImageOfPage\":{\"@id\":\"https:\\\/\\\/palitrochestore.com.mx\\\/?product=lonchera-para-nino-de-tiburon-de-neopreno-termica#primaryimage\"},\"image\":{\"@id\":\"https:\\\/\\\/palitrochestore.com.mx\\\/?product=lonchera-para-nino-de-tiburon-de-neopreno-termica#primaryimage\"},\"thumbnailUrl\":\"https:\\\/\\\/palitrochestore.com.mx\\\/wp-content\\\/uploads\\\/2023\\\/08\\\/7501954052747-1.jpg\",\"datePublished\":\"2023-08-02T22:32:31+00:00\",\"dateModified\":\"2026-02-18T07:51:36+00:00\",\"breadcrumb\":{\"@id\":\"https:\\\/\\\/palitrochestore.com.mx\\\/?product=lonchera-para-nino-de-tiburon-de-neopreno-termica#breadcrumb\"},\"inLanguage\":\"es\",\"potentialAction\":[{\"@type\":\"ReadAction\",\"target\":[\"https:\\\/\\\/palitrochestore.com.mx\\\/?product=lonchera-para-nino-de-tiburon-de-neopreno-termica\"]}]},{\"@type\":\"ImageObject\",\"inLanguage\":\"es\",\"@id\":\"https:\\\/\\\/palitrochestore.com.mx\\\/?product=lonchera-para-nino-de-tiburon-de-neopreno-termica#primaryimage\",\"url\":\"https:\\\/\\\/palitrochestore.com.mx\\\/wp-content\\\/uploads\\\/2023\\\/08\\\/7501954052747-1.jpg\",\"contentUrl\":\"https:\\\/\\\/palitrochestore.com.mx\\\/wp-content\\\/uploads\\\/2023\\\/08\\\/7501954052747-1.jpg\",\"width\":1200,\"height\":1200},{\"@type\":\"BreadcrumbList\",\"@id\":\"https:\\\/\\\/palitrochestore.com.mx\\\/?product=lonchera-para-nino-de-tiburon-de-neopreno-termica#breadcrumb\",\"itemListElement\":[{\"@type\":\"ListItem\",\"position\":1,\"name\":\"Home\",\"item\":\"https:\\\/\\\/palitrochestore.com.mx\\\/\"},{\"@type\":\"ListItem\",\"position\":2,\"name\":\"Shop\",\"item\":\"https:\\\/\\\/palitrochestore.com.mx\\\/?page_id=21686\"},{\"@type\":\"ListItem\",\"position\":3,\"name\":\"Lonchera para Ni\u00f1o de Tibur\u00f3n De Neopreno T\u00e9rmica\"}]},{\"@type\":\"WebSite\",\"@id\":\"https:\\\/\\\/palitrochestore.com.mx\\\/#website\",\"url\":\"https:\\\/\\\/palitrochestore.com.mx\\\/\",\"name\":\"Palitroche Store\",\"description\":\"Tienda f\u00edsica y online para comprar figuras de anime en M\u00e9xico, figuras originales coleccionables Bandai y S.H.Figuarts y tambi\u00e9n TCG como One Piece y Pok\u00e9mon TCG en CDMX\",\"publisher\":{\"@id\":\"https:\\\/\\\/palitrochestore.com.mx\\\/#organization\"},\"potentialAction\":[{\"@type\":\"SearchAction\",\"target\":{\"@type\":\"EntryPoint\",\"urlTemplate\":\"https:\\\/\\\/palitrochestore.com.mx\\\/?s={search_term_string}\"},\"query-input\":{\"@type\":\"PropertyValueSpecification\",\"valueRequired\":true,\"valueName\":\"search_term_string\"}}],\"inLanguage\":\"es\"},{\"@type\":\"Organization\",\"@id\":\"https:\\\/\\\/palitrochestore.com.mx\\\/#organization\",\"name\":\"Palitroche Store\",\"url\":\"https:\\\/\\\/palitrochestore.com.mx\\\/\",\"logo\":{\"@type\":\"ImageObject\",\"inLanguage\":\"es\",\"@id\":\"https:\\\/\\\/palitrochestore.com.mx\\\/#\\\/schema\\\/logo\\\/image\\\/\",\"url\":\"https:\\\/\\\/palitrochestore.com.mx\\\/wp-content\\\/uploads\\\/2025\\\/12\\\/cropped-LOGO_PALI_2025-1.png\",\"contentUrl\":\"https:\\\/\\\/palitrochestore.com.mx\\\/wp-content\\\/uploads\\\/2025\\\/12\\\/cropped-LOGO_PALI_2025-1.png\",\"width\":2117,\"height\":1572,\"caption\":\"Palitroche Store\"},\"image\":{\"@id\":\"https:\\\/\\\/palitrochestore.com.mx\\\/#\\\/schema\\\/logo\\\/image\\\/\"}}]}<\/script>\n<!-- \/ Yoast SEO plugin. -->","yoast_head_json":{"title":"Lonchera para Ni\u00f1o de Tibur\u00f3n De Neopreno T\u00e9rmica - Palitroche Store","robots":{"index":"index","follow":"follow","max-snippet":"max-snippet:-1","max-image-preview":"max-image-preview:large","max-video-preview":"max-video-preview:-1"},"canonical":"https:\/\/palitrochestore.com.mx\/?product=lonchera-para-nino-de-tiburon-de-neopreno-termica","og_locale":"es_ES","og_type":"article","og_title":"Lonchera para Ni\u00f1o de Tibur\u00f3n De Neopreno T\u00e9rmica - Palitroche Store","og_description":"\u00a1Haz que la hora del almuerzo sea una aventura con nuestra Lonchera para Ni\u00f1o de Tibur\u00f3n de Neopreno T\u00e9rmica! Dise\u00f1ada para cautivar la imaginaci\u00f3n de los m\u00e1s peque\u00f1os, esta adorable lonchera con forma de tibur\u00f3n mantendr\u00e1 la comida fresca durante horas gracias a su material t\u00e9rmico de neopreno. Con un dise\u00f1o ergon\u00f3mico, es c\u00f3moda de [&hellip;]","og_url":"https:\/\/palitrochestore.com.mx\/?product=lonchera-para-nino-de-tiburon-de-neopreno-termica","og_site_name":"Palitroche Store","article_modified_time":"2026-02-18T07:51:36+00:00","og_image":[{"width":1200,"height":1200,"url":"https:\/\/palitrochestore.com.mx\/wp-content\/uploads\/2023\/08\/7501954052747-1.jpg","type":"image\/jpeg"}],"twitter_card":"summary_large_image","twitter_misc":{"Tiempo de lectura":"1 minuto"},"schema":{"@context":"https:\/\/schema.org","@graph":[{"@type":"WebPage","@id":"https:\/\/palitrochestore.com.mx\/?product=lonchera-para-nino-de-tiburon-de-neopreno-termica","url":"https:\/\/palitrochestore.com.mx\/?product=lonchera-para-nino-de-tiburon-de-neopreno-termica","name":"Lonchera para Ni\u00f1o de Tibur\u00f3n De Neopreno T\u00e9rmica - Palitroche Store","isPartOf":{"@id":"https:\/\/palitrochestore.com.mx\/#website"},"primaryImageOfPage":{"@id":"https:\/\/palitrochestore.com.mx\/?product=lonchera-para-nino-de-tiburon-de-neopreno-termica#primaryimage"},"image":{"@id":"https:\/\/palitrochestore.com.mx\/?product=lonchera-para-nino-de-tiburon-de-neopreno-termica#primaryimage"},"thumbnailUrl":"https:\/\/palitrochestore.com.mx\/wp-content\/uploads\/2023\/08\/7501954052747-1.jpg","datePublished":"2023-08-02T22:32:31+00:00","dateModified":"2026-02-18T07:51:36+00:00","breadcrumb":{"@id":"https:\/\/palitrochestore.com.mx\/?product=lonchera-para-nino-de-tiburon-de-neopreno-termica#breadcrumb"},"inLanguage":"es","potentialAction":[{"@type":"ReadAction","target":["https:\/\/palitrochestore.com.mx\/?product=lonchera-para-nino-de-tiburon-de-neopreno-termica"]}]},{"@type":"ImageObject","inLanguage":"es","@id":"https:\/\/palitrochestore.com.mx\/?product=lonchera-para-nino-de-tiburon-de-neopreno-termica#primaryimage","url":"https:\/\/palitrochestore.com.mx\/wp-content\/uploads\/2023\/08\/7501954052747-1.jpg","contentUrl":"https:\/\/palitrochestore.com.mx\/wp-content\/uploads\/2023\/08\/7501954052747-1.jpg","width":1200,"height":1200},{"@type":"BreadcrumbList","@id":"https:\/\/palitrochestore.com.mx\/?product=lonchera-para-nino-de-tiburon-de-neopreno-termica#breadcrumb","itemListElement":[{"@type":"ListItem","position":1,"name":"Home","item":"https:\/\/palitrochestore.com.mx\/"},{"@type":"ListItem","position":2,"name":"Shop","item":"https:\/\/palitrochestore.com.mx\/?page_id=21686"},{"@type":"ListItem","position":3,"name":"Lonchera para Ni\u00f1o de Tibur\u00f3n De Neopreno T\u00e9rmica"}]},{"@type":"WebSite","@id":"https:\/\/palitrochestore.com.mx\/#website","url":"https:\/\/palitrochestore.com.mx\/","name":"Palitroche Store","description":"Tienda f\u00edsica y online para comprar figuras de anime en M\u00e9xico, figuras originales coleccionables Bandai y S.H.Figuarts y tambi\u00e9n TCG como One Piece y Pok\u00e9mon TCG en CDMX","publisher":{"@id":"https:\/\/palitrochestore.com.mx\/#organization"},"potentialAction":[{"@type":"SearchAction","target":{"@type":"EntryPoint","urlTemplate":"https:\/\/palitrochestore.com.mx\/?s={search_term_string}"},"query-input":{"@type":"PropertyValueSpecification","valueRequired":true,"valueName":"search_term_string"}}],"inLanguage":"es"},{"@type":"Organization","@id":"https:\/\/palitrochestore.com.mx\/#organization","name":"Palitroche Store","url":"https:\/\/palitrochestore.com.mx\/","logo":{"@type":"ImageObject","inLanguage":"es","@id":"https:\/\/palitrochestore.com.mx\/#\/schema\/logo\/image\/","url":"https:\/\/palitrochestore.com.mx\/wp-content\/uploads\/2025\/12\/cropped-LOGO_PALI_2025-1.png","contentUrl":"https:\/\/palitrochestore.com.mx\/wp-content\/uploads\/2025\/12\/cropped-LOGO_PALI_2025-1.png","width":2117,"height":1572,"caption":"Palitroche Store"},"image":{"@id":"https:\/\/palitrochestore.com.mx\/#\/schema\/logo\/image\/"}}]}},"_links":{"self":[{"href":"https:\/\/palitrochestore.com.mx\/index.php?rest_route=\/wp\/v2\/product\/8364","targetHints":{"allow":["GET"]}}],"collection":[{"href":"https:\/\/palitrochestore.com.mx\/index.php?rest_route=\/wp\/v2\/product"}],"about":[{"href":"https:\/\/palitrochestore.com.mx\/index.php?rest_route=\/wp\/v2\/types\/product"}],"replies":[{"embeddable":true,"href":"https:\/\/palitrochestore.com.mx\/index.php?rest_route=%2Fwp%2Fv2%2Fcomments&post=8364"}],"version-history":[{"count":0,"href":"https:\/\/palitrochestore.com.mx\/index.php?rest_route=\/wp\/v2\/product\/8364\/revisions"}],"wp:featuredmedia":[{"embeddable":true,"href":"https:\/\/palitrochestore.com.mx\/index.php?rest_route=\/wp\/v2\/media\/8347"}],"wp:attachment":[{"href":"https:\/\/palitrochestore.com.mx\/index.php?rest_route=%2Fwp%2Fv2%2Fmedia&parent=8364"}],"wp:term":[{"taxonomy":"product_brand","embeddable":true,"href":"https:\/\/palitrochestore.com.mx\/index.php?rest_route=%2Fwp%2Fv2%2Fproduct_brand&post=8364"},{"taxonomy":"product_cat","embeddable":true,"href":"https:\/\/palitrochestore.com.mx\/index.php?rest_route=%2Fwp%2Fv2%2Fproduct_cat&post=8364"},{"taxonomy":"product_tag","embeddable":true,"href":"https:\/\/palitrochestore.com.mx\/index.php?rest_route=%2Fwp%2Fv2%2Fproduct_tag&post=8364"}],"curies":[{"name":"wp","href":"https:\/\/api.w.org\/{rel}","templated":true}]}}