{"id":8052,"date":"2023-05-16T22:27:56","date_gmt":"2023-05-17T04:27:56","guid":{"rendered":"https:\/\/palitrochestore.com.mx\/product\/mario-bros-mini-figura-coleccion-jakks-pacific-the-movie-2023\/"},"modified":"2025-11-18T01:04:25","modified_gmt":"2025-11-18T07:04:25","slug":"mario-bros-mini-figura-coleccion-jakks-pacific-the-movie-2023","status":"publish","type":"product","link":"https:\/\/palitrochestore.com.mx\/?product=mario-bros-mini-figura-coleccion-jakks-pacific-the-movie-2023","title":{"rendered":"Mario Bros Mini Figura Colecci\u00f3n Jakks Pacific The Movie 2023"},"content":{"rendered":"<p>Llegan las figuras oficiales del gran \u00e9xito mundial de la pel\u00edcula Super Mario Bros The Movie, en una colecci\u00f3n de mini figuras de la marca mundialmente reconocida Jakks Pacific. Esta es la colecci\u00f3n oficial.<\/p>\n<p>Los coleccionistas de Mario Bros adoraran esta figura de Mario de la nueva pel\u00edcula de Nintendo 2023 \u00a1Adquierela ahora y no dejes que falte en tu colecci\u00f3n!<\/p>\n<p>La figura incluye su cubo potenciador que al abrirlo podr\u00e1s convertirlo en escenario de tu figura.<\/p>\n<p>Caracter\u00edsticas:<\/p>\n<p>Figura Oficial de la Pel\u00edcula The Super Mario Bros Movie<\/p>\n<p>Figura de pl\u00e1stico completamente nueva.<\/p>\n<p>CARACTER\u00cdSTICA ESPECIAL: Colecci\u00f3n de Mario Bros<\/p>\n<p>Accesorio: Cubo con escenario.<\/p>\n<p>Altura aproximada: 3.5 cm<\/p>\n<p>L\u00ednea: Jakks Pacific<\/p>\n<p>Condici\u00f3n: Totalmente nuevo y original<\/p>\n<p>Incluye: Empaque en una caja con ventana transparente.<\/p>\n","protected":false},"excerpt":{"rendered":"<p>Llegan las figuras oficiales del gran \u00e9xito mundial de la pel\u00edcula Super Mario Bros The Movie, en una colecci\u00f3n de mini figuras de la marca mundialmente reconocida Jakks Pacific. Esta es la colecci\u00f3n oficial. Los coleccionistas de Mario Bros adoraran esta figura de Mario de la nueva pel\u00edcula de Nintendo 2023 \u00a1Adquierela ahora y no [&hellip;]<\/p>\n","protected":false},"featured_media":8042,"comment_status":"open","ping_status":"closed","template":"","meta":{"site-sidebar-layout":"default","site-content-layout":"","ast-site-content-layout":"default","site-content-style":"default","site-sidebar-style":"default","ast-global-header-display":"","ast-banner-title-visibility":"","ast-main-header-display":"","ast-hfb-above-header-display":"","ast-hfb-below-header-display":"","ast-hfb-mobile-header-display":"","site-post-title":"","ast-breadcrumbs-content":"","ast-featured-img":"","footer-sml-layout":"","ast-disable-related-posts":"","theme-transparent-header-meta":"default","adv-header-id-meta":"","stick-header-meta":"","header-above-stick-meta":"","header-main-stick-meta":"","header-below-stick-meta":"","astra-migrate-meta-layouts":"set","ast-page-background-enabled":"default","ast-page-background-meta":{"desktop":{"background-color":"","background-image":"","background-repeat":"repeat","background-position":"center center","background-size":"auto","background-attachment":"scroll","background-type":"","background-media":"","overlay-type":"","overlay-color":"","overlay-opacity":"","overlay-gradient":""},"tablet":{"background-color":"","background-image":"","background-repeat":"repeat","background-position":"center center","background-size":"auto","background-attachment":"scroll","background-type":"","background-media":"","overlay-type":"","overlay-color":"","overlay-opacity":"","overlay-gradient":""},"mobile":{"background-color":"","background-image":"","background-repeat":"repeat","background-position":"center center","background-size":"auto","background-attachment":"scroll","background-type":"","background-media":"","overlay-type":"","overlay-color":"","overlay-opacity":"","overlay-gradient":""}},"ast-content-background-meta":{"desktop":{"background-color":"var(--ast-global-color-5)","background-image":"","background-repeat":"repeat","background-position":"center center","background-size":"auto","background-attachment":"scroll","background-type":"","background-media":"","overlay-type":"","overlay-color":"","overlay-opacity":"","overlay-gradient":""},"tablet":{"background-color":"var(--ast-global-color-5)","background-image":"","background-repeat":"repeat","background-position":"center center","background-size":"auto","background-attachment":"scroll","background-type":"","background-media":"","overlay-type":"","overlay-color":"","overlay-opacity":"","overlay-gradient":""},"mobile":{"background-color":"var(--ast-global-color-5)","background-image":"","background-repeat":"repeat","background-position":"center center","background-size":"auto","background-attachment":"scroll","background-type":"","background-media":"","overlay-type":"","overlay-color":"","overlay-opacity":"","overlay-gradient":""}}},"product_brand":[],"product_cat":[102,39],"product_tag":[],"class_list":{"0":"post-8052","1":"product","2":"type-product","3":"status-publish","4":"has-post-thumbnail","6":"product_cat-juegos-y-juguetes","7":"product_cat-todas","8":"pa_color-mario","9":"desktop-align-center","10":"tablet-align-center","11":"mobile-align-center","13":"first","14":"instock","15":"shipping-taxable","16":"product-type-variable"},"yoast_head":"<!-- This site is optimized with the Yoast SEO plugin v27.3 - https:\/\/yoast.com\/product\/yoast-seo-wordpress\/ -->\n<title>Mario Bros Mini Figura Colecci\u00f3n Jakks Pacific The Movie 2023 - Palitroche Store<\/title>\n<meta name=\"robots\" content=\"index, follow, max-snippet:-1, max-image-preview:large, max-video-preview:-1\" \/>\n<link rel=\"canonical\" href=\"https:\/\/palitrochestore.com.mx\/producto\/mario-bros-mini-figura-coleccion-jakks-pacific-the-movie-2023\/\" \/>\n<meta property=\"og:locale\" content=\"es_ES\" \/>\n<meta property=\"og:type\" content=\"article\" \/>\n<meta property=\"og:title\" content=\"Mario Bros Mini Figura Colecci\u00f3n Jakks Pacific The Movie 2023 - Palitroche Store\" \/>\n<meta property=\"og:description\" content=\"Llegan las figuras oficiales del gran \u00e9xito mundial de la pel\u00edcula Super Mario Bros The Movie, en una colecci\u00f3n de mini figuras de la marca mundialmente reconocida Jakks Pacific. Esta es la colecci\u00f3n oficial. Los coleccionistas de Mario Bros adoraran esta figura de Mario de la nueva pel\u00edcula de Nintendo 2023 \u00a1Adquierela ahora y no [&hellip;]\" \/>\n<meta property=\"og:url\" content=\"https:\/\/palitrochestore.com.mx\/producto\/mario-bros-mini-figura-coleccion-jakks-pacific-the-movie-2023\/\" \/>\n<meta property=\"og:site_name\" content=\"Palitroche Store\" \/>\n<meta property=\"article:modified_time\" content=\"2025-11-18T07:04:25+00:00\" \/>\n<meta property=\"og:image\" content=\"https:\/\/palitrochestore.com.mx\/wp-content\/uploads\/2023\/05\/1684297324618.jpg\" \/>\n\t<meta property=\"og:image:width\" content=\"800\" \/>\n\t<meta property=\"og:image:height\" content=\"800\" \/>\n\t<meta property=\"og:image:type\" content=\"image\/jpeg\" \/>\n<meta name=\"twitter:card\" content=\"summary_large_image\" \/>\n<meta name=\"twitter:label1\" content=\"Tiempo de lectura\" \/>\n\t<meta name=\"twitter:data1\" content=\"1 minuto\" \/>\n<script type=\"application\/ld+json\" class=\"yoast-schema-graph\">{\"@context\":\"https:\\\/\\\/schema.org\",\"@graph\":[{\"@type\":\"WebPage\",\"@id\":\"https:\\\/\\\/palitrochestore.com.mx\\\/producto\\\/mario-bros-mini-figura-coleccion-jakks-pacific-the-movie-2023\\\/\",\"url\":\"https:\\\/\\\/palitrochestore.com.mx\\\/producto\\\/mario-bros-mini-figura-coleccion-jakks-pacific-the-movie-2023\\\/\",\"name\":\"Mario Bros Mini Figura Colecci\u00f3n Jakks Pacific The Movie 2023 - Palitroche Store\",\"isPartOf\":{\"@id\":\"https:\\\/\\\/palitrochestore.com.mx\\\/#website\"},\"primaryImageOfPage\":{\"@id\":\"https:\\\/\\\/palitrochestore.com.mx\\\/producto\\\/mario-bros-mini-figura-coleccion-jakks-pacific-the-movie-2023\\\/#primaryimage\"},\"image\":{\"@id\":\"https:\\\/\\\/palitrochestore.com.mx\\\/producto\\\/mario-bros-mini-figura-coleccion-jakks-pacific-the-movie-2023\\\/#primaryimage\"},\"thumbnailUrl\":\"https:\\\/\\\/palitrochestore.com.mx\\\/wp-content\\\/uploads\\\/2023\\\/05\\\/1684297324618.jpg\",\"datePublished\":\"2023-05-17T04:27:56+00:00\",\"dateModified\":\"2025-11-18T07:04:25+00:00\",\"breadcrumb\":{\"@id\":\"https:\\\/\\\/palitrochestore.com.mx\\\/producto\\\/mario-bros-mini-figura-coleccion-jakks-pacific-the-movie-2023\\\/#breadcrumb\"},\"inLanguage\":\"es\",\"potentialAction\":[{\"@type\":\"ReadAction\",\"target\":[\"https:\\\/\\\/palitrochestore.com.mx\\\/producto\\\/mario-bros-mini-figura-coleccion-jakks-pacific-the-movie-2023\\\/\"]}]},{\"@type\":\"ImageObject\",\"inLanguage\":\"es\",\"@id\":\"https:\\\/\\\/palitrochestore.com.mx\\\/producto\\\/mario-bros-mini-figura-coleccion-jakks-pacific-the-movie-2023\\\/#primaryimage\",\"url\":\"https:\\\/\\\/palitrochestore.com.mx\\\/wp-content\\\/uploads\\\/2023\\\/05\\\/1684297324618.jpg\",\"contentUrl\":\"https:\\\/\\\/palitrochestore.com.mx\\\/wp-content\\\/uploads\\\/2023\\\/05\\\/1684297324618.jpg\",\"width\":800,\"height\":800},{\"@type\":\"BreadcrumbList\",\"@id\":\"https:\\\/\\\/palitrochestore.com.mx\\\/producto\\\/mario-bros-mini-figura-coleccion-jakks-pacific-the-movie-2023\\\/#breadcrumb\",\"itemListElement\":[{\"@type\":\"ListItem\",\"position\":1,\"name\":\"Home\",\"item\":\"https:\\\/\\\/palitrochestore.com.mx\\\/\"},{\"@type\":\"ListItem\",\"position\":2,\"name\":\"Shop\",\"item\":\"https:\\\/\\\/palitrochestore.com.mx\\\/?page_id=21686\"},{\"@type\":\"ListItem\",\"position\":3,\"name\":\"Mario Bros Mini Figura Colecci\u00f3n Jakks Pacific The Movie 2023\"}]},{\"@type\":\"WebSite\",\"@id\":\"https:\\\/\\\/palitrochestore.com.mx\\\/#website\",\"url\":\"https:\\\/\\\/palitrochestore.com.mx\\\/\",\"name\":\"Palitroche Store\",\"description\":\"Tienda f\u00edsica y online para comprar figuras de anime en M\u00e9xico, figuras originales coleccionables Bandai y S.H.Figuarts y tambi\u00e9n TCG como One Piece y Pok\u00e9mon TCG en CDMX\",\"publisher\":{\"@id\":\"https:\\\/\\\/palitrochestore.com.mx\\\/#organization\"},\"potentialAction\":[{\"@type\":\"SearchAction\",\"target\":{\"@type\":\"EntryPoint\",\"urlTemplate\":\"https:\\\/\\\/palitrochestore.com.mx\\\/?s={search_term_string}\"},\"query-input\":{\"@type\":\"PropertyValueSpecification\",\"valueRequired\":true,\"valueName\":\"search_term_string\"}}],\"inLanguage\":\"es\"},{\"@type\":\"Organization\",\"@id\":\"https:\\\/\\\/palitrochestore.com.mx\\\/#organization\",\"name\":\"Palitroche Store\",\"url\":\"https:\\\/\\\/palitrochestore.com.mx\\\/\",\"logo\":{\"@type\":\"ImageObject\",\"inLanguage\":\"es\",\"@id\":\"https:\\\/\\\/palitrochestore.com.mx\\\/#\\\/schema\\\/logo\\\/image\\\/\",\"url\":\"https:\\\/\\\/palitrochestore.com.mx\\\/wp-content\\\/uploads\\\/2025\\\/12\\\/cropped-LOGO_PALI_2025-1.png\",\"contentUrl\":\"https:\\\/\\\/palitrochestore.com.mx\\\/wp-content\\\/uploads\\\/2025\\\/12\\\/cropped-LOGO_PALI_2025-1.png\",\"width\":2117,\"height\":1572,\"caption\":\"Palitroche Store\"},\"image\":{\"@id\":\"https:\\\/\\\/palitrochestore.com.mx\\\/#\\\/schema\\\/logo\\\/image\\\/\"}}]}<\/script>\n<!-- \/ Yoast SEO plugin. -->","yoast_head_json":{"title":"Mario Bros Mini Figura Colecci\u00f3n Jakks Pacific The Movie 2023 - Palitroche Store","robots":{"index":"index","follow":"follow","max-snippet":"max-snippet:-1","max-image-preview":"max-image-preview:large","max-video-preview":"max-video-preview:-1"},"canonical":"https:\/\/palitrochestore.com.mx\/producto\/mario-bros-mini-figura-coleccion-jakks-pacific-the-movie-2023\/","og_locale":"es_ES","og_type":"article","og_title":"Mario Bros Mini Figura Colecci\u00f3n Jakks Pacific The Movie 2023 - Palitroche Store","og_description":"Llegan las figuras oficiales del gran \u00e9xito mundial de la pel\u00edcula Super Mario Bros The Movie, en una colecci\u00f3n de mini figuras de la marca mundialmente reconocida Jakks Pacific. Esta es la colecci\u00f3n oficial. Los coleccionistas de Mario Bros adoraran esta figura de Mario de la nueva pel\u00edcula de Nintendo 2023 \u00a1Adquierela ahora y no [&hellip;]","og_url":"https:\/\/palitrochestore.com.mx\/producto\/mario-bros-mini-figura-coleccion-jakks-pacific-the-movie-2023\/","og_site_name":"Palitroche Store","article_modified_time":"2025-11-18T07:04:25+00:00","og_image":[{"width":800,"height":800,"url":"https:\/\/palitrochestore.com.mx\/wp-content\/uploads\/2023\/05\/1684297324618.jpg","type":"image\/jpeg"}],"twitter_card":"summary_large_image","twitter_misc":{"Tiempo de lectura":"1 minuto"},"schema":{"@context":"https:\/\/schema.org","@graph":[{"@type":"WebPage","@id":"https:\/\/palitrochestore.com.mx\/producto\/mario-bros-mini-figura-coleccion-jakks-pacific-the-movie-2023\/","url":"https:\/\/palitrochestore.com.mx\/producto\/mario-bros-mini-figura-coleccion-jakks-pacific-the-movie-2023\/","name":"Mario Bros Mini Figura Colecci\u00f3n Jakks Pacific The Movie 2023 - Palitroche Store","isPartOf":{"@id":"https:\/\/palitrochestore.com.mx\/#website"},"primaryImageOfPage":{"@id":"https:\/\/palitrochestore.com.mx\/producto\/mario-bros-mini-figura-coleccion-jakks-pacific-the-movie-2023\/#primaryimage"},"image":{"@id":"https:\/\/palitrochestore.com.mx\/producto\/mario-bros-mini-figura-coleccion-jakks-pacific-the-movie-2023\/#primaryimage"},"thumbnailUrl":"https:\/\/palitrochestore.com.mx\/wp-content\/uploads\/2023\/05\/1684297324618.jpg","datePublished":"2023-05-17T04:27:56+00:00","dateModified":"2025-11-18T07:04:25+00:00","breadcrumb":{"@id":"https:\/\/palitrochestore.com.mx\/producto\/mario-bros-mini-figura-coleccion-jakks-pacific-the-movie-2023\/#breadcrumb"},"inLanguage":"es","potentialAction":[{"@type":"ReadAction","target":["https:\/\/palitrochestore.com.mx\/producto\/mario-bros-mini-figura-coleccion-jakks-pacific-the-movie-2023\/"]}]},{"@type":"ImageObject","inLanguage":"es","@id":"https:\/\/palitrochestore.com.mx\/producto\/mario-bros-mini-figura-coleccion-jakks-pacific-the-movie-2023\/#primaryimage","url":"https:\/\/palitrochestore.com.mx\/wp-content\/uploads\/2023\/05\/1684297324618.jpg","contentUrl":"https:\/\/palitrochestore.com.mx\/wp-content\/uploads\/2023\/05\/1684297324618.jpg","width":800,"height":800},{"@type":"BreadcrumbList","@id":"https:\/\/palitrochestore.com.mx\/producto\/mario-bros-mini-figura-coleccion-jakks-pacific-the-movie-2023\/#breadcrumb","itemListElement":[{"@type":"ListItem","position":1,"name":"Home","item":"https:\/\/palitrochestore.com.mx\/"},{"@type":"ListItem","position":2,"name":"Shop","item":"https:\/\/palitrochestore.com.mx\/?page_id=21686"},{"@type":"ListItem","position":3,"name":"Mario Bros Mini Figura Colecci\u00f3n Jakks Pacific The Movie 2023"}]},{"@type":"WebSite","@id":"https:\/\/palitrochestore.com.mx\/#website","url":"https:\/\/palitrochestore.com.mx\/","name":"Palitroche Store","description":"Tienda f\u00edsica y online para comprar figuras de anime en M\u00e9xico, figuras originales coleccionables Bandai y S.H.Figuarts y tambi\u00e9n TCG como One Piece y Pok\u00e9mon TCG en CDMX","publisher":{"@id":"https:\/\/palitrochestore.com.mx\/#organization"},"potentialAction":[{"@type":"SearchAction","target":{"@type":"EntryPoint","urlTemplate":"https:\/\/palitrochestore.com.mx\/?s={search_term_string}"},"query-input":{"@type":"PropertyValueSpecification","valueRequired":true,"valueName":"search_term_string"}}],"inLanguage":"es"},{"@type":"Organization","@id":"https:\/\/palitrochestore.com.mx\/#organization","name":"Palitroche Store","url":"https:\/\/palitrochestore.com.mx\/","logo":{"@type":"ImageObject","inLanguage":"es","@id":"https:\/\/palitrochestore.com.mx\/#\/schema\/logo\/image\/","url":"https:\/\/palitrochestore.com.mx\/wp-content\/uploads\/2025\/12\/cropped-LOGO_PALI_2025-1.png","contentUrl":"https:\/\/palitrochestore.com.mx\/wp-content\/uploads\/2025\/12\/cropped-LOGO_PALI_2025-1.png","width":2117,"height":1572,"caption":"Palitroche Store"},"image":{"@id":"https:\/\/palitrochestore.com.mx\/#\/schema\/logo\/image\/"}}]}},"_links":{"self":[{"href":"https:\/\/palitrochestore.com.mx\/index.php?rest_route=\/wp\/v2\/product\/8052","targetHints":{"allow":["GET"]}}],"collection":[{"href":"https:\/\/palitrochestore.com.mx\/index.php?rest_route=\/wp\/v2\/product"}],"about":[{"href":"https:\/\/palitrochestore.com.mx\/index.php?rest_route=\/wp\/v2\/types\/product"}],"replies":[{"embeddable":true,"href":"https:\/\/palitrochestore.com.mx\/index.php?rest_route=%2Fwp%2Fv2%2Fcomments&post=8052"}],"version-history":[{"count":0,"href":"https:\/\/palitrochestore.com.mx\/index.php?rest_route=\/wp\/v2\/product\/8052\/revisions"}],"wp:featuredmedia":[{"embeddable":true,"href":"https:\/\/palitrochestore.com.mx\/index.php?rest_route=\/wp\/v2\/media\/8042"}],"wp:attachment":[{"href":"https:\/\/palitrochestore.com.mx\/index.php?rest_route=%2Fwp%2Fv2%2Fmedia&parent=8052"}],"wp:term":[{"taxonomy":"product_brand","embeddable":true,"href":"https:\/\/palitrochestore.com.mx\/index.php?rest_route=%2Fwp%2Fv2%2Fproduct_brand&post=8052"},{"taxonomy":"product_cat","embeddable":true,"href":"https:\/\/palitrochestore.com.mx\/index.php?rest_route=%2Fwp%2Fv2%2Fproduct_cat&post=8052"},{"taxonomy":"product_tag","embeddable":true,"href":"https:\/\/palitrochestore.com.mx\/index.php?rest_route=%2Fwp%2Fv2%2Fproduct_tag&post=8052"}],"curies":[{"name":"wp","href":"https:\/\/api.w.org\/{rel}","templated":true}]}}