{"id":7802,"date":"2023-04-20T10:42:01","date_gmt":"2023-04-20T16:42:01","guid":{"rendered":"https:\/\/palitrochestore.com.mx\/product\/funko-pop-kakashi-hatake-1199-naruto-shippuden-special-edition\/"},"modified":"2026-02-13T01:54:38","modified_gmt":"2026-02-13T07:54:38","slug":"funko-pop-kakashi-hatake-1199-naruto-shippuden-special-edition","status":"publish","type":"product","link":"https:\/\/palitrochestore.com.mx\/?product=funko-pop-kakashi-hatake-1199-naruto-shippuden-special-edition","title":{"rendered":"Funko Pop! Kakashi Hatake #1199 Naruto Shippuden Special Edition"},"content":{"rendered":"<p>La historia de Kakashi es entra\u00f1able, este Funko Pop revive los episodios de Hatake Kakashi, en una incre\u00edble figura de acci\u00f3n, que retrata su infancia como estudiante, previo al momento en que perdi\u00f3 a su amigo Obito.<\/p>\n<p>Este Funko Pop es excelente para agregarlo a tu colecci\u00f3n de Naruto, no puedes perderte la oportunidad de agregar este Pop a tu colecci\u00f3n, imperdible para todo fan de Kakashi. Adem\u00e1s recibelo con una caja especial de exhibici\u00f3n a la media de tu Funko Pop para proteger y conservar tu Funko, ideal para el coleccionista y fan de Naruto.<\/p>\n<p>Caracter\u00edsticas:<br \/>\nFunko Pop! Original n\u00famero 1199<br \/>\nCaracter\u00edstica Especial: Sello Special Edition<br \/>\nFigura coleccionable de Vinil completamente nueva.<br \/>\n&#8211; Altura aproximada: 9.5 cm<br \/>\n&#8211; Materiales: Fabricado en Vinyl<br \/>\n&#8211; L\u00ednea: Pop!<br \/>\n&#8211; Condici\u00f3n: Funko totalmente nuevo y original.<br \/>\n&#8211; Incluye: Empaque en una caja con ventana transparente.<\/p>\n","protected":false},"excerpt":{"rendered":"<p>La historia de Kakashi es entra\u00f1able, este Funko Pop revive los episodios de Hatake Kakashi, en una incre\u00edble figura de acci\u00f3n, que retrata su infancia como estudiante, previo al momento en que perdi\u00f3 a su amigo Obito. Este Funko Pop es excelente para agregarlo a tu colecci\u00f3n de Naruto, no puedes perderte la oportunidad de [&hellip;]<\/p>\n","protected":false},"featured_media":7723,"comment_status":"open","ping_status":"closed","template":"","meta":{"site-sidebar-layout":"default","site-content-layout":"","ast-site-content-layout":"default","site-content-style":"default","site-sidebar-style":"default","ast-global-header-display":"","ast-banner-title-visibility":"","ast-main-header-display":"","ast-hfb-above-header-display":"","ast-hfb-below-header-display":"","ast-hfb-mobile-header-display":"","site-post-title":"","ast-breadcrumbs-content":"","ast-featured-img":"","footer-sml-layout":"","ast-disable-related-posts":"","theme-transparent-header-meta":"","adv-header-id-meta":"","stick-header-meta":"","header-above-stick-meta":"","header-main-stick-meta":"","header-below-stick-meta":"","astra-migrate-meta-layouts":"default","ast-page-background-enabled":"default","ast-page-background-meta":{"desktop":{"background-color":"","background-image":"","background-repeat":"repeat","background-position":"center center","background-size":"auto","background-attachment":"scroll","background-type":"","background-media":"","overlay-type":"","overlay-color":"","overlay-opacity":"","overlay-gradient":""},"tablet":{"background-color":"","background-image":"","background-repeat":"repeat","background-position":"center center","background-size":"auto","background-attachment":"scroll","background-type":"","background-media":"","overlay-type":"","overlay-color":"","overlay-opacity":"","overlay-gradient":""},"mobile":{"background-color":"","background-image":"","background-repeat":"repeat","background-position":"center center","background-size":"auto","background-attachment":"scroll","background-type":"","background-media":"","overlay-type":"","overlay-color":"","overlay-opacity":"","overlay-gradient":""}},"ast-content-background-meta":{"desktop":{"background-color":"var(--ast-global-color-5)","background-image":"","background-repeat":"repeat","background-position":"center center","background-size":"auto","background-attachment":"scroll","background-type":"","background-media":"","overlay-type":"","overlay-color":"","overlay-opacity":"","overlay-gradient":""},"tablet":{"background-color":"var(--ast-global-color-5)","background-image":"","background-repeat":"repeat","background-position":"center center","background-size":"auto","background-attachment":"scroll","background-type":"","background-media":"","overlay-type":"","overlay-color":"","overlay-opacity":"","overlay-gradient":""},"mobile":{"background-color":"var(--ast-global-color-5)","background-image":"","background-repeat":"repeat","background-position":"center center","background-size":"auto","background-attachment":"scroll","background-type":"","background-media":"","overlay-type":"","overlay-color":"","overlay-opacity":"","overlay-gradient":""}}},"product_brand":[],"product_cat":[101,34,99],"product_tag":[305,260,302,44,146,202,199,200,201],"class_list":{"0":"post-7802","1":"product","2":"type-product","3":"status-publish","4":"has-post-thumbnail","6":"product_cat-anime","7":"product_cat-funko","8":"product_cat-naruto","9":"product_tag-akatsuki","10":"product_tag-figura","11":"product_tag-figura-de-accion","12":"product_tag-funko","13":"product_tag-funko-pop","14":"product_tag-kakashi","15":"product_tag-naruto","16":"product_tag-naruto-shippuden","17":"product_tag-sasuke","18":"desktop-align-center","19":"tablet-align-center","20":"mobile-align-center","22":"first","23":"outofstock","24":"shipping-taxable","25":"purchasable","26":"product-type-simple"},"yoast_head":"<!-- This site is optimized with the Yoast SEO plugin v27.3 - https:\/\/yoast.com\/product\/yoast-seo-wordpress\/ -->\n<title>Funko Pop! Kakashi Hatake #1199 Naruto Shippuden Special Edition - Palitroche Store<\/title>\n<meta name=\"robots\" content=\"index, follow, max-snippet:-1, max-image-preview:large, max-video-preview:-1\" \/>\n<link rel=\"canonical\" href=\"https:\/\/palitrochestore.com.mx\/?product=funko-pop-kakashi-hatake-1199-naruto-shippuden-special-edition\" \/>\n<meta property=\"og:locale\" content=\"es_ES\" \/>\n<meta property=\"og:type\" content=\"article\" \/>\n<meta property=\"og:title\" content=\"Funko Pop! Kakashi Hatake #1199 Naruto Shippuden Special Edition - Palitroche Store\" \/>\n<meta property=\"og:description\" content=\"La historia de Kakashi es entra\u00f1able, este Funko Pop revive los episodios de Hatake Kakashi, en una incre\u00edble figura de acci\u00f3n, que retrata su infancia como estudiante, previo al momento en que perdi\u00f3 a su amigo Obito. Este Funko Pop es excelente para agregarlo a tu colecci\u00f3n de Naruto, no puedes perderte la oportunidad de [&hellip;]\" \/>\n<meta property=\"og:url\" content=\"https:\/\/palitrochestore.com.mx\/?product=funko-pop-kakashi-hatake-1199-naruto-shippuden-special-edition\" \/>\n<meta property=\"og:site_name\" content=\"Palitroche Store\" \/>\n<meta property=\"article:modified_time\" content=\"2026-02-13T07:54:38+00:00\" \/>\n<meta property=\"og:image\" content=\"https:\/\/palitrochestore.com.mx\/wp-content\/uploads\/2023\/04\/889698602839-1.png\" \/>\n\t<meta property=\"og:image:width\" content=\"1026\" \/>\n\t<meta property=\"og:image:height\" content=\"1026\" \/>\n\t<meta property=\"og:image:type\" content=\"image\/png\" \/>\n<meta name=\"twitter:card\" content=\"summary_large_image\" \/>\n<meta name=\"twitter:label1\" content=\"Tiempo de lectura\" \/>\n\t<meta name=\"twitter:data1\" content=\"1 minuto\" \/>\n<script type=\"application\/ld+json\" class=\"yoast-schema-graph\">{\"@context\":\"https:\\\/\\\/schema.org\",\"@graph\":[{\"@type\":\"WebPage\",\"@id\":\"https:\\\/\\\/palitrochestore.com.mx\\\/?product=funko-pop-kakashi-hatake-1199-naruto-shippuden-special-edition\",\"url\":\"https:\\\/\\\/palitrochestore.com.mx\\\/?product=funko-pop-kakashi-hatake-1199-naruto-shippuden-special-edition\",\"name\":\"Funko Pop! Kakashi Hatake #1199 Naruto Shippuden Special Edition - Palitroche Store\",\"isPartOf\":{\"@id\":\"https:\\\/\\\/palitrochestore.com.mx\\\/#website\"},\"primaryImageOfPage\":{\"@id\":\"https:\\\/\\\/palitrochestore.com.mx\\\/?product=funko-pop-kakashi-hatake-1199-naruto-shippuden-special-edition#primaryimage\"},\"image\":{\"@id\":\"https:\\\/\\\/palitrochestore.com.mx\\\/?product=funko-pop-kakashi-hatake-1199-naruto-shippuden-special-edition#primaryimage\"},\"thumbnailUrl\":\"https:\\\/\\\/palitrochestore.com.mx\\\/wp-content\\\/uploads\\\/2023\\\/04\\\/889698602839-1.png\",\"datePublished\":\"2023-04-20T16:42:01+00:00\",\"dateModified\":\"2026-02-13T07:54:38+00:00\",\"breadcrumb\":{\"@id\":\"https:\\\/\\\/palitrochestore.com.mx\\\/?product=funko-pop-kakashi-hatake-1199-naruto-shippuden-special-edition#breadcrumb\"},\"inLanguage\":\"es\",\"potentialAction\":[{\"@type\":\"ReadAction\",\"target\":[\"https:\\\/\\\/palitrochestore.com.mx\\\/?product=funko-pop-kakashi-hatake-1199-naruto-shippuden-special-edition\"]}]},{\"@type\":\"ImageObject\",\"inLanguage\":\"es\",\"@id\":\"https:\\\/\\\/palitrochestore.com.mx\\\/?product=funko-pop-kakashi-hatake-1199-naruto-shippuden-special-edition#primaryimage\",\"url\":\"https:\\\/\\\/palitrochestore.com.mx\\\/wp-content\\\/uploads\\\/2023\\\/04\\\/889698602839-1.png\",\"contentUrl\":\"https:\\\/\\\/palitrochestore.com.mx\\\/wp-content\\\/uploads\\\/2023\\\/04\\\/889698602839-1.png\",\"width\":1026,\"height\":1026},{\"@type\":\"BreadcrumbList\",\"@id\":\"https:\\\/\\\/palitrochestore.com.mx\\\/?product=funko-pop-kakashi-hatake-1199-naruto-shippuden-special-edition#breadcrumb\",\"itemListElement\":[{\"@type\":\"ListItem\",\"position\":1,\"name\":\"Home\",\"item\":\"https:\\\/\\\/palitrochestore.com.mx\\\/\"},{\"@type\":\"ListItem\",\"position\":2,\"name\":\"Shop\",\"item\":\"https:\\\/\\\/palitrochestore.com.mx\\\/?page_id=21686\"},{\"@type\":\"ListItem\",\"position\":3,\"name\":\"Funko Pop! Kakashi Hatake #1199 Naruto Shippuden Special Edition\"}]},{\"@type\":\"WebSite\",\"@id\":\"https:\\\/\\\/palitrochestore.com.mx\\\/#website\",\"url\":\"https:\\\/\\\/palitrochestore.com.mx\\\/\",\"name\":\"Palitroche Store\",\"description\":\"Tienda f\u00edsica y online para comprar figuras de anime en M\u00e9xico, figuras originales coleccionables Bandai y S.H.Figuarts y tambi\u00e9n TCG como One Piece y Pok\u00e9mon TCG en CDMX\",\"publisher\":{\"@id\":\"https:\\\/\\\/palitrochestore.com.mx\\\/#organization\"},\"potentialAction\":[{\"@type\":\"SearchAction\",\"target\":{\"@type\":\"EntryPoint\",\"urlTemplate\":\"https:\\\/\\\/palitrochestore.com.mx\\\/?s={search_term_string}\"},\"query-input\":{\"@type\":\"PropertyValueSpecification\",\"valueRequired\":true,\"valueName\":\"search_term_string\"}}],\"inLanguage\":\"es\"},{\"@type\":\"Organization\",\"@id\":\"https:\\\/\\\/palitrochestore.com.mx\\\/#organization\",\"name\":\"Palitroche Store\",\"url\":\"https:\\\/\\\/palitrochestore.com.mx\\\/\",\"logo\":{\"@type\":\"ImageObject\",\"inLanguage\":\"es\",\"@id\":\"https:\\\/\\\/palitrochestore.com.mx\\\/#\\\/schema\\\/logo\\\/image\\\/\",\"url\":\"https:\\\/\\\/palitrochestore.com.mx\\\/wp-content\\\/uploads\\\/2025\\\/12\\\/cropped-LOGO_PALI_2025-1.png\",\"contentUrl\":\"https:\\\/\\\/palitrochestore.com.mx\\\/wp-content\\\/uploads\\\/2025\\\/12\\\/cropped-LOGO_PALI_2025-1.png\",\"width\":2117,\"height\":1572,\"caption\":\"Palitroche Store\"},\"image\":{\"@id\":\"https:\\\/\\\/palitrochestore.com.mx\\\/#\\\/schema\\\/logo\\\/image\\\/\"}}]}<\/script>\n<!-- \/ Yoast SEO plugin. -->","yoast_head_json":{"title":"Funko Pop! Kakashi Hatake #1199 Naruto Shippuden Special Edition - Palitroche Store","robots":{"index":"index","follow":"follow","max-snippet":"max-snippet:-1","max-image-preview":"max-image-preview:large","max-video-preview":"max-video-preview:-1"},"canonical":"https:\/\/palitrochestore.com.mx\/?product=funko-pop-kakashi-hatake-1199-naruto-shippuden-special-edition","og_locale":"es_ES","og_type":"article","og_title":"Funko Pop! Kakashi Hatake #1199 Naruto Shippuden Special Edition - Palitroche Store","og_description":"La historia de Kakashi es entra\u00f1able, este Funko Pop revive los episodios de Hatake Kakashi, en una incre\u00edble figura de acci\u00f3n, que retrata su infancia como estudiante, previo al momento en que perdi\u00f3 a su amigo Obito. Este Funko Pop es excelente para agregarlo a tu colecci\u00f3n de Naruto, no puedes perderte la oportunidad de [&hellip;]","og_url":"https:\/\/palitrochestore.com.mx\/?product=funko-pop-kakashi-hatake-1199-naruto-shippuden-special-edition","og_site_name":"Palitroche Store","article_modified_time":"2026-02-13T07:54:38+00:00","og_image":[{"width":1026,"height":1026,"url":"https:\/\/palitrochestore.com.mx\/wp-content\/uploads\/2023\/04\/889698602839-1.png","type":"image\/png"}],"twitter_card":"summary_large_image","twitter_misc":{"Tiempo de lectura":"1 minuto"},"schema":{"@context":"https:\/\/schema.org","@graph":[{"@type":"WebPage","@id":"https:\/\/palitrochestore.com.mx\/?product=funko-pop-kakashi-hatake-1199-naruto-shippuden-special-edition","url":"https:\/\/palitrochestore.com.mx\/?product=funko-pop-kakashi-hatake-1199-naruto-shippuden-special-edition","name":"Funko Pop! Kakashi Hatake #1199 Naruto Shippuden Special Edition - Palitroche Store","isPartOf":{"@id":"https:\/\/palitrochestore.com.mx\/#website"},"primaryImageOfPage":{"@id":"https:\/\/palitrochestore.com.mx\/?product=funko-pop-kakashi-hatake-1199-naruto-shippuden-special-edition#primaryimage"},"image":{"@id":"https:\/\/palitrochestore.com.mx\/?product=funko-pop-kakashi-hatake-1199-naruto-shippuden-special-edition#primaryimage"},"thumbnailUrl":"https:\/\/palitrochestore.com.mx\/wp-content\/uploads\/2023\/04\/889698602839-1.png","datePublished":"2023-04-20T16:42:01+00:00","dateModified":"2026-02-13T07:54:38+00:00","breadcrumb":{"@id":"https:\/\/palitrochestore.com.mx\/?product=funko-pop-kakashi-hatake-1199-naruto-shippuden-special-edition#breadcrumb"},"inLanguage":"es","potentialAction":[{"@type":"ReadAction","target":["https:\/\/palitrochestore.com.mx\/?product=funko-pop-kakashi-hatake-1199-naruto-shippuden-special-edition"]}]},{"@type":"ImageObject","inLanguage":"es","@id":"https:\/\/palitrochestore.com.mx\/?product=funko-pop-kakashi-hatake-1199-naruto-shippuden-special-edition#primaryimage","url":"https:\/\/palitrochestore.com.mx\/wp-content\/uploads\/2023\/04\/889698602839-1.png","contentUrl":"https:\/\/palitrochestore.com.mx\/wp-content\/uploads\/2023\/04\/889698602839-1.png","width":1026,"height":1026},{"@type":"BreadcrumbList","@id":"https:\/\/palitrochestore.com.mx\/?product=funko-pop-kakashi-hatake-1199-naruto-shippuden-special-edition#breadcrumb","itemListElement":[{"@type":"ListItem","position":1,"name":"Home","item":"https:\/\/palitrochestore.com.mx\/"},{"@type":"ListItem","position":2,"name":"Shop","item":"https:\/\/palitrochestore.com.mx\/?page_id=21686"},{"@type":"ListItem","position":3,"name":"Funko Pop! Kakashi Hatake #1199 Naruto Shippuden Special Edition"}]},{"@type":"WebSite","@id":"https:\/\/palitrochestore.com.mx\/#website","url":"https:\/\/palitrochestore.com.mx\/","name":"Palitroche Store","description":"Tienda f\u00edsica y online para comprar figuras de anime en M\u00e9xico, figuras originales coleccionables Bandai y S.H.Figuarts y tambi\u00e9n TCG como One Piece y Pok\u00e9mon TCG en CDMX","publisher":{"@id":"https:\/\/palitrochestore.com.mx\/#organization"},"potentialAction":[{"@type":"SearchAction","target":{"@type":"EntryPoint","urlTemplate":"https:\/\/palitrochestore.com.mx\/?s={search_term_string}"},"query-input":{"@type":"PropertyValueSpecification","valueRequired":true,"valueName":"search_term_string"}}],"inLanguage":"es"},{"@type":"Organization","@id":"https:\/\/palitrochestore.com.mx\/#organization","name":"Palitroche Store","url":"https:\/\/palitrochestore.com.mx\/","logo":{"@type":"ImageObject","inLanguage":"es","@id":"https:\/\/palitrochestore.com.mx\/#\/schema\/logo\/image\/","url":"https:\/\/palitrochestore.com.mx\/wp-content\/uploads\/2025\/12\/cropped-LOGO_PALI_2025-1.png","contentUrl":"https:\/\/palitrochestore.com.mx\/wp-content\/uploads\/2025\/12\/cropped-LOGO_PALI_2025-1.png","width":2117,"height":1572,"caption":"Palitroche Store"},"image":{"@id":"https:\/\/palitrochestore.com.mx\/#\/schema\/logo\/image\/"}}]}},"_links":{"self":[{"href":"https:\/\/palitrochestore.com.mx\/index.php?rest_route=\/wp\/v2\/product\/7802","targetHints":{"allow":["GET"]}}],"collection":[{"href":"https:\/\/palitrochestore.com.mx\/index.php?rest_route=\/wp\/v2\/product"}],"about":[{"href":"https:\/\/palitrochestore.com.mx\/index.php?rest_route=\/wp\/v2\/types\/product"}],"replies":[{"embeddable":true,"href":"https:\/\/palitrochestore.com.mx\/index.php?rest_route=%2Fwp%2Fv2%2Fcomments&post=7802"}],"version-history":[{"count":0,"href":"https:\/\/palitrochestore.com.mx\/index.php?rest_route=\/wp\/v2\/product\/7802\/revisions"}],"wp:featuredmedia":[{"embeddable":true,"href":"https:\/\/palitrochestore.com.mx\/index.php?rest_route=\/wp\/v2\/media\/7723"}],"wp:attachment":[{"href":"https:\/\/palitrochestore.com.mx\/index.php?rest_route=%2Fwp%2Fv2%2Fmedia&parent=7802"}],"wp:term":[{"taxonomy":"product_brand","embeddable":true,"href":"https:\/\/palitrochestore.com.mx\/index.php?rest_route=%2Fwp%2Fv2%2Fproduct_brand&post=7802"},{"taxonomy":"product_cat","embeddable":true,"href":"https:\/\/palitrochestore.com.mx\/index.php?rest_route=%2Fwp%2Fv2%2Fproduct_cat&post=7802"},{"taxonomy":"product_tag","embeddable":true,"href":"https:\/\/palitrochestore.com.mx\/index.php?rest_route=%2Fwp%2Fv2%2Fproduct_tag&post=7802"}],"curies":[{"name":"wp","href":"https:\/\/api.w.org\/{rel}","templated":true}]}}