{"id":7757,"date":"2023-04-20T01:19:16","date_gmt":"2023-04-20T07:19:16","guid":{"rendered":"https:\/\/palitrochestore.com.mx\/product\/funko-pop-pokemon-charmander-metalico-edicion-sdcc-2022\/"},"modified":"2026-02-13T01:55:24","modified_gmt":"2026-02-13T07:55:24","slug":"funko-pop-pokemon-charmander-metalico-edicion-sdcc-2022","status":"publish","type":"product","link":"https:\/\/palitrochestore.com.mx\/?product=funko-pop-pokemon-charmander-metalico-edicion-sdcc-2022","title":{"rendered":"Funko Pop Pok\u00e9mon Charmander Met\u00e1lico Edici\u00f3n SDCC 2022"},"content":{"rendered":"<p>INCLUYE STICKER DE LA SDCC 2022 COMO SE MUESTRA EN LA IMAGEN<\/p>\n<p>Uno de los Pop favoritos de la SDCC 2022 fue Charmander en una incre\u00edble figura de acci\u00f3n, presentado en una versi\u00f3n metalizada, en un tama\u00f1o mas peque\u00f1o y tierno al com\u00fan de los Pop, mide 6.5cm de altura. <\/p>\n<p>Haz crecer tu equipo Pop Pok\u00e9mon! con este famoso Pok\u00e9mon, Charmander!<\/p>\n<p>La cola de Charmander se encender\u00e1 cuando se enoja, pero este Pop! Charmander estar\u00e1 encantado de \u00fanirse a tu equipo! Charmander normalmente se puede encontrar en calientes zonas monta\u00f1osas.<\/p>\n<p>Las figuras Funko Pop hacen a tus personajes favoritos de Pokemon de una manera estilizada e incre\u00edble, vienen en una caja con ventana lista para exhibirse.<\/p>\n<p>Caracter\u00edstica Especial: Incluye Sitcker de la SDCC 2022<br \/>\nAltura aproximada de 6.5 cm<br \/>\nHechos de Vinyl<br \/>\nBasado en el juego de Pokemon<br \/>\nFunko totalmente nuevo y original<br \/>\nEmpaque en una caja con ventana para exhibici\u00f3n<\/p>\n","protected":false},"excerpt":{"rendered":"<p>INCLUYE STICKER DE LA SDCC 2022 COMO SE MUESTRA EN LA IMAGEN Uno de los Pop favoritos de la SDCC 2022 fue Charmander en una incre\u00edble figura de acci\u00f3n, presentado en una versi\u00f3n metalizada, en un tama\u00f1o mas peque\u00f1o y tierno al com\u00fan de los Pop, mide 6.5cm de altura. Haz crecer tu equipo Pop [&hellip;]<\/p>\n","protected":false},"featured_media":7724,"comment_status":"open","ping_status":"closed","template":"","meta":{"site-sidebar-layout":"default","site-content-layout":"","ast-site-content-layout":"default","site-content-style":"default","site-sidebar-style":"default","ast-global-header-display":"","ast-banner-title-visibility":"","ast-main-header-display":"","ast-hfb-above-header-display":"","ast-hfb-below-header-display":"","ast-hfb-mobile-header-display":"","site-post-title":"","ast-breadcrumbs-content":"","ast-featured-img":"","footer-sml-layout":"","ast-disable-related-posts":"","theme-transparent-header-meta":"","adv-header-id-meta":"","stick-header-meta":"","header-above-stick-meta":"","header-main-stick-meta":"","header-below-stick-meta":"","astra-migrate-meta-layouts":"default","ast-page-background-enabled":"default","ast-page-background-meta":{"desktop":{"background-color":"","background-image":"","background-repeat":"repeat","background-position":"center center","background-size":"auto","background-attachment":"scroll","background-type":"","background-media":"","overlay-type":"","overlay-color":"","overlay-opacity":"","overlay-gradient":""},"tablet":{"background-color":"","background-image":"","background-repeat":"repeat","background-position":"center center","background-size":"auto","background-attachment":"scroll","background-type":"","background-media":"","overlay-type":"","overlay-color":"","overlay-opacity":"","overlay-gradient":""},"mobile":{"background-color":"","background-image":"","background-repeat":"repeat","background-position":"center center","background-size":"auto","background-attachment":"scroll","background-type":"","background-media":"","overlay-type":"","overlay-color":"","overlay-opacity":"","overlay-gradient":""}},"ast-content-background-meta":{"desktop":{"background-color":"var(--ast-global-color-5)","background-image":"","background-repeat":"repeat","background-position":"center center","background-size":"auto","background-attachment":"scroll","background-type":"","background-media":"","overlay-type":"","overlay-color":"","overlay-opacity":"","overlay-gradient":""},"tablet":{"background-color":"var(--ast-global-color-5)","background-image":"","background-repeat":"repeat","background-position":"center center","background-size":"auto","background-attachment":"scroll","background-type":"","background-media":"","overlay-type":"","overlay-color":"","overlay-opacity":"","overlay-gradient":""},"mobile":{"background-color":"var(--ast-global-color-5)","background-image":"","background-repeat":"repeat","background-position":"center center","background-size":"auto","background-attachment":"scroll","background-type":"","background-media":"","overlay-type":"","overlay-color":"","overlay-opacity":"","overlay-gradient":""}}},"product_brand":[],"product_cat":[101,34],"product_tag":[117,301,260,302,44,146,300],"class_list":{"0":"post-7757","1":"product","2":"type-product","3":"status-publish","4":"has-post-thumbnail","6":"product_cat-anime","7":"product_cat-funko","8":"product_tag-anime","9":"product_tag-charmander","10":"product_tag-figura","11":"product_tag-figura-de-accion","12":"product_tag-funko","13":"product_tag-funko-pop","14":"product_tag-pokemon","15":"desktop-align-center","16":"tablet-align-center","17":"mobile-align-center","19":"first","20":"outofstock","21":"shipping-taxable","22":"purchasable","23":"product-type-simple"},"yoast_head":"<!-- This site is optimized with the Yoast SEO plugin v27.3 - https:\/\/yoast.com\/product\/yoast-seo-wordpress\/ -->\n<title>Funko Pop Pok\u00e9mon Charmander Met\u00e1lico Edici\u00f3n SDCC 2022 - Palitroche Store<\/title>\n<meta name=\"robots\" content=\"index, follow, max-snippet:-1, max-image-preview:large, max-video-preview:-1\" \/>\n<link rel=\"canonical\" href=\"https:\/\/palitrochestore.com.mx\/?product=funko-pop-pokemon-charmander-metalico-edicion-sdcc-2022\" \/>\n<meta property=\"og:locale\" content=\"es_ES\" \/>\n<meta property=\"og:type\" content=\"article\" \/>\n<meta property=\"og:title\" content=\"Funko Pop Pok\u00e9mon Charmander Met\u00e1lico Edici\u00f3n SDCC 2022 - Palitroche Store\" \/>\n<meta property=\"og:description\" content=\"INCLUYE STICKER DE LA SDCC 2022 COMO SE MUESTRA EN LA IMAGEN Uno de los Pop favoritos de la SDCC 2022 fue Charmander en una incre\u00edble figura de acci\u00f3n, presentado en una versi\u00f3n metalizada, en un tama\u00f1o mas peque\u00f1o y tierno al com\u00fan de los Pop, mide 6.5cm de altura. Haz crecer tu equipo Pop [&hellip;]\" \/>\n<meta property=\"og:url\" content=\"https:\/\/palitrochestore.com.mx\/?product=funko-pop-pokemon-charmander-metalico-edicion-sdcc-2022\" \/>\n<meta property=\"og:site_name\" content=\"Palitroche Store\" \/>\n<meta property=\"article:modified_time\" content=\"2026-02-13T07:55:24+00:00\" \/>\n<meta property=\"og:image\" content=\"https:\/\/palitrochestore.com.mx\/wp-content\/uploads\/2023\/04\/889698636766-1.jpg\" \/>\n\t<meta property=\"og:image:width\" content=\"990\" \/>\n\t<meta property=\"og:image:height\" content=\"990\" \/>\n\t<meta property=\"og:image:type\" content=\"image\/jpeg\" \/>\n<meta name=\"twitter:card\" content=\"summary_large_image\" \/>\n<meta name=\"twitter:label1\" content=\"Tiempo de lectura\" \/>\n\t<meta name=\"twitter:data1\" content=\"1 minuto\" \/>\n<script type=\"application\/ld+json\" class=\"yoast-schema-graph\">{\"@context\":\"https:\\\/\\\/schema.org\",\"@graph\":[{\"@type\":\"WebPage\",\"@id\":\"https:\\\/\\\/palitrochestore.com.mx\\\/?product=funko-pop-pokemon-charmander-metalico-edicion-sdcc-2022\",\"url\":\"https:\\\/\\\/palitrochestore.com.mx\\\/?product=funko-pop-pokemon-charmander-metalico-edicion-sdcc-2022\",\"name\":\"Funko Pop Pok\u00e9mon Charmander Met\u00e1lico Edici\u00f3n SDCC 2022 - Palitroche Store\",\"isPartOf\":{\"@id\":\"https:\\\/\\\/palitrochestore.com.mx\\\/#website\"},\"primaryImageOfPage\":{\"@id\":\"https:\\\/\\\/palitrochestore.com.mx\\\/?product=funko-pop-pokemon-charmander-metalico-edicion-sdcc-2022#primaryimage\"},\"image\":{\"@id\":\"https:\\\/\\\/palitrochestore.com.mx\\\/?product=funko-pop-pokemon-charmander-metalico-edicion-sdcc-2022#primaryimage\"},\"thumbnailUrl\":\"https:\\\/\\\/palitrochestore.com.mx\\\/wp-content\\\/uploads\\\/2023\\\/04\\\/889698636766-1.jpg\",\"datePublished\":\"2023-04-20T07:19:16+00:00\",\"dateModified\":\"2026-02-13T07:55:24+00:00\",\"breadcrumb\":{\"@id\":\"https:\\\/\\\/palitrochestore.com.mx\\\/?product=funko-pop-pokemon-charmander-metalico-edicion-sdcc-2022#breadcrumb\"},\"inLanguage\":\"es\",\"potentialAction\":[{\"@type\":\"ReadAction\",\"target\":[\"https:\\\/\\\/palitrochestore.com.mx\\\/?product=funko-pop-pokemon-charmander-metalico-edicion-sdcc-2022\"]}]},{\"@type\":\"ImageObject\",\"inLanguage\":\"es\",\"@id\":\"https:\\\/\\\/palitrochestore.com.mx\\\/?product=funko-pop-pokemon-charmander-metalico-edicion-sdcc-2022#primaryimage\",\"url\":\"https:\\\/\\\/palitrochestore.com.mx\\\/wp-content\\\/uploads\\\/2023\\\/04\\\/889698636766-1.jpg\",\"contentUrl\":\"https:\\\/\\\/palitrochestore.com.mx\\\/wp-content\\\/uploads\\\/2023\\\/04\\\/889698636766-1.jpg\",\"width\":990,\"height\":990},{\"@type\":\"BreadcrumbList\",\"@id\":\"https:\\\/\\\/palitrochestore.com.mx\\\/?product=funko-pop-pokemon-charmander-metalico-edicion-sdcc-2022#breadcrumb\",\"itemListElement\":[{\"@type\":\"ListItem\",\"position\":1,\"name\":\"Home\",\"item\":\"https:\\\/\\\/palitrochestore.com.mx\\\/\"},{\"@type\":\"ListItem\",\"position\":2,\"name\":\"Shop\",\"item\":\"https:\\\/\\\/palitrochestore.com.mx\\\/?page_id=21686\"},{\"@type\":\"ListItem\",\"position\":3,\"name\":\"Funko Pop Pok\u00e9mon Charmander Met\u00e1lico Edici\u00f3n SDCC 2022\"}]},{\"@type\":\"WebSite\",\"@id\":\"https:\\\/\\\/palitrochestore.com.mx\\\/#website\",\"url\":\"https:\\\/\\\/palitrochestore.com.mx\\\/\",\"name\":\"Palitroche Store\",\"description\":\"Tienda f\u00edsica y online para comprar figuras de anime en M\u00e9xico, figuras originales coleccionables Bandai y S.H.Figuarts y tambi\u00e9n TCG como One Piece y Pok\u00e9mon TCG en CDMX\",\"publisher\":{\"@id\":\"https:\\\/\\\/palitrochestore.com.mx\\\/#organization\"},\"potentialAction\":[{\"@type\":\"SearchAction\",\"target\":{\"@type\":\"EntryPoint\",\"urlTemplate\":\"https:\\\/\\\/palitrochestore.com.mx\\\/?s={search_term_string}\"},\"query-input\":{\"@type\":\"PropertyValueSpecification\",\"valueRequired\":true,\"valueName\":\"search_term_string\"}}],\"inLanguage\":\"es\"},{\"@type\":\"Organization\",\"@id\":\"https:\\\/\\\/palitrochestore.com.mx\\\/#organization\",\"name\":\"Palitroche Store\",\"url\":\"https:\\\/\\\/palitrochestore.com.mx\\\/\",\"logo\":{\"@type\":\"ImageObject\",\"inLanguage\":\"es\",\"@id\":\"https:\\\/\\\/palitrochestore.com.mx\\\/#\\\/schema\\\/logo\\\/image\\\/\",\"url\":\"https:\\\/\\\/palitrochestore.com.mx\\\/wp-content\\\/uploads\\\/2025\\\/12\\\/cropped-LOGO_PALI_2025-1.png\",\"contentUrl\":\"https:\\\/\\\/palitrochestore.com.mx\\\/wp-content\\\/uploads\\\/2025\\\/12\\\/cropped-LOGO_PALI_2025-1.png\",\"width\":2117,\"height\":1572,\"caption\":\"Palitroche Store\"},\"image\":{\"@id\":\"https:\\\/\\\/palitrochestore.com.mx\\\/#\\\/schema\\\/logo\\\/image\\\/\"}}]}<\/script>\n<!-- \/ Yoast SEO plugin. -->","yoast_head_json":{"title":"Funko Pop Pok\u00e9mon Charmander Met\u00e1lico Edici\u00f3n SDCC 2022 - Palitroche Store","robots":{"index":"index","follow":"follow","max-snippet":"max-snippet:-1","max-image-preview":"max-image-preview:large","max-video-preview":"max-video-preview:-1"},"canonical":"https:\/\/palitrochestore.com.mx\/?product=funko-pop-pokemon-charmander-metalico-edicion-sdcc-2022","og_locale":"es_ES","og_type":"article","og_title":"Funko Pop Pok\u00e9mon Charmander Met\u00e1lico Edici\u00f3n SDCC 2022 - Palitroche Store","og_description":"INCLUYE STICKER DE LA SDCC 2022 COMO SE MUESTRA EN LA IMAGEN Uno de los Pop favoritos de la SDCC 2022 fue Charmander en una incre\u00edble figura de acci\u00f3n, presentado en una versi\u00f3n metalizada, en un tama\u00f1o mas peque\u00f1o y tierno al com\u00fan de los Pop, mide 6.5cm de altura. Haz crecer tu equipo Pop [&hellip;]","og_url":"https:\/\/palitrochestore.com.mx\/?product=funko-pop-pokemon-charmander-metalico-edicion-sdcc-2022","og_site_name":"Palitroche Store","article_modified_time":"2026-02-13T07:55:24+00:00","og_image":[{"width":990,"height":990,"url":"https:\/\/palitrochestore.com.mx\/wp-content\/uploads\/2023\/04\/889698636766-1.jpg","type":"image\/jpeg"}],"twitter_card":"summary_large_image","twitter_misc":{"Tiempo de lectura":"1 minuto"},"schema":{"@context":"https:\/\/schema.org","@graph":[{"@type":"WebPage","@id":"https:\/\/palitrochestore.com.mx\/?product=funko-pop-pokemon-charmander-metalico-edicion-sdcc-2022","url":"https:\/\/palitrochestore.com.mx\/?product=funko-pop-pokemon-charmander-metalico-edicion-sdcc-2022","name":"Funko Pop Pok\u00e9mon Charmander Met\u00e1lico Edici\u00f3n SDCC 2022 - Palitroche Store","isPartOf":{"@id":"https:\/\/palitrochestore.com.mx\/#website"},"primaryImageOfPage":{"@id":"https:\/\/palitrochestore.com.mx\/?product=funko-pop-pokemon-charmander-metalico-edicion-sdcc-2022#primaryimage"},"image":{"@id":"https:\/\/palitrochestore.com.mx\/?product=funko-pop-pokemon-charmander-metalico-edicion-sdcc-2022#primaryimage"},"thumbnailUrl":"https:\/\/palitrochestore.com.mx\/wp-content\/uploads\/2023\/04\/889698636766-1.jpg","datePublished":"2023-04-20T07:19:16+00:00","dateModified":"2026-02-13T07:55:24+00:00","breadcrumb":{"@id":"https:\/\/palitrochestore.com.mx\/?product=funko-pop-pokemon-charmander-metalico-edicion-sdcc-2022#breadcrumb"},"inLanguage":"es","potentialAction":[{"@type":"ReadAction","target":["https:\/\/palitrochestore.com.mx\/?product=funko-pop-pokemon-charmander-metalico-edicion-sdcc-2022"]}]},{"@type":"ImageObject","inLanguage":"es","@id":"https:\/\/palitrochestore.com.mx\/?product=funko-pop-pokemon-charmander-metalico-edicion-sdcc-2022#primaryimage","url":"https:\/\/palitrochestore.com.mx\/wp-content\/uploads\/2023\/04\/889698636766-1.jpg","contentUrl":"https:\/\/palitrochestore.com.mx\/wp-content\/uploads\/2023\/04\/889698636766-1.jpg","width":990,"height":990},{"@type":"BreadcrumbList","@id":"https:\/\/palitrochestore.com.mx\/?product=funko-pop-pokemon-charmander-metalico-edicion-sdcc-2022#breadcrumb","itemListElement":[{"@type":"ListItem","position":1,"name":"Home","item":"https:\/\/palitrochestore.com.mx\/"},{"@type":"ListItem","position":2,"name":"Shop","item":"https:\/\/palitrochestore.com.mx\/?page_id=21686"},{"@type":"ListItem","position":3,"name":"Funko Pop Pok\u00e9mon Charmander Met\u00e1lico Edici\u00f3n SDCC 2022"}]},{"@type":"WebSite","@id":"https:\/\/palitrochestore.com.mx\/#website","url":"https:\/\/palitrochestore.com.mx\/","name":"Palitroche Store","description":"Tienda f\u00edsica y online para comprar figuras de anime en M\u00e9xico, figuras originales coleccionables Bandai y S.H.Figuarts y tambi\u00e9n TCG como One Piece y Pok\u00e9mon TCG en CDMX","publisher":{"@id":"https:\/\/palitrochestore.com.mx\/#organization"},"potentialAction":[{"@type":"SearchAction","target":{"@type":"EntryPoint","urlTemplate":"https:\/\/palitrochestore.com.mx\/?s={search_term_string}"},"query-input":{"@type":"PropertyValueSpecification","valueRequired":true,"valueName":"search_term_string"}}],"inLanguage":"es"},{"@type":"Organization","@id":"https:\/\/palitrochestore.com.mx\/#organization","name":"Palitroche Store","url":"https:\/\/palitrochestore.com.mx\/","logo":{"@type":"ImageObject","inLanguage":"es","@id":"https:\/\/palitrochestore.com.mx\/#\/schema\/logo\/image\/","url":"https:\/\/palitrochestore.com.mx\/wp-content\/uploads\/2025\/12\/cropped-LOGO_PALI_2025-1.png","contentUrl":"https:\/\/palitrochestore.com.mx\/wp-content\/uploads\/2025\/12\/cropped-LOGO_PALI_2025-1.png","width":2117,"height":1572,"caption":"Palitroche Store"},"image":{"@id":"https:\/\/palitrochestore.com.mx\/#\/schema\/logo\/image\/"}}]}},"_links":{"self":[{"href":"https:\/\/palitrochestore.com.mx\/index.php?rest_route=\/wp\/v2\/product\/7757","targetHints":{"allow":["GET"]}}],"collection":[{"href":"https:\/\/palitrochestore.com.mx\/index.php?rest_route=\/wp\/v2\/product"}],"about":[{"href":"https:\/\/palitrochestore.com.mx\/index.php?rest_route=\/wp\/v2\/types\/product"}],"replies":[{"embeddable":true,"href":"https:\/\/palitrochestore.com.mx\/index.php?rest_route=%2Fwp%2Fv2%2Fcomments&post=7757"}],"version-history":[{"count":0,"href":"https:\/\/palitrochestore.com.mx\/index.php?rest_route=\/wp\/v2\/product\/7757\/revisions"}],"wp:featuredmedia":[{"embeddable":true,"href":"https:\/\/palitrochestore.com.mx\/index.php?rest_route=\/wp\/v2\/media\/7724"}],"wp:attachment":[{"href":"https:\/\/palitrochestore.com.mx\/index.php?rest_route=%2Fwp%2Fv2%2Fmedia&parent=7757"}],"wp:term":[{"taxonomy":"product_brand","embeddable":true,"href":"https:\/\/palitrochestore.com.mx\/index.php?rest_route=%2Fwp%2Fv2%2Fproduct_brand&post=7757"},{"taxonomy":"product_cat","embeddable":true,"href":"https:\/\/palitrochestore.com.mx\/index.php?rest_route=%2Fwp%2Fv2%2Fproduct_cat&post=7757"},{"taxonomy":"product_tag","embeddable":true,"href":"https:\/\/palitrochestore.com.mx\/index.php?rest_route=%2Fwp%2Fv2%2Fproduct_tag&post=7757"}],"curies":[{"name":"wp","href":"https:\/\/api.w.org\/{rel}","templated":true}]}}