{"id":7412,"date":"2023-03-13T14:09:23","date_gmt":"2023-03-13T20:09:23","guid":{"rendered":"https:\/\/palitrochestore.com.mx\/product\/maceta-de-cheshire-con-planta-para-escritorio-original-disney\/"},"modified":"2025-11-18T01:03:57","modified_gmt":"2025-11-18T07:03:57","slug":"maceta-de-cheshire-con-planta-para-escritorio-original-disney","status":"publish","type":"product","link":"https:\/\/palitrochestore.com.mx\/?product=maceta-de-cheshire-con-planta-para-escritorio-original-disney","title":{"rendered":"Maceta de Cheshire Con Planta Para Escritorio Original Disney"},"content":{"rendered":"<p>Los amantes de los coleccionables de Alicia en el Pa\u00eds de las Maravillas quedar\u00e1n cautivados con esta incre\u00edble Maceta de Cheshire con planta para escritorio Original Disney. Esta maceta de cer\u00e1mica de colecci\u00f3n incluye una planta artificial con piedritas, simplemente amar\u00e1s como se ve en los espacios de tu casa o en tu lugar de trabajo. Disfrutar\u00e1s de un espacio incre\u00edblemente decorado.<\/p>\n<p>Regalo perfecto para los fans de Alicia en el Pa\u00eds de las Maravillas y de Cheshire Cat-\u00a0 Esto la convierte en una idea genial y \u00fanica de regalo que sin duda le encantar\u00e1 a la persona m\u00e1s especial. Regala o reg\u00e1late esta divertida maceta original de Disney.<\/p>\n<p>Haz que cada epacio tenga un toque divertido. Esta maceta con dise\u00f1o de Groot es la manera perfecta de alegrar tu lugar de trabajo.<\/p>\n<p><strong><span class=\"a-list-item\">Incluye planta artificial y piedritas de adorno. Altura aprox. 13cm<\/span><\/strong><\/p>\n","protected":false},"excerpt":{"rendered":"<p>Los amantes de los coleccionables de Alicia en el Pa\u00eds de las Maravillas quedar\u00e1n cautivados con esta incre\u00edble Maceta de Cheshire con planta para escritorio Original Disney. Esta maceta de cer\u00e1mica de colecci\u00f3n incluye una planta artificial con piedritas, simplemente amar\u00e1s como se ve en los espacios de tu casa o en tu lugar de [&hellip;]<\/p>\n","protected":false},"featured_media":7426,"comment_status":"open","ping_status":"closed","template":"","meta":{"site-sidebar-layout":"default","site-content-layout":"default","ast-site-content-layout":"default","site-content-style":"default","site-sidebar-style":"default","ast-global-header-display":"","ast-banner-title-visibility":"","ast-main-header-display":"","ast-hfb-above-header-display":"","ast-hfb-below-header-display":"","ast-hfb-mobile-header-display":"","site-post-title":"","ast-breadcrumbs-content":"","ast-featured-img":"","footer-sml-layout":"","ast-disable-related-posts":"","theme-transparent-header-meta":"default","adv-header-id-meta":"","stick-header-meta":"","header-above-stick-meta":"","header-main-stick-meta":"","header-below-stick-meta":"","astra-migrate-meta-layouts":"default","ast-page-background-enabled":"default","ast-page-background-meta":{"desktop":{"background-color":"","background-image":"","background-repeat":"repeat","background-position":"center center","background-size":"auto","background-attachment":"scroll","background-type":"","background-media":"","overlay-type":"","overlay-color":"","overlay-opacity":"","overlay-gradient":""},"tablet":{"background-color":"","background-image":"","background-repeat":"repeat","background-position":"center center","background-size":"auto","background-attachment":"scroll","background-type":"","background-media":"","overlay-type":"","overlay-color":"","overlay-opacity":"","overlay-gradient":""},"mobile":{"background-color":"","background-image":"","background-repeat":"repeat","background-position":"center center","background-size":"auto","background-attachment":"scroll","background-type":"","background-media":"","overlay-type":"","overlay-color":"","overlay-opacity":"","overlay-gradient":""}},"ast-content-background-meta":{"desktop":{"background-color":"var(--ast-global-color-5)","background-image":"","background-repeat":"repeat","background-position":"center center","background-size":"auto","background-attachment":"scroll","background-type":"","background-media":"","overlay-type":"","overlay-color":"","overlay-opacity":"","overlay-gradient":""},"tablet":{"background-color":"var(--ast-global-color-5)","background-image":"","background-repeat":"repeat","background-position":"center center","background-size":"auto","background-attachment":"scroll","background-type":"","background-media":"","overlay-type":"","overlay-color":"","overlay-opacity":"","overlay-gradient":""},"mobile":{"background-color":"var(--ast-global-color-5)","background-image":"","background-repeat":"repeat","background-position":"center center","background-size":"auto","background-attachment":"scroll","background-type":"","background-media":"","overlay-type":"","overlay-color":"","overlay-opacity":"","overlay-gradient":""}}},"product_brand":[],"product_cat":[109,94],"product_tag":[245,246,225,221],"class_list":{"0":"post-7412","1":"product","2":"type-product","3":"status-publish","4":"has-post-thumbnail","6":"product_cat-accesorios","7":"product_cat-disney","8":"product_tag-100-anos-disney","9":"product_tag-coleccion-disney","10":"product_tag-disneylandia","11":"product_tag-hogar-disney","12":"desktop-align-center","13":"tablet-align-center","14":"mobile-align-center","16":"first","17":"instock","18":"shipping-taxable","19":"purchasable","20":"product-type-simple"},"yoast_head":"<!-- This site is optimized with the Yoast SEO plugin v27.3 - https:\/\/yoast.com\/product\/yoast-seo-wordpress\/ -->\n<title>Maceta de Cheshire Con Planta Para Escritorio Original Disney - Palitroche Store<\/title>\n<meta name=\"description\" content=\"Coleccionables de Alicia en el Pa\u00eds de las Maravillas, Maceta de Cheshire con planta para escritorio Original Disney que simplemente amar\u00e1s.\" \/>\n<meta name=\"robots\" content=\"index, follow, max-snippet:-1, max-image-preview:large, max-video-preview:-1\" \/>\n<link rel=\"canonical\" href=\"https:\/\/palitrochestore.com.mx\/producto\/maceta-de-cheshire-con-planta-para-escritorio-original-disney\/\" \/>\n<meta property=\"og:locale\" content=\"es_ES\" \/>\n<meta property=\"og:type\" content=\"article\" \/>\n<meta property=\"og:title\" content=\"Maceta de Cheshire Con Planta Para Escritorio Original Disney - Palitroche Store\" \/>\n<meta property=\"og:description\" content=\"Coleccionables de Alicia en el Pa\u00eds de las Maravillas, Maceta de Cheshire con planta para escritorio Original Disney que simplemente amar\u00e1s.\" \/>\n<meta property=\"og:url\" content=\"https:\/\/palitrochestore.com.mx\/producto\/maceta-de-cheshire-con-planta-para-escritorio-original-disney\/\" \/>\n<meta property=\"og:site_name\" content=\"Palitroche Store\" \/>\n<meta property=\"article:modified_time\" content=\"2025-11-18T07:03:57+00:00\" \/>\n<meta property=\"og:image\" content=\"https:\/\/palitrochestore.com.mx\/wp-content\/uploads\/2023\/03\/GUEST_6d8a151a-7fc5-4f55-96ff-d136a708f374_590x.webp\" \/>\n\t<meta property=\"og:image:width\" content=\"488\" \/>\n\t<meta property=\"og:image:height\" content=\"488\" \/>\n\t<meta property=\"og:image:type\" content=\"image\/webp\" \/>\n<meta name=\"twitter:card\" content=\"summary_large_image\" \/>\n<meta name=\"twitter:label1\" content=\"Tiempo de lectura\" \/>\n\t<meta name=\"twitter:data1\" content=\"1 minuto\" \/>\n<script type=\"application\/ld+json\" class=\"yoast-schema-graph\">{\"@context\":\"https:\\\/\\\/schema.org\",\"@graph\":[{\"@type\":\"WebPage\",\"@id\":\"https:\\\/\\\/palitrochestore.com.mx\\\/producto\\\/maceta-de-cheshire-con-planta-para-escritorio-original-disney\\\/\",\"url\":\"https:\\\/\\\/palitrochestore.com.mx\\\/producto\\\/maceta-de-cheshire-con-planta-para-escritorio-original-disney\\\/\",\"name\":\"Maceta de Cheshire Con Planta Para Escritorio Original Disney - Palitroche Store\",\"isPartOf\":{\"@id\":\"https:\\\/\\\/palitrochestore.com.mx\\\/#website\"},\"primaryImageOfPage\":{\"@id\":\"https:\\\/\\\/palitrochestore.com.mx\\\/producto\\\/maceta-de-cheshire-con-planta-para-escritorio-original-disney\\\/#primaryimage\"},\"image\":{\"@id\":\"https:\\\/\\\/palitrochestore.com.mx\\\/producto\\\/maceta-de-cheshire-con-planta-para-escritorio-original-disney\\\/#primaryimage\"},\"thumbnailUrl\":\"https:\\\/\\\/palitrochestore.com.mx\\\/wp-content\\\/uploads\\\/2023\\\/03\\\/GUEST_6d8a151a-7fc5-4f55-96ff-d136a708f374_590x.webp\",\"datePublished\":\"2023-03-13T20:09:23+00:00\",\"dateModified\":\"2025-11-18T07:03:57+00:00\",\"description\":\"Coleccionables de Alicia en el Pa\u00eds de las Maravillas, Maceta de Cheshire con planta para escritorio Original Disney que simplemente amar\u00e1s.\",\"breadcrumb\":{\"@id\":\"https:\\\/\\\/palitrochestore.com.mx\\\/producto\\\/maceta-de-cheshire-con-planta-para-escritorio-original-disney\\\/#breadcrumb\"},\"inLanguage\":\"es\",\"potentialAction\":[{\"@type\":\"ReadAction\",\"target\":[\"https:\\\/\\\/palitrochestore.com.mx\\\/producto\\\/maceta-de-cheshire-con-planta-para-escritorio-original-disney\\\/\"]}]},{\"@type\":\"ImageObject\",\"inLanguage\":\"es\",\"@id\":\"https:\\\/\\\/palitrochestore.com.mx\\\/producto\\\/maceta-de-cheshire-con-planta-para-escritorio-original-disney\\\/#primaryimage\",\"url\":\"https:\\\/\\\/palitrochestore.com.mx\\\/wp-content\\\/uploads\\\/2023\\\/03\\\/GUEST_6d8a151a-7fc5-4f55-96ff-d136a708f374_590x.webp\",\"contentUrl\":\"https:\\\/\\\/palitrochestore.com.mx\\\/wp-content\\\/uploads\\\/2023\\\/03\\\/GUEST_6d8a151a-7fc5-4f55-96ff-d136a708f374_590x.webp\",\"width\":488,\"height\":488},{\"@type\":\"BreadcrumbList\",\"@id\":\"https:\\\/\\\/palitrochestore.com.mx\\\/producto\\\/maceta-de-cheshire-con-planta-para-escritorio-original-disney\\\/#breadcrumb\",\"itemListElement\":[{\"@type\":\"ListItem\",\"position\":1,\"name\":\"Home\",\"item\":\"https:\\\/\\\/palitrochestore.com.mx\\\/\"},{\"@type\":\"ListItem\",\"position\":2,\"name\":\"Shop\",\"item\":\"https:\\\/\\\/palitrochestore.com.mx\\\/?page_id=21686\"},{\"@type\":\"ListItem\",\"position\":3,\"name\":\"Maceta de Cheshire Con Planta Para Escritorio Original Disney\"}]},{\"@type\":\"WebSite\",\"@id\":\"https:\\\/\\\/palitrochestore.com.mx\\\/#website\",\"url\":\"https:\\\/\\\/palitrochestore.com.mx\\\/\",\"name\":\"Palitroche Store\",\"description\":\"Tienda f\u00edsica y online para comprar figuras de anime en M\u00e9xico, figuras originales coleccionables Bandai y S.H.Figuarts y tambi\u00e9n TCG como One Piece y Pok\u00e9mon TCG en CDMX\",\"publisher\":{\"@id\":\"https:\\\/\\\/palitrochestore.com.mx\\\/#organization\"},\"potentialAction\":[{\"@type\":\"SearchAction\",\"target\":{\"@type\":\"EntryPoint\",\"urlTemplate\":\"https:\\\/\\\/palitrochestore.com.mx\\\/?s={search_term_string}\"},\"query-input\":{\"@type\":\"PropertyValueSpecification\",\"valueRequired\":true,\"valueName\":\"search_term_string\"}}],\"inLanguage\":\"es\"},{\"@type\":\"Organization\",\"@id\":\"https:\\\/\\\/palitrochestore.com.mx\\\/#organization\",\"name\":\"Palitroche Store\",\"url\":\"https:\\\/\\\/palitrochestore.com.mx\\\/\",\"logo\":{\"@type\":\"ImageObject\",\"inLanguage\":\"es\",\"@id\":\"https:\\\/\\\/palitrochestore.com.mx\\\/#\\\/schema\\\/logo\\\/image\\\/\",\"url\":\"https:\\\/\\\/palitrochestore.com.mx\\\/wp-content\\\/uploads\\\/2025\\\/12\\\/cropped-LOGO_PALI_2025-1.png\",\"contentUrl\":\"https:\\\/\\\/palitrochestore.com.mx\\\/wp-content\\\/uploads\\\/2025\\\/12\\\/cropped-LOGO_PALI_2025-1.png\",\"width\":2117,\"height\":1572,\"caption\":\"Palitroche Store\"},\"image\":{\"@id\":\"https:\\\/\\\/palitrochestore.com.mx\\\/#\\\/schema\\\/logo\\\/image\\\/\"}}]}<\/script>\n<!-- \/ Yoast SEO plugin. -->","yoast_head_json":{"title":"Maceta de Cheshire Con Planta Para Escritorio Original Disney - Palitroche Store","description":"Coleccionables de Alicia en el Pa\u00eds de las Maravillas, Maceta de Cheshire con planta para escritorio Original Disney que simplemente amar\u00e1s.","robots":{"index":"index","follow":"follow","max-snippet":"max-snippet:-1","max-image-preview":"max-image-preview:large","max-video-preview":"max-video-preview:-1"},"canonical":"https:\/\/palitrochestore.com.mx\/producto\/maceta-de-cheshire-con-planta-para-escritorio-original-disney\/","og_locale":"es_ES","og_type":"article","og_title":"Maceta de Cheshire Con Planta Para Escritorio Original Disney - Palitroche Store","og_description":"Coleccionables de Alicia en el Pa\u00eds de las Maravillas, Maceta de Cheshire con planta para escritorio Original Disney que simplemente amar\u00e1s.","og_url":"https:\/\/palitrochestore.com.mx\/producto\/maceta-de-cheshire-con-planta-para-escritorio-original-disney\/","og_site_name":"Palitroche Store","article_modified_time":"2025-11-18T07:03:57+00:00","og_image":[{"width":488,"height":488,"url":"https:\/\/palitrochestore.com.mx\/wp-content\/uploads\/2023\/03\/GUEST_6d8a151a-7fc5-4f55-96ff-d136a708f374_590x.webp","type":"image\/webp"}],"twitter_card":"summary_large_image","twitter_misc":{"Tiempo de lectura":"1 minuto"},"schema":{"@context":"https:\/\/schema.org","@graph":[{"@type":"WebPage","@id":"https:\/\/palitrochestore.com.mx\/producto\/maceta-de-cheshire-con-planta-para-escritorio-original-disney\/","url":"https:\/\/palitrochestore.com.mx\/producto\/maceta-de-cheshire-con-planta-para-escritorio-original-disney\/","name":"Maceta de Cheshire Con Planta Para Escritorio Original Disney - Palitroche Store","isPartOf":{"@id":"https:\/\/palitrochestore.com.mx\/#website"},"primaryImageOfPage":{"@id":"https:\/\/palitrochestore.com.mx\/producto\/maceta-de-cheshire-con-planta-para-escritorio-original-disney\/#primaryimage"},"image":{"@id":"https:\/\/palitrochestore.com.mx\/producto\/maceta-de-cheshire-con-planta-para-escritorio-original-disney\/#primaryimage"},"thumbnailUrl":"https:\/\/palitrochestore.com.mx\/wp-content\/uploads\/2023\/03\/GUEST_6d8a151a-7fc5-4f55-96ff-d136a708f374_590x.webp","datePublished":"2023-03-13T20:09:23+00:00","dateModified":"2025-11-18T07:03:57+00:00","description":"Coleccionables de Alicia en el Pa\u00eds de las Maravillas, Maceta de Cheshire con planta para escritorio Original Disney que simplemente amar\u00e1s.","breadcrumb":{"@id":"https:\/\/palitrochestore.com.mx\/producto\/maceta-de-cheshire-con-planta-para-escritorio-original-disney\/#breadcrumb"},"inLanguage":"es","potentialAction":[{"@type":"ReadAction","target":["https:\/\/palitrochestore.com.mx\/producto\/maceta-de-cheshire-con-planta-para-escritorio-original-disney\/"]}]},{"@type":"ImageObject","inLanguage":"es","@id":"https:\/\/palitrochestore.com.mx\/producto\/maceta-de-cheshire-con-planta-para-escritorio-original-disney\/#primaryimage","url":"https:\/\/palitrochestore.com.mx\/wp-content\/uploads\/2023\/03\/GUEST_6d8a151a-7fc5-4f55-96ff-d136a708f374_590x.webp","contentUrl":"https:\/\/palitrochestore.com.mx\/wp-content\/uploads\/2023\/03\/GUEST_6d8a151a-7fc5-4f55-96ff-d136a708f374_590x.webp","width":488,"height":488},{"@type":"BreadcrumbList","@id":"https:\/\/palitrochestore.com.mx\/producto\/maceta-de-cheshire-con-planta-para-escritorio-original-disney\/#breadcrumb","itemListElement":[{"@type":"ListItem","position":1,"name":"Home","item":"https:\/\/palitrochestore.com.mx\/"},{"@type":"ListItem","position":2,"name":"Shop","item":"https:\/\/palitrochestore.com.mx\/?page_id=21686"},{"@type":"ListItem","position":3,"name":"Maceta de Cheshire Con Planta Para Escritorio Original Disney"}]},{"@type":"WebSite","@id":"https:\/\/palitrochestore.com.mx\/#website","url":"https:\/\/palitrochestore.com.mx\/","name":"Palitroche Store","description":"Tienda f\u00edsica y online para comprar figuras de anime en M\u00e9xico, figuras originales coleccionables Bandai y S.H.Figuarts y tambi\u00e9n TCG como One Piece y Pok\u00e9mon TCG en CDMX","publisher":{"@id":"https:\/\/palitrochestore.com.mx\/#organization"},"potentialAction":[{"@type":"SearchAction","target":{"@type":"EntryPoint","urlTemplate":"https:\/\/palitrochestore.com.mx\/?s={search_term_string}"},"query-input":{"@type":"PropertyValueSpecification","valueRequired":true,"valueName":"search_term_string"}}],"inLanguage":"es"},{"@type":"Organization","@id":"https:\/\/palitrochestore.com.mx\/#organization","name":"Palitroche Store","url":"https:\/\/palitrochestore.com.mx\/","logo":{"@type":"ImageObject","inLanguage":"es","@id":"https:\/\/palitrochestore.com.mx\/#\/schema\/logo\/image\/","url":"https:\/\/palitrochestore.com.mx\/wp-content\/uploads\/2025\/12\/cropped-LOGO_PALI_2025-1.png","contentUrl":"https:\/\/palitrochestore.com.mx\/wp-content\/uploads\/2025\/12\/cropped-LOGO_PALI_2025-1.png","width":2117,"height":1572,"caption":"Palitroche Store"},"image":{"@id":"https:\/\/palitrochestore.com.mx\/#\/schema\/logo\/image\/"}}]}},"_links":{"self":[{"href":"https:\/\/palitrochestore.com.mx\/index.php?rest_route=\/wp\/v2\/product\/7412","targetHints":{"allow":["GET"]}}],"collection":[{"href":"https:\/\/palitrochestore.com.mx\/index.php?rest_route=\/wp\/v2\/product"}],"about":[{"href":"https:\/\/palitrochestore.com.mx\/index.php?rest_route=\/wp\/v2\/types\/product"}],"replies":[{"embeddable":true,"href":"https:\/\/palitrochestore.com.mx\/index.php?rest_route=%2Fwp%2Fv2%2Fcomments&post=7412"}],"version-history":[{"count":1,"href":"https:\/\/palitrochestore.com.mx\/index.php?rest_route=\/wp\/v2\/product\/7412\/revisions"}],"predecessor-version":[{"id":7420,"href":"https:\/\/palitrochestore.com.mx\/index.php?rest_route=\/wp\/v2\/product\/7412\/revisions\/7420"}],"wp:featuredmedia":[{"embeddable":true,"href":"https:\/\/palitrochestore.com.mx\/index.php?rest_route=\/wp\/v2\/media\/7426"}],"wp:attachment":[{"href":"https:\/\/palitrochestore.com.mx\/index.php?rest_route=%2Fwp%2Fv2%2Fmedia&parent=7412"}],"wp:term":[{"taxonomy":"product_brand","embeddable":true,"href":"https:\/\/palitrochestore.com.mx\/index.php?rest_route=%2Fwp%2Fv2%2Fproduct_brand&post=7412"},{"taxonomy":"product_cat","embeddable":true,"href":"https:\/\/palitrochestore.com.mx\/index.php?rest_route=%2Fwp%2Fv2%2Fproduct_cat&post=7412"},{"taxonomy":"product_tag","embeddable":true,"href":"https:\/\/palitrochestore.com.mx\/index.php?rest_route=%2Fwp%2Fv2%2Fproduct_tag&post=7412"}],"curies":[{"name":"wp","href":"https:\/\/api.w.org\/{rel}","templated":true}]}}