{"id":23560,"date":"2026-05-06T13:43:57","date_gmt":"2026-05-06T19:43:57","guid":{"rendered":"https:\/\/palitrochestore.com.mx\/?product=apartado-preventa-pokemon-tcg-chaos-rising-booster-box-ingles"},"modified":"2026-05-06T15:36:57","modified_gmt":"2026-05-06T21:36:57","slug":"apartado-preventa-pokemon-tcg-chaos-rising-booster-box-ingles","status":"publish","type":"product","link":"https:\/\/palitrochestore.com.mx\/?product=apartado-preventa-pokemon-tcg-chaos-rising-booster-box-ingles","title":{"rendered":"APARTADO PREVENTA Pok\u00e9mon TCG Chaos Rising Booster Box INGL\u00c9S"},"content":{"rendered":"<p>Maximiza tu experiencia en Pok\u00e9mon TCG con el Chaos Rising Booster Box en ingl\u00e9s, la opci\u00f3n definitiva para coleccionistas y jugadores que buscan obtener la mayor cantidad de cartas posibles. Cada caja contiene m\u00faltiples sobres llenos de sorpresas y oportunidades.<\/p>\n<p>El Booster Box Chaos Rising es altamente codiciado por su valor y contenido. Su disponibilidad puede ser limitada, convirti\u00e9ndolo en una inversi\u00f3n imprescindible para quienes buscan cartas raras y mejorar su colecci\u00f3n de Pok\u00e9mon TCG. No te quedes sin el tuyo.<\/p>\n<ul>\n<li>Caja con m\u00faltiples sobres booster en ingl\u00e9s<\/li>\n<li>Alta probabilidad de cartas raras<\/li>\n<li>Ideal para coleccionistas avanzados<\/li>\n<li>Producto original y sellado<\/li>\n<li>Expansi\u00f3n Chaos Rising<\/li>\n<\/ul>\n<p>Compra ahora en Palitroche Toys.<\/p>\n<ul>\n<li>Env\u00edo r\u00e1pido a todo M\u00e9xico<\/li>\n<li>Excelente atenci\u00f3n al cliente<\/li>\n<li>Compra 100% segura<\/li>\n<\/ul>\n","protected":false},"excerpt":{"rendered":"<p><strong>M\u00c1XIMO 3 PIEZAS POR CLIENTE, EN CASO DE COMPRAR UNA CANTIDAD MAYOR, SE CANCELAR\u00c1 SU\u00a0 PEDIDO.<\/strong><\/p>\n<p><strong>Esto es una preventa, el monto a pagar es por el apartado del producto que se deber\u00e1 liquidar en m\u00e1ximo en 10 d\u00edas naturales a partir del d\u00eda de su llegada el 22 de mayo de 2026.<\/strong>\u00a0Podr\u00e1s saber el d\u00eda de llegada del producto cuando se publique el anuncio de llegada en nuestras redes sociales Instagram y Facebook @PalitrocheToys.<\/p>\n<p>Precio final $3500<\/p>\n<p>Aparta con $1000<\/p>\n<p>Liquida $2500<\/p>\n","protected":false},"featured_media":23492,"comment_status":"open","ping_status":"closed","template":"","meta":{"site-sidebar-layout":"default","site-content-layout":"","ast-site-content-layout":"default","site-content-style":"default","site-sidebar-style":"default","ast-global-header-display":"","ast-banner-title-visibility":"","ast-main-header-display":"","ast-hfb-above-header-display":"","ast-hfb-below-header-display":"","ast-hfb-mobile-header-display":"","site-post-title":"","ast-breadcrumbs-content":"","ast-featured-img":"","footer-sml-layout":"","ast-disable-related-posts":"","theme-transparent-header-meta":"default","adv-header-id-meta":"","stick-header-meta":"","header-above-stick-meta":"","header-main-stick-meta":"","header-below-stick-meta":"","astra-migrate-meta-layouts":"set","ast-page-background-enabled":"default","ast-page-background-meta":{"desktop":{"background-color":"","background-image":"","background-repeat":"repeat","background-position":"center center","background-size":"auto","background-attachment":"scroll","background-type":"","background-media":"","overlay-type":"","overlay-color":"","overlay-opacity":"","overlay-gradient":""},"tablet":{"background-color":"","background-image":"","background-repeat":"repeat","background-position":"center center","background-size":"auto","background-attachment":"scroll","background-type":"","background-media":"","overlay-type":"","overlay-color":"","overlay-opacity":"","overlay-gradient":""},"mobile":{"background-color":"","background-image":"","background-repeat":"repeat","background-position":"center center","background-size":"auto","background-attachment":"scroll","background-type":"","background-media":"","overlay-type":"","overlay-color":"","overlay-opacity":"","overlay-gradient":""}},"ast-content-background-meta":{"desktop":{"background-color":"var(--ast-global-color-5)","background-image":"","background-repeat":"repeat","background-position":"center center","background-size":"auto","background-attachment":"scroll","background-type":"","background-media":"","overlay-type":"","overlay-color":"","overlay-opacity":"","overlay-gradient":""},"tablet":{"background-color":"var(--ast-global-color-5)","background-image":"","background-repeat":"repeat","background-position":"center center","background-size":"auto","background-attachment":"scroll","background-type":"","background-media":"","overlay-type":"","overlay-color":"","overlay-opacity":"","overlay-gradient":""},"mobile":{"background-color":"var(--ast-global-color-5)","background-image":"","background-repeat":"repeat","background-position":"center center","background-size":"auto","background-attachment":"scroll","background-type":"","background-media":"","overlay-type":"","overlay-color":"","overlay-opacity":"","overlay-gradient":""}}},"product_brand":[],"product_cat":[399,451],"product_tag":[],"class_list":{"0":"post-23560","1":"product","2":"type-product","3":"status-publish","4":"has-post-thumbnail","6":"product_cat-pokemon-tcg","7":"product_cat-tcg","8":"desktop-align-center","9":"tablet-align-center","10":"mobile-align-center","12":"first","13":"instock","14":"sold-individually","15":"shipping-taxable","16":"purchasable","17":"product-type-simple"},"yoast_head":"<!-- This site is optimized with the Yoast SEO plugin v27.3 - https:\/\/yoast.com\/product\/yoast-seo-wordpress\/ -->\n<title>APARTADO PREVENTA Pok\u00e9mon TCG Chaos Rising Booster Box INGL\u00c9S - Palitroche Store<\/title>\n<meta name=\"robots\" content=\"index, follow, max-snippet:-1, max-image-preview:large, max-video-preview:-1\" \/>\n<link rel=\"canonical\" href=\"https:\/\/palitrochestore.com.mx\/?product=apartado-preventa-pokemon-tcg-chaos-rising-booster-box-ingles\" \/>\n<meta property=\"og:locale\" content=\"es_ES\" \/>\n<meta property=\"og:type\" content=\"article\" \/>\n<meta property=\"og:title\" content=\"APARTADO PREVENTA Pok\u00e9mon TCG Chaos Rising Booster Box INGL\u00c9S - Palitroche Store\" \/>\n<meta property=\"og:description\" content=\"M\u00c1XIMO 3 PIEZAS POR CLIENTE, EN CASO DE COMPRAR UNA CANTIDAD MAYOR, SE CANCELAR\u00c1 SU\u00a0 PEDIDO.  Esto es una preventa, el monto a pagar es por el apartado del producto que se deber\u00e1 liquidar en m\u00e1ximo en 10 d\u00edas naturales a partir del d\u00eda de su llegada el 22 de mayo de 2026.\u00a0Podr\u00e1s saber el d\u00eda de llegada del producto cuando se publique el anuncio de llegada en nuestras redes sociales Instagram y Facebook @PalitrocheToys.  Precio final $3500  Aparta con $1000  Liquida $2500\" \/>\n<meta property=\"og:url\" content=\"https:\/\/palitrochestore.com.mx\/?product=apartado-preventa-pokemon-tcg-chaos-rising-booster-box-ingles\" \/>\n<meta property=\"og:site_name\" content=\"Palitroche Store\" \/>\n<meta property=\"article:modified_time\" content=\"2026-05-06T21:36:57+00:00\" \/>\n<meta property=\"og:image\" content=\"https:\/\/palitrochestore.com.mx\/wp-content\/uploads\/2026\/05\/Pokemon_Chaos_Rising_Booster_Box_Display.webp\" \/>\n\t<meta property=\"og:image:width\" content=\"640\" \/>\n\t<meta property=\"og:image:height\" content=\"640\" \/>\n\t<meta property=\"og:image:type\" content=\"image\/webp\" \/>\n<meta name=\"twitter:card\" content=\"summary_large_image\" \/>\n<meta name=\"twitter:label1\" content=\"Tiempo de lectura\" \/>\n\t<meta name=\"twitter:data1\" content=\"1 minuto\" \/>\n<script type=\"application\/ld+json\" class=\"yoast-schema-graph\">{\"@context\":\"https:\\\/\\\/schema.org\",\"@graph\":[{\"@type\":\"WebPage\",\"@id\":\"https:\\\/\\\/palitrochestore.com.mx\\\/?product=apartado-preventa-pokemon-tcg-chaos-rising-booster-box-ingles\",\"url\":\"https:\\\/\\\/palitrochestore.com.mx\\\/?product=apartado-preventa-pokemon-tcg-chaos-rising-booster-box-ingles\",\"name\":\"APARTADO PREVENTA Pok\u00e9mon TCG Chaos Rising Booster Box INGL\u00c9S - Palitroche Store\",\"isPartOf\":{\"@id\":\"https:\\\/\\\/palitrochestore.com.mx\\\/#website\"},\"primaryImageOfPage\":{\"@id\":\"https:\\\/\\\/palitrochestore.com.mx\\\/?product=apartado-preventa-pokemon-tcg-chaos-rising-booster-box-ingles#primaryimage\"},\"image\":{\"@id\":\"https:\\\/\\\/palitrochestore.com.mx\\\/?product=apartado-preventa-pokemon-tcg-chaos-rising-booster-box-ingles#primaryimage\"},\"thumbnailUrl\":\"https:\\\/\\\/palitrochestore.com.mx\\\/wp-content\\\/uploads\\\/2026\\\/05\\\/Pokemon_Chaos_Rising_Booster_Box_Display.webp\",\"datePublished\":\"2026-05-06T19:43:57+00:00\",\"dateModified\":\"2026-05-06T21:36:57+00:00\",\"breadcrumb\":{\"@id\":\"https:\\\/\\\/palitrochestore.com.mx\\\/?product=apartado-preventa-pokemon-tcg-chaos-rising-booster-box-ingles#breadcrumb\"},\"inLanguage\":\"es\",\"potentialAction\":[{\"@type\":\"ReadAction\",\"target\":[\"https:\\\/\\\/palitrochestore.com.mx\\\/?product=apartado-preventa-pokemon-tcg-chaos-rising-booster-box-ingles\"]}]},{\"@type\":\"ImageObject\",\"inLanguage\":\"es\",\"@id\":\"https:\\\/\\\/palitrochestore.com.mx\\\/?product=apartado-preventa-pokemon-tcg-chaos-rising-booster-box-ingles#primaryimage\",\"url\":\"https:\\\/\\\/palitrochestore.com.mx\\\/wp-content\\\/uploads\\\/2026\\\/05\\\/Pokemon_Chaos_Rising_Booster_Box_Display.webp\",\"contentUrl\":\"https:\\\/\\\/palitrochestore.com.mx\\\/wp-content\\\/uploads\\\/2026\\\/05\\\/Pokemon_Chaos_Rising_Booster_Box_Display.webp\",\"width\":640,\"height\":640},{\"@type\":\"BreadcrumbList\",\"@id\":\"https:\\\/\\\/palitrochestore.com.mx\\\/?product=apartado-preventa-pokemon-tcg-chaos-rising-booster-box-ingles#breadcrumb\",\"itemListElement\":[{\"@type\":\"ListItem\",\"position\":1,\"name\":\"Home\",\"item\":\"https:\\\/\\\/palitrochestore.com.mx\\\/\"},{\"@type\":\"ListItem\",\"position\":2,\"name\":\"Shop\",\"item\":\"https:\\\/\\\/palitrochestore.com.mx\\\/?page_id=21686\"},{\"@type\":\"ListItem\",\"position\":3,\"name\":\"APARTADO PREVENTA Pok\u00e9mon TCG Chaos Rising Booster Box INGL\u00c9S\"}]},{\"@type\":\"WebSite\",\"@id\":\"https:\\\/\\\/palitrochestore.com.mx\\\/#website\",\"url\":\"https:\\\/\\\/palitrochestore.com.mx\\\/\",\"name\":\"Palitroche Store\",\"description\":\"Tienda f\u00edsica y online para comprar figuras de anime en M\u00e9xico, figuras originales coleccionables Bandai y S.H.Figuarts y tambi\u00e9n TCG como One Piece y Pok\u00e9mon TCG en CDMX\",\"publisher\":{\"@id\":\"https:\\\/\\\/palitrochestore.com.mx\\\/#organization\"},\"potentialAction\":[{\"@type\":\"SearchAction\",\"target\":{\"@type\":\"EntryPoint\",\"urlTemplate\":\"https:\\\/\\\/palitrochestore.com.mx\\\/?s={search_term_string}\"},\"query-input\":{\"@type\":\"PropertyValueSpecification\",\"valueRequired\":true,\"valueName\":\"search_term_string\"}}],\"inLanguage\":\"es\"},{\"@type\":\"Organization\",\"@id\":\"https:\\\/\\\/palitrochestore.com.mx\\\/#organization\",\"name\":\"Palitroche Store\",\"url\":\"https:\\\/\\\/palitrochestore.com.mx\\\/\",\"logo\":{\"@type\":\"ImageObject\",\"inLanguage\":\"es\",\"@id\":\"https:\\\/\\\/palitrochestore.com.mx\\\/#\\\/schema\\\/logo\\\/image\\\/\",\"url\":\"https:\\\/\\\/palitrochestore.com.mx\\\/wp-content\\\/uploads\\\/2025\\\/12\\\/cropped-LOGO_PALI_2025-1.png\",\"contentUrl\":\"https:\\\/\\\/palitrochestore.com.mx\\\/wp-content\\\/uploads\\\/2025\\\/12\\\/cropped-LOGO_PALI_2025-1.png\",\"width\":2117,\"height\":1572,\"caption\":\"Palitroche Store\"},\"image\":{\"@id\":\"https:\\\/\\\/palitrochestore.com.mx\\\/#\\\/schema\\\/logo\\\/image\\\/\"}}]}<\/script>\n<!-- \/ Yoast SEO plugin. -->","yoast_head_json":{"title":"APARTADO PREVENTA Pok\u00e9mon TCG Chaos Rising Booster Box INGL\u00c9S - Palitroche Store","robots":{"index":"index","follow":"follow","max-snippet":"max-snippet:-1","max-image-preview":"max-image-preview:large","max-video-preview":"max-video-preview:-1"},"canonical":"https:\/\/palitrochestore.com.mx\/?product=apartado-preventa-pokemon-tcg-chaos-rising-booster-box-ingles","og_locale":"es_ES","og_type":"article","og_title":"APARTADO PREVENTA Pok\u00e9mon TCG Chaos Rising Booster Box INGL\u00c9S - Palitroche Store","og_description":"M\u00c1XIMO 3 PIEZAS POR CLIENTE, EN CASO DE COMPRAR UNA CANTIDAD MAYOR, SE CANCELAR\u00c1 SU\u00a0 PEDIDO.  Esto es una preventa, el monto a pagar es por el apartado del producto que se deber\u00e1 liquidar en m\u00e1ximo en 10 d\u00edas naturales a partir del d\u00eda de su llegada el 22 de mayo de 2026.\u00a0Podr\u00e1s saber el d\u00eda de llegada del producto cuando se publique el anuncio de llegada en nuestras redes sociales Instagram y Facebook @PalitrocheToys.  Precio final $3500  Aparta con $1000  Liquida $2500","og_url":"https:\/\/palitrochestore.com.mx\/?product=apartado-preventa-pokemon-tcg-chaos-rising-booster-box-ingles","og_site_name":"Palitroche Store","article_modified_time":"2026-05-06T21:36:57+00:00","og_image":[{"width":640,"height":640,"url":"https:\/\/palitrochestore.com.mx\/wp-content\/uploads\/2026\/05\/Pokemon_Chaos_Rising_Booster_Box_Display.webp","type":"image\/webp"}],"twitter_card":"summary_large_image","twitter_misc":{"Tiempo de lectura":"1 minuto"},"schema":{"@context":"https:\/\/schema.org","@graph":[{"@type":"WebPage","@id":"https:\/\/palitrochestore.com.mx\/?product=apartado-preventa-pokemon-tcg-chaos-rising-booster-box-ingles","url":"https:\/\/palitrochestore.com.mx\/?product=apartado-preventa-pokemon-tcg-chaos-rising-booster-box-ingles","name":"APARTADO PREVENTA Pok\u00e9mon TCG Chaos Rising Booster Box INGL\u00c9S - Palitroche Store","isPartOf":{"@id":"https:\/\/palitrochestore.com.mx\/#website"},"primaryImageOfPage":{"@id":"https:\/\/palitrochestore.com.mx\/?product=apartado-preventa-pokemon-tcg-chaos-rising-booster-box-ingles#primaryimage"},"image":{"@id":"https:\/\/palitrochestore.com.mx\/?product=apartado-preventa-pokemon-tcg-chaos-rising-booster-box-ingles#primaryimage"},"thumbnailUrl":"https:\/\/palitrochestore.com.mx\/wp-content\/uploads\/2026\/05\/Pokemon_Chaos_Rising_Booster_Box_Display.webp","datePublished":"2026-05-06T19:43:57+00:00","dateModified":"2026-05-06T21:36:57+00:00","breadcrumb":{"@id":"https:\/\/palitrochestore.com.mx\/?product=apartado-preventa-pokemon-tcg-chaos-rising-booster-box-ingles#breadcrumb"},"inLanguage":"es","potentialAction":[{"@type":"ReadAction","target":["https:\/\/palitrochestore.com.mx\/?product=apartado-preventa-pokemon-tcg-chaos-rising-booster-box-ingles"]}]},{"@type":"ImageObject","inLanguage":"es","@id":"https:\/\/palitrochestore.com.mx\/?product=apartado-preventa-pokemon-tcg-chaos-rising-booster-box-ingles#primaryimage","url":"https:\/\/palitrochestore.com.mx\/wp-content\/uploads\/2026\/05\/Pokemon_Chaos_Rising_Booster_Box_Display.webp","contentUrl":"https:\/\/palitrochestore.com.mx\/wp-content\/uploads\/2026\/05\/Pokemon_Chaos_Rising_Booster_Box_Display.webp","width":640,"height":640},{"@type":"BreadcrumbList","@id":"https:\/\/palitrochestore.com.mx\/?product=apartado-preventa-pokemon-tcg-chaos-rising-booster-box-ingles#breadcrumb","itemListElement":[{"@type":"ListItem","position":1,"name":"Home","item":"https:\/\/palitrochestore.com.mx\/"},{"@type":"ListItem","position":2,"name":"Shop","item":"https:\/\/palitrochestore.com.mx\/?page_id=21686"},{"@type":"ListItem","position":3,"name":"APARTADO PREVENTA Pok\u00e9mon TCG Chaos Rising Booster Box INGL\u00c9S"}]},{"@type":"WebSite","@id":"https:\/\/palitrochestore.com.mx\/#website","url":"https:\/\/palitrochestore.com.mx\/","name":"Palitroche Store","description":"Tienda f\u00edsica y online para comprar figuras de anime en M\u00e9xico, figuras originales coleccionables Bandai y S.H.Figuarts y tambi\u00e9n TCG como One Piece y Pok\u00e9mon TCG en CDMX","publisher":{"@id":"https:\/\/palitrochestore.com.mx\/#organization"},"potentialAction":[{"@type":"SearchAction","target":{"@type":"EntryPoint","urlTemplate":"https:\/\/palitrochestore.com.mx\/?s={search_term_string}"},"query-input":{"@type":"PropertyValueSpecification","valueRequired":true,"valueName":"search_term_string"}}],"inLanguage":"es"},{"@type":"Organization","@id":"https:\/\/palitrochestore.com.mx\/#organization","name":"Palitroche Store","url":"https:\/\/palitrochestore.com.mx\/","logo":{"@type":"ImageObject","inLanguage":"es","@id":"https:\/\/palitrochestore.com.mx\/#\/schema\/logo\/image\/","url":"https:\/\/palitrochestore.com.mx\/wp-content\/uploads\/2025\/12\/cropped-LOGO_PALI_2025-1.png","contentUrl":"https:\/\/palitrochestore.com.mx\/wp-content\/uploads\/2025\/12\/cropped-LOGO_PALI_2025-1.png","width":2117,"height":1572,"caption":"Palitroche Store"},"image":{"@id":"https:\/\/palitrochestore.com.mx\/#\/schema\/logo\/image\/"}}]}},"_links":{"self":[{"href":"https:\/\/palitrochestore.com.mx\/index.php?rest_route=\/wp\/v2\/product\/23560","targetHints":{"allow":["GET"]}}],"collection":[{"href":"https:\/\/palitrochestore.com.mx\/index.php?rest_route=\/wp\/v2\/product"}],"about":[{"href":"https:\/\/palitrochestore.com.mx\/index.php?rest_route=\/wp\/v2\/types\/product"}],"replies":[{"embeddable":true,"href":"https:\/\/palitrochestore.com.mx\/index.php?rest_route=%2Fwp%2Fv2%2Fcomments&post=23560"}],"version-history":[{"count":1,"href":"https:\/\/palitrochestore.com.mx\/index.php?rest_route=\/wp\/v2\/product\/23560\/revisions"}],"predecessor-version":[{"id":23567,"href":"https:\/\/palitrochestore.com.mx\/index.php?rest_route=\/wp\/v2\/product\/23560\/revisions\/23567"}],"wp:featuredmedia":[{"embeddable":true,"href":"https:\/\/palitrochestore.com.mx\/index.php?rest_route=\/wp\/v2\/media\/23492"}],"wp:attachment":[{"href":"https:\/\/palitrochestore.com.mx\/index.php?rest_route=%2Fwp%2Fv2%2Fmedia&parent=23560"}],"wp:term":[{"taxonomy":"product_brand","embeddable":true,"href":"https:\/\/palitrochestore.com.mx\/index.php?rest_route=%2Fwp%2Fv2%2Fproduct_brand&post=23560"},{"taxonomy":"product_cat","embeddable":true,"href":"https:\/\/palitrochestore.com.mx\/index.php?rest_route=%2Fwp%2Fv2%2Fproduct_cat&post=23560"},{"taxonomy":"product_tag","embeddable":true,"href":"https:\/\/palitrochestore.com.mx\/index.php?rest_route=%2Fwp%2Fv2%2Fproduct_tag&post=23560"}],"curies":[{"name":"wp","href":"https:\/\/api.w.org\/{rel}","templated":true}]}}