{"id":21827,"date":"2026-04-15T16:04:21","date_gmt":"2026-04-15T22:04:21","guid":{"rendered":"https:\/\/palitrochestore.com.mx\/?product=apartado-preventa-bandai-hobby-pokemon-model-kit-koraidon3l"},"modified":"2026-04-16T12:18:28","modified_gmt":"2026-04-16T18:18:28","slug":"apartado-preventa-bandai-hobby-pokemon-model-kit-koraidon3l","status":"publish","type":"product","link":"https:\/\/palitrochestore.com.mx\/?product=apartado-preventa-bandai-hobby-pokemon-model-kit-koraidon3l","title":{"rendered":"APARTADO PREVENTA Bandai Hobby  Pok\u00e9mon Model Kit Koraidon(3L)"},"content":{"rendered":"<p><!-- Pok\u00e9mon Model Kit KORAIDON (3L) --><\/p>\n<p>Descubre la fuerza ancestral con el Pok\u00e9mon Model Kit KORAIDON (3L) de Bandai Hobby. Este legendario Pok\u00e9mon destaca por su dise\u00f1o imponente y su estilo prehist\u00f3rico, recreado con precisi\u00f3n en este modelo para armar de alta calidad dentro de la l\u00ednea Pok\u00e9mon Model.<\/p>\n<p>Koraidon (3L) es una figura exclusiva que destaca por su tama\u00f1o y presencia, ideal para coleccionistas que buscan piezas \u00fanicas. Es una adici\u00f3n imprescindible para cualquier colecci\u00f3n de Bandai Hobby. Cons\u00edguelo hoy en Palitroche Toys.<\/p>\n<p>\u2022 Modelo de gran tama\u00f1o con dise\u00f1o detallado<\/p>\n<p>\u2022 Inspirado fielmente en Koraidon<\/p>\n<p>\u2022 F\u00e1cil armado sin pegamento<\/p>\n<p>\u2022 Material resistente y acabados premium<\/p>\n<p>\u2022 Producto oficial Pok\u00e9mon Model<\/p>\n<p>&nbsp;<\/p>\n<p><strong>Compra en Palitroche Toys:<\/strong><\/p>\n<p>\u2022 Env\u00edos r\u00e1pidos a M\u00e9xico<\/p>\n<p>\u2022 Excelente atenci\u00f3n<\/p>\n<p>\u2022 Compra segura garantizada<\/p>\n","protected":false},"excerpt":{"rendered":"<p><strong>Esto es una preventa, el monto a pagar es por el apartado del producto que se deber\u00e1 liquidar en m\u00e1ximo en 10 d\u00edas naturales a partir del d\u00eda de su llegada a principios de mayo de 2026.<\/strong>\u00a0Podr\u00e1s saber el d\u00eda de llegada del producto cuando se publique el anuncio de llegada en nuestras redes sociales Instagram y Facebook @PalitrocheToys.<\/p>\n<p>Precio final $450<\/p>\n<p>Aparta con $200<\/p>\n<p>Liquida $250<\/p>\n","protected":false},"featured_media":21785,"comment_status":"open","ping_status":"closed","template":"","meta":{"site-sidebar-layout":"default","site-content-layout":"","ast-site-content-layout":"default","site-content-style":"default","site-sidebar-style":"default","ast-global-header-display":"","ast-banner-title-visibility":"","ast-main-header-display":"","ast-hfb-above-header-display":"","ast-hfb-below-header-display":"","ast-hfb-mobile-header-display":"","site-post-title":"","ast-breadcrumbs-content":"","ast-featured-img":"","footer-sml-layout":"","ast-disable-related-posts":"","theme-transparent-header-meta":"default","adv-header-id-meta":"","stick-header-meta":"","header-above-stick-meta":"","header-main-stick-meta":"","header-below-stick-meta":"","astra-migrate-meta-layouts":"set","ast-page-background-enabled":"default","ast-page-background-meta":{"desktop":{"background-color":"","background-image":"","background-repeat":"repeat","background-position":"center center","background-size":"auto","background-attachment":"scroll","background-type":"","background-media":"","overlay-type":"","overlay-color":"","overlay-opacity":"","overlay-gradient":""},"tablet":{"background-color":"","background-image":"","background-repeat":"repeat","background-position":"center center","background-size":"auto","background-attachment":"scroll","background-type":"","background-media":"","overlay-type":"","overlay-color":"","overlay-opacity":"","overlay-gradient":""},"mobile":{"background-color":"","background-image":"","background-repeat":"repeat","background-position":"center center","background-size":"auto","background-attachment":"scroll","background-type":"","background-media":"","overlay-type":"","overlay-color":"","overlay-opacity":"","overlay-gradient":""}},"ast-content-background-meta":{"desktop":{"background-color":"var(--ast-global-color-5)","background-image":"","background-repeat":"repeat","background-position":"center center","background-size":"auto","background-attachment":"scroll","background-type":"","background-media":"","overlay-type":"","overlay-color":"","overlay-opacity":"","overlay-gradient":""},"tablet":{"background-color":"var(--ast-global-color-5)","background-image":"","background-repeat":"repeat","background-position":"center center","background-size":"auto","background-attachment":"scroll","background-type":"","background-media":"","overlay-type":"","overlay-color":"","overlay-opacity":"","overlay-gradient":""},"mobile":{"background-color":"var(--ast-global-color-5)","background-image":"","background-repeat":"repeat","background-position":"center center","background-size":"auto","background-attachment":"scroll","background-type":"","background-media":"","overlay-type":"","overlay-color":"","overlay-opacity":"","overlay-gradient":""}}},"product_brand":[],"product_cat":[101,363,467,39],"product_tag":[481],"class_list":{"0":"post-21827","1":"product","2":"type-product","3":"status-publish","4":"has-post-thumbnail","6":"product_cat-anime","7":"product_cat-bandai-hobby","8":"product_cat-preventas","9":"product_cat-todas","10":"product_tag-pokemon-model-kit","11":"desktop-align-center","12":"tablet-align-center","13":"mobile-align-center","15":"first","16":"instock","17":"shipping-taxable","18":"purchasable","19":"product-type-simple"},"yoast_head":"<!-- This site is optimized with the Yoast SEO plugin v27.3 - https:\/\/yoast.com\/product\/yoast-seo-wordpress\/ -->\n<title>APARTADO PREVENTA Bandai Hobby Pok\u00e9mon Model Kit Koraidon(3L) - Palitroche Store<\/title>\n<meta name=\"robots\" content=\"index, follow, max-snippet:-1, max-image-preview:large, max-video-preview:-1\" \/>\n<link rel=\"canonical\" href=\"https:\/\/palitrochestore.com.mx\/?product=apartado-preventa-bandai-hobby-pokemon-model-kit-koraidon3l\" \/>\n<meta property=\"og:locale\" content=\"es_ES\" \/>\n<meta property=\"og:type\" content=\"article\" \/>\n<meta property=\"og:title\" content=\"APARTADO PREVENTA Bandai Hobby Pok\u00e9mon Model Kit Koraidon(3L) - Palitroche Store\" \/>\n<meta property=\"og:description\" content=\"Esto es una preventa, el monto a pagar es por el apartado del producto que se deber\u00e1 liquidar en m\u00e1ximo en 10 d\u00edas naturales a partir del d\u00eda de su llegada a principios de mayo de 2026.\u00a0Podr\u00e1s saber el d\u00eda de llegada del producto cuando se publique el anuncio de llegada en nuestras redes sociales Instagram y Facebook @PalitrocheToys.  Precio final $450  Aparta con $200  Liquida $250\" \/>\n<meta property=\"og:url\" content=\"https:\/\/palitrochestore.com.mx\/?product=apartado-preventa-bandai-hobby-pokemon-model-kit-koraidon3l\" \/>\n<meta property=\"og:site_name\" content=\"Palitroche Store\" \/>\n<meta property=\"article:modified_time\" content=\"2026-04-16T18:18:28+00:00\" \/>\n<meta property=\"og:image\" content=\"https:\/\/palitrochestore.com.mx\/wp-content\/uploads\/2026\/04\/koraidon-1.webp\" \/>\n\t<meta property=\"og:image:width\" content=\"1500\" \/>\n\t<meta property=\"og:image:height\" content=\"1500\" \/>\n\t<meta property=\"og:image:type\" content=\"image\/webp\" \/>\n<meta name=\"twitter:card\" content=\"summary_large_image\" \/>\n<meta name=\"twitter:label1\" content=\"Tiempo de lectura\" \/>\n\t<meta name=\"twitter:data1\" content=\"1 minuto\" \/>\n<script type=\"application\/ld+json\" class=\"yoast-schema-graph\">{\"@context\":\"https:\\\/\\\/schema.org\",\"@graph\":[{\"@type\":\"WebPage\",\"@id\":\"https:\\\/\\\/palitrochestore.com.mx\\\/?product=apartado-preventa-bandai-hobby-pokemon-model-kit-koraidon3l\",\"url\":\"https:\\\/\\\/palitrochestore.com.mx\\\/?product=apartado-preventa-bandai-hobby-pokemon-model-kit-koraidon3l\",\"name\":\"APARTADO PREVENTA Bandai Hobby Pok\u00e9mon Model Kit Koraidon(3L) - Palitroche Store\",\"isPartOf\":{\"@id\":\"https:\\\/\\\/palitrochestore.com.mx\\\/#website\"},\"primaryImageOfPage\":{\"@id\":\"https:\\\/\\\/palitrochestore.com.mx\\\/?product=apartado-preventa-bandai-hobby-pokemon-model-kit-koraidon3l#primaryimage\"},\"image\":{\"@id\":\"https:\\\/\\\/palitrochestore.com.mx\\\/?product=apartado-preventa-bandai-hobby-pokemon-model-kit-koraidon3l#primaryimage\"},\"thumbnailUrl\":\"https:\\\/\\\/palitrochestore.com.mx\\\/wp-content\\\/uploads\\\/2026\\\/04\\\/koraidon-1.webp\",\"datePublished\":\"2026-04-15T22:04:21+00:00\",\"dateModified\":\"2026-04-16T18:18:28+00:00\",\"breadcrumb\":{\"@id\":\"https:\\\/\\\/palitrochestore.com.mx\\\/?product=apartado-preventa-bandai-hobby-pokemon-model-kit-koraidon3l#breadcrumb\"},\"inLanguage\":\"es\",\"potentialAction\":[{\"@type\":\"ReadAction\",\"target\":[\"https:\\\/\\\/palitrochestore.com.mx\\\/?product=apartado-preventa-bandai-hobby-pokemon-model-kit-koraidon3l\"]}]},{\"@type\":\"ImageObject\",\"inLanguage\":\"es\",\"@id\":\"https:\\\/\\\/palitrochestore.com.mx\\\/?product=apartado-preventa-bandai-hobby-pokemon-model-kit-koraidon3l#primaryimage\",\"url\":\"https:\\\/\\\/palitrochestore.com.mx\\\/wp-content\\\/uploads\\\/2026\\\/04\\\/koraidon-1.webp\",\"contentUrl\":\"https:\\\/\\\/palitrochestore.com.mx\\\/wp-content\\\/uploads\\\/2026\\\/04\\\/koraidon-1.webp\",\"width\":1500,\"height\":1500},{\"@type\":\"BreadcrumbList\",\"@id\":\"https:\\\/\\\/palitrochestore.com.mx\\\/?product=apartado-preventa-bandai-hobby-pokemon-model-kit-koraidon3l#breadcrumb\",\"itemListElement\":[{\"@type\":\"ListItem\",\"position\":1,\"name\":\"Home\",\"item\":\"https:\\\/\\\/palitrochestore.com.mx\\\/\"},{\"@type\":\"ListItem\",\"position\":2,\"name\":\"Shop\",\"item\":\"https:\\\/\\\/palitrochestore.com.mx\\\/?page_id=21686\"},{\"@type\":\"ListItem\",\"position\":3,\"name\":\"APARTADO PREVENTA Bandai Hobby Pok\u00e9mon Model Kit Koraidon(3L)\"}]},{\"@type\":\"WebSite\",\"@id\":\"https:\\\/\\\/palitrochestore.com.mx\\\/#website\",\"url\":\"https:\\\/\\\/palitrochestore.com.mx\\\/\",\"name\":\"Palitroche Store\",\"description\":\"Tienda f\u00edsica y online para comprar figuras de anime en M\u00e9xico, figuras originales coleccionables Bandai y S.H.Figuarts y tambi\u00e9n TCG como One Piece y Pok\u00e9mon TCG en CDMX\",\"publisher\":{\"@id\":\"https:\\\/\\\/palitrochestore.com.mx\\\/#organization\"},\"potentialAction\":[{\"@type\":\"SearchAction\",\"target\":{\"@type\":\"EntryPoint\",\"urlTemplate\":\"https:\\\/\\\/palitrochestore.com.mx\\\/?s={search_term_string}\"},\"query-input\":{\"@type\":\"PropertyValueSpecification\",\"valueRequired\":true,\"valueName\":\"search_term_string\"}}],\"inLanguage\":\"es\"},{\"@type\":\"Organization\",\"@id\":\"https:\\\/\\\/palitrochestore.com.mx\\\/#organization\",\"name\":\"Palitroche Store\",\"url\":\"https:\\\/\\\/palitrochestore.com.mx\\\/\",\"logo\":{\"@type\":\"ImageObject\",\"inLanguage\":\"es\",\"@id\":\"https:\\\/\\\/palitrochestore.com.mx\\\/#\\\/schema\\\/logo\\\/image\\\/\",\"url\":\"https:\\\/\\\/palitrochestore.com.mx\\\/wp-content\\\/uploads\\\/2025\\\/12\\\/cropped-LOGO_PALI_2025-1.png\",\"contentUrl\":\"https:\\\/\\\/palitrochestore.com.mx\\\/wp-content\\\/uploads\\\/2025\\\/12\\\/cropped-LOGO_PALI_2025-1.png\",\"width\":2117,\"height\":1572,\"caption\":\"Palitroche Store\"},\"image\":{\"@id\":\"https:\\\/\\\/palitrochestore.com.mx\\\/#\\\/schema\\\/logo\\\/image\\\/\"}}]}<\/script>\n<!-- \/ Yoast SEO plugin. -->","yoast_head_json":{"title":"APARTADO PREVENTA Bandai Hobby Pok\u00e9mon Model Kit Koraidon(3L) - Palitroche Store","robots":{"index":"index","follow":"follow","max-snippet":"max-snippet:-1","max-image-preview":"max-image-preview:large","max-video-preview":"max-video-preview:-1"},"canonical":"https:\/\/palitrochestore.com.mx\/?product=apartado-preventa-bandai-hobby-pokemon-model-kit-koraidon3l","og_locale":"es_ES","og_type":"article","og_title":"APARTADO PREVENTA Bandai Hobby Pok\u00e9mon Model Kit Koraidon(3L) - Palitroche Store","og_description":"Esto es una preventa, el monto a pagar es por el apartado del producto que se deber\u00e1 liquidar en m\u00e1ximo en 10 d\u00edas naturales a partir del d\u00eda de su llegada a principios de mayo de 2026.\u00a0Podr\u00e1s saber el d\u00eda de llegada del producto cuando se publique el anuncio de llegada en nuestras redes sociales Instagram y Facebook @PalitrocheToys.  Precio final $450  Aparta con $200  Liquida $250","og_url":"https:\/\/palitrochestore.com.mx\/?product=apartado-preventa-bandai-hobby-pokemon-model-kit-koraidon3l","og_site_name":"Palitroche Store","article_modified_time":"2026-04-16T18:18:28+00:00","og_image":[{"width":1500,"height":1500,"url":"https:\/\/palitrochestore.com.mx\/wp-content\/uploads\/2026\/04\/koraidon-1.webp","type":"image\/webp"}],"twitter_card":"summary_large_image","twitter_misc":{"Tiempo de lectura":"1 minuto"},"schema":{"@context":"https:\/\/schema.org","@graph":[{"@type":"WebPage","@id":"https:\/\/palitrochestore.com.mx\/?product=apartado-preventa-bandai-hobby-pokemon-model-kit-koraidon3l","url":"https:\/\/palitrochestore.com.mx\/?product=apartado-preventa-bandai-hobby-pokemon-model-kit-koraidon3l","name":"APARTADO PREVENTA Bandai Hobby Pok\u00e9mon Model Kit Koraidon(3L) - Palitroche Store","isPartOf":{"@id":"https:\/\/palitrochestore.com.mx\/#website"},"primaryImageOfPage":{"@id":"https:\/\/palitrochestore.com.mx\/?product=apartado-preventa-bandai-hobby-pokemon-model-kit-koraidon3l#primaryimage"},"image":{"@id":"https:\/\/palitrochestore.com.mx\/?product=apartado-preventa-bandai-hobby-pokemon-model-kit-koraidon3l#primaryimage"},"thumbnailUrl":"https:\/\/palitrochestore.com.mx\/wp-content\/uploads\/2026\/04\/koraidon-1.webp","datePublished":"2026-04-15T22:04:21+00:00","dateModified":"2026-04-16T18:18:28+00:00","breadcrumb":{"@id":"https:\/\/palitrochestore.com.mx\/?product=apartado-preventa-bandai-hobby-pokemon-model-kit-koraidon3l#breadcrumb"},"inLanguage":"es","potentialAction":[{"@type":"ReadAction","target":["https:\/\/palitrochestore.com.mx\/?product=apartado-preventa-bandai-hobby-pokemon-model-kit-koraidon3l"]}]},{"@type":"ImageObject","inLanguage":"es","@id":"https:\/\/palitrochestore.com.mx\/?product=apartado-preventa-bandai-hobby-pokemon-model-kit-koraidon3l#primaryimage","url":"https:\/\/palitrochestore.com.mx\/wp-content\/uploads\/2026\/04\/koraidon-1.webp","contentUrl":"https:\/\/palitrochestore.com.mx\/wp-content\/uploads\/2026\/04\/koraidon-1.webp","width":1500,"height":1500},{"@type":"BreadcrumbList","@id":"https:\/\/palitrochestore.com.mx\/?product=apartado-preventa-bandai-hobby-pokemon-model-kit-koraidon3l#breadcrumb","itemListElement":[{"@type":"ListItem","position":1,"name":"Home","item":"https:\/\/palitrochestore.com.mx\/"},{"@type":"ListItem","position":2,"name":"Shop","item":"https:\/\/palitrochestore.com.mx\/?page_id=21686"},{"@type":"ListItem","position":3,"name":"APARTADO PREVENTA Bandai Hobby Pok\u00e9mon Model Kit Koraidon(3L)"}]},{"@type":"WebSite","@id":"https:\/\/palitrochestore.com.mx\/#website","url":"https:\/\/palitrochestore.com.mx\/","name":"Palitroche Store","description":"Tienda f\u00edsica y online para comprar figuras de anime en M\u00e9xico, figuras originales coleccionables Bandai y S.H.Figuarts y tambi\u00e9n TCG como One Piece y Pok\u00e9mon TCG en CDMX","publisher":{"@id":"https:\/\/palitrochestore.com.mx\/#organization"},"potentialAction":[{"@type":"SearchAction","target":{"@type":"EntryPoint","urlTemplate":"https:\/\/palitrochestore.com.mx\/?s={search_term_string}"},"query-input":{"@type":"PropertyValueSpecification","valueRequired":true,"valueName":"search_term_string"}}],"inLanguage":"es"},{"@type":"Organization","@id":"https:\/\/palitrochestore.com.mx\/#organization","name":"Palitroche Store","url":"https:\/\/palitrochestore.com.mx\/","logo":{"@type":"ImageObject","inLanguage":"es","@id":"https:\/\/palitrochestore.com.mx\/#\/schema\/logo\/image\/","url":"https:\/\/palitrochestore.com.mx\/wp-content\/uploads\/2025\/12\/cropped-LOGO_PALI_2025-1.png","contentUrl":"https:\/\/palitrochestore.com.mx\/wp-content\/uploads\/2025\/12\/cropped-LOGO_PALI_2025-1.png","width":2117,"height":1572,"caption":"Palitroche Store"},"image":{"@id":"https:\/\/palitrochestore.com.mx\/#\/schema\/logo\/image\/"}}]}},"_links":{"self":[{"href":"https:\/\/palitrochestore.com.mx\/index.php?rest_route=\/wp\/v2\/product\/21827","targetHints":{"allow":["GET"]}}],"collection":[{"href":"https:\/\/palitrochestore.com.mx\/index.php?rest_route=\/wp\/v2\/product"}],"about":[{"href":"https:\/\/palitrochestore.com.mx\/index.php?rest_route=\/wp\/v2\/types\/product"}],"replies":[{"embeddable":true,"href":"https:\/\/palitrochestore.com.mx\/index.php?rest_route=%2Fwp%2Fv2%2Fcomments&post=21827"}],"version-history":[{"count":1,"href":"https:\/\/palitrochestore.com.mx\/index.php?rest_route=\/wp\/v2\/product\/21827\/revisions"}],"predecessor-version":[{"id":21918,"href":"https:\/\/palitrochestore.com.mx\/index.php?rest_route=\/wp\/v2\/product\/21827\/revisions\/21918"}],"wp:featuredmedia":[{"embeddable":true,"href":"https:\/\/palitrochestore.com.mx\/index.php?rest_route=\/wp\/v2\/media\/21785"}],"wp:attachment":[{"href":"https:\/\/palitrochestore.com.mx\/index.php?rest_route=%2Fwp%2Fv2%2Fmedia&parent=21827"}],"wp:term":[{"taxonomy":"product_brand","embeddable":true,"href":"https:\/\/palitrochestore.com.mx\/index.php?rest_route=%2Fwp%2Fv2%2Fproduct_brand&post=21827"},{"taxonomy":"product_cat","embeddable":true,"href":"https:\/\/palitrochestore.com.mx\/index.php?rest_route=%2Fwp%2Fv2%2Fproduct_cat&post=21827"},{"taxonomy":"product_tag","embeddable":true,"href":"https:\/\/palitrochestore.com.mx\/index.php?rest_route=%2Fwp%2Fv2%2Fproduct_tag&post=21827"}],"curies":[{"name":"wp","href":"https:\/\/api.w.org\/{rel}","templated":true}]}}