{"id":21545,"date":"2026-04-13T18:19:14","date_gmt":"2026-04-14T00:19:14","guid":{"rendered":"https:\/\/palitrochestore.com.mx\/?post_type=product&#038;p=21545"},"modified":"2026-04-13T22:18:27","modified_gmt":"2026-04-14T04:18:27","slug":"apartado-preventa-album-mundial-2026-panini-pasta-suave-2","status":"publish","type":"product","link":"https:\/\/palitrochestore.com.mx\/?product=apartado-preventa-album-mundial-2026-panini-pasta-suave-2","title":{"rendered":"APARTADO PREVENTA  \u00c1lbum Mundial 2026 Panini Pasta Suave"},"content":{"rendered":"<h3 data-section-id=\"42m3sj\" data-start=\"3523\" data-end=\"3564\">\u00c1lbum Mundial 2026 Panini Pasta Suave<\/h3>\n<p data-start=\"3566\" data-end=\"3798\">El \u00e1lbum oficial de la <span class=\"hover:entity-accent entity-underline inline cursor-pointer align-baseline\"><span class=\"whitespace-normal\">Copa Mundial de la FIFA 2026<\/span><\/span> en su versi\u00f3n pasta suave de <span class=\"hover:entity-accent entity-underline inline cursor-pointer align-baseline\"><span class=\"whitespace-normal\">Panini<\/span><\/span> ya est\u00e1 disponible. Ligero, pr\u00e1ctico y perfecto para llevar contigo mientras completas tu colecci\u00f3n.<\/p>\n<p data-start=\"3800\" data-end=\"3846\">Ideal para fans que coleccionan en movimiento.<\/p>\n<p data-start=\"3848\" data-end=\"3983\">\u2022 \u00c1lbum oficial Panini<br data-start=\"3870\" data-end=\"3873\" \/>\u2022 Versi\u00f3n pasta suave<br data-start=\"3894\" data-end=\"3897\" \/>\u2022 Ligero y pr\u00e1ctico<br data-start=\"3916\" data-end=\"3919\" \/>\u2022 Dise\u00f1o oficial Mundial 2026<br data-start=\"3948\" data-end=\"3951\" \/>\u2022 Ideal para iniciar colecci\u00f3n<\/p>\n<p data-start=\"3985\" data-end=\"4107\">Compra en palitrochestore.com.mx<br data-start=\"4017\" data-end=\"4020\" \/>\u2022 Disponible en CDMX<br data-start=\"4040\" data-end=\"4043\" \/>\u2022 Env\u00edos a todo M\u00e9xico<br data-start=\"4065\" data-end=\"4068\" \/>\u2022 Entrega inmediata<br data-start=\"4087\" data-end=\"4090\" \/>\u2022 Compra segura<\/p>\n<p>P\u00e1ginas del \u00e1lbum: 112<br \/>\nJugadores por equipo: 18<br \/>\nEquipos: 48<\/p>\n","protected":false},"excerpt":{"rendered":"<p><strong>Esto es una preventa, el monto a pagar es por el apartado del producto que se deber\u00e1 liquidar en m\u00e1ximo en 10 d\u00edas naturales a partir del d\u00eda de su llegada el 30 de abril de 2026.<\/strong>\u00a0Podr\u00e1s saber el d\u00eda de llegada del producto cuando se publique el anuncio de llegada en nuestras redes sociales Instagram y Facebook @PalitrocheToys.<\/p>\n<p>Precio final $99<\/p>\n","protected":false},"featured_media":21101,"comment_status":"open","ping_status":"closed","template":"","meta":{"site-sidebar-layout":"default","site-content-layout":"","ast-site-content-layout":"default","site-content-style":"default","site-sidebar-style":"default","ast-global-header-display":"","ast-banner-title-visibility":"","ast-main-header-display":"","ast-hfb-above-header-display":"","ast-hfb-below-header-display":"","ast-hfb-mobile-header-display":"","site-post-title":"","ast-breadcrumbs-content":"","ast-featured-img":"","footer-sml-layout":"","ast-disable-related-posts":"","theme-transparent-header-meta":"default","adv-header-id-meta":"","stick-header-meta":"","header-above-stick-meta":"","header-main-stick-meta":"","header-below-stick-meta":"","astra-migrate-meta-layouts":"set","ast-page-background-enabled":"default","ast-page-background-meta":{"desktop":{"background-color":"","background-image":"","background-repeat":"repeat","background-position":"center center","background-size":"auto","background-attachment":"scroll","background-type":"","background-media":"","overlay-type":"","overlay-color":"","overlay-opacity":"","overlay-gradient":""},"tablet":{"background-color":"","background-image":"","background-repeat":"repeat","background-position":"center center","background-size":"auto","background-attachment":"scroll","background-type":"","background-media":"","overlay-type":"","overlay-color":"","overlay-opacity":"","overlay-gradient":""},"mobile":{"background-color":"","background-image":"","background-repeat":"repeat","background-position":"center center","background-size":"auto","background-attachment":"scroll","background-type":"","background-media":"","overlay-type":"","overlay-color":"","overlay-opacity":"","overlay-gradient":""}},"ast-content-background-meta":{"desktop":{"background-color":"var(--ast-global-color-5)","background-image":"","background-repeat":"repeat","background-position":"center center","background-size":"auto","background-attachment":"scroll","background-type":"","background-media":"","overlay-type":"","overlay-color":"","overlay-opacity":"","overlay-gradient":""},"tablet":{"background-color":"var(--ast-global-color-5)","background-image":"","background-repeat":"repeat","background-position":"center center","background-size":"auto","background-attachment":"scroll","background-type":"","background-media":"","overlay-type":"","overlay-color":"","overlay-opacity":"","overlay-gradient":""},"mobile":{"background-color":"var(--ast-global-color-5)","background-image":"","background-repeat":"repeat","background-position":"center center","background-size":"auto","background-attachment":"scroll","background-type":"","background-media":"","overlay-type":"","overlay-color":"","overlay-opacity":"","overlay-gradient":""}}},"product_brand":[],"product_cat":[101,38,467,39],"product_tag":[],"class_list":{"0":"post-21545","1":"product","2":"type-product","3":"status-publish","4":"has-post-thumbnail","6":"product_cat-anime","7":"product_cat-banpresto","8":"product_cat-preventas","9":"product_cat-todas","10":"product_shipping_class-album-mundial-estampas-del-mundial","11":"desktop-align-center","12":"tablet-align-center","13":"mobile-align-center","15":"first","16":"instock","17":"shipping-taxable","18":"purchasable","19":"product-type-simple"},"yoast_head":"<!-- This site is optimized with the Yoast SEO plugin v27.3 - https:\/\/yoast.com\/product\/yoast-seo-wordpress\/ -->\n<title>APARTADO PREVENTA \u00c1lbum Mundial 2026 Panini Pasta Suave - Palitroche Store<\/title>\n<meta name=\"robots\" content=\"index, follow, max-snippet:-1, max-image-preview:large, max-video-preview:-1\" \/>\n<link rel=\"canonical\" href=\"https:\/\/palitrochestore.com.mx\/?product=apartado-preventa-album-mundial-2026-panini-pasta-suave-2\" \/>\n<meta property=\"og:locale\" content=\"es_ES\" \/>\n<meta property=\"og:type\" content=\"article\" \/>\n<meta property=\"og:title\" content=\"APARTADO PREVENTA \u00c1lbum Mundial 2026 Panini Pasta Suave - Palitroche Store\" \/>\n<meta property=\"og:description\" content=\"Esto es una preventa, el monto a pagar es por el apartado del producto que se deber\u00e1 liquidar en m\u00e1ximo en 10 d\u00edas naturales a partir del d\u00eda de su llegada el 30 de abril de 2026.\u00a0Podr\u00e1s saber el d\u00eda de llegada del producto cuando se publique el anuncio de llegada en nuestras redes sociales Instagram y Facebook @PalitrocheToys.  Precio final $99\" \/>\n<meta property=\"og:url\" content=\"https:\/\/palitrochestore.com.mx\/?product=apartado-preventa-album-mundial-2026-panini-pasta-suave-2\" \/>\n<meta property=\"og:site_name\" content=\"Palitroche Store\" \/>\n<meta property=\"article:modified_time\" content=\"2026-04-14T04:18:27+00:00\" \/>\n<meta property=\"og:image\" content=\"https:\/\/palitrochestore.com.mx\/wp-content\/uploads\/2026\/04\/album-mundial-fifa.jpg\" \/>\n\t<meta property=\"og:image:width\" content=\"1000\" \/>\n\t<meta property=\"og:image:height\" content=\"1000\" \/>\n\t<meta property=\"og:image:type\" content=\"image\/jpeg\" \/>\n<meta name=\"twitter:card\" content=\"summary_large_image\" \/>\n<meta name=\"twitter:label1\" content=\"Tiempo de lectura\" \/>\n\t<meta name=\"twitter:data1\" content=\"1 minuto\" \/>\n<script type=\"application\/ld+json\" class=\"yoast-schema-graph\">{\"@context\":\"https:\\\/\\\/schema.org\",\"@graph\":[{\"@type\":\"WebPage\",\"@id\":\"https:\\\/\\\/palitrochestore.com.mx\\\/?product=apartado-preventa-album-mundial-2026-panini-pasta-suave-2\",\"url\":\"https:\\\/\\\/palitrochestore.com.mx\\\/?product=apartado-preventa-album-mundial-2026-panini-pasta-suave-2\",\"name\":\"APARTADO PREVENTA \u00c1lbum Mundial 2026 Panini Pasta Suave - Palitroche Store\",\"isPartOf\":{\"@id\":\"https:\\\/\\\/palitrochestore.com.mx\\\/#website\"},\"primaryImageOfPage\":{\"@id\":\"https:\\\/\\\/palitrochestore.com.mx\\\/?product=apartado-preventa-album-mundial-2026-panini-pasta-suave-2#primaryimage\"},\"image\":{\"@id\":\"https:\\\/\\\/palitrochestore.com.mx\\\/?product=apartado-preventa-album-mundial-2026-panini-pasta-suave-2#primaryimage\"},\"thumbnailUrl\":\"https:\\\/\\\/palitrochestore.com.mx\\\/wp-content\\\/uploads\\\/2026\\\/04\\\/album-mundial-fifa.jpg\",\"datePublished\":\"2026-04-14T00:19:14+00:00\",\"dateModified\":\"2026-04-14T04:18:27+00:00\",\"breadcrumb\":{\"@id\":\"https:\\\/\\\/palitrochestore.com.mx\\\/?product=apartado-preventa-album-mundial-2026-panini-pasta-suave-2#breadcrumb\"},\"inLanguage\":\"es\",\"potentialAction\":[{\"@type\":\"ReadAction\",\"target\":[\"https:\\\/\\\/palitrochestore.com.mx\\\/?product=apartado-preventa-album-mundial-2026-panini-pasta-suave-2\"]}]},{\"@type\":\"ImageObject\",\"inLanguage\":\"es\",\"@id\":\"https:\\\/\\\/palitrochestore.com.mx\\\/?product=apartado-preventa-album-mundial-2026-panini-pasta-suave-2#primaryimage\",\"url\":\"https:\\\/\\\/palitrochestore.com.mx\\\/wp-content\\\/uploads\\\/2026\\\/04\\\/album-mundial-fifa.jpg\",\"contentUrl\":\"https:\\\/\\\/palitrochestore.com.mx\\\/wp-content\\\/uploads\\\/2026\\\/04\\\/album-mundial-fifa.jpg\",\"width\":1000,\"height\":1000},{\"@type\":\"BreadcrumbList\",\"@id\":\"https:\\\/\\\/palitrochestore.com.mx\\\/?product=apartado-preventa-album-mundial-2026-panini-pasta-suave-2#breadcrumb\",\"itemListElement\":[{\"@type\":\"ListItem\",\"position\":1,\"name\":\"Home\",\"item\":\"https:\\\/\\\/palitrochestore.com.mx\\\/\"},{\"@type\":\"ListItem\",\"position\":2,\"name\":\"Shop\",\"item\":\"https:\\\/\\\/palitrochestore.com.mx\\\/?page_id=21686\"},{\"@type\":\"ListItem\",\"position\":3,\"name\":\"APARTADO PREVENTA \u00c1lbum Mundial 2026 Panini Pasta Suave\"}]},{\"@type\":\"WebSite\",\"@id\":\"https:\\\/\\\/palitrochestore.com.mx\\\/#website\",\"url\":\"https:\\\/\\\/palitrochestore.com.mx\\\/\",\"name\":\"Palitroche Store\",\"description\":\"Tienda f\u00edsica y online para comprar figuras de anime en M\u00e9xico, figuras originales coleccionables Bandai y S.H.Figuarts y tambi\u00e9n TCG como One Piece y Pok\u00e9mon TCG en CDMX\",\"publisher\":{\"@id\":\"https:\\\/\\\/palitrochestore.com.mx\\\/#organization\"},\"potentialAction\":[{\"@type\":\"SearchAction\",\"target\":{\"@type\":\"EntryPoint\",\"urlTemplate\":\"https:\\\/\\\/palitrochestore.com.mx\\\/?s={search_term_string}\"},\"query-input\":{\"@type\":\"PropertyValueSpecification\",\"valueRequired\":true,\"valueName\":\"search_term_string\"}}],\"inLanguage\":\"es\"},{\"@type\":\"Organization\",\"@id\":\"https:\\\/\\\/palitrochestore.com.mx\\\/#organization\",\"name\":\"Palitroche Store\",\"url\":\"https:\\\/\\\/palitrochestore.com.mx\\\/\",\"logo\":{\"@type\":\"ImageObject\",\"inLanguage\":\"es\",\"@id\":\"https:\\\/\\\/palitrochestore.com.mx\\\/#\\\/schema\\\/logo\\\/image\\\/\",\"url\":\"https:\\\/\\\/palitrochestore.com.mx\\\/wp-content\\\/uploads\\\/2025\\\/12\\\/cropped-LOGO_PALI_2025-1.png\",\"contentUrl\":\"https:\\\/\\\/palitrochestore.com.mx\\\/wp-content\\\/uploads\\\/2025\\\/12\\\/cropped-LOGO_PALI_2025-1.png\",\"width\":2117,\"height\":1572,\"caption\":\"Palitroche Store\"},\"image\":{\"@id\":\"https:\\\/\\\/palitrochestore.com.mx\\\/#\\\/schema\\\/logo\\\/image\\\/\"}}]}<\/script>\n<!-- \/ Yoast SEO plugin. -->","yoast_head_json":{"title":"APARTADO PREVENTA \u00c1lbum Mundial 2026 Panini Pasta Suave - Palitroche Store","robots":{"index":"index","follow":"follow","max-snippet":"max-snippet:-1","max-image-preview":"max-image-preview:large","max-video-preview":"max-video-preview:-1"},"canonical":"https:\/\/palitrochestore.com.mx\/?product=apartado-preventa-album-mundial-2026-panini-pasta-suave-2","og_locale":"es_ES","og_type":"article","og_title":"APARTADO PREVENTA \u00c1lbum Mundial 2026 Panini Pasta Suave - Palitroche Store","og_description":"Esto es una preventa, el monto a pagar es por el apartado del producto que se deber\u00e1 liquidar en m\u00e1ximo en 10 d\u00edas naturales a partir del d\u00eda de su llegada el 30 de abril de 2026.\u00a0Podr\u00e1s saber el d\u00eda de llegada del producto cuando se publique el anuncio de llegada en nuestras redes sociales Instagram y Facebook @PalitrocheToys.  Precio final $99","og_url":"https:\/\/palitrochestore.com.mx\/?product=apartado-preventa-album-mundial-2026-panini-pasta-suave-2","og_site_name":"Palitroche Store","article_modified_time":"2026-04-14T04:18:27+00:00","og_image":[{"width":1000,"height":1000,"url":"https:\/\/palitrochestore.com.mx\/wp-content\/uploads\/2026\/04\/album-mundial-fifa.jpg","type":"image\/jpeg"}],"twitter_card":"summary_large_image","twitter_misc":{"Tiempo de lectura":"1 minuto"},"schema":{"@context":"https:\/\/schema.org","@graph":[{"@type":"WebPage","@id":"https:\/\/palitrochestore.com.mx\/?product=apartado-preventa-album-mundial-2026-panini-pasta-suave-2","url":"https:\/\/palitrochestore.com.mx\/?product=apartado-preventa-album-mundial-2026-panini-pasta-suave-2","name":"APARTADO PREVENTA \u00c1lbum Mundial 2026 Panini Pasta Suave - Palitroche Store","isPartOf":{"@id":"https:\/\/palitrochestore.com.mx\/#website"},"primaryImageOfPage":{"@id":"https:\/\/palitrochestore.com.mx\/?product=apartado-preventa-album-mundial-2026-panini-pasta-suave-2#primaryimage"},"image":{"@id":"https:\/\/palitrochestore.com.mx\/?product=apartado-preventa-album-mundial-2026-panini-pasta-suave-2#primaryimage"},"thumbnailUrl":"https:\/\/palitrochestore.com.mx\/wp-content\/uploads\/2026\/04\/album-mundial-fifa.jpg","datePublished":"2026-04-14T00:19:14+00:00","dateModified":"2026-04-14T04:18:27+00:00","breadcrumb":{"@id":"https:\/\/palitrochestore.com.mx\/?product=apartado-preventa-album-mundial-2026-panini-pasta-suave-2#breadcrumb"},"inLanguage":"es","potentialAction":[{"@type":"ReadAction","target":["https:\/\/palitrochestore.com.mx\/?product=apartado-preventa-album-mundial-2026-panini-pasta-suave-2"]}]},{"@type":"ImageObject","inLanguage":"es","@id":"https:\/\/palitrochestore.com.mx\/?product=apartado-preventa-album-mundial-2026-panini-pasta-suave-2#primaryimage","url":"https:\/\/palitrochestore.com.mx\/wp-content\/uploads\/2026\/04\/album-mundial-fifa.jpg","contentUrl":"https:\/\/palitrochestore.com.mx\/wp-content\/uploads\/2026\/04\/album-mundial-fifa.jpg","width":1000,"height":1000},{"@type":"BreadcrumbList","@id":"https:\/\/palitrochestore.com.mx\/?product=apartado-preventa-album-mundial-2026-panini-pasta-suave-2#breadcrumb","itemListElement":[{"@type":"ListItem","position":1,"name":"Home","item":"https:\/\/palitrochestore.com.mx\/"},{"@type":"ListItem","position":2,"name":"Shop","item":"https:\/\/palitrochestore.com.mx\/?page_id=21686"},{"@type":"ListItem","position":3,"name":"APARTADO PREVENTA \u00c1lbum Mundial 2026 Panini Pasta Suave"}]},{"@type":"WebSite","@id":"https:\/\/palitrochestore.com.mx\/#website","url":"https:\/\/palitrochestore.com.mx\/","name":"Palitroche Store","description":"Tienda f\u00edsica y online para comprar figuras de anime en M\u00e9xico, figuras originales coleccionables Bandai y S.H.Figuarts y tambi\u00e9n TCG como One Piece y Pok\u00e9mon TCG en CDMX","publisher":{"@id":"https:\/\/palitrochestore.com.mx\/#organization"},"potentialAction":[{"@type":"SearchAction","target":{"@type":"EntryPoint","urlTemplate":"https:\/\/palitrochestore.com.mx\/?s={search_term_string}"},"query-input":{"@type":"PropertyValueSpecification","valueRequired":true,"valueName":"search_term_string"}}],"inLanguage":"es"},{"@type":"Organization","@id":"https:\/\/palitrochestore.com.mx\/#organization","name":"Palitroche Store","url":"https:\/\/palitrochestore.com.mx\/","logo":{"@type":"ImageObject","inLanguage":"es","@id":"https:\/\/palitrochestore.com.mx\/#\/schema\/logo\/image\/","url":"https:\/\/palitrochestore.com.mx\/wp-content\/uploads\/2025\/12\/cropped-LOGO_PALI_2025-1.png","contentUrl":"https:\/\/palitrochestore.com.mx\/wp-content\/uploads\/2025\/12\/cropped-LOGO_PALI_2025-1.png","width":2117,"height":1572,"caption":"Palitroche Store"},"image":{"@id":"https:\/\/palitrochestore.com.mx\/#\/schema\/logo\/image\/"}}]}},"_links":{"self":[{"href":"https:\/\/palitrochestore.com.mx\/index.php?rest_route=\/wp\/v2\/product\/21545","targetHints":{"allow":["GET"]}}],"collection":[{"href":"https:\/\/palitrochestore.com.mx\/index.php?rest_route=\/wp\/v2\/product"}],"about":[{"href":"https:\/\/palitrochestore.com.mx\/index.php?rest_route=\/wp\/v2\/types\/product"}],"replies":[{"embeddable":true,"href":"https:\/\/palitrochestore.com.mx\/index.php?rest_route=%2Fwp%2Fv2%2Fcomments&post=21545"}],"version-history":[{"count":3,"href":"https:\/\/palitrochestore.com.mx\/index.php?rest_route=\/wp\/v2\/product\/21545\/revisions"}],"predecessor-version":[{"id":21574,"href":"https:\/\/palitrochestore.com.mx\/index.php?rest_route=\/wp\/v2\/product\/21545\/revisions\/21574"}],"wp:featuredmedia":[{"embeddable":true,"href":"https:\/\/palitrochestore.com.mx\/index.php?rest_route=\/wp\/v2\/media\/21101"}],"wp:attachment":[{"href":"https:\/\/palitrochestore.com.mx\/index.php?rest_route=%2Fwp%2Fv2%2Fmedia&parent=21545"}],"wp:term":[{"taxonomy":"product_brand","embeddable":true,"href":"https:\/\/palitrochestore.com.mx\/index.php?rest_route=%2Fwp%2Fv2%2Fproduct_brand&post=21545"},{"taxonomy":"product_cat","embeddable":true,"href":"https:\/\/palitrochestore.com.mx\/index.php?rest_route=%2Fwp%2Fv2%2Fproduct_cat&post=21545"},{"taxonomy":"product_tag","embeddable":true,"href":"https:\/\/palitrochestore.com.mx\/index.php?rest_route=%2Fwp%2Fv2%2Fproduct_tag&post=21545"}],"curies":[{"name":"wp","href":"https:\/\/api.w.org\/{rel}","templated":true}]}}