{"id":20270,"date":"2026-02-24T13:27:02","date_gmt":"2026-02-24T19:27:02","guid":{"rendered":"https:\/\/palitrochestore.com.mx\/?post_type=product&#038;p=20270"},"modified":"2026-04-06T01:08:52","modified_gmt":"2026-04-06T07:08:52","slug":"pop-mart-the-monsters-x-one-piece-labubu","status":"publish","type":"product","link":"https:\/\/palitrochestore.com.mx\/?product=pop-mart-the-monsters-x-one-piece-labubu","title":{"rendered":"POP MART The Monsters x One Piece Labubu (Individual)"},"content":{"rendered":"<div class=\"flex max-w-full flex-col grow\">\n<div class=\"min-h-8 text-message relative flex w-full flex-col items-end gap-2 text-start break-words whitespace-normal [.text-message+&amp;]:mt-1\" dir=\"auto\" data-message-author-role=\"assistant\" data-message-id=\"175353b6-c30f-44d8-bc7d-e7f0e3eef2b3\" data-message-model-slug=\"gpt-5-2\">\n<div class=\"flex w-full flex-col gap-1 empty:hidden first:pt-[1px]\">\n<div class=\"markdown prose dark:prose-invert w-full wrap-break-word light markdown-new-styling\">\n<p data-start=\"0\" data-end=\"45\">THE MONSTERS \u00d7 One Piece Series Figures Box<\/p>\n<p data-start=\"47\" data-end=\"525\">El universo de <strong data-start=\"62\" data-end=\"75\">One Piece<\/strong> se fusiona con el inconfundible estilo art\u00edstico de <strong data-start=\"128\" data-end=\"140\">Pop Mart<\/strong> en esta espectacular colecci\u00f3n <strong data-start=\"172\" data-end=\"219\">THE MONSTERS \u00d7 One Piece Series Figures Box<\/strong>. Los ic\u00f3nicos personajes como Luffy y la tripulaci\u00f3n del Sombrero de Paja reciben una reinterpretaci\u00f3n creativa y detallada que combina el esp\u00edritu aventurero del anime con el dise\u00f1o distintivo de THE MONSTERS. Una propuesta imprescindible para quienes aman las figuras coleccionables de edici\u00f3n especial.<\/p>\n<p data-start=\"527\" data-end=\"959\">Esta <strong data-start=\"532\" data-end=\"579\">THE MONSTERS \u00d7 One Piece Series Figures Box<\/strong> es perfecta para coleccionistas que buscan piezas originales y dif\u00edciles de encontrar. Las colaboraciones de Pop Mart suelen agotarse r\u00e1pidamente debido a su alta demanda y concepto art\u00edstico \u00fanico. Ya sea para exhibir selladas o completar la colecci\u00f3n completa, es una adici\u00f3n obligatoria para cualquier fan serio de One Piece y del coleccionismo de figuras estilo designer toy.<\/p>\n<ul data-start=\"961\" data-end=\"1242\">\n<li data-start=\"961\" data-end=\"1022\">\n<p data-start=\"963\" data-end=\"1022\">Caja colecci\u00f3n con m\u00faltiples figuras sorpresa de la serie<\/p>\n<\/li>\n<li data-start=\"1023\" data-end=\"1081\">\n<p data-start=\"1025\" data-end=\"1081\">Dise\u00f1o exclusivo colaboraci\u00f3n THE MONSTERS \u00d7 One Piece<\/p>\n<\/li>\n<li data-start=\"1082\" data-end=\"1127\">\n<p data-start=\"1084\" data-end=\"1127\">Altura aproximada de cada figura: 7\u201310 cm<\/p>\n<\/li>\n<li data-start=\"1128\" data-end=\"1177\">\n<p data-start=\"1130\" data-end=\"1177\">Acabados detallados y pintura de alta calidad<\/p>\n<\/li>\n<li data-start=\"1178\" data-end=\"1242\">\n<p data-start=\"1180\" data-end=\"1242\">Producto original Pop Mart ideal para colecci\u00f3n o exhibici\u00f3n<\/p>\n<\/li>\n<\/ul>\n<p data-start=\"1244\" data-end=\"1340\">Consigue tu <strong data-start=\"1256\" data-end=\"1303\">THE MONSTERS \u00d7 One Piece Series Figures Box<\/strong> original en palitrochestore.com.mx<\/p>\n<ul data-start=\"1342\" data-end=\"1448\" data-is-last-node=\"\" data-is-only-node=\"\">\n<li data-start=\"1342\" data-end=\"1372\">\n<p data-start=\"1344\" data-end=\"1372\">Env\u00edo r\u00e1pido a todo M\u00e9xico<\/p>\n<\/li>\n<li data-start=\"1373\" data-end=\"1415\">\n<p data-start=\"1375\" data-end=\"1415\">Excelente atenci\u00f3n para coleccionistas<\/p>\n<\/li>\n<li data-start=\"1416\" data-end=\"1448\" data-is-last-node=\"\">\n<p data-start=\"1418\" data-end=\"1448\" data-is-last-node=\"\">Compra 100% segura y confiable<\/p>\n<\/li>\n<\/ul>\n<\/div>\n<\/div>\n<\/div>\n<\/div>\n<div class=\"z-0 flex min-h-[46px] justify-start\"><\/div>\n<div class=\"mt-3 w-full empty:hidden\">\n<div class=\"text-center\">\n<div>\n<div class=\"inline-flex border border-gray-100 dark:border-gray-700 rounded-xl\">\n<div class=\"text-token-text-secondary flex items-center justify-center gap-4 px-4 py-2.5 text-sm whitespace-nowrap\"><\/div>\n<\/div>\n<\/div>\n<\/div>\n<\/div>\n","protected":false},"excerpt":{"rendered":"<p>THE MONSTERS \u00d7 One Piece Series Figures Box El universo de One Piece se fusiona con el inconfundible estilo art\u00edstico de Pop Mart en esta espectacular colecci\u00f3n THE MONSTERS \u00d7 One Piece Series Figures Box. Los ic\u00f3nicos personajes como Luffy y la tripulaci\u00f3n del Sombrero de Paja reciben una reinterpretaci\u00f3n creativa y detallada que combina [&hellip;]<\/p>\n","protected":false},"featured_media":20271,"comment_status":"open","ping_status":"closed","template":"","meta":{"site-sidebar-layout":"default","site-content-layout":"","ast-site-content-layout":"default","site-content-style":"default","site-sidebar-style":"default","ast-global-header-display":"","ast-banner-title-visibility":"","ast-main-header-display":"","ast-hfb-above-header-display":"","ast-hfb-below-header-display":"","ast-hfb-mobile-header-display":"","site-post-title":"","ast-breadcrumbs-content":"","ast-featured-img":"","footer-sml-layout":"","ast-disable-related-posts":"","theme-transparent-header-meta":"default","adv-header-id-meta":"","stick-header-meta":"","header-above-stick-meta":"","header-main-stick-meta":"","header-below-stick-meta":"","astra-migrate-meta-layouts":"set","ast-page-background-enabled":"default","ast-page-background-meta":{"desktop":{"background-color":"","background-image":"","background-repeat":"repeat","background-position":"center center","background-size":"auto","background-attachment":"scroll","background-type":"","background-media":"","overlay-type":"","overlay-color":"","overlay-opacity":"","overlay-gradient":""},"tablet":{"background-color":"","background-image":"","background-repeat":"repeat","background-position":"center center","background-size":"auto","background-attachment":"scroll","background-type":"","background-media":"","overlay-type":"","overlay-color":"","overlay-opacity":"","overlay-gradient":""},"mobile":{"background-color":"","background-image":"","background-repeat":"repeat","background-position":"center center","background-size":"auto","background-attachment":"scroll","background-type":"","background-media":"","overlay-type":"","overlay-color":"","overlay-opacity":"","overlay-gradient":""}},"ast-content-background-meta":{"desktop":{"background-color":"var(--ast-global-color-5)","background-image":"","background-repeat":"repeat","background-position":"center center","background-size":"auto","background-attachment":"scroll","background-type":"","background-media":"","overlay-type":"","overlay-color":"","overlay-opacity":"","overlay-gradient":""},"tablet":{"background-color":"var(--ast-global-color-5)","background-image":"","background-repeat":"repeat","background-position":"center center","background-size":"auto","background-attachment":"scroll","background-type":"","background-media":"","overlay-type":"","overlay-color":"","overlay-opacity":"","overlay-gradient":""},"mobile":{"background-color":"var(--ast-global-color-5)","background-image":"","background-repeat":"repeat","background-position":"center center","background-size":"auto","background-attachment":"scroll","background-type":"","background-media":"","overlay-type":"","overlay-color":"","overlay-opacity":"","overlay-gradient":""}}},"product_brand":[],"product_cat":[101,100,39],"product_tag":[],"class_list":{"0":"post-20270","1":"product","2":"type-product","3":"status-publish","4":"has-post-thumbnail","6":"product_cat-anime","7":"product_cat-one-piece","8":"product_cat-todas","9":"desktop-align-center","10":"tablet-align-center","11":"mobile-align-center","13":"first","14":"instock","15":"sold-individually","16":"shipping-taxable","17":"purchasable","18":"product-type-simple"},"yoast_head":"<!-- This site is optimized with the Yoast SEO plugin v27.3 - https:\/\/yoast.com\/product\/yoast-seo-wordpress\/ -->\n<title>POP MART The Monsters x One Piece Labubu (Individual) - Palitroche Store<\/title>\n<meta name=\"robots\" content=\"index, follow, max-snippet:-1, max-image-preview:large, max-video-preview:-1\" \/>\n<link rel=\"canonical\" href=\"https:\/\/palitrochestore.com.mx\/?product=pop-mart-the-monsters-x-one-piece-labubu\" \/>\n<meta property=\"og:locale\" content=\"es_ES\" \/>\n<meta property=\"og:type\" content=\"article\" \/>\n<meta property=\"og:title\" content=\"POP MART The Monsters x One Piece Labubu (Individual) - Palitroche Store\" \/>\n<meta property=\"og:description\" content=\"THE MONSTERS \u00d7 One Piece Series Figures Box El universo de One Piece se fusiona con el inconfundible estilo art\u00edstico de Pop Mart en esta espectacular colecci\u00f3n THE MONSTERS \u00d7 One Piece Series Figures Box. Los ic\u00f3nicos personajes como Luffy y la tripulaci\u00f3n del Sombrero de Paja reciben una reinterpretaci\u00f3n creativa y detallada que combina [&hellip;]\" \/>\n<meta property=\"og:url\" content=\"https:\/\/palitrochestore.com.mx\/?product=pop-mart-the-monsters-x-one-piece-labubu\" \/>\n<meta property=\"og:site_name\" content=\"Palitroche Store\" \/>\n<meta property=\"article:modified_time\" content=\"2026-04-06T07:08:52+00:00\" \/>\n<meta property=\"og:image\" content=\"https:\/\/palitrochestore.com.mx\/wp-content\/uploads\/2026\/02\/THE-MONSTER-ONE-PIECE-1.webp\" \/>\n\t<meta property=\"og:image:width\" content=\"1500\" \/>\n\t<meta property=\"og:image:height\" content=\"1500\" \/>\n\t<meta property=\"og:image:type\" content=\"image\/webp\" \/>\n<meta name=\"twitter:card\" content=\"summary_large_image\" \/>\n<meta name=\"twitter:label1\" content=\"Tiempo de lectura\" \/>\n\t<meta name=\"twitter:data1\" content=\"2 minutos\" \/>\n<script type=\"application\/ld+json\" class=\"yoast-schema-graph\">{\"@context\":\"https:\\\/\\\/schema.org\",\"@graph\":[{\"@type\":\"WebPage\",\"@id\":\"https:\\\/\\\/palitrochestore.com.mx\\\/?product=pop-mart-the-monsters-x-one-piece-labubu\",\"url\":\"https:\\\/\\\/palitrochestore.com.mx\\\/?product=pop-mart-the-monsters-x-one-piece-labubu\",\"name\":\"POP MART The Monsters x One Piece Labubu (Individual) - Palitroche Store\",\"isPartOf\":{\"@id\":\"https:\\\/\\\/palitrochestore.com.mx\\\/#website\"},\"primaryImageOfPage\":{\"@id\":\"https:\\\/\\\/palitrochestore.com.mx\\\/?product=pop-mart-the-monsters-x-one-piece-labubu#primaryimage\"},\"image\":{\"@id\":\"https:\\\/\\\/palitrochestore.com.mx\\\/?product=pop-mart-the-monsters-x-one-piece-labubu#primaryimage\"},\"thumbnailUrl\":\"https:\\\/\\\/palitrochestore.com.mx\\\/wp-content\\\/uploads\\\/2026\\\/02\\\/THE-MONSTER-ONE-PIECE-1.webp\",\"datePublished\":\"2026-02-24T19:27:02+00:00\",\"dateModified\":\"2026-04-06T07:08:52+00:00\",\"breadcrumb\":{\"@id\":\"https:\\\/\\\/palitrochestore.com.mx\\\/?product=pop-mart-the-monsters-x-one-piece-labubu#breadcrumb\"},\"inLanguage\":\"es\",\"potentialAction\":[{\"@type\":\"ReadAction\",\"target\":[\"https:\\\/\\\/palitrochestore.com.mx\\\/?product=pop-mart-the-monsters-x-one-piece-labubu\"]}]},{\"@type\":\"ImageObject\",\"inLanguage\":\"es\",\"@id\":\"https:\\\/\\\/palitrochestore.com.mx\\\/?product=pop-mart-the-monsters-x-one-piece-labubu#primaryimage\",\"url\":\"https:\\\/\\\/palitrochestore.com.mx\\\/wp-content\\\/uploads\\\/2026\\\/02\\\/THE-MONSTER-ONE-PIECE-1.webp\",\"contentUrl\":\"https:\\\/\\\/palitrochestore.com.mx\\\/wp-content\\\/uploads\\\/2026\\\/02\\\/THE-MONSTER-ONE-PIECE-1.webp\",\"width\":1500,\"height\":1500},{\"@type\":\"BreadcrumbList\",\"@id\":\"https:\\\/\\\/palitrochestore.com.mx\\\/?product=pop-mart-the-monsters-x-one-piece-labubu#breadcrumb\",\"itemListElement\":[{\"@type\":\"ListItem\",\"position\":1,\"name\":\"Home\",\"item\":\"https:\\\/\\\/palitrochestore.com.mx\\\/\"},{\"@type\":\"ListItem\",\"position\":2,\"name\":\"Shop\",\"item\":\"https:\\\/\\\/palitrochestore.com.mx\\\/?page_id=21686\"},{\"@type\":\"ListItem\",\"position\":3,\"name\":\"POP MART The Monsters x One Piece Labubu (Individual)\"}]},{\"@type\":\"WebSite\",\"@id\":\"https:\\\/\\\/palitrochestore.com.mx\\\/#website\",\"url\":\"https:\\\/\\\/palitrochestore.com.mx\\\/\",\"name\":\"Palitroche Store\",\"description\":\"Tienda f\u00edsica y online para comprar figuras de anime en M\u00e9xico, figuras originales coleccionables Bandai y S.H.Figuarts y tambi\u00e9n TCG como One Piece y Pok\u00e9mon TCG en CDMX\",\"publisher\":{\"@id\":\"https:\\\/\\\/palitrochestore.com.mx\\\/#organization\"},\"potentialAction\":[{\"@type\":\"SearchAction\",\"target\":{\"@type\":\"EntryPoint\",\"urlTemplate\":\"https:\\\/\\\/palitrochestore.com.mx\\\/?s={search_term_string}\"},\"query-input\":{\"@type\":\"PropertyValueSpecification\",\"valueRequired\":true,\"valueName\":\"search_term_string\"}}],\"inLanguage\":\"es\"},{\"@type\":\"Organization\",\"@id\":\"https:\\\/\\\/palitrochestore.com.mx\\\/#organization\",\"name\":\"Palitroche Store\",\"url\":\"https:\\\/\\\/palitrochestore.com.mx\\\/\",\"logo\":{\"@type\":\"ImageObject\",\"inLanguage\":\"es\",\"@id\":\"https:\\\/\\\/palitrochestore.com.mx\\\/#\\\/schema\\\/logo\\\/image\\\/\",\"url\":\"https:\\\/\\\/palitrochestore.com.mx\\\/wp-content\\\/uploads\\\/2025\\\/12\\\/cropped-LOGO_PALI_2025-1.png\",\"contentUrl\":\"https:\\\/\\\/palitrochestore.com.mx\\\/wp-content\\\/uploads\\\/2025\\\/12\\\/cropped-LOGO_PALI_2025-1.png\",\"width\":2117,\"height\":1572,\"caption\":\"Palitroche Store\"},\"image\":{\"@id\":\"https:\\\/\\\/palitrochestore.com.mx\\\/#\\\/schema\\\/logo\\\/image\\\/\"}}]}<\/script>\n<!-- \/ Yoast SEO plugin. -->","yoast_head_json":{"title":"POP MART The Monsters x One Piece Labubu (Individual) - Palitroche Store","robots":{"index":"index","follow":"follow","max-snippet":"max-snippet:-1","max-image-preview":"max-image-preview:large","max-video-preview":"max-video-preview:-1"},"canonical":"https:\/\/palitrochestore.com.mx\/?product=pop-mart-the-monsters-x-one-piece-labubu","og_locale":"es_ES","og_type":"article","og_title":"POP MART The Monsters x One Piece Labubu (Individual) - Palitroche Store","og_description":"THE MONSTERS \u00d7 One Piece Series Figures Box El universo de One Piece se fusiona con el inconfundible estilo art\u00edstico de Pop Mart en esta espectacular colecci\u00f3n THE MONSTERS \u00d7 One Piece Series Figures Box. Los ic\u00f3nicos personajes como Luffy y la tripulaci\u00f3n del Sombrero de Paja reciben una reinterpretaci\u00f3n creativa y detallada que combina [&hellip;]","og_url":"https:\/\/palitrochestore.com.mx\/?product=pop-mart-the-monsters-x-one-piece-labubu","og_site_name":"Palitroche Store","article_modified_time":"2026-04-06T07:08:52+00:00","og_image":[{"width":1500,"height":1500,"url":"https:\/\/palitrochestore.com.mx\/wp-content\/uploads\/2026\/02\/THE-MONSTER-ONE-PIECE-1.webp","type":"image\/webp"}],"twitter_card":"summary_large_image","twitter_misc":{"Tiempo de lectura":"2 minutos"},"schema":{"@context":"https:\/\/schema.org","@graph":[{"@type":"WebPage","@id":"https:\/\/palitrochestore.com.mx\/?product=pop-mart-the-monsters-x-one-piece-labubu","url":"https:\/\/palitrochestore.com.mx\/?product=pop-mart-the-monsters-x-one-piece-labubu","name":"POP MART The Monsters x One Piece Labubu (Individual) - Palitroche Store","isPartOf":{"@id":"https:\/\/palitrochestore.com.mx\/#website"},"primaryImageOfPage":{"@id":"https:\/\/palitrochestore.com.mx\/?product=pop-mart-the-monsters-x-one-piece-labubu#primaryimage"},"image":{"@id":"https:\/\/palitrochestore.com.mx\/?product=pop-mart-the-monsters-x-one-piece-labubu#primaryimage"},"thumbnailUrl":"https:\/\/palitrochestore.com.mx\/wp-content\/uploads\/2026\/02\/THE-MONSTER-ONE-PIECE-1.webp","datePublished":"2026-02-24T19:27:02+00:00","dateModified":"2026-04-06T07:08:52+00:00","breadcrumb":{"@id":"https:\/\/palitrochestore.com.mx\/?product=pop-mart-the-monsters-x-one-piece-labubu#breadcrumb"},"inLanguage":"es","potentialAction":[{"@type":"ReadAction","target":["https:\/\/palitrochestore.com.mx\/?product=pop-mart-the-monsters-x-one-piece-labubu"]}]},{"@type":"ImageObject","inLanguage":"es","@id":"https:\/\/palitrochestore.com.mx\/?product=pop-mart-the-monsters-x-one-piece-labubu#primaryimage","url":"https:\/\/palitrochestore.com.mx\/wp-content\/uploads\/2026\/02\/THE-MONSTER-ONE-PIECE-1.webp","contentUrl":"https:\/\/palitrochestore.com.mx\/wp-content\/uploads\/2026\/02\/THE-MONSTER-ONE-PIECE-1.webp","width":1500,"height":1500},{"@type":"BreadcrumbList","@id":"https:\/\/palitrochestore.com.mx\/?product=pop-mart-the-monsters-x-one-piece-labubu#breadcrumb","itemListElement":[{"@type":"ListItem","position":1,"name":"Home","item":"https:\/\/palitrochestore.com.mx\/"},{"@type":"ListItem","position":2,"name":"Shop","item":"https:\/\/palitrochestore.com.mx\/?page_id=21686"},{"@type":"ListItem","position":3,"name":"POP MART The Monsters x One Piece Labubu (Individual)"}]},{"@type":"WebSite","@id":"https:\/\/palitrochestore.com.mx\/#website","url":"https:\/\/palitrochestore.com.mx\/","name":"Palitroche Store","description":"Tienda f\u00edsica y online para comprar figuras de anime en M\u00e9xico, figuras originales coleccionables Bandai y S.H.Figuarts y tambi\u00e9n TCG como One Piece y Pok\u00e9mon TCG en CDMX","publisher":{"@id":"https:\/\/palitrochestore.com.mx\/#organization"},"potentialAction":[{"@type":"SearchAction","target":{"@type":"EntryPoint","urlTemplate":"https:\/\/palitrochestore.com.mx\/?s={search_term_string}"},"query-input":{"@type":"PropertyValueSpecification","valueRequired":true,"valueName":"search_term_string"}}],"inLanguage":"es"},{"@type":"Organization","@id":"https:\/\/palitrochestore.com.mx\/#organization","name":"Palitroche Store","url":"https:\/\/palitrochestore.com.mx\/","logo":{"@type":"ImageObject","inLanguage":"es","@id":"https:\/\/palitrochestore.com.mx\/#\/schema\/logo\/image\/","url":"https:\/\/palitrochestore.com.mx\/wp-content\/uploads\/2025\/12\/cropped-LOGO_PALI_2025-1.png","contentUrl":"https:\/\/palitrochestore.com.mx\/wp-content\/uploads\/2025\/12\/cropped-LOGO_PALI_2025-1.png","width":2117,"height":1572,"caption":"Palitroche Store"},"image":{"@id":"https:\/\/palitrochestore.com.mx\/#\/schema\/logo\/image\/"}}]}},"_links":{"self":[{"href":"https:\/\/palitrochestore.com.mx\/index.php?rest_route=\/wp\/v2\/product\/20270","targetHints":{"allow":["GET"]}}],"collection":[{"href":"https:\/\/palitrochestore.com.mx\/index.php?rest_route=\/wp\/v2\/product"}],"about":[{"href":"https:\/\/palitrochestore.com.mx\/index.php?rest_route=\/wp\/v2\/types\/product"}],"replies":[{"embeddable":true,"href":"https:\/\/palitrochestore.com.mx\/index.php?rest_route=%2Fwp%2Fv2%2Fcomments&post=20270"}],"version-history":[{"count":2,"href":"https:\/\/palitrochestore.com.mx\/index.php?rest_route=\/wp\/v2\/product\/20270\/revisions"}],"predecessor-version":[{"id":21004,"href":"https:\/\/palitrochestore.com.mx\/index.php?rest_route=\/wp\/v2\/product\/20270\/revisions\/21004"}],"wp:featuredmedia":[{"embeddable":true,"href":"https:\/\/palitrochestore.com.mx\/index.php?rest_route=\/wp\/v2\/media\/20271"}],"wp:attachment":[{"href":"https:\/\/palitrochestore.com.mx\/index.php?rest_route=%2Fwp%2Fv2%2Fmedia&parent=20270"}],"wp:term":[{"taxonomy":"product_brand","embeddable":true,"href":"https:\/\/palitrochestore.com.mx\/index.php?rest_route=%2Fwp%2Fv2%2Fproduct_brand&post=20270"},{"taxonomy":"product_cat","embeddable":true,"href":"https:\/\/palitrochestore.com.mx\/index.php?rest_route=%2Fwp%2Fv2%2Fproduct_cat&post=20270"},{"taxonomy":"product_tag","embeddable":true,"href":"https:\/\/palitrochestore.com.mx\/index.php?rest_route=%2Fwp%2Fv2%2Fproduct_tag&post=20270"}],"curies":[{"name":"wp","href":"https:\/\/api.w.org\/{rel}","templated":true}]}}