{"id":20075,"date":"2026-02-17T13:18:06","date_gmt":"2026-02-17T19:18:06","guid":{"rendered":"https:\/\/palitrochestore.com.mx\/?product=apartado-preventa-blokees-transformers-classic-class-19-ironhide"},"modified":"2026-02-17T15:12:46","modified_gmt":"2026-02-17T21:12:46","slug":"apartado-preventa-blokees-transformers-classic-class-19-ironhide","status":"publish","type":"product","link":"https:\/\/palitrochestore.com.mx\/?product=apartado-preventa-blokees-transformers-classic-class-19-ironhide","title":{"rendered":"APARTADO PREVENTA Blokees Transformers Classic Class 19 Ironhide"},"content":{"rendered":"<h1>Blokees Transformers Classic Class 19 Ironhide<\/h1>\n<p>El legendario Ironhide del universo Transformers llega en formato figura armable con Blokees Classic Class 19.<br \/>\nSu dise\u00f1o robusto y fiel al personaje lo convierte en una pieza imprescindible para quienes coleccionan figuras armables Blokees Transformers.<\/p>\n<p>Ironhide es uno de los Autobots m\u00e1s respetados y buscados por coleccionistas.<br \/>\nEsta figura armable Classic Class es una adici\u00f3n esencial para completar tu colecci\u00f3n Transformers. Cons\u00edguela antes de que se agote en palitrochestore.com.mx.<\/p>\n<ul>\n<li>Figura armable Blokees Transformers Classic Class 19<\/li>\n<li>Dise\u00f1o fiel al personaje Ironhide<\/li>\n<li>Gran nivel de detalle en armadura<\/li>\n<li>Material resistente con ensamblaje preciso<\/li>\n<li>Perfecta para colecci\u00f3n tem\u00e1tica Autobot<\/li>\n<\/ul>\n<p>Compra hoy en palitrochestore.com.mx<\/p>\n<ul>\n<li>Env\u00edos r\u00e1pidos a toda la Rep\u00fablica Mexicana<\/li>\n<li>Atenci\u00f3n especializada para coleccionistas<\/li>\n<li>Pago seguro y productos 100% originales<\/li>\n<\/ul>\n<p>&nbsp;<\/p>\n","protected":false},"excerpt":{"rendered":"<p><strong>Esto es una preventa, el monto a pagar es por el apartado del producto que se deber\u00e1 liquidar en m\u00e1ximo en 10 d\u00edas naturales a partir del d\u00eda de su llegada a finales de marzo de 2026.<\/strong>\u00a0Podr\u00e1s saber el d\u00eda de llegada del producto cuando se publique el anuncio de llegada en nuestras redes sociales Instagram y Facebook @PalitrocheToys.<\/p>\n<p>Precio final $479<\/p>\n<p>Aparta con $200<\/p>\n<p>Liquida $279<\/p>\n","protected":false},"featured_media":20086,"comment_status":"open","ping_status":"closed","template":"","meta":{"site-sidebar-layout":"default","site-content-layout":"","ast-site-content-layout":"default","site-content-style":"default","site-sidebar-style":"default","ast-global-header-display":"","ast-banner-title-visibility":"","ast-main-header-display":"","ast-hfb-above-header-display":"","ast-hfb-below-header-display":"","ast-hfb-mobile-header-display":"","site-post-title":"","ast-breadcrumbs-content":"","ast-featured-img":"","footer-sml-layout":"","ast-disable-related-posts":"","theme-transparent-header-meta":"default","adv-header-id-meta":"","stick-header-meta":"","header-above-stick-meta":"","header-main-stick-meta":"","header-below-stick-meta":"","astra-migrate-meta-layouts":"set","ast-page-background-enabled":"default","ast-page-background-meta":{"desktop":{"background-color":"","background-image":"","background-repeat":"repeat","background-position":"center center","background-size":"auto","background-attachment":"scroll","background-type":"","background-media":"","overlay-type":"","overlay-color":"","overlay-opacity":"","overlay-gradient":""},"tablet":{"background-color":"","background-image":"","background-repeat":"repeat","background-position":"center center","background-size":"auto","background-attachment":"scroll","background-type":"","background-media":"","overlay-type":"","overlay-color":"","overlay-opacity":"","overlay-gradient":""},"mobile":{"background-color":"","background-image":"","background-repeat":"repeat","background-position":"center center","background-size":"auto","background-attachment":"scroll","background-type":"","background-media":"","overlay-type":"","overlay-color":"","overlay-opacity":"","overlay-gradient":""}},"ast-content-background-meta":{"desktop":{"background-color":"var(--ast-global-color-5)","background-image":"","background-repeat":"repeat","background-position":"center center","background-size":"auto","background-attachment":"scroll","background-type":"","background-media":"","overlay-type":"","overlay-color":"","overlay-opacity":"","overlay-gradient":""},"tablet":{"background-color":"var(--ast-global-color-5)","background-image":"","background-repeat":"repeat","background-position":"center center","background-size":"auto","background-attachment":"scroll","background-type":"","background-media":"","overlay-type":"","overlay-color":"","overlay-opacity":"","overlay-gradient":""},"mobile":{"background-color":"var(--ast-global-color-5)","background-image":"","background-repeat":"repeat","background-position":"center center","background-size":"auto","background-attachment":"scroll","background-type":"","background-media":"","overlay-type":"","overlay-color":"","overlay-opacity":"","overlay-gradient":""}}},"product_brand":[],"product_cat":[101,467,39],"product_tag":[],"class_list":{"0":"post-20075","1":"product","2":"type-product","3":"status-publish","4":"has-post-thumbnail","6":"product_cat-anime","7":"product_cat-preventas","8":"product_cat-todas","9":"desktop-align-center","10":"tablet-align-center","11":"mobile-align-center","13":"first","14":"instock","15":"sold-individually","16":"shipping-taxable","17":"purchasable","18":"product-type-simple"},"yoast_head":"<!-- This site is optimized with the Yoast SEO plugin v27.3 - https:\/\/yoast.com\/product\/yoast-seo-wordpress\/ -->\n<title>APARTADO PREVENTA Blokees Transformers Classic Class 19 Ironhide - Palitroche Store<\/title>\n<meta name=\"robots\" content=\"index, follow, max-snippet:-1, max-image-preview:large, max-video-preview:-1\" \/>\n<link rel=\"canonical\" href=\"https:\/\/palitrochestore.com.mx\/?product=apartado-preventa-blokees-transformers-classic-class-19-ironhide\" \/>\n<meta property=\"og:locale\" content=\"es_ES\" \/>\n<meta property=\"og:type\" content=\"article\" \/>\n<meta property=\"og:title\" content=\"APARTADO PREVENTA Blokees Transformers Classic Class 19 Ironhide - Palitroche Store\" \/>\n<meta property=\"og:description\" content=\"Esto es una preventa, el monto a pagar es por el apartado del producto que se deber\u00e1 liquidar en m\u00e1ximo en 10 d\u00edas naturales a partir del d\u00eda de su llegada a finales de marzo de 2026.\u00a0Podr\u00e1s saber el d\u00eda de llegada del producto cuando se publique el anuncio de llegada en nuestras redes sociales Instagram y Facebook @PalitrocheToys.  Precio final $479  Aparta con $200  Liquida $279\" \/>\n<meta property=\"og:url\" content=\"https:\/\/palitrochestore.com.mx\/?product=apartado-preventa-blokees-transformers-classic-class-19-ironhide\" \/>\n<meta property=\"og:site_name\" content=\"Palitroche Store\" \/>\n<meta property=\"article:modified_time\" content=\"2026-02-17T21:12:46+00:00\" \/>\n<meta property=\"og:image\" content=\"https:\/\/palitrochestore.com.mx\/wp-content\/uploads\/2026\/02\/TRANSFORMER-CLASSIC-19-2.webp\" \/>\n\t<meta property=\"og:image:width\" content=\"2400\" \/>\n\t<meta property=\"og:image:height\" content=\"2400\" \/>\n\t<meta property=\"og:image:type\" content=\"image\/webp\" \/>\n<meta name=\"twitter:card\" content=\"summary_large_image\" \/>\n<meta name=\"twitter:label1\" content=\"Tiempo de lectura\" \/>\n\t<meta name=\"twitter:data1\" content=\"1 minuto\" \/>\n<script type=\"application\/ld+json\" class=\"yoast-schema-graph\">{\"@context\":\"https:\\\/\\\/schema.org\",\"@graph\":[{\"@type\":\"WebPage\",\"@id\":\"https:\\\/\\\/palitrochestore.com.mx\\\/?product=apartado-preventa-blokees-transformers-classic-class-19-ironhide\",\"url\":\"https:\\\/\\\/palitrochestore.com.mx\\\/?product=apartado-preventa-blokees-transformers-classic-class-19-ironhide\",\"name\":\"APARTADO PREVENTA Blokees Transformers Classic Class 19 Ironhide - Palitroche Store\",\"isPartOf\":{\"@id\":\"https:\\\/\\\/palitrochestore.com.mx\\\/#website\"},\"primaryImageOfPage\":{\"@id\":\"https:\\\/\\\/palitrochestore.com.mx\\\/?product=apartado-preventa-blokees-transformers-classic-class-19-ironhide#primaryimage\"},\"image\":{\"@id\":\"https:\\\/\\\/palitrochestore.com.mx\\\/?product=apartado-preventa-blokees-transformers-classic-class-19-ironhide#primaryimage\"},\"thumbnailUrl\":\"https:\\\/\\\/palitrochestore.com.mx\\\/wp-content\\\/uploads\\\/2026\\\/02\\\/TRANSFORMER-CLASSIC-19-2.webp\",\"datePublished\":\"2026-02-17T19:18:06+00:00\",\"dateModified\":\"2026-02-17T21:12:46+00:00\",\"breadcrumb\":{\"@id\":\"https:\\\/\\\/palitrochestore.com.mx\\\/?product=apartado-preventa-blokees-transformers-classic-class-19-ironhide#breadcrumb\"},\"inLanguage\":\"es\",\"potentialAction\":[{\"@type\":\"ReadAction\",\"target\":[\"https:\\\/\\\/palitrochestore.com.mx\\\/?product=apartado-preventa-blokees-transformers-classic-class-19-ironhide\"]}]},{\"@type\":\"ImageObject\",\"inLanguage\":\"es\",\"@id\":\"https:\\\/\\\/palitrochestore.com.mx\\\/?product=apartado-preventa-blokees-transformers-classic-class-19-ironhide#primaryimage\",\"url\":\"https:\\\/\\\/palitrochestore.com.mx\\\/wp-content\\\/uploads\\\/2026\\\/02\\\/TRANSFORMER-CLASSIC-19-2.webp\",\"contentUrl\":\"https:\\\/\\\/palitrochestore.com.mx\\\/wp-content\\\/uploads\\\/2026\\\/02\\\/TRANSFORMER-CLASSIC-19-2.webp\",\"width\":2400,\"height\":2400},{\"@type\":\"BreadcrumbList\",\"@id\":\"https:\\\/\\\/palitrochestore.com.mx\\\/?product=apartado-preventa-blokees-transformers-classic-class-19-ironhide#breadcrumb\",\"itemListElement\":[{\"@type\":\"ListItem\",\"position\":1,\"name\":\"Home\",\"item\":\"https:\\\/\\\/palitrochestore.com.mx\\\/\"},{\"@type\":\"ListItem\",\"position\":2,\"name\":\"Shop\",\"item\":\"https:\\\/\\\/palitrochestore.com.mx\\\/?page_id=21686\"},{\"@type\":\"ListItem\",\"position\":3,\"name\":\"APARTADO PREVENTA Blokees Transformers Classic Class 19 Ironhide\"}]},{\"@type\":\"WebSite\",\"@id\":\"https:\\\/\\\/palitrochestore.com.mx\\\/#website\",\"url\":\"https:\\\/\\\/palitrochestore.com.mx\\\/\",\"name\":\"Palitroche Store\",\"description\":\"Tienda f\u00edsica y online para comprar figuras de anime en M\u00e9xico, figuras originales coleccionables Bandai y S.H.Figuarts y tambi\u00e9n TCG como One Piece y Pok\u00e9mon TCG en CDMX\",\"publisher\":{\"@id\":\"https:\\\/\\\/palitrochestore.com.mx\\\/#organization\"},\"potentialAction\":[{\"@type\":\"SearchAction\",\"target\":{\"@type\":\"EntryPoint\",\"urlTemplate\":\"https:\\\/\\\/palitrochestore.com.mx\\\/?s={search_term_string}\"},\"query-input\":{\"@type\":\"PropertyValueSpecification\",\"valueRequired\":true,\"valueName\":\"search_term_string\"}}],\"inLanguage\":\"es\"},{\"@type\":\"Organization\",\"@id\":\"https:\\\/\\\/palitrochestore.com.mx\\\/#organization\",\"name\":\"Palitroche Store\",\"url\":\"https:\\\/\\\/palitrochestore.com.mx\\\/\",\"logo\":{\"@type\":\"ImageObject\",\"inLanguage\":\"es\",\"@id\":\"https:\\\/\\\/palitrochestore.com.mx\\\/#\\\/schema\\\/logo\\\/image\\\/\",\"url\":\"https:\\\/\\\/palitrochestore.com.mx\\\/wp-content\\\/uploads\\\/2025\\\/12\\\/cropped-LOGO_PALI_2025-1.png\",\"contentUrl\":\"https:\\\/\\\/palitrochestore.com.mx\\\/wp-content\\\/uploads\\\/2025\\\/12\\\/cropped-LOGO_PALI_2025-1.png\",\"width\":2117,\"height\":1572,\"caption\":\"Palitroche Store\"},\"image\":{\"@id\":\"https:\\\/\\\/palitrochestore.com.mx\\\/#\\\/schema\\\/logo\\\/image\\\/\"}}]}<\/script>\n<!-- \/ Yoast SEO plugin. -->","yoast_head_json":{"title":"APARTADO PREVENTA Blokees Transformers Classic Class 19 Ironhide - Palitroche Store","robots":{"index":"index","follow":"follow","max-snippet":"max-snippet:-1","max-image-preview":"max-image-preview:large","max-video-preview":"max-video-preview:-1"},"canonical":"https:\/\/palitrochestore.com.mx\/?product=apartado-preventa-blokees-transformers-classic-class-19-ironhide","og_locale":"es_ES","og_type":"article","og_title":"APARTADO PREVENTA Blokees Transformers Classic Class 19 Ironhide - Palitroche Store","og_description":"Esto es una preventa, el monto a pagar es por el apartado del producto que se deber\u00e1 liquidar en m\u00e1ximo en 10 d\u00edas naturales a partir del d\u00eda de su llegada a finales de marzo de 2026.\u00a0Podr\u00e1s saber el d\u00eda de llegada del producto cuando se publique el anuncio de llegada en nuestras redes sociales Instagram y Facebook @PalitrocheToys.  Precio final $479  Aparta con $200  Liquida $279","og_url":"https:\/\/palitrochestore.com.mx\/?product=apartado-preventa-blokees-transformers-classic-class-19-ironhide","og_site_name":"Palitroche Store","article_modified_time":"2026-02-17T21:12:46+00:00","og_image":[{"width":2400,"height":2400,"url":"https:\/\/palitrochestore.com.mx\/wp-content\/uploads\/2026\/02\/TRANSFORMER-CLASSIC-19-2.webp","type":"image\/webp"}],"twitter_card":"summary_large_image","twitter_misc":{"Tiempo de lectura":"1 minuto"},"schema":{"@context":"https:\/\/schema.org","@graph":[{"@type":"WebPage","@id":"https:\/\/palitrochestore.com.mx\/?product=apartado-preventa-blokees-transformers-classic-class-19-ironhide","url":"https:\/\/palitrochestore.com.mx\/?product=apartado-preventa-blokees-transformers-classic-class-19-ironhide","name":"APARTADO PREVENTA Blokees Transformers Classic Class 19 Ironhide - Palitroche Store","isPartOf":{"@id":"https:\/\/palitrochestore.com.mx\/#website"},"primaryImageOfPage":{"@id":"https:\/\/palitrochestore.com.mx\/?product=apartado-preventa-blokees-transformers-classic-class-19-ironhide#primaryimage"},"image":{"@id":"https:\/\/palitrochestore.com.mx\/?product=apartado-preventa-blokees-transformers-classic-class-19-ironhide#primaryimage"},"thumbnailUrl":"https:\/\/palitrochestore.com.mx\/wp-content\/uploads\/2026\/02\/TRANSFORMER-CLASSIC-19-2.webp","datePublished":"2026-02-17T19:18:06+00:00","dateModified":"2026-02-17T21:12:46+00:00","breadcrumb":{"@id":"https:\/\/palitrochestore.com.mx\/?product=apartado-preventa-blokees-transformers-classic-class-19-ironhide#breadcrumb"},"inLanguage":"es","potentialAction":[{"@type":"ReadAction","target":["https:\/\/palitrochestore.com.mx\/?product=apartado-preventa-blokees-transformers-classic-class-19-ironhide"]}]},{"@type":"ImageObject","inLanguage":"es","@id":"https:\/\/palitrochestore.com.mx\/?product=apartado-preventa-blokees-transformers-classic-class-19-ironhide#primaryimage","url":"https:\/\/palitrochestore.com.mx\/wp-content\/uploads\/2026\/02\/TRANSFORMER-CLASSIC-19-2.webp","contentUrl":"https:\/\/palitrochestore.com.mx\/wp-content\/uploads\/2026\/02\/TRANSFORMER-CLASSIC-19-2.webp","width":2400,"height":2400},{"@type":"BreadcrumbList","@id":"https:\/\/palitrochestore.com.mx\/?product=apartado-preventa-blokees-transformers-classic-class-19-ironhide#breadcrumb","itemListElement":[{"@type":"ListItem","position":1,"name":"Home","item":"https:\/\/palitrochestore.com.mx\/"},{"@type":"ListItem","position":2,"name":"Shop","item":"https:\/\/palitrochestore.com.mx\/?page_id=21686"},{"@type":"ListItem","position":3,"name":"APARTADO PREVENTA Blokees Transformers Classic Class 19 Ironhide"}]},{"@type":"WebSite","@id":"https:\/\/palitrochestore.com.mx\/#website","url":"https:\/\/palitrochestore.com.mx\/","name":"Palitroche Store","description":"Tienda f\u00edsica y online para comprar figuras de anime en M\u00e9xico, figuras originales coleccionables Bandai y S.H.Figuarts y tambi\u00e9n TCG como One Piece y Pok\u00e9mon TCG en CDMX","publisher":{"@id":"https:\/\/palitrochestore.com.mx\/#organization"},"potentialAction":[{"@type":"SearchAction","target":{"@type":"EntryPoint","urlTemplate":"https:\/\/palitrochestore.com.mx\/?s={search_term_string}"},"query-input":{"@type":"PropertyValueSpecification","valueRequired":true,"valueName":"search_term_string"}}],"inLanguage":"es"},{"@type":"Organization","@id":"https:\/\/palitrochestore.com.mx\/#organization","name":"Palitroche Store","url":"https:\/\/palitrochestore.com.mx\/","logo":{"@type":"ImageObject","inLanguage":"es","@id":"https:\/\/palitrochestore.com.mx\/#\/schema\/logo\/image\/","url":"https:\/\/palitrochestore.com.mx\/wp-content\/uploads\/2025\/12\/cropped-LOGO_PALI_2025-1.png","contentUrl":"https:\/\/palitrochestore.com.mx\/wp-content\/uploads\/2025\/12\/cropped-LOGO_PALI_2025-1.png","width":2117,"height":1572,"caption":"Palitroche Store"},"image":{"@id":"https:\/\/palitrochestore.com.mx\/#\/schema\/logo\/image\/"}}]}},"_links":{"self":[{"href":"https:\/\/palitrochestore.com.mx\/index.php?rest_route=\/wp\/v2\/product\/20075","targetHints":{"allow":["GET"]}}],"collection":[{"href":"https:\/\/palitrochestore.com.mx\/index.php?rest_route=\/wp\/v2\/product"}],"about":[{"href":"https:\/\/palitrochestore.com.mx\/index.php?rest_route=\/wp\/v2\/types\/product"}],"replies":[{"embeddable":true,"href":"https:\/\/palitrochestore.com.mx\/index.php?rest_route=%2Fwp%2Fv2%2Fcomments&post=20075"}],"version-history":[{"count":0,"href":"https:\/\/palitrochestore.com.mx\/index.php?rest_route=\/wp\/v2\/product\/20075\/revisions"}],"wp:featuredmedia":[{"embeddable":true,"href":"https:\/\/palitrochestore.com.mx\/index.php?rest_route=\/wp\/v2\/media\/20086"}],"wp:attachment":[{"href":"https:\/\/palitrochestore.com.mx\/index.php?rest_route=%2Fwp%2Fv2%2Fmedia&parent=20075"}],"wp:term":[{"taxonomy":"product_brand","embeddable":true,"href":"https:\/\/palitrochestore.com.mx\/index.php?rest_route=%2Fwp%2Fv2%2Fproduct_brand&post=20075"},{"taxonomy":"product_cat","embeddable":true,"href":"https:\/\/palitrochestore.com.mx\/index.php?rest_route=%2Fwp%2Fv2%2Fproduct_cat&post=20075"},{"taxonomy":"product_tag","embeddable":true,"href":"https:\/\/palitrochestore.com.mx\/index.php?rest_route=%2Fwp%2Fv2%2Fproduct_tag&post=20075"}],"curies":[{"name":"wp","href":"https:\/\/api.w.org\/{rel}","templated":true}]}}