{"id":18885,"date":"2026-01-09T18:09:23","date_gmt":"2026-01-10T00:09:23","guid":{"rendered":"https:\/\/palitrochestore.com.mx\/product\/apartado-preventa-bandai-hobby-1-144-hguc-gouf\/"},"modified":"2026-02-05T13:40:49","modified_gmt":"2026-02-05T19:40:49","slug":"apartado-preventa-bandai-hobby-1-144-hguc-gouf","status":"publish","type":"product","link":"https:\/\/palitrochestore.com.mx\/?product=apartado-preventa-bandai-hobby-1-144-hguc-gouf","title":{"rendered":"Bandai Hobby 1\/144 HGUC GOUF"},"content":{"rendered":"<p><strong>Bandai Hobby<\/strong> presenta el ic\u00f3nico <strong>HGUC 1\/144 GOUF<\/strong>, uno de los Mobile Suits m\u00e1s emblem\u00e1ticos de Mobile Suit Gundam, ideal para fans que buscan una pieza cl\u00e1sica con gran presencia en su vitrina.<\/p>\n<p>Este modelo es perfecto tanto para coleccionistas como para modelistas que disfrutan del armado y personalizaci\u00f3n, y es una excelente adici\u00f3n a cualquier colecci\u00f3n Gundam. Cons\u00edguelo en <strong>Palitroche Toys<\/strong>, tu tienda de coleccionismo en M\u00e9xico con env\u00edos a todo el pa\u00eds.<\/p>\n<p><strong>Cualidades del producto:<\/strong><\/p>\n<ul>\n<li>Escala 1\/144 de la l\u00ednea HGUC<\/li>\n<li>Dise\u00f1o fiel al anime Mobile Suit Gundam<\/li>\n<li>Excelente nivel de articulaci\u00f3n para poses din\u00e1micas<\/li>\n<li>Incluye armas y accesorios caracter\u00edsticos del GOUF<\/li>\n<li>Ideal para exhibici\u00f3n o armado personalizado<\/li>\n<\/ul>\n<p>Recomendado para coleccionistas que buscan calidad, nostalgia y un armado entretenido. Encu\u00e9ntralo en <strong>palitrochestore.com.mx<\/strong> o vis\u00edtanos en nuestra tienda f\u00edsica en CDMX.<\/p>\n<ul>\n<li>Env\u00edos r\u00e1pidos a todo M\u00e9xico<\/li>\n<li>Atenci\u00f3n personalizada y especializada<\/li>\n<li>Compra 100% segura<\/li>\n<\/ul>\n","protected":false},"excerpt":{"rendered":"<p>Bandai Hobby presenta el ic\u00f3nico HGUC 1\/144 GOUF, uno de los Mobile Suits m\u00e1s emblem\u00e1ticos de Mobile Suit Gundam, ideal para fans que buscan una pieza cl\u00e1sica con gran presencia en su vitrina. Este modelo es perfecto tanto para coleccionistas como para modelistas que disfrutan del armado y personalizaci\u00f3n, y es una excelente adici\u00f3n a [&hellip;]<\/p>\n","protected":false},"featured_media":18871,"comment_status":"open","ping_status":"closed","template":"","meta":{"site-sidebar-layout":"default","site-content-layout":"","ast-site-content-layout":"default","site-content-style":"default","site-sidebar-style":"default","ast-global-header-display":"","ast-banner-title-visibility":"","ast-main-header-display":"","ast-hfb-above-header-display":"","ast-hfb-below-header-display":"","ast-hfb-mobile-header-display":"","site-post-title":"","ast-breadcrumbs-content":"","ast-featured-img":"","footer-sml-layout":"","ast-disable-related-posts":"","theme-transparent-header-meta":"default","adv-header-id-meta":"","stick-header-meta":"","header-above-stick-meta":"","header-main-stick-meta":"","header-below-stick-meta":"","astra-migrate-meta-layouts":"set","ast-page-background-enabled":"default","ast-page-background-meta":{"desktop":{"background-color":"","background-image":"","background-repeat":"repeat","background-position":"center center","background-size":"auto","background-attachment":"scroll","background-type":"","background-media":"","overlay-type":"","overlay-color":"","overlay-opacity":"","overlay-gradient":""},"tablet":{"background-color":"","background-image":"","background-repeat":"repeat","background-position":"center center","background-size":"auto","background-attachment":"scroll","background-type":"","background-media":"","overlay-type":"","overlay-color":"","overlay-opacity":"","overlay-gradient":""},"mobile":{"background-color":"","background-image":"","background-repeat":"repeat","background-position":"center center","background-size":"auto","background-attachment":"scroll","background-type":"","background-media":"","overlay-type":"","overlay-color":"","overlay-opacity":"","overlay-gradient":""}},"ast-content-background-meta":{"desktop":{"background-color":"var(--ast-global-color-5)","background-image":"","background-repeat":"repeat","background-position":"center center","background-size":"auto","background-attachment":"scroll","background-type":"","background-media":"","overlay-type":"","overlay-color":"","overlay-opacity":"","overlay-gradient":""},"tablet":{"background-color":"var(--ast-global-color-5)","background-image":"","background-repeat":"repeat","background-position":"center center","background-size":"auto","background-attachment":"scroll","background-type":"","background-media":"","overlay-type":"","overlay-color":"","overlay-opacity":"","overlay-gradient":""},"mobile":{"background-color":"var(--ast-global-color-5)","background-image":"","background-repeat":"repeat","background-position":"center center","background-size":"auto","background-attachment":"scroll","background-type":"","background-media":"","overlay-type":"","overlay-color":"","overlay-opacity":"","overlay-gradient":""}}},"product_brand":[],"product_cat":[101,363,467,39],"product_tag":[382,398],"class_list":{"0":"post-18885","1":"product","2":"type-product","3":"status-publish","4":"has-post-thumbnail","6":"product_cat-anime","7":"product_cat-bandai-hobby","8":"product_cat-preventas","9":"product_cat-todas","10":"product_tag-gundam","11":"product_tag-model-kit","12":"desktop-align-center","13":"tablet-align-center","14":"mobile-align-center","16":"first","17":"instock","18":"sold-individually","19":"shipping-taxable","20":"purchasable","21":"product-type-simple"},"yoast_head":"<!-- This site is optimized with the Yoast SEO plugin v27.3 - https:\/\/yoast.com\/product\/yoast-seo-wordpress\/ -->\n<title>Bandai Hobby 1\/144 HGUC GOUF - Palitroche Store<\/title>\n<meta name=\"robots\" content=\"index, follow, max-snippet:-1, max-image-preview:large, max-video-preview:-1\" \/>\n<link rel=\"canonical\" href=\"https:\/\/palitrochestore.com.mx\/producto\/apartado-preventa-bandai-hobby-1-144-hguc-gouf\/\" \/>\n<meta property=\"og:locale\" content=\"es_ES\" \/>\n<meta property=\"og:type\" content=\"article\" \/>\n<meta property=\"og:title\" content=\"Bandai Hobby 1\/144 HGUC GOUF - Palitroche Store\" \/>\n<meta property=\"og:description\" content=\"Bandai Hobby presenta el ic\u00f3nico HGUC 1\/144 GOUF, uno de los Mobile Suits m\u00e1s emblem\u00e1ticos de Mobile Suit Gundam, ideal para fans que buscan una pieza cl\u00e1sica con gran presencia en su vitrina. Este modelo es perfecto tanto para coleccionistas como para modelistas que disfrutan del armado y personalizaci\u00f3n, y es una excelente adici\u00f3n a [&hellip;]\" \/>\n<meta property=\"og:url\" content=\"https:\/\/palitrochestore.com.mx\/producto\/apartado-preventa-bandai-hobby-1-144-hguc-gouf\/\" \/>\n<meta property=\"og:site_name\" content=\"Palitroche Store\" \/>\n<meta property=\"article:modified_time\" content=\"2026-02-05T19:40:49+00:00\" \/>\n<meta property=\"og:image\" content=\"https:\/\/palitrochestore.com.mx\/wp-content\/uploads\/2026\/01\/gouf-1.jpg\" \/>\n\t<meta property=\"og:image:width\" content=\"1200\" \/>\n\t<meta property=\"og:image:height\" content=\"1200\" \/>\n\t<meta property=\"og:image:type\" content=\"image\/jpeg\" \/>\n<meta name=\"twitter:card\" content=\"summary_large_image\" \/>\n<meta name=\"twitter:label1\" content=\"Tiempo de lectura\" \/>\n\t<meta name=\"twitter:data1\" content=\"1 minuto\" \/>\n<script type=\"application\/ld+json\" class=\"yoast-schema-graph\">{\"@context\":\"https:\\\/\\\/schema.org\",\"@graph\":[{\"@type\":\"WebPage\",\"@id\":\"https:\\\/\\\/palitrochestore.com.mx\\\/producto\\\/apartado-preventa-bandai-hobby-1-144-hguc-gouf\\\/\",\"url\":\"https:\\\/\\\/palitrochestore.com.mx\\\/producto\\\/apartado-preventa-bandai-hobby-1-144-hguc-gouf\\\/\",\"name\":\"Bandai Hobby 1\\\/144 HGUC GOUF - Palitroche Store\",\"isPartOf\":{\"@id\":\"https:\\\/\\\/palitrochestore.com.mx\\\/#website\"},\"primaryImageOfPage\":{\"@id\":\"https:\\\/\\\/palitrochestore.com.mx\\\/producto\\\/apartado-preventa-bandai-hobby-1-144-hguc-gouf\\\/#primaryimage\"},\"image\":{\"@id\":\"https:\\\/\\\/palitrochestore.com.mx\\\/producto\\\/apartado-preventa-bandai-hobby-1-144-hguc-gouf\\\/#primaryimage\"},\"thumbnailUrl\":\"https:\\\/\\\/palitrochestore.com.mx\\\/wp-content\\\/uploads\\\/2026\\\/01\\\/gouf-1.jpg\",\"datePublished\":\"2026-01-10T00:09:23+00:00\",\"dateModified\":\"2026-02-05T19:40:49+00:00\",\"breadcrumb\":{\"@id\":\"https:\\\/\\\/palitrochestore.com.mx\\\/producto\\\/apartado-preventa-bandai-hobby-1-144-hguc-gouf\\\/#breadcrumb\"},\"inLanguage\":\"es\",\"potentialAction\":[{\"@type\":\"ReadAction\",\"target\":[\"https:\\\/\\\/palitrochestore.com.mx\\\/producto\\\/apartado-preventa-bandai-hobby-1-144-hguc-gouf\\\/\"]}]},{\"@type\":\"ImageObject\",\"inLanguage\":\"es\",\"@id\":\"https:\\\/\\\/palitrochestore.com.mx\\\/producto\\\/apartado-preventa-bandai-hobby-1-144-hguc-gouf\\\/#primaryimage\",\"url\":\"https:\\\/\\\/palitrochestore.com.mx\\\/wp-content\\\/uploads\\\/2026\\\/01\\\/gouf-1.jpg\",\"contentUrl\":\"https:\\\/\\\/palitrochestore.com.mx\\\/wp-content\\\/uploads\\\/2026\\\/01\\\/gouf-1.jpg\",\"width\":1200,\"height\":1200},{\"@type\":\"BreadcrumbList\",\"@id\":\"https:\\\/\\\/palitrochestore.com.mx\\\/producto\\\/apartado-preventa-bandai-hobby-1-144-hguc-gouf\\\/#breadcrumb\",\"itemListElement\":[{\"@type\":\"ListItem\",\"position\":1,\"name\":\"Home\",\"item\":\"https:\\\/\\\/palitrochestore.com.mx\\\/\"},{\"@type\":\"ListItem\",\"position\":2,\"name\":\"Shop\",\"item\":\"https:\\\/\\\/palitrochestore.com.mx\\\/?page_id=21686\"},{\"@type\":\"ListItem\",\"position\":3,\"name\":\"Bandai Hobby 1\\\/144 HGUC GOUF\"}]},{\"@type\":\"WebSite\",\"@id\":\"https:\\\/\\\/palitrochestore.com.mx\\\/#website\",\"url\":\"https:\\\/\\\/palitrochestore.com.mx\\\/\",\"name\":\"Palitroche Store\",\"description\":\"Tienda f\u00edsica y online para comprar figuras de anime en M\u00e9xico, figuras originales coleccionables Bandai y S.H.Figuarts y tambi\u00e9n TCG como One Piece y Pok\u00e9mon TCG en CDMX\",\"publisher\":{\"@id\":\"https:\\\/\\\/palitrochestore.com.mx\\\/#organization\"},\"potentialAction\":[{\"@type\":\"SearchAction\",\"target\":{\"@type\":\"EntryPoint\",\"urlTemplate\":\"https:\\\/\\\/palitrochestore.com.mx\\\/?s={search_term_string}\"},\"query-input\":{\"@type\":\"PropertyValueSpecification\",\"valueRequired\":true,\"valueName\":\"search_term_string\"}}],\"inLanguage\":\"es\"},{\"@type\":\"Organization\",\"@id\":\"https:\\\/\\\/palitrochestore.com.mx\\\/#organization\",\"name\":\"Palitroche Store\",\"url\":\"https:\\\/\\\/palitrochestore.com.mx\\\/\",\"logo\":{\"@type\":\"ImageObject\",\"inLanguage\":\"es\",\"@id\":\"https:\\\/\\\/palitrochestore.com.mx\\\/#\\\/schema\\\/logo\\\/image\\\/\",\"url\":\"https:\\\/\\\/palitrochestore.com.mx\\\/wp-content\\\/uploads\\\/2025\\\/12\\\/cropped-LOGO_PALI_2025-1.png\",\"contentUrl\":\"https:\\\/\\\/palitrochestore.com.mx\\\/wp-content\\\/uploads\\\/2025\\\/12\\\/cropped-LOGO_PALI_2025-1.png\",\"width\":2117,\"height\":1572,\"caption\":\"Palitroche Store\"},\"image\":{\"@id\":\"https:\\\/\\\/palitrochestore.com.mx\\\/#\\\/schema\\\/logo\\\/image\\\/\"}}]}<\/script>\n<!-- \/ Yoast SEO plugin. -->","yoast_head_json":{"title":"Bandai Hobby 1\/144 HGUC GOUF - Palitroche Store","robots":{"index":"index","follow":"follow","max-snippet":"max-snippet:-1","max-image-preview":"max-image-preview:large","max-video-preview":"max-video-preview:-1"},"canonical":"https:\/\/palitrochestore.com.mx\/producto\/apartado-preventa-bandai-hobby-1-144-hguc-gouf\/","og_locale":"es_ES","og_type":"article","og_title":"Bandai Hobby 1\/144 HGUC GOUF - Palitroche Store","og_description":"Bandai Hobby presenta el ic\u00f3nico HGUC 1\/144 GOUF, uno de los Mobile Suits m\u00e1s emblem\u00e1ticos de Mobile Suit Gundam, ideal para fans que buscan una pieza cl\u00e1sica con gran presencia en su vitrina. Este modelo es perfecto tanto para coleccionistas como para modelistas que disfrutan del armado y personalizaci\u00f3n, y es una excelente adici\u00f3n a [&hellip;]","og_url":"https:\/\/palitrochestore.com.mx\/producto\/apartado-preventa-bandai-hobby-1-144-hguc-gouf\/","og_site_name":"Palitroche Store","article_modified_time":"2026-02-05T19:40:49+00:00","og_image":[{"width":1200,"height":1200,"url":"https:\/\/palitrochestore.com.mx\/wp-content\/uploads\/2026\/01\/gouf-1.jpg","type":"image\/jpeg"}],"twitter_card":"summary_large_image","twitter_misc":{"Tiempo de lectura":"1 minuto"},"schema":{"@context":"https:\/\/schema.org","@graph":[{"@type":"WebPage","@id":"https:\/\/palitrochestore.com.mx\/producto\/apartado-preventa-bandai-hobby-1-144-hguc-gouf\/","url":"https:\/\/palitrochestore.com.mx\/producto\/apartado-preventa-bandai-hobby-1-144-hguc-gouf\/","name":"Bandai Hobby 1\/144 HGUC GOUF - Palitroche Store","isPartOf":{"@id":"https:\/\/palitrochestore.com.mx\/#website"},"primaryImageOfPage":{"@id":"https:\/\/palitrochestore.com.mx\/producto\/apartado-preventa-bandai-hobby-1-144-hguc-gouf\/#primaryimage"},"image":{"@id":"https:\/\/palitrochestore.com.mx\/producto\/apartado-preventa-bandai-hobby-1-144-hguc-gouf\/#primaryimage"},"thumbnailUrl":"https:\/\/palitrochestore.com.mx\/wp-content\/uploads\/2026\/01\/gouf-1.jpg","datePublished":"2026-01-10T00:09:23+00:00","dateModified":"2026-02-05T19:40:49+00:00","breadcrumb":{"@id":"https:\/\/palitrochestore.com.mx\/producto\/apartado-preventa-bandai-hobby-1-144-hguc-gouf\/#breadcrumb"},"inLanguage":"es","potentialAction":[{"@type":"ReadAction","target":["https:\/\/palitrochestore.com.mx\/producto\/apartado-preventa-bandai-hobby-1-144-hguc-gouf\/"]}]},{"@type":"ImageObject","inLanguage":"es","@id":"https:\/\/palitrochestore.com.mx\/producto\/apartado-preventa-bandai-hobby-1-144-hguc-gouf\/#primaryimage","url":"https:\/\/palitrochestore.com.mx\/wp-content\/uploads\/2026\/01\/gouf-1.jpg","contentUrl":"https:\/\/palitrochestore.com.mx\/wp-content\/uploads\/2026\/01\/gouf-1.jpg","width":1200,"height":1200},{"@type":"BreadcrumbList","@id":"https:\/\/palitrochestore.com.mx\/producto\/apartado-preventa-bandai-hobby-1-144-hguc-gouf\/#breadcrumb","itemListElement":[{"@type":"ListItem","position":1,"name":"Home","item":"https:\/\/palitrochestore.com.mx\/"},{"@type":"ListItem","position":2,"name":"Shop","item":"https:\/\/palitrochestore.com.mx\/?page_id=21686"},{"@type":"ListItem","position":3,"name":"Bandai Hobby 1\/144 HGUC GOUF"}]},{"@type":"WebSite","@id":"https:\/\/palitrochestore.com.mx\/#website","url":"https:\/\/palitrochestore.com.mx\/","name":"Palitroche Store","description":"Tienda f\u00edsica y online para comprar figuras de anime en M\u00e9xico, figuras originales coleccionables Bandai y S.H.Figuarts y tambi\u00e9n TCG como One Piece y Pok\u00e9mon TCG en CDMX","publisher":{"@id":"https:\/\/palitrochestore.com.mx\/#organization"},"potentialAction":[{"@type":"SearchAction","target":{"@type":"EntryPoint","urlTemplate":"https:\/\/palitrochestore.com.mx\/?s={search_term_string}"},"query-input":{"@type":"PropertyValueSpecification","valueRequired":true,"valueName":"search_term_string"}}],"inLanguage":"es"},{"@type":"Organization","@id":"https:\/\/palitrochestore.com.mx\/#organization","name":"Palitroche Store","url":"https:\/\/palitrochestore.com.mx\/","logo":{"@type":"ImageObject","inLanguage":"es","@id":"https:\/\/palitrochestore.com.mx\/#\/schema\/logo\/image\/","url":"https:\/\/palitrochestore.com.mx\/wp-content\/uploads\/2025\/12\/cropped-LOGO_PALI_2025-1.png","contentUrl":"https:\/\/palitrochestore.com.mx\/wp-content\/uploads\/2025\/12\/cropped-LOGO_PALI_2025-1.png","width":2117,"height":1572,"caption":"Palitroche Store"},"image":{"@id":"https:\/\/palitrochestore.com.mx\/#\/schema\/logo\/image\/"}}]}},"_links":{"self":[{"href":"https:\/\/palitrochestore.com.mx\/index.php?rest_route=\/wp\/v2\/product\/18885","targetHints":{"allow":["GET"]}}],"collection":[{"href":"https:\/\/palitrochestore.com.mx\/index.php?rest_route=\/wp\/v2\/product"}],"about":[{"href":"https:\/\/palitrochestore.com.mx\/index.php?rest_route=\/wp\/v2\/types\/product"}],"replies":[{"embeddable":true,"href":"https:\/\/palitrochestore.com.mx\/index.php?rest_route=%2Fwp%2Fv2%2Fcomments&post=18885"}],"version-history":[{"count":0,"href":"https:\/\/palitrochestore.com.mx\/index.php?rest_route=\/wp\/v2\/product\/18885\/revisions"}],"wp:featuredmedia":[{"embeddable":true,"href":"https:\/\/palitrochestore.com.mx\/index.php?rest_route=\/wp\/v2\/media\/18871"}],"wp:attachment":[{"href":"https:\/\/palitrochestore.com.mx\/index.php?rest_route=%2Fwp%2Fv2%2Fmedia&parent=18885"}],"wp:term":[{"taxonomy":"product_brand","embeddable":true,"href":"https:\/\/palitrochestore.com.mx\/index.php?rest_route=%2Fwp%2Fv2%2Fproduct_brand&post=18885"},{"taxonomy":"product_cat","embeddable":true,"href":"https:\/\/palitrochestore.com.mx\/index.php?rest_route=%2Fwp%2Fv2%2Fproduct_cat&post=18885"},{"taxonomy":"product_tag","embeddable":true,"href":"https:\/\/palitrochestore.com.mx\/index.php?rest_route=%2Fwp%2Fv2%2Fproduct_tag&post=18885"}],"curies":[{"name":"wp","href":"https:\/\/api.w.org\/{rel}","templated":true}]}}