{"id":18526,"date":"2025-12-28T00:51:39","date_gmt":"2025-12-28T06:51:39","guid":{"rendered":"https:\/\/palitrochestore.com.mx\/?post_type=product&#038;p=18526"},"modified":"2026-03-13T20:34:45","modified_gmt":"2026-03-14T02:34:45","slug":"bandai-s-h-figuarts-son-goku-40th-anniversary","status":"publish","type":"product","link":"https:\/\/palitrochestore.com.mx\/?product=bandai-s-h-figuarts-son-goku-40th-anniversary","title":{"rendered":"Bandai S.H. Figuarts Goku 40th Anniversary Ver. JP Con Cubierta"},"content":{"rendered":"<p data-start=\"0\" data-end=\"585\"><strong data-start=\"0\" data-end=\"54\">Bandai S.H. Figuarts Son Goku Kid 40th Anniversary<\/strong> es una figura articulada que celebra los or\u00edgenes de <em data-start=\"108\" data-end=\"121\">Dragon Ball<\/em>, capturando la esencia aventurera y carism\u00e1tica de Goku ni\u00f1o. Esta versi\u00f3n especial refleja fielmente el dise\u00f1o cl\u00e1sico del anime, con una escultura precisa, expresiones llenas de energ\u00eda y una calidad sobresaliente caracter\u00edstica de <strong data-start=\"358\" data-end=\"375\">S.H. Figuarts<\/strong>. Producida por <strong data-start=\"391\" data-end=\"418\">Bandai Tamashii Nations<\/strong>, esta figura destaca por su nivel de detalle, acabados premium y articulaciones avanzadas que permiten recrear escenas ic\u00f3nicas de los primeros episodios de la serie.<\/p>\n<p data-start=\"587\" data-end=\"1054\">Esta edici\u00f3n conmemorativa del <strong data-start=\"618\" data-end=\"651\">40 aniversario de Dragon Ball<\/strong> es una pieza altamente valorada por los coleccionistas, ya que representa el inicio de una de las franquicias m\u00e1s influyentes del anime. Cada vez m\u00e1s dif\u00edcil de conseguir, <strong data-start=\"824\" data-end=\"857\">Son Goku Kid 40th Anniversary<\/strong> es una adici\u00f3n imprescindible en versi\u00f3n Japonesa que incluye una cubierta con ilustraciones que recubre la caja de la figura para cualquier colecci\u00f3n de figuras S.H. Figuarts y un homenaje perfecto para los fans que crecieron con la saga y buscan piezas especiales con gran valor nost\u00e1lgico.<\/p>\n<p data-start=\"1056\" data-end=\"1091\"><strong data-start=\"1056\" data-end=\"1091\">Detalles t\u00e9cnicos del producto:<\/strong><\/p>\n<ul data-start=\"1092\" data-end=\"1478\">\n<li data-start=\"1092\" data-end=\"1169\">\n<p data-start=\"1094\" data-end=\"1169\">Figura original <strong data-start=\"1110\" data-end=\"1137\">Bandai Tamashii Nations<\/strong> de la l\u00ednea <strong data-start=\"1150\" data-end=\"1167\">S.H. Figuarts ver. Japonesa con cubierta para la caja de la Fiura<\/strong><\/p>\n<\/li>\n<li data-start=\"1252\" data-end=\"1329\">\n<p data-start=\"1254\" data-end=\"1329\">Amplio rango de articulaciones para poses din\u00e1micas y escenas de aventura<\/p>\n<\/li>\n<li data-start=\"1330\" data-end=\"1404\">\n<p data-start=\"1332\" data-end=\"1404\">Escultura detallada con acabados premium y expresiones intercambiables<\/p>\n<\/li>\n<li data-start=\"1405\" data-end=\"1478\">\n<p data-start=\"1407\" data-end=\"1478\">Incluye accesorios y manos intercambiables para mayor personalizaci\u00f3n<\/p>\n<\/li>\n<\/ul>\n<p data-start=\"1480\" data-end=\"1577\">Cons\u00edguela ahora en <strong data-start=\"1500\" data-end=\"1526\">palitrochestore.com.mx<\/strong> y revive el inicio de Dragon Ball en tu colecci\u00f3n:<\/p>\n<ul data-start=\"1578\" data-end=\"1697\" data-is-last-node=\"\" data-is-only-node=\"\">\n<li data-start=\"1578\" data-end=\"1608\">\n<p data-start=\"1580\" data-end=\"1608\">Env\u00edo r\u00e1pido a todo M\u00e9xico<\/p>\n<\/li>\n<li data-start=\"1609\" data-end=\"1645\">\n<p data-start=\"1611\" data-end=\"1645\">Excelente atenci\u00f3n personalizada<\/p>\n<\/li>\n<li data-start=\"1646\" data-end=\"1697\" data-is-last-node=\"\">\n<p data-start=\"1648\" data-end=\"1697\" data-is-last-node=\"\">Compra segura con productos originales y sellados<\/p>\n<\/li>\n<\/ul>\n","protected":false},"excerpt":{"rendered":"<p>Bandai S.H. Figuarts Son Goku Kid 40th Anniversary es una figura articulada que celebra los or\u00edgenes de Dragon Ball, capturando la esencia aventurera y carism\u00e1tica de Goku ni\u00f1o. Esta versi\u00f3n especial refleja fielmente el dise\u00f1o cl\u00e1sico del anime, con una escultura precisa, expresiones llenas de energ\u00eda y una calidad sobresaliente caracter\u00edstica de S.H. Figuarts. Producida [&hellip;]<\/p>\n","protected":false},"featured_media":18527,"comment_status":"open","ping_status":"closed","template":"","meta":{"site-sidebar-layout":"default","site-content-layout":"","ast-site-content-layout":"default","site-content-style":"default","site-sidebar-style":"default","ast-global-header-display":"","ast-banner-title-visibility":"","ast-main-header-display":"","ast-hfb-above-header-display":"","ast-hfb-below-header-display":"","ast-hfb-mobile-header-display":"","site-post-title":"","ast-breadcrumbs-content":"","ast-featured-img":"","footer-sml-layout":"","ast-disable-related-posts":"","theme-transparent-header-meta":"default","adv-header-id-meta":"","stick-header-meta":"","header-above-stick-meta":"","header-main-stick-meta":"","header-below-stick-meta":"","astra-migrate-meta-layouts":"set","ast-page-background-enabled":"default","ast-page-background-meta":{"desktop":{"background-color":"","background-image":"","background-repeat":"repeat","background-position":"center center","background-size":"auto","background-attachment":"scroll","background-type":"","background-media":"","overlay-type":"","overlay-color":"","overlay-opacity":"","overlay-gradient":""},"tablet":{"background-color":"","background-image":"","background-repeat":"repeat","background-position":"center center","background-size":"auto","background-attachment":"scroll","background-type":"","background-media":"","overlay-type":"","overlay-color":"","overlay-opacity":"","overlay-gradient":""},"mobile":{"background-color":"","background-image":"","background-repeat":"repeat","background-position":"center center","background-size":"auto","background-attachment":"scroll","background-type":"","background-media":"","overlay-type":"","overlay-color":"","overlay-opacity":"","overlay-gradient":""}},"ast-content-background-meta":{"desktop":{"background-color":"var(--ast-global-color-5)","background-image":"","background-repeat":"repeat","background-position":"center center","background-size":"auto","background-attachment":"scroll","background-type":"","background-media":"","overlay-type":"","overlay-color":"","overlay-opacity":"","overlay-gradient":""},"tablet":{"background-color":"var(--ast-global-color-5)","background-image":"","background-repeat":"repeat","background-position":"center center","background-size":"auto","background-attachment":"scroll","background-type":"","background-media":"","overlay-type":"","overlay-color":"","overlay-opacity":"","overlay-gradient":""},"mobile":{"background-color":"var(--ast-global-color-5)","background-image":"","background-repeat":"repeat","background-position":"center center","background-size":"auto","background-attachment":"scroll","background-type":"","background-media":"","overlay-type":"","overlay-color":"","overlay-opacity":"","overlay-gradient":""}}},"product_brand":[],"product_cat":[101,98,37,39],"product_tag":[],"class_list":{"0":"post-18526","1":"product","2":"type-product","3":"status-publish","4":"has-post-thumbnail","6":"product_cat-anime","7":"product_cat-dragon-ball","8":"product_cat-tamashii-nations","9":"product_cat-todas","10":"desktop-align-center","11":"tablet-align-center","12":"mobile-align-center","14":"first","15":"instock","16":"sold-individually","17":"shipping-taxable","18":"purchasable","19":"product-type-simple"},"yoast_head":"<!-- This site is optimized with the Yoast SEO plugin v27.3 - https:\/\/yoast.com\/product\/yoast-seo-wordpress\/ -->\n<title>Bandai S.H. Figuarts Goku 40th Anniversary Ver. JP Con Cubierta - Palitroche Store<\/title>\n<meta name=\"robots\" content=\"index, follow, max-snippet:-1, max-image-preview:large, max-video-preview:-1\" \/>\n<link rel=\"canonical\" href=\"https:\/\/palitrochestore.com.mx\/?product=bandai-s-h-figuarts-son-goku-40th-anniversary\" \/>\n<meta property=\"og:locale\" content=\"es_ES\" \/>\n<meta property=\"og:type\" content=\"article\" \/>\n<meta property=\"og:title\" content=\"Bandai S.H. Figuarts Goku 40th Anniversary Ver. JP Con Cubierta - Palitroche Store\" \/>\n<meta property=\"og:description\" content=\"Bandai S.H. Figuarts Son Goku Kid 40th Anniversary es una figura articulada que celebra los or\u00edgenes de Dragon Ball, capturando la esencia aventurera y carism\u00e1tica de Goku ni\u00f1o. Esta versi\u00f3n especial refleja fielmente el dise\u00f1o cl\u00e1sico del anime, con una escultura precisa, expresiones llenas de energ\u00eda y una calidad sobresaliente caracter\u00edstica de S.H. Figuarts. Producida [&hellip;]\" \/>\n<meta property=\"og:url\" content=\"https:\/\/palitrochestore.com.mx\/?product=bandai-s-h-figuarts-son-goku-40th-anniversary\" \/>\n<meta property=\"og:site_name\" content=\"Palitroche Store\" \/>\n<meta property=\"article:modified_time\" content=\"2026-03-14T02:34:45+00:00\" \/>\n<meta property=\"og:image\" content=\"https:\/\/palitrochestore.com.mx\/wp-content\/uploads\/2025\/12\/Palitroche-Goku40th.png\" \/>\n\t<meta property=\"og:image:width\" content=\"600\" \/>\n\t<meta property=\"og:image:height\" content=\"600\" \/>\n\t<meta property=\"og:image:type\" content=\"image\/png\" \/>\n<meta name=\"twitter:card\" content=\"summary_large_image\" \/>\n<meta name=\"twitter:label1\" content=\"Tiempo de lectura\" \/>\n\t<meta name=\"twitter:data1\" content=\"2 minutos\" \/>\n<script type=\"application\/ld+json\" class=\"yoast-schema-graph\">{\"@context\":\"https:\\\/\\\/schema.org\",\"@graph\":[{\"@type\":\"WebPage\",\"@id\":\"https:\\\/\\\/palitrochestore.com.mx\\\/?product=bandai-s-h-figuarts-son-goku-40th-anniversary\",\"url\":\"https:\\\/\\\/palitrochestore.com.mx\\\/?product=bandai-s-h-figuarts-son-goku-40th-anniversary\",\"name\":\"Bandai S.H. Figuarts Goku 40th Anniversary Ver. JP Con Cubierta - Palitroche Store\",\"isPartOf\":{\"@id\":\"https:\\\/\\\/palitrochestore.com.mx\\\/#website\"},\"primaryImageOfPage\":{\"@id\":\"https:\\\/\\\/palitrochestore.com.mx\\\/?product=bandai-s-h-figuarts-son-goku-40th-anniversary#primaryimage\"},\"image\":{\"@id\":\"https:\\\/\\\/palitrochestore.com.mx\\\/?product=bandai-s-h-figuarts-son-goku-40th-anniversary#primaryimage\"},\"thumbnailUrl\":\"https:\\\/\\\/palitrochestore.com.mx\\\/wp-content\\\/uploads\\\/2025\\\/12\\\/Palitroche-Goku40th.png\",\"datePublished\":\"2025-12-28T06:51:39+00:00\",\"dateModified\":\"2026-03-14T02:34:45+00:00\",\"breadcrumb\":{\"@id\":\"https:\\\/\\\/palitrochestore.com.mx\\\/?product=bandai-s-h-figuarts-son-goku-40th-anniversary#breadcrumb\"},\"inLanguage\":\"es\",\"potentialAction\":[{\"@type\":\"ReadAction\",\"target\":[\"https:\\\/\\\/palitrochestore.com.mx\\\/?product=bandai-s-h-figuarts-son-goku-40th-anniversary\"]}]},{\"@type\":\"ImageObject\",\"inLanguage\":\"es\",\"@id\":\"https:\\\/\\\/palitrochestore.com.mx\\\/?product=bandai-s-h-figuarts-son-goku-40th-anniversary#primaryimage\",\"url\":\"https:\\\/\\\/palitrochestore.com.mx\\\/wp-content\\\/uploads\\\/2025\\\/12\\\/Palitroche-Goku40th.png\",\"contentUrl\":\"https:\\\/\\\/palitrochestore.com.mx\\\/wp-content\\\/uploads\\\/2025\\\/12\\\/Palitroche-Goku40th.png\",\"width\":600,\"height\":600},{\"@type\":\"BreadcrumbList\",\"@id\":\"https:\\\/\\\/palitrochestore.com.mx\\\/?product=bandai-s-h-figuarts-son-goku-40th-anniversary#breadcrumb\",\"itemListElement\":[{\"@type\":\"ListItem\",\"position\":1,\"name\":\"Home\",\"item\":\"https:\\\/\\\/palitrochestore.com.mx\\\/\"},{\"@type\":\"ListItem\",\"position\":2,\"name\":\"Shop\",\"item\":\"https:\\\/\\\/palitrochestore.com.mx\\\/?page_id=21686\"},{\"@type\":\"ListItem\",\"position\":3,\"name\":\"Bandai S.H. Figuarts Goku 40th Anniversary Ver. JP Con Cubierta\"}]},{\"@type\":\"WebSite\",\"@id\":\"https:\\\/\\\/palitrochestore.com.mx\\\/#website\",\"url\":\"https:\\\/\\\/palitrochestore.com.mx\\\/\",\"name\":\"Palitroche Store\",\"description\":\"Tienda f\u00edsica y online para comprar figuras de anime en M\u00e9xico, figuras originales coleccionables Bandai y S.H.Figuarts y tambi\u00e9n TCG como One Piece y Pok\u00e9mon TCG en CDMX\",\"publisher\":{\"@id\":\"https:\\\/\\\/palitrochestore.com.mx\\\/#organization\"},\"potentialAction\":[{\"@type\":\"SearchAction\",\"target\":{\"@type\":\"EntryPoint\",\"urlTemplate\":\"https:\\\/\\\/palitrochestore.com.mx\\\/?s={search_term_string}\"},\"query-input\":{\"@type\":\"PropertyValueSpecification\",\"valueRequired\":true,\"valueName\":\"search_term_string\"}}],\"inLanguage\":\"es\"},{\"@type\":\"Organization\",\"@id\":\"https:\\\/\\\/palitrochestore.com.mx\\\/#organization\",\"name\":\"Palitroche Store\",\"url\":\"https:\\\/\\\/palitrochestore.com.mx\\\/\",\"logo\":{\"@type\":\"ImageObject\",\"inLanguage\":\"es\",\"@id\":\"https:\\\/\\\/palitrochestore.com.mx\\\/#\\\/schema\\\/logo\\\/image\\\/\",\"url\":\"https:\\\/\\\/palitrochestore.com.mx\\\/wp-content\\\/uploads\\\/2025\\\/12\\\/cropped-LOGO_PALI_2025-1.png\",\"contentUrl\":\"https:\\\/\\\/palitrochestore.com.mx\\\/wp-content\\\/uploads\\\/2025\\\/12\\\/cropped-LOGO_PALI_2025-1.png\",\"width\":2117,\"height\":1572,\"caption\":\"Palitroche Store\"},\"image\":{\"@id\":\"https:\\\/\\\/palitrochestore.com.mx\\\/#\\\/schema\\\/logo\\\/image\\\/\"}}]}<\/script>\n<!-- \/ Yoast SEO plugin. -->","yoast_head_json":{"title":"Bandai S.H. Figuarts Goku 40th Anniversary Ver. JP Con Cubierta - Palitroche Store","robots":{"index":"index","follow":"follow","max-snippet":"max-snippet:-1","max-image-preview":"max-image-preview:large","max-video-preview":"max-video-preview:-1"},"canonical":"https:\/\/palitrochestore.com.mx\/?product=bandai-s-h-figuarts-son-goku-40th-anniversary","og_locale":"es_ES","og_type":"article","og_title":"Bandai S.H. Figuarts Goku 40th Anniversary Ver. JP Con Cubierta - Palitroche Store","og_description":"Bandai S.H. Figuarts Son Goku Kid 40th Anniversary es una figura articulada que celebra los or\u00edgenes de Dragon Ball, capturando la esencia aventurera y carism\u00e1tica de Goku ni\u00f1o. Esta versi\u00f3n especial refleja fielmente el dise\u00f1o cl\u00e1sico del anime, con una escultura precisa, expresiones llenas de energ\u00eda y una calidad sobresaliente caracter\u00edstica de S.H. Figuarts. Producida [&hellip;]","og_url":"https:\/\/palitrochestore.com.mx\/?product=bandai-s-h-figuarts-son-goku-40th-anniversary","og_site_name":"Palitroche Store","article_modified_time":"2026-03-14T02:34:45+00:00","og_image":[{"width":600,"height":600,"url":"https:\/\/palitrochestore.com.mx\/wp-content\/uploads\/2025\/12\/Palitroche-Goku40th.png","type":"image\/png"}],"twitter_card":"summary_large_image","twitter_misc":{"Tiempo de lectura":"2 minutos"},"schema":{"@context":"https:\/\/schema.org","@graph":[{"@type":"WebPage","@id":"https:\/\/palitrochestore.com.mx\/?product=bandai-s-h-figuarts-son-goku-40th-anniversary","url":"https:\/\/palitrochestore.com.mx\/?product=bandai-s-h-figuarts-son-goku-40th-anniversary","name":"Bandai S.H. Figuarts Goku 40th Anniversary Ver. JP Con Cubierta - Palitroche Store","isPartOf":{"@id":"https:\/\/palitrochestore.com.mx\/#website"},"primaryImageOfPage":{"@id":"https:\/\/palitrochestore.com.mx\/?product=bandai-s-h-figuarts-son-goku-40th-anniversary#primaryimage"},"image":{"@id":"https:\/\/palitrochestore.com.mx\/?product=bandai-s-h-figuarts-son-goku-40th-anniversary#primaryimage"},"thumbnailUrl":"https:\/\/palitrochestore.com.mx\/wp-content\/uploads\/2025\/12\/Palitroche-Goku40th.png","datePublished":"2025-12-28T06:51:39+00:00","dateModified":"2026-03-14T02:34:45+00:00","breadcrumb":{"@id":"https:\/\/palitrochestore.com.mx\/?product=bandai-s-h-figuarts-son-goku-40th-anniversary#breadcrumb"},"inLanguage":"es","potentialAction":[{"@type":"ReadAction","target":["https:\/\/palitrochestore.com.mx\/?product=bandai-s-h-figuarts-son-goku-40th-anniversary"]}]},{"@type":"ImageObject","inLanguage":"es","@id":"https:\/\/palitrochestore.com.mx\/?product=bandai-s-h-figuarts-son-goku-40th-anniversary#primaryimage","url":"https:\/\/palitrochestore.com.mx\/wp-content\/uploads\/2025\/12\/Palitroche-Goku40th.png","contentUrl":"https:\/\/palitrochestore.com.mx\/wp-content\/uploads\/2025\/12\/Palitroche-Goku40th.png","width":600,"height":600},{"@type":"BreadcrumbList","@id":"https:\/\/palitrochestore.com.mx\/?product=bandai-s-h-figuarts-son-goku-40th-anniversary#breadcrumb","itemListElement":[{"@type":"ListItem","position":1,"name":"Home","item":"https:\/\/palitrochestore.com.mx\/"},{"@type":"ListItem","position":2,"name":"Shop","item":"https:\/\/palitrochestore.com.mx\/?page_id=21686"},{"@type":"ListItem","position":3,"name":"Bandai S.H. Figuarts Goku 40th Anniversary Ver. JP Con Cubierta"}]},{"@type":"WebSite","@id":"https:\/\/palitrochestore.com.mx\/#website","url":"https:\/\/palitrochestore.com.mx\/","name":"Palitroche Store","description":"Tienda f\u00edsica y online para comprar figuras de anime en M\u00e9xico, figuras originales coleccionables Bandai y S.H.Figuarts y tambi\u00e9n TCG como One Piece y Pok\u00e9mon TCG en CDMX","publisher":{"@id":"https:\/\/palitrochestore.com.mx\/#organization"},"potentialAction":[{"@type":"SearchAction","target":{"@type":"EntryPoint","urlTemplate":"https:\/\/palitrochestore.com.mx\/?s={search_term_string}"},"query-input":{"@type":"PropertyValueSpecification","valueRequired":true,"valueName":"search_term_string"}}],"inLanguage":"es"},{"@type":"Organization","@id":"https:\/\/palitrochestore.com.mx\/#organization","name":"Palitroche Store","url":"https:\/\/palitrochestore.com.mx\/","logo":{"@type":"ImageObject","inLanguage":"es","@id":"https:\/\/palitrochestore.com.mx\/#\/schema\/logo\/image\/","url":"https:\/\/palitrochestore.com.mx\/wp-content\/uploads\/2025\/12\/cropped-LOGO_PALI_2025-1.png","contentUrl":"https:\/\/palitrochestore.com.mx\/wp-content\/uploads\/2025\/12\/cropped-LOGO_PALI_2025-1.png","width":2117,"height":1572,"caption":"Palitroche Store"},"image":{"@id":"https:\/\/palitrochestore.com.mx\/#\/schema\/logo\/image\/"}}]}},"_links":{"self":[{"href":"https:\/\/palitrochestore.com.mx\/index.php?rest_route=\/wp\/v2\/product\/18526","targetHints":{"allow":["GET"]}}],"collection":[{"href":"https:\/\/palitrochestore.com.mx\/index.php?rest_route=\/wp\/v2\/product"}],"about":[{"href":"https:\/\/palitrochestore.com.mx\/index.php?rest_route=\/wp\/v2\/types\/product"}],"replies":[{"embeddable":true,"href":"https:\/\/palitrochestore.com.mx\/index.php?rest_route=%2Fwp%2Fv2%2Fcomments&post=18526"}],"version-history":[{"count":0,"href":"https:\/\/palitrochestore.com.mx\/index.php?rest_route=\/wp\/v2\/product\/18526\/revisions"}],"wp:featuredmedia":[{"embeddable":true,"href":"https:\/\/palitrochestore.com.mx\/index.php?rest_route=\/wp\/v2\/media\/18527"}],"wp:attachment":[{"href":"https:\/\/palitrochestore.com.mx\/index.php?rest_route=%2Fwp%2Fv2%2Fmedia&parent=18526"}],"wp:term":[{"taxonomy":"product_brand","embeddable":true,"href":"https:\/\/palitrochestore.com.mx\/index.php?rest_route=%2Fwp%2Fv2%2Fproduct_brand&post=18526"},{"taxonomy":"product_cat","embeddable":true,"href":"https:\/\/palitrochestore.com.mx\/index.php?rest_route=%2Fwp%2Fv2%2Fproduct_cat&post=18526"},{"taxonomy":"product_tag","embeddable":true,"href":"https:\/\/palitrochestore.com.mx\/index.php?rest_route=%2Fwp%2Fv2%2Fproduct_tag&post=18526"}],"curies":[{"name":"wp","href":"https:\/\/api.w.org\/{rel}","templated":true}]}}