{"id":17779,"date":"2025-11-12T22:57:27","date_gmt":"2025-11-13T04:57:27","guid":{"rendered":"https:\/\/palitrochestore.com.mx\/?post_type=product&#038;p=17779"},"modified":"2026-02-17T01:11:55","modified_gmt":"2026-02-17T07:11:55","slug":"lorcana-whispers-in-the-well-trove","status":"publish","type":"product","link":"https:\/\/palitrochestore.com.mx\/?product=lorcana-whispers-in-the-well-trove","title":{"rendered":"Lorcana Whispers In The Well Trove"},"content":{"rendered":"<article class=\"text-token-text-primary w-full focus:outline-none [--shadow-height:45px] has-data-writing-block:pointer-events-none has-data-writing-block:-mt-(--shadow-height) has-data-writing-block:pt-(--shadow-height) [&amp;:has([data-writing-block])&gt;*]:pointer-events-auto [content-visibility:auto] supports-[content-visibility:auto]:[contain-intrinsic-size:auto_100lvh] scroll-mt-[calc(var(--header-height)+min(200px,max(70px,20svh)))]\" dir=\"auto\" tabindex=\"-1\" data-turn-id=\"request-WEB:c246624f-3fd5-4065-b7bd-a6d367477052-2\" data-testid=\"conversation-turn-6\" data-scroll-anchor=\"true\" data-turn=\"assistant\">\n<div class=\"text-base my-auto mx-auto pb-10 [--thread-content-margin:--spacing(4)] thread-sm:[--thread-content-margin:--spacing(6)] thread-lg:[--thread-content-margin:--spacing(16)] px-(--thread-content-margin)\">\n<div class=\"[--thread-content-max-width:40rem] thread-lg:[--thread-content-max-width:48rem] mx-auto max-w-(--thread-content-max-width) flex-1 group\/turn-messages focus-visible:outline-hidden relative flex w-full min-w-0 flex-col agent-turn\" tabindex=\"-1\">\n<div class=\"flex max-w-full flex-col grow\">\n<div class=\"min-h-8 text-message relative flex w-full flex-col items-end gap-2 text-start break-words whitespace-normal [.text-message+&amp;]:mt-1\" dir=\"auto\" data-message-author-role=\"assistant\" data-message-id=\"c0d7d583-374e-4e8d-be4a-1d30f6cafacc\" data-message-model-slug=\"gpt-5\">\n<div class=\"flex w-full flex-col gap-1 empty:hidden first:pt-[1px]\">\n<div class=\"markdown prose dark:prose-invert w-full break-words light markdown-new-styling\">\n<p data-start=\"67\" data-end=\"426\">Sum\u00e9rgete por completo en el nuevo cap\u00edtulo del m\u00e1gico universo de <strong data-start=\"134\" data-end=\"156\">Disney Lorcana TCG<\/strong> con el <strong data-start=\"164\" data-end=\"207\">Whispers In The Well Illumineer\u2019s Trove<\/strong>, la edici\u00f3n definitiva para jugadores y coleccionistas. Este set combina elegancia, funcionalidad y contenido exclusivo, ideal para quienes buscan organizar su colecci\u00f3n con estilo y disfrutar cada partida al m\u00e1ximo.<\/p>\n<p data-start=\"428\" data-end=\"702\">El <strong data-start=\"431\" data-end=\"453\">Illumineer\u2019s Trove<\/strong> es la pieza m\u00e1s codiciada de la expansi\u00f3n <em data-start=\"496\" data-end=\"518\">Whispers In The Well<\/em>, con un dise\u00f1o premium y todo lo que necesitas para mejorar tu experiencia de juego. Su producci\u00f3n limitada lo convierte en una adici\u00f3n imprescindible para cualquier fan de Lorcana.<\/p>\n<p data-start=\"704\" data-end=\"739\"><strong data-start=\"704\" data-end=\"737\">Caracter\u00edsticas del producto:<\/strong><\/p>\n<ul data-start=\"740\" data-end=\"1026\">\n<li data-start=\"740\" data-end=\"796\">\n<p data-start=\"742\" data-end=\"796\">Incluye 8 sobres de refuerzo <em data-start=\"771\" data-end=\"793\">Whispers In The Well<\/em>.<\/p>\n<\/li>\n<li data-start=\"797\" data-end=\"858\">\n<p data-start=\"799\" data-end=\"858\">Caja de almacenamiento coleccionable con dise\u00f1o tem\u00e1tico.<\/p>\n<\/li>\n<li data-start=\"859\" data-end=\"912\">\n<p data-start=\"861\" data-end=\"912\">Contiene separadores de mazos y dados exclusivos.<\/p>\n<\/li>\n<li data-start=\"913\" data-end=\"960\">\n<p data-start=\"915\" data-end=\"960\">Ideal para organizar y proteger tus cartas.<\/p>\n<\/li>\n<li data-start=\"961\" data-end=\"1026\">\n<p data-start=\"963\" data-end=\"1026\">Producto oficial de <strong data-start=\"983\" data-end=\"999\">Ravensburger<\/strong> y completamente sellado.<\/p>\n<\/li>\n<\/ul>\n<p data-start=\"1028\" data-end=\"1181\">Compra tu <strong data-start=\"1038\" data-end=\"1089\">Lorcana Whispers In The Well Illumineer\u2019s Trove<\/strong> en <strong data-start=\"1093\" data-end=\"1119\">palitrochestore.com.mx<\/strong> y disfruta de los beneficios de comprar en Palitroche Toys:<\/p>\n<ul data-start=\"1182\" data-end=\"1455\" data-is-last-node=\"\" data-is-only-node=\"\">\n<li data-start=\"1182\" data-end=\"1222\">\n<p data-start=\"1184\" data-end=\"1222\">Env\u00edo r\u00e1pido y seguro a todo M\u00e9xico.<\/p>\n<\/li>\n<li data-start=\"1223\" data-end=\"1282\">\n<p data-start=\"1225\" data-end=\"1282\">Atenci\u00f3n personalizada para jugadores y coleccionistas.<\/p>\n<\/li>\n<li data-start=\"1283\" data-end=\"1327\">\n<p data-start=\"1285\" data-end=\"1327\">Compra protegida y productos originales.<\/p>\n<\/li>\n<li data-start=\"1328\" data-end=\"1390\">\n<p data-start=\"1330\" data-end=\"1390\">Tienda f\u00edsica en CDMX con comunidad activa de Lorcana TCG.<\/p>\n<\/li>\n<li data-start=\"1391\" data-end=\"1455\" data-is-last-node=\"\">\n<p data-start=\"1393\" data-end=\"1455\" data-is-last-node=\"\">Preventas exclusivas y lanzamientos oficiales antes que nadie.<\/p>\n<\/li>\n<\/ul>\n<\/div>\n<\/div>\n<\/div>\n<\/div>\n<div class=\"z-0 flex min-h-[46px] justify-start\"><\/div>\n<div class=\"mt-3 w-full empty:hidden\">\n<div class=\"text-center\"><\/div>\n<\/div>\n<\/div>\n<\/div>\n<\/article>\n<div class=\"pointer-events-none h-px w-px\" aria-hidden=\"true\" data-edge=\"true\"><\/div>\n","protected":false},"excerpt":{"rendered":"<p>Sum\u00e9rgete por completo en el nuevo cap\u00edtulo del m\u00e1gico universo de Disney Lorcana TCG con el Whispers In The Well Illumineer\u2019s Trove, la edici\u00f3n definitiva para jugadores y coleccionistas. Este set combina elegancia, funcionalidad y contenido exclusivo, ideal para quienes buscan organizar su colecci\u00f3n con estilo y disfrutar cada partida al m\u00e1ximo. El Illumineer\u2019s Trove [&hellip;]<\/p>\n","protected":false},"featured_media":17780,"comment_status":"open","ping_status":"closed","template":"","meta":{"site-sidebar-layout":"default","site-content-layout":"","ast-site-content-layout":"default","site-content-style":"default","site-sidebar-style":"default","ast-global-header-display":"","ast-banner-title-visibility":"","ast-main-header-display":"","ast-hfb-above-header-display":"","ast-hfb-below-header-display":"","ast-hfb-mobile-header-display":"","site-post-title":"","ast-breadcrumbs-content":"","ast-featured-img":"","footer-sml-layout":"","ast-disable-related-posts":"","theme-transparent-header-meta":"default","adv-header-id-meta":"","stick-header-meta":"","header-above-stick-meta":"","header-main-stick-meta":"","header-below-stick-meta":"","astra-migrate-meta-layouts":"set","ast-page-background-enabled":"default","ast-page-background-meta":{"desktop":{"background-color":"","background-image":"","background-repeat":"repeat","background-position":"center center","background-size":"auto","background-attachment":"scroll","background-type":"","background-media":"","overlay-type":"","overlay-color":"","overlay-opacity":"","overlay-gradient":""},"tablet":{"background-color":"","background-image":"","background-repeat":"repeat","background-position":"center center","background-size":"auto","background-attachment":"scroll","background-type":"","background-media":"","overlay-type":"","overlay-color":"","overlay-opacity":"","overlay-gradient":""},"mobile":{"background-color":"","background-image":"","background-repeat":"repeat","background-position":"center center","background-size":"auto","background-attachment":"scroll","background-type":"","background-media":"","overlay-type":"","overlay-color":"","overlay-opacity":"","overlay-gradient":""}},"ast-content-background-meta":{"desktop":{"background-color":"var(--ast-global-color-5)","background-image":"","background-repeat":"repeat","background-position":"center center","background-size":"auto","background-attachment":"scroll","background-type":"","background-media":"","overlay-type":"","overlay-color":"","overlay-opacity":"","overlay-gradient":""},"tablet":{"background-color":"var(--ast-global-color-5)","background-image":"","background-repeat":"repeat","background-position":"center center","background-size":"auto","background-attachment":"scroll","background-type":"","background-media":"","overlay-type":"","overlay-color":"","overlay-opacity":"","overlay-gradient":""},"mobile":{"background-color":"var(--ast-global-color-5)","background-image":"","background-repeat":"repeat","background-position":"center center","background-size":"auto","background-attachment":"scroll","background-type":"","background-media":"","overlay-type":"","overlay-color":"","overlay-opacity":"","overlay-gradient":""}}},"product_brand":[],"product_cat":[362],"product_tag":[],"class_list":{"0":"post-17779","1":"product","2":"type-product","3":"status-publish","4":"has-post-thumbnail","6":"product_cat-lorcana-tcg","7":"desktop-align-center","8":"tablet-align-center","9":"mobile-align-center","11":"first","12":"outofstock","13":"shipping-taxable","14":"purchasable","15":"product-type-simple"},"yoast_head":"<!-- This site is optimized with the Yoast SEO plugin v27.3 - https:\/\/yoast.com\/product\/yoast-seo-wordpress\/ -->\n<title>Lorcana Whispers In The Well Trove - Palitroche Store<\/title>\n<meta name=\"robots\" content=\"index, follow, max-snippet:-1, max-image-preview:large, max-video-preview:-1\" \/>\n<link rel=\"canonical\" href=\"https:\/\/palitrochestore.com.mx\/?product=lorcana-whispers-in-the-well-trove\" \/>\n<meta property=\"og:locale\" content=\"es_ES\" \/>\n<meta property=\"og:type\" content=\"article\" \/>\n<meta property=\"og:title\" content=\"Lorcana Whispers In The Well Trove - Palitroche Store\" \/>\n<meta property=\"og:description\" content=\"Sum\u00e9rgete por completo en el nuevo cap\u00edtulo del m\u00e1gico universo de Disney Lorcana TCG con el Whispers In The Well Illumineer\u2019s Trove, la edici\u00f3n definitiva para jugadores y coleccionistas. Este set combina elegancia, funcionalidad y contenido exclusivo, ideal para quienes buscan organizar su colecci\u00f3n con estilo y disfrutar cada partida al m\u00e1ximo. El Illumineer\u2019s Trove [&hellip;]\" \/>\n<meta property=\"og:url\" content=\"https:\/\/palitrochestore.com.mx\/?product=lorcana-whispers-in-the-well-trove\" \/>\n<meta property=\"og:site_name\" content=\"Palitroche Store\" \/>\n<meta property=\"article:modified_time\" content=\"2026-02-17T07:11:55+00:00\" \/>\n<meta property=\"og:image\" content=\"https:\/\/palitrochestore.com.mx\/wp-content\/uploads\/2025\/11\/Disney-Lorcana-Whispers-in-the-Well-Illumineers-Trove-Lorcana-Player-900x900.jpg.webp\" \/>\n\t<meta property=\"og:image:width\" content=\"900\" \/>\n\t<meta property=\"og:image:height\" content=\"900\" \/>\n\t<meta property=\"og:image:type\" content=\"image\/webp\" \/>\n<meta name=\"twitter:card\" content=\"summary_large_image\" \/>\n<meta name=\"twitter:label1\" content=\"Tiempo de lectura\" \/>\n\t<meta name=\"twitter:data1\" content=\"2 minutos\" \/>\n<script type=\"application\/ld+json\" class=\"yoast-schema-graph\">{\"@context\":\"https:\\\/\\\/schema.org\",\"@graph\":[{\"@type\":\"WebPage\",\"@id\":\"https:\\\/\\\/palitrochestore.com.mx\\\/?product=lorcana-whispers-in-the-well-trove\",\"url\":\"https:\\\/\\\/palitrochestore.com.mx\\\/?product=lorcana-whispers-in-the-well-trove\",\"name\":\"Lorcana Whispers In The Well Trove - Palitroche Store\",\"isPartOf\":{\"@id\":\"https:\\\/\\\/palitrochestore.com.mx\\\/#website\"},\"primaryImageOfPage\":{\"@id\":\"https:\\\/\\\/palitrochestore.com.mx\\\/?product=lorcana-whispers-in-the-well-trove#primaryimage\"},\"image\":{\"@id\":\"https:\\\/\\\/palitrochestore.com.mx\\\/?product=lorcana-whispers-in-the-well-trove#primaryimage\"},\"thumbnailUrl\":\"https:\\\/\\\/palitrochestore.com.mx\\\/wp-content\\\/uploads\\\/2025\\\/11\\\/Disney-Lorcana-Whispers-in-the-Well-Illumineers-Trove-Lorcana-Player-900x900.jpg.webp\",\"datePublished\":\"2025-11-13T04:57:27+00:00\",\"dateModified\":\"2026-02-17T07:11:55+00:00\",\"breadcrumb\":{\"@id\":\"https:\\\/\\\/palitrochestore.com.mx\\\/?product=lorcana-whispers-in-the-well-trove#breadcrumb\"},\"inLanguage\":\"es\",\"potentialAction\":[{\"@type\":\"ReadAction\",\"target\":[\"https:\\\/\\\/palitrochestore.com.mx\\\/?product=lorcana-whispers-in-the-well-trove\"]}]},{\"@type\":\"ImageObject\",\"inLanguage\":\"es\",\"@id\":\"https:\\\/\\\/palitrochestore.com.mx\\\/?product=lorcana-whispers-in-the-well-trove#primaryimage\",\"url\":\"https:\\\/\\\/palitrochestore.com.mx\\\/wp-content\\\/uploads\\\/2025\\\/11\\\/Disney-Lorcana-Whispers-in-the-Well-Illumineers-Trove-Lorcana-Player-900x900.jpg.webp\",\"contentUrl\":\"https:\\\/\\\/palitrochestore.com.mx\\\/wp-content\\\/uploads\\\/2025\\\/11\\\/Disney-Lorcana-Whispers-in-the-Well-Illumineers-Trove-Lorcana-Player-900x900.jpg.webp\",\"width\":900,\"height\":900},{\"@type\":\"BreadcrumbList\",\"@id\":\"https:\\\/\\\/palitrochestore.com.mx\\\/?product=lorcana-whispers-in-the-well-trove#breadcrumb\",\"itemListElement\":[{\"@type\":\"ListItem\",\"position\":1,\"name\":\"Home\",\"item\":\"https:\\\/\\\/palitrochestore.com.mx\\\/\"},{\"@type\":\"ListItem\",\"position\":2,\"name\":\"Shop\",\"item\":\"https:\\\/\\\/palitrochestore.com.mx\\\/?page_id=21686\"},{\"@type\":\"ListItem\",\"position\":3,\"name\":\"Lorcana Whispers In The Well Trove\"}]},{\"@type\":\"WebSite\",\"@id\":\"https:\\\/\\\/palitrochestore.com.mx\\\/#website\",\"url\":\"https:\\\/\\\/palitrochestore.com.mx\\\/\",\"name\":\"Palitroche Store\",\"description\":\"Tienda f\u00edsica y online para comprar figuras de anime en M\u00e9xico, figuras originales coleccionables Bandai y S.H.Figuarts y tambi\u00e9n TCG como One Piece y Pok\u00e9mon TCG en CDMX\",\"publisher\":{\"@id\":\"https:\\\/\\\/palitrochestore.com.mx\\\/#organization\"},\"potentialAction\":[{\"@type\":\"SearchAction\",\"target\":{\"@type\":\"EntryPoint\",\"urlTemplate\":\"https:\\\/\\\/palitrochestore.com.mx\\\/?s={search_term_string}\"},\"query-input\":{\"@type\":\"PropertyValueSpecification\",\"valueRequired\":true,\"valueName\":\"search_term_string\"}}],\"inLanguage\":\"es\"},{\"@type\":\"Organization\",\"@id\":\"https:\\\/\\\/palitrochestore.com.mx\\\/#organization\",\"name\":\"Palitroche Store\",\"url\":\"https:\\\/\\\/palitrochestore.com.mx\\\/\",\"logo\":{\"@type\":\"ImageObject\",\"inLanguage\":\"es\",\"@id\":\"https:\\\/\\\/palitrochestore.com.mx\\\/#\\\/schema\\\/logo\\\/image\\\/\",\"url\":\"https:\\\/\\\/palitrochestore.com.mx\\\/wp-content\\\/uploads\\\/2025\\\/12\\\/cropped-LOGO_PALI_2025-1.png\",\"contentUrl\":\"https:\\\/\\\/palitrochestore.com.mx\\\/wp-content\\\/uploads\\\/2025\\\/12\\\/cropped-LOGO_PALI_2025-1.png\",\"width\":2117,\"height\":1572,\"caption\":\"Palitroche Store\"},\"image\":{\"@id\":\"https:\\\/\\\/palitrochestore.com.mx\\\/#\\\/schema\\\/logo\\\/image\\\/\"}}]}<\/script>\n<!-- \/ Yoast SEO plugin. -->","yoast_head_json":{"title":"Lorcana Whispers In The Well Trove - Palitroche Store","robots":{"index":"index","follow":"follow","max-snippet":"max-snippet:-1","max-image-preview":"max-image-preview:large","max-video-preview":"max-video-preview:-1"},"canonical":"https:\/\/palitrochestore.com.mx\/?product=lorcana-whispers-in-the-well-trove","og_locale":"es_ES","og_type":"article","og_title":"Lorcana Whispers In The Well Trove - Palitroche Store","og_description":"Sum\u00e9rgete por completo en el nuevo cap\u00edtulo del m\u00e1gico universo de Disney Lorcana TCG con el Whispers In The Well Illumineer\u2019s Trove, la edici\u00f3n definitiva para jugadores y coleccionistas. Este set combina elegancia, funcionalidad y contenido exclusivo, ideal para quienes buscan organizar su colecci\u00f3n con estilo y disfrutar cada partida al m\u00e1ximo. El Illumineer\u2019s Trove [&hellip;]","og_url":"https:\/\/palitrochestore.com.mx\/?product=lorcana-whispers-in-the-well-trove","og_site_name":"Palitroche Store","article_modified_time":"2026-02-17T07:11:55+00:00","og_image":[{"width":900,"height":900,"url":"https:\/\/palitrochestore.com.mx\/wp-content\/uploads\/2025\/11\/Disney-Lorcana-Whispers-in-the-Well-Illumineers-Trove-Lorcana-Player-900x900.jpg.webp","type":"image\/webp"}],"twitter_card":"summary_large_image","twitter_misc":{"Tiempo de lectura":"2 minutos"},"schema":{"@context":"https:\/\/schema.org","@graph":[{"@type":"WebPage","@id":"https:\/\/palitrochestore.com.mx\/?product=lorcana-whispers-in-the-well-trove","url":"https:\/\/palitrochestore.com.mx\/?product=lorcana-whispers-in-the-well-trove","name":"Lorcana Whispers In The Well Trove - Palitroche Store","isPartOf":{"@id":"https:\/\/palitrochestore.com.mx\/#website"},"primaryImageOfPage":{"@id":"https:\/\/palitrochestore.com.mx\/?product=lorcana-whispers-in-the-well-trove#primaryimage"},"image":{"@id":"https:\/\/palitrochestore.com.mx\/?product=lorcana-whispers-in-the-well-trove#primaryimage"},"thumbnailUrl":"https:\/\/palitrochestore.com.mx\/wp-content\/uploads\/2025\/11\/Disney-Lorcana-Whispers-in-the-Well-Illumineers-Trove-Lorcana-Player-900x900.jpg.webp","datePublished":"2025-11-13T04:57:27+00:00","dateModified":"2026-02-17T07:11:55+00:00","breadcrumb":{"@id":"https:\/\/palitrochestore.com.mx\/?product=lorcana-whispers-in-the-well-trove#breadcrumb"},"inLanguage":"es","potentialAction":[{"@type":"ReadAction","target":["https:\/\/palitrochestore.com.mx\/?product=lorcana-whispers-in-the-well-trove"]}]},{"@type":"ImageObject","inLanguage":"es","@id":"https:\/\/palitrochestore.com.mx\/?product=lorcana-whispers-in-the-well-trove#primaryimage","url":"https:\/\/palitrochestore.com.mx\/wp-content\/uploads\/2025\/11\/Disney-Lorcana-Whispers-in-the-Well-Illumineers-Trove-Lorcana-Player-900x900.jpg.webp","contentUrl":"https:\/\/palitrochestore.com.mx\/wp-content\/uploads\/2025\/11\/Disney-Lorcana-Whispers-in-the-Well-Illumineers-Trove-Lorcana-Player-900x900.jpg.webp","width":900,"height":900},{"@type":"BreadcrumbList","@id":"https:\/\/palitrochestore.com.mx\/?product=lorcana-whispers-in-the-well-trove#breadcrumb","itemListElement":[{"@type":"ListItem","position":1,"name":"Home","item":"https:\/\/palitrochestore.com.mx\/"},{"@type":"ListItem","position":2,"name":"Shop","item":"https:\/\/palitrochestore.com.mx\/?page_id=21686"},{"@type":"ListItem","position":3,"name":"Lorcana Whispers In The Well Trove"}]},{"@type":"WebSite","@id":"https:\/\/palitrochestore.com.mx\/#website","url":"https:\/\/palitrochestore.com.mx\/","name":"Palitroche Store","description":"Tienda f\u00edsica y online para comprar figuras de anime en M\u00e9xico, figuras originales coleccionables Bandai y S.H.Figuarts y tambi\u00e9n TCG como One Piece y Pok\u00e9mon TCG en CDMX","publisher":{"@id":"https:\/\/palitrochestore.com.mx\/#organization"},"potentialAction":[{"@type":"SearchAction","target":{"@type":"EntryPoint","urlTemplate":"https:\/\/palitrochestore.com.mx\/?s={search_term_string}"},"query-input":{"@type":"PropertyValueSpecification","valueRequired":true,"valueName":"search_term_string"}}],"inLanguage":"es"},{"@type":"Organization","@id":"https:\/\/palitrochestore.com.mx\/#organization","name":"Palitroche Store","url":"https:\/\/palitrochestore.com.mx\/","logo":{"@type":"ImageObject","inLanguage":"es","@id":"https:\/\/palitrochestore.com.mx\/#\/schema\/logo\/image\/","url":"https:\/\/palitrochestore.com.mx\/wp-content\/uploads\/2025\/12\/cropped-LOGO_PALI_2025-1.png","contentUrl":"https:\/\/palitrochestore.com.mx\/wp-content\/uploads\/2025\/12\/cropped-LOGO_PALI_2025-1.png","width":2117,"height":1572,"caption":"Palitroche Store"},"image":{"@id":"https:\/\/palitrochestore.com.mx\/#\/schema\/logo\/image\/"}}]}},"_links":{"self":[{"href":"https:\/\/palitrochestore.com.mx\/index.php?rest_route=\/wp\/v2\/product\/17779","targetHints":{"allow":["GET"]}}],"collection":[{"href":"https:\/\/palitrochestore.com.mx\/index.php?rest_route=\/wp\/v2\/product"}],"about":[{"href":"https:\/\/palitrochestore.com.mx\/index.php?rest_route=\/wp\/v2\/types\/product"}],"replies":[{"embeddable":true,"href":"https:\/\/palitrochestore.com.mx\/index.php?rest_route=%2Fwp%2Fv2%2Fcomments&post=17779"}],"version-history":[{"count":0,"href":"https:\/\/palitrochestore.com.mx\/index.php?rest_route=\/wp\/v2\/product\/17779\/revisions"}],"wp:featuredmedia":[{"embeddable":true,"href":"https:\/\/palitrochestore.com.mx\/index.php?rest_route=\/wp\/v2\/media\/17780"}],"wp:attachment":[{"href":"https:\/\/palitrochestore.com.mx\/index.php?rest_route=%2Fwp%2Fv2%2Fmedia&parent=17779"}],"wp:term":[{"taxonomy":"product_brand","embeddable":true,"href":"https:\/\/palitrochestore.com.mx\/index.php?rest_route=%2Fwp%2Fv2%2Fproduct_brand&post=17779"},{"taxonomy":"product_cat","embeddable":true,"href":"https:\/\/palitrochestore.com.mx\/index.php?rest_route=%2Fwp%2Fv2%2Fproduct_cat&post=17779"},{"taxonomy":"product_tag","embeddable":true,"href":"https:\/\/palitrochestore.com.mx\/index.php?rest_route=%2Fwp%2Fv2%2Fproduct_tag&post=17779"}],"curies":[{"name":"wp","href":"https:\/\/api.w.org\/{rel}","templated":true}]}}