{"id":17745,"date":"2025-11-12T13:36:33","date_gmt":"2025-11-12T19:36:33","guid":{"rendered":"https:\/\/palitrochestore.com.mx\/?post_type=product&#038;p=17745"},"modified":"2025-12-27T11:57:09","modified_gmt":"2025-12-27T17:57:09","slug":"s-h-figuarts-hoshina-soshiro","status":"publish","type":"product","link":"https:\/\/palitrochestore.com.mx\/?product=s-h-figuarts-hoshina-soshiro","title":{"rendered":"S.H.Figuarts Hoshina Soshiro"},"content":{"rendered":"<p data-start=\"0\" data-end=\"366\">La figura <strong data-start=\"10\" data-end=\"42\">S.H.Figuarts Hoshina Soshiro<\/strong> captura a la perfecci\u00f3n el esp\u00edritu del personaje con un nivel de detalle impresionante y articulaciones precisas que permiten recrear sus poses m\u00e1s ic\u00f3nicas. Fabricada por <strong data-start=\"216\" data-end=\"243\">Bandai Tamashii Nations<\/strong>, esta pieza combina calidad, fidelidad y estilo, ideal para cualquier fan\u00e1tico del anime y los coleccionables japoneses.<\/p>\n<p data-start=\"368\" data-end=\"630\">No dejes pasar la oportunidad de a\u00f1adir a <strong data-start=\"410\" data-end=\"429\">Hoshina Soshiro<\/strong> a tu colecci\u00f3n. Cons\u00edguela en <strong data-start=\"460\" data-end=\"479\">Palitroche Toys<\/strong>, la tienda de figuras coleccionables m\u00e1s completa de M\u00e9xico, con env\u00edo seguro a todo el pa\u00eds y atenci\u00f3n especializada para coleccionistas exigentes.<\/p>\n<p data-start=\"632\" data-end=\"667\"><strong data-start=\"632\" data-end=\"665\">Caracter\u00edsticas del producto:<\/strong><\/p>\n<ul data-start=\"668\" data-end=\"845\">\n<li data-start=\"668\" data-end=\"707\">\n<p data-start=\"670\" data-end=\"707\">Fabricante: Bandai Tamashii Nations<\/p>\n<\/li>\n<li data-start=\"708\" data-end=\"731\">\n<p data-start=\"710\" data-end=\"731\">L\u00ednea: S.H.Figuarts<\/p>\n<\/li>\n<li data-start=\"732\" data-end=\"764\">\n<p data-start=\"734\" data-end=\"764\">Figura totalmente articulada<\/p>\n<\/li>\n<li data-start=\"765\" data-end=\"805\">\n<p data-start=\"767\" data-end=\"805\">Accesorios intercambiables incluidos<\/p>\n<\/li>\n<li data-start=\"806\" data-end=\"845\">\n<p data-start=\"808\" data-end=\"845\">Detalles de pintura de alta calidad<\/p>\n<\/li>\n<\/ul>\n<p data-start=\"847\" data-end=\"893\"><strong data-start=\"847\" data-end=\"891\">Compra en Palitroche Toys y disfruta de:<\/strong><\/p>\n<ul data-start=\"894\" data-end=\"1003\" data-is-last-node=\"\" data-is-only-node=\"\">\n<li data-start=\"894\" data-end=\"926\">\n<p data-start=\"896\" data-end=\"926\">Env\u00edos r\u00e1pidos a todo M\u00e9xico<\/p>\n<\/li>\n<li data-start=\"927\" data-end=\"970\">\n<p data-start=\"929\" data-end=\"970\">Atenci\u00f3n personalizada al coleccionista<\/p>\n<\/li>\n<li data-start=\"971\" data-end=\"1003\" data-is-last-node=\"\">\n<p data-start=\"973\" data-end=\"1003\" data-is-last-node=\"\">Compra 100% segura y confiable<\/p>\n<\/li>\n<\/ul>\n","protected":false},"excerpt":{"rendered":"<p>La figura S.H.Figuarts Hoshina Soshiro captura a la perfecci\u00f3n el esp\u00edritu del personaje con un nivel de detalle impresionante y articulaciones precisas que permiten recrear sus poses m\u00e1s ic\u00f3nicas. Fabricada por Bandai Tamashii Nations, esta pieza combina calidad, fidelidad y estilo, ideal para cualquier fan\u00e1tico del anime y los coleccionables japoneses. No dejes pasar la [&hellip;]<\/p>\n","protected":false},"featured_media":12363,"comment_status":"open","ping_status":"closed","template":"","meta":{"site-sidebar-layout":"default","site-content-layout":"","ast-site-content-layout":"default","site-content-style":"default","site-sidebar-style":"default","ast-global-header-display":"","ast-banner-title-visibility":"","ast-main-header-display":"","ast-hfb-above-header-display":"","ast-hfb-below-header-display":"","ast-hfb-mobile-header-display":"","site-post-title":"","ast-breadcrumbs-content":"","ast-featured-img":"","footer-sml-layout":"","ast-disable-related-posts":"","theme-transparent-header-meta":"default","adv-header-id-meta":"","stick-header-meta":"","header-above-stick-meta":"","header-main-stick-meta":"","header-below-stick-meta":"","astra-migrate-meta-layouts":"set","ast-page-background-enabled":"default","ast-page-background-meta":{"desktop":{"background-color":"","background-image":"","background-repeat":"repeat","background-position":"center center","background-size":"auto","background-attachment":"scroll","background-type":"","background-media":"","overlay-type":"","overlay-color":"","overlay-opacity":"","overlay-gradient":""},"tablet":{"background-color":"","background-image":"","background-repeat":"repeat","background-position":"center center","background-size":"auto","background-attachment":"scroll","background-type":"","background-media":"","overlay-type":"","overlay-color":"","overlay-opacity":"","overlay-gradient":""},"mobile":{"background-color":"","background-image":"","background-repeat":"repeat","background-position":"center center","background-size":"auto","background-attachment":"scroll","background-type":"","background-media":"","overlay-type":"","overlay-color":"","overlay-opacity":"","overlay-gradient":""}},"ast-content-background-meta":{"desktop":{"background-color":"var(--ast-global-color-5)","background-image":"","background-repeat":"repeat","background-position":"center center","background-size":"auto","background-attachment":"scroll","background-type":"","background-media":"","overlay-type":"","overlay-color":"","overlay-opacity":"","overlay-gradient":""},"tablet":{"background-color":"var(--ast-global-color-5)","background-image":"","background-repeat":"repeat","background-position":"center center","background-size":"auto","background-attachment":"scroll","background-type":"","background-media":"","overlay-type":"","overlay-color":"","overlay-opacity":"","overlay-gradient":""},"mobile":{"background-color":"var(--ast-global-color-5)","background-image":"","background-repeat":"repeat","background-position":"center center","background-size":"auto","background-attachment":"scroll","background-type":"","background-media":"","overlay-type":"","overlay-color":"","overlay-opacity":"","overlay-gradient":""}}},"product_brand":[],"product_cat":[101,37,39],"product_tag":[147,296],"class_list":{"0":"post-17745","1":"product","2":"type-product","3":"status-publish","4":"has-post-thumbnail","6":"product_cat-anime","7":"product_cat-tamashii-nations","8":"product_cat-todas","9":"product_tag-coleccion","10":"product_tag-figuras","11":"desktop-align-center","12":"tablet-align-center","13":"mobile-align-center","15":"first","16":"outofstock","17":"sold-individually","18":"shipping-taxable","19":"purchasable","20":"product-type-simple"},"yoast_head":"<!-- This site is optimized with the Yoast SEO plugin v27.3 - https:\/\/yoast.com\/product\/yoast-seo-wordpress\/ -->\n<title>S.H.Figuarts Hoshina Soshiro - Palitroche Store<\/title>\n<meta name=\"robots\" content=\"index, follow, max-snippet:-1, max-image-preview:large, max-video-preview:-1\" \/>\n<link rel=\"canonical\" href=\"https:\/\/palitrochestore.com.mx\/producto\/s-h-figuarts-hoshina-soshiro\/\" \/>\n<meta property=\"og:locale\" content=\"es_ES\" \/>\n<meta property=\"og:type\" content=\"article\" \/>\n<meta property=\"og:title\" content=\"S.H.Figuarts Hoshina Soshiro - Palitroche Store\" \/>\n<meta property=\"og:description\" content=\"La figura S.H.Figuarts Hoshina Soshiro captura a la perfecci\u00f3n el esp\u00edritu del personaje con un nivel de detalle impresionante y articulaciones precisas que permiten recrear sus poses m\u00e1s ic\u00f3nicas. Fabricada por Bandai Tamashii Nations, esta pieza combina calidad, fidelidad y estilo, ideal para cualquier fan\u00e1tico del anime y los coleccionables japoneses. No dejes pasar la [&hellip;]\" \/>\n<meta property=\"og:url\" content=\"https:\/\/palitrochestore.com.mx\/producto\/s-h-figuarts-hoshina-soshiro\/\" \/>\n<meta property=\"og:site_name\" content=\"Palitroche Store\" \/>\n<meta property=\"article:modified_time\" content=\"2025-12-27T17:57:09+00:00\" \/>\n<meta property=\"og:image\" content=\"https:\/\/palitrochestore.com.mx\/wp-content\/uploads\/2024\/12\/4573102666246-1.jpg\" \/>\n\t<meta property=\"og:image:width\" content=\"1600\" \/>\n\t<meta property=\"og:image:height\" content=\"1600\" \/>\n\t<meta property=\"og:image:type\" content=\"image\/jpeg\" \/>\n<meta name=\"twitter:card\" content=\"summary_large_image\" \/>\n<meta name=\"twitter:label1\" content=\"Tiempo de lectura\" \/>\n\t<meta name=\"twitter:data1\" content=\"1 minuto\" \/>\n<script type=\"application\/ld+json\" class=\"yoast-schema-graph\">{\"@context\":\"https:\\\/\\\/schema.org\",\"@graph\":[{\"@type\":\"WebPage\",\"@id\":\"https:\\\/\\\/palitrochestore.com.mx\\\/producto\\\/s-h-figuarts-hoshina-soshiro\\\/\",\"url\":\"https:\\\/\\\/palitrochestore.com.mx\\\/producto\\\/s-h-figuarts-hoshina-soshiro\\\/\",\"name\":\"S.H.Figuarts Hoshina Soshiro - Palitroche Store\",\"isPartOf\":{\"@id\":\"https:\\\/\\\/palitrochestore.com.mx\\\/#website\"},\"primaryImageOfPage\":{\"@id\":\"https:\\\/\\\/palitrochestore.com.mx\\\/producto\\\/s-h-figuarts-hoshina-soshiro\\\/#primaryimage\"},\"image\":{\"@id\":\"https:\\\/\\\/palitrochestore.com.mx\\\/producto\\\/s-h-figuarts-hoshina-soshiro\\\/#primaryimage\"},\"thumbnailUrl\":\"https:\\\/\\\/palitrochestore.com.mx\\\/wp-content\\\/uploads\\\/2024\\\/12\\\/4573102666246-1.jpg\",\"datePublished\":\"2025-11-12T19:36:33+00:00\",\"dateModified\":\"2025-12-27T17:57:09+00:00\",\"breadcrumb\":{\"@id\":\"https:\\\/\\\/palitrochestore.com.mx\\\/producto\\\/s-h-figuarts-hoshina-soshiro\\\/#breadcrumb\"},\"inLanguage\":\"es\",\"potentialAction\":[{\"@type\":\"ReadAction\",\"target\":[\"https:\\\/\\\/palitrochestore.com.mx\\\/producto\\\/s-h-figuarts-hoshina-soshiro\\\/\"]}]},{\"@type\":\"ImageObject\",\"inLanguage\":\"es\",\"@id\":\"https:\\\/\\\/palitrochestore.com.mx\\\/producto\\\/s-h-figuarts-hoshina-soshiro\\\/#primaryimage\",\"url\":\"https:\\\/\\\/palitrochestore.com.mx\\\/wp-content\\\/uploads\\\/2024\\\/12\\\/4573102666246-1.jpg\",\"contentUrl\":\"https:\\\/\\\/palitrochestore.com.mx\\\/wp-content\\\/uploads\\\/2024\\\/12\\\/4573102666246-1.jpg\",\"width\":1600,\"height\":1600},{\"@type\":\"BreadcrumbList\",\"@id\":\"https:\\\/\\\/palitrochestore.com.mx\\\/producto\\\/s-h-figuarts-hoshina-soshiro\\\/#breadcrumb\",\"itemListElement\":[{\"@type\":\"ListItem\",\"position\":1,\"name\":\"Home\",\"item\":\"https:\\\/\\\/palitrochestore.com.mx\\\/\"},{\"@type\":\"ListItem\",\"position\":2,\"name\":\"Shop\",\"item\":\"https:\\\/\\\/palitrochestore.com.mx\\\/?page_id=21686\"},{\"@type\":\"ListItem\",\"position\":3,\"name\":\"S.H.Figuarts Hoshina Soshiro\"}]},{\"@type\":\"WebSite\",\"@id\":\"https:\\\/\\\/palitrochestore.com.mx\\\/#website\",\"url\":\"https:\\\/\\\/palitrochestore.com.mx\\\/\",\"name\":\"Palitroche Store\",\"description\":\"Tienda f\u00edsica y online para comprar figuras de anime en M\u00e9xico, figuras originales coleccionables Bandai y S.H.Figuarts y tambi\u00e9n TCG como One Piece y Pok\u00e9mon TCG en CDMX\",\"publisher\":{\"@id\":\"https:\\\/\\\/palitrochestore.com.mx\\\/#organization\"},\"potentialAction\":[{\"@type\":\"SearchAction\",\"target\":{\"@type\":\"EntryPoint\",\"urlTemplate\":\"https:\\\/\\\/palitrochestore.com.mx\\\/?s={search_term_string}\"},\"query-input\":{\"@type\":\"PropertyValueSpecification\",\"valueRequired\":true,\"valueName\":\"search_term_string\"}}],\"inLanguage\":\"es\"},{\"@type\":\"Organization\",\"@id\":\"https:\\\/\\\/palitrochestore.com.mx\\\/#organization\",\"name\":\"Palitroche Store\",\"url\":\"https:\\\/\\\/palitrochestore.com.mx\\\/\",\"logo\":{\"@type\":\"ImageObject\",\"inLanguage\":\"es\",\"@id\":\"https:\\\/\\\/palitrochestore.com.mx\\\/#\\\/schema\\\/logo\\\/image\\\/\",\"url\":\"https:\\\/\\\/palitrochestore.com.mx\\\/wp-content\\\/uploads\\\/2025\\\/12\\\/cropped-LOGO_PALI_2025-1.png\",\"contentUrl\":\"https:\\\/\\\/palitrochestore.com.mx\\\/wp-content\\\/uploads\\\/2025\\\/12\\\/cropped-LOGO_PALI_2025-1.png\",\"width\":2117,\"height\":1572,\"caption\":\"Palitroche Store\"},\"image\":{\"@id\":\"https:\\\/\\\/palitrochestore.com.mx\\\/#\\\/schema\\\/logo\\\/image\\\/\"}}]}<\/script>\n<!-- \/ Yoast SEO plugin. -->","yoast_head_json":{"title":"S.H.Figuarts Hoshina Soshiro - Palitroche Store","robots":{"index":"index","follow":"follow","max-snippet":"max-snippet:-1","max-image-preview":"max-image-preview:large","max-video-preview":"max-video-preview:-1"},"canonical":"https:\/\/palitrochestore.com.mx\/producto\/s-h-figuarts-hoshina-soshiro\/","og_locale":"es_ES","og_type":"article","og_title":"S.H.Figuarts Hoshina Soshiro - Palitroche Store","og_description":"La figura S.H.Figuarts Hoshina Soshiro captura a la perfecci\u00f3n el esp\u00edritu del personaje con un nivel de detalle impresionante y articulaciones precisas que permiten recrear sus poses m\u00e1s ic\u00f3nicas. Fabricada por Bandai Tamashii Nations, esta pieza combina calidad, fidelidad y estilo, ideal para cualquier fan\u00e1tico del anime y los coleccionables japoneses. No dejes pasar la [&hellip;]","og_url":"https:\/\/palitrochestore.com.mx\/producto\/s-h-figuarts-hoshina-soshiro\/","og_site_name":"Palitroche Store","article_modified_time":"2025-12-27T17:57:09+00:00","og_image":[{"width":1600,"height":1600,"url":"https:\/\/palitrochestore.com.mx\/wp-content\/uploads\/2024\/12\/4573102666246-1.jpg","type":"image\/jpeg"}],"twitter_card":"summary_large_image","twitter_misc":{"Tiempo de lectura":"1 minuto"},"schema":{"@context":"https:\/\/schema.org","@graph":[{"@type":"WebPage","@id":"https:\/\/palitrochestore.com.mx\/producto\/s-h-figuarts-hoshina-soshiro\/","url":"https:\/\/palitrochestore.com.mx\/producto\/s-h-figuarts-hoshina-soshiro\/","name":"S.H.Figuarts Hoshina Soshiro - Palitroche Store","isPartOf":{"@id":"https:\/\/palitrochestore.com.mx\/#website"},"primaryImageOfPage":{"@id":"https:\/\/palitrochestore.com.mx\/producto\/s-h-figuarts-hoshina-soshiro\/#primaryimage"},"image":{"@id":"https:\/\/palitrochestore.com.mx\/producto\/s-h-figuarts-hoshina-soshiro\/#primaryimage"},"thumbnailUrl":"https:\/\/palitrochestore.com.mx\/wp-content\/uploads\/2024\/12\/4573102666246-1.jpg","datePublished":"2025-11-12T19:36:33+00:00","dateModified":"2025-12-27T17:57:09+00:00","breadcrumb":{"@id":"https:\/\/palitrochestore.com.mx\/producto\/s-h-figuarts-hoshina-soshiro\/#breadcrumb"},"inLanguage":"es","potentialAction":[{"@type":"ReadAction","target":["https:\/\/palitrochestore.com.mx\/producto\/s-h-figuarts-hoshina-soshiro\/"]}]},{"@type":"ImageObject","inLanguage":"es","@id":"https:\/\/palitrochestore.com.mx\/producto\/s-h-figuarts-hoshina-soshiro\/#primaryimage","url":"https:\/\/palitrochestore.com.mx\/wp-content\/uploads\/2024\/12\/4573102666246-1.jpg","contentUrl":"https:\/\/palitrochestore.com.mx\/wp-content\/uploads\/2024\/12\/4573102666246-1.jpg","width":1600,"height":1600},{"@type":"BreadcrumbList","@id":"https:\/\/palitrochestore.com.mx\/producto\/s-h-figuarts-hoshina-soshiro\/#breadcrumb","itemListElement":[{"@type":"ListItem","position":1,"name":"Home","item":"https:\/\/palitrochestore.com.mx\/"},{"@type":"ListItem","position":2,"name":"Shop","item":"https:\/\/palitrochestore.com.mx\/?page_id=21686"},{"@type":"ListItem","position":3,"name":"S.H.Figuarts Hoshina Soshiro"}]},{"@type":"WebSite","@id":"https:\/\/palitrochestore.com.mx\/#website","url":"https:\/\/palitrochestore.com.mx\/","name":"Palitroche Store","description":"Tienda f\u00edsica y online para comprar figuras de anime en M\u00e9xico, figuras originales coleccionables Bandai y S.H.Figuarts y tambi\u00e9n TCG como One Piece y Pok\u00e9mon TCG en CDMX","publisher":{"@id":"https:\/\/palitrochestore.com.mx\/#organization"},"potentialAction":[{"@type":"SearchAction","target":{"@type":"EntryPoint","urlTemplate":"https:\/\/palitrochestore.com.mx\/?s={search_term_string}"},"query-input":{"@type":"PropertyValueSpecification","valueRequired":true,"valueName":"search_term_string"}}],"inLanguage":"es"},{"@type":"Organization","@id":"https:\/\/palitrochestore.com.mx\/#organization","name":"Palitroche Store","url":"https:\/\/palitrochestore.com.mx\/","logo":{"@type":"ImageObject","inLanguage":"es","@id":"https:\/\/palitrochestore.com.mx\/#\/schema\/logo\/image\/","url":"https:\/\/palitrochestore.com.mx\/wp-content\/uploads\/2025\/12\/cropped-LOGO_PALI_2025-1.png","contentUrl":"https:\/\/palitrochestore.com.mx\/wp-content\/uploads\/2025\/12\/cropped-LOGO_PALI_2025-1.png","width":2117,"height":1572,"caption":"Palitroche Store"},"image":{"@id":"https:\/\/palitrochestore.com.mx\/#\/schema\/logo\/image\/"}}]}},"_links":{"self":[{"href":"https:\/\/palitrochestore.com.mx\/index.php?rest_route=\/wp\/v2\/product\/17745","targetHints":{"allow":["GET"]}}],"collection":[{"href":"https:\/\/palitrochestore.com.mx\/index.php?rest_route=\/wp\/v2\/product"}],"about":[{"href":"https:\/\/palitrochestore.com.mx\/index.php?rest_route=\/wp\/v2\/types\/product"}],"replies":[{"embeddable":true,"href":"https:\/\/palitrochestore.com.mx\/index.php?rest_route=%2Fwp%2Fv2%2Fcomments&post=17745"}],"version-history":[{"count":0,"href":"https:\/\/palitrochestore.com.mx\/index.php?rest_route=\/wp\/v2\/product\/17745\/revisions"}],"wp:featuredmedia":[{"embeddable":true,"href":"https:\/\/palitrochestore.com.mx\/index.php?rest_route=\/wp\/v2\/media\/12363"}],"wp:attachment":[{"href":"https:\/\/palitrochestore.com.mx\/index.php?rest_route=%2Fwp%2Fv2%2Fmedia&parent=17745"}],"wp:term":[{"taxonomy":"product_brand","embeddable":true,"href":"https:\/\/palitrochestore.com.mx\/index.php?rest_route=%2Fwp%2Fv2%2Fproduct_brand&post=17745"},{"taxonomy":"product_cat","embeddable":true,"href":"https:\/\/palitrochestore.com.mx\/index.php?rest_route=%2Fwp%2Fv2%2Fproduct_cat&post=17745"},{"taxonomy":"product_tag","embeddable":true,"href":"https:\/\/palitrochestore.com.mx\/index.php?rest_route=%2Fwp%2Fv2%2Fproduct_tag&post=17745"}],"curies":[{"name":"wp","href":"https:\/\/api.w.org\/{rel}","templated":true}]}}