{"id":17352,"date":"2025-10-17T12:11:42","date_gmt":"2025-10-17T18:11:42","guid":{"rendered":"https:\/\/palitrochestore.com.mx\/product\/apartado-preventa-figuarts-zero-ranma\/"},"modified":"2025-12-16T12:31:09","modified_gmt":"2025-12-16T18:31:09","slug":"apartado-preventa-figuarts-zero-ranma","status":"publish","type":"product","link":"https:\/\/palitrochestore.com.mx\/?product=apartado-preventa-figuarts-zero-ranma","title":{"rendered":"Bandai Ranma Figuarts Zero"},"content":{"rendered":"<p>La figura Figuarts Zero Ranma de Bandai captura la esencia del cl\u00e1sico anime Ranma \u00bd con un nivel de detalle impresionante. Perfecta para cualquier coleccionista que busque revivir las aventuras del joven artista marcial.<\/p>\n<p>No dejes pasar la oportunidad de tener esta pieza \u00fanica en tu colecci\u00f3n. Compra en Palitroche Toys y aseg\u00farate de obtener un producto de calidad, con disponibilidad limitada y env\u00edo a todo M\u00e9xico.<\/p>\n<ul>\n<li>Figura de colecci\u00f3n Figuarts Zero Ranma de Bandai<\/li>\n<li>Detalles precisos de vestuario y expresi\u00f3n facial<\/li>\n<li>Materiales de alta calidad y pintura duradera<\/li>\n<li>Incluye base para exhibici\u00f3n<\/li>\n<li>Escala perfectamente dise\u00f1ada para colecciones Figuarts Zero<\/li>\n<\/ul>\n<p>Compra en Palitroche Toys y aprovecha nuestros beneficios:<\/p>\n<ul>\n<li>Env\u00edo r\u00e1pido a todo M\u00e9xico<\/li>\n<li>Atenci\u00f3n personalizada y soporte experto<\/li>\n<li>Compra segura y confiable<\/li>\n<\/ul>\n","protected":false},"excerpt":{"rendered":"<p>La figura Figuarts Zero Ranma de Bandai captura la esencia del cl\u00e1sico anime Ranma \u00bd con un nivel de detalle impresionante. Perfecta para cualquier coleccionista que busque revivir las aventuras del joven artista marcial. No dejes pasar la oportunidad de tener esta pieza \u00fanica en tu colecci\u00f3n. Compra en Palitroche Toys y aseg\u00farate de obtener [&hellip;]<\/p>\n","protected":false},"featured_media":17311,"comment_status":"open","ping_status":"closed","template":"","meta":{"site-sidebar-layout":"default","site-content-layout":"","ast-site-content-layout":"default","site-content-style":"default","site-sidebar-style":"default","ast-global-header-display":"","ast-banner-title-visibility":"","ast-main-header-display":"","ast-hfb-above-header-display":"","ast-hfb-below-header-display":"","ast-hfb-mobile-header-display":"","site-post-title":"","ast-breadcrumbs-content":"","ast-featured-img":"","footer-sml-layout":"","ast-disable-related-posts":"","theme-transparent-header-meta":"default","adv-header-id-meta":"","stick-header-meta":"","header-above-stick-meta":"","header-main-stick-meta":"","header-below-stick-meta":"","astra-migrate-meta-layouts":"set","ast-page-background-enabled":"default","ast-page-background-meta":{"desktop":{"background-color":"","background-image":"","background-repeat":"repeat","background-position":"center center","background-size":"auto","background-attachment":"scroll","background-type":"","background-media":"","overlay-type":"","overlay-color":"","overlay-opacity":"","overlay-gradient":""},"tablet":{"background-color":"","background-image":"","background-repeat":"repeat","background-position":"center center","background-size":"auto","background-attachment":"scroll","background-type":"","background-media":"","overlay-type":"","overlay-color":"","overlay-opacity":"","overlay-gradient":""},"mobile":{"background-color":"","background-image":"","background-repeat":"repeat","background-position":"center center","background-size":"auto","background-attachment":"scroll","background-type":"","background-media":"","overlay-type":"","overlay-color":"","overlay-opacity":"","overlay-gradient":""}},"ast-content-background-meta":{"desktop":{"background-color":"var(--ast-global-color-5)","background-image":"","background-repeat":"repeat","background-position":"center center","background-size":"auto","background-attachment":"scroll","background-type":"","background-media":"","overlay-type":"","overlay-color":"","overlay-opacity":"","overlay-gradient":""},"tablet":{"background-color":"var(--ast-global-color-5)","background-image":"","background-repeat":"repeat","background-position":"center center","background-size":"auto","background-attachment":"scroll","background-type":"","background-media":"","overlay-type":"","overlay-color":"","overlay-opacity":"","overlay-gradient":""},"mobile":{"background-color":"var(--ast-global-color-5)","background-image":"","background-repeat":"repeat","background-position":"center center","background-size":"auto","background-attachment":"scroll","background-type":"","background-media":"","overlay-type":"","overlay-color":"","overlay-opacity":"","overlay-gradient":""}}},"product_brand":[],"product_cat":[101,467,37,39],"product_tag":[296,282],"class_list":{"0":"post-17352","1":"product","2":"type-product","3":"status-publish","4":"has-post-thumbnail","6":"product_cat-anime","7":"product_cat-preventas","8":"product_cat-tamashii-nations","9":"product_cat-todas","10":"product_tag-figuras","11":"product_tag-tamashii-nations","12":"desktop-align-center","13":"tablet-align-center","14":"mobile-align-center","16":"first","17":"instock","18":"sold-individually","19":"shipping-taxable","20":"purchasable","21":"product-type-simple"},"yoast_head":"<!-- This site is optimized with the Yoast SEO plugin v27.3 - https:\/\/yoast.com\/product\/yoast-seo-wordpress\/ -->\n<title>Bandai Ranma Figuarts Zero - Palitroche Store<\/title>\n<meta name=\"robots\" content=\"index, follow, max-snippet:-1, max-image-preview:large, max-video-preview:-1\" \/>\n<link rel=\"canonical\" href=\"https:\/\/palitrochestore.com.mx\/producto\/apartado-preventa-figuarts-zero-ranma\/\" \/>\n<meta property=\"og:locale\" content=\"es_ES\" \/>\n<meta property=\"og:type\" content=\"article\" \/>\n<meta property=\"og:title\" content=\"Bandai Ranma Figuarts Zero - Palitroche Store\" \/>\n<meta property=\"og:description\" content=\"La figura Figuarts Zero Ranma de Bandai captura la esencia del cl\u00e1sico anime Ranma \u00bd con un nivel de detalle impresionante. Perfecta para cualquier coleccionista que busque revivir las aventuras del joven artista marcial. No dejes pasar la oportunidad de tener esta pieza \u00fanica en tu colecci\u00f3n. Compra en Palitroche Toys y aseg\u00farate de obtener [&hellip;]\" \/>\n<meta property=\"og:url\" content=\"https:\/\/palitrochestore.com.mx\/producto\/apartado-preventa-figuarts-zero-ranma\/\" \/>\n<meta property=\"og:site_name\" content=\"Palitroche Store\" \/>\n<meta property=\"article:modified_time\" content=\"2025-12-16T18:31:09+00:00\" \/>\n<meta property=\"og:image\" content=\"https:\/\/palitrochestore.com.mx\/wp-content\/uploads\/2025\/10\/4573102676030-1.jpg\" \/>\n\t<meta property=\"og:image:width\" content=\"1000\" \/>\n\t<meta property=\"og:image:height\" content=\"1000\" \/>\n\t<meta property=\"og:image:type\" content=\"image\/jpeg\" \/>\n<meta name=\"twitter:card\" content=\"summary_large_image\" \/>\n<meta name=\"twitter:label1\" content=\"Tiempo de lectura\" \/>\n\t<meta name=\"twitter:data1\" content=\"2 minutos\" \/>\n<script type=\"application\/ld+json\" class=\"yoast-schema-graph\">{\"@context\":\"https:\\\/\\\/schema.org\",\"@graph\":[{\"@type\":\"WebPage\",\"@id\":\"https:\\\/\\\/palitrochestore.com.mx\\\/producto\\\/apartado-preventa-figuarts-zero-ranma\\\/\",\"url\":\"https:\\\/\\\/palitrochestore.com.mx\\\/producto\\\/apartado-preventa-figuarts-zero-ranma\\\/\",\"name\":\"Bandai Ranma Figuarts Zero - Palitroche Store\",\"isPartOf\":{\"@id\":\"https:\\\/\\\/palitrochestore.com.mx\\\/#website\"},\"primaryImageOfPage\":{\"@id\":\"https:\\\/\\\/palitrochestore.com.mx\\\/producto\\\/apartado-preventa-figuarts-zero-ranma\\\/#primaryimage\"},\"image\":{\"@id\":\"https:\\\/\\\/palitrochestore.com.mx\\\/producto\\\/apartado-preventa-figuarts-zero-ranma\\\/#primaryimage\"},\"thumbnailUrl\":\"https:\\\/\\\/palitrochestore.com.mx\\\/wp-content\\\/uploads\\\/2025\\\/10\\\/4573102676030-1.jpg\",\"datePublished\":\"2025-10-17T18:11:42+00:00\",\"dateModified\":\"2025-12-16T18:31:09+00:00\",\"breadcrumb\":{\"@id\":\"https:\\\/\\\/palitrochestore.com.mx\\\/producto\\\/apartado-preventa-figuarts-zero-ranma\\\/#breadcrumb\"},\"inLanguage\":\"es\",\"potentialAction\":[{\"@type\":\"ReadAction\",\"target\":[\"https:\\\/\\\/palitrochestore.com.mx\\\/producto\\\/apartado-preventa-figuarts-zero-ranma\\\/\"]}]},{\"@type\":\"ImageObject\",\"inLanguage\":\"es\",\"@id\":\"https:\\\/\\\/palitrochestore.com.mx\\\/producto\\\/apartado-preventa-figuarts-zero-ranma\\\/#primaryimage\",\"url\":\"https:\\\/\\\/palitrochestore.com.mx\\\/wp-content\\\/uploads\\\/2025\\\/10\\\/4573102676030-1.jpg\",\"contentUrl\":\"https:\\\/\\\/palitrochestore.com.mx\\\/wp-content\\\/uploads\\\/2025\\\/10\\\/4573102676030-1.jpg\",\"width\":1000,\"height\":1000},{\"@type\":\"BreadcrumbList\",\"@id\":\"https:\\\/\\\/palitrochestore.com.mx\\\/producto\\\/apartado-preventa-figuarts-zero-ranma\\\/#breadcrumb\",\"itemListElement\":[{\"@type\":\"ListItem\",\"position\":1,\"name\":\"Home\",\"item\":\"https:\\\/\\\/palitrochestore.com.mx\\\/\"},{\"@type\":\"ListItem\",\"position\":2,\"name\":\"Shop\",\"item\":\"https:\\\/\\\/palitrochestore.com.mx\\\/?page_id=21686\"},{\"@type\":\"ListItem\",\"position\":3,\"name\":\"Bandai Ranma Figuarts Zero\"}]},{\"@type\":\"WebSite\",\"@id\":\"https:\\\/\\\/palitrochestore.com.mx\\\/#website\",\"url\":\"https:\\\/\\\/palitrochestore.com.mx\\\/\",\"name\":\"Palitroche Store\",\"description\":\"Tienda f\u00edsica y online para comprar figuras de anime en M\u00e9xico, figuras originales coleccionables Bandai y S.H.Figuarts y tambi\u00e9n TCG como One Piece y Pok\u00e9mon TCG en CDMX\",\"publisher\":{\"@id\":\"https:\\\/\\\/palitrochestore.com.mx\\\/#organization\"},\"potentialAction\":[{\"@type\":\"SearchAction\",\"target\":{\"@type\":\"EntryPoint\",\"urlTemplate\":\"https:\\\/\\\/palitrochestore.com.mx\\\/?s={search_term_string}\"},\"query-input\":{\"@type\":\"PropertyValueSpecification\",\"valueRequired\":true,\"valueName\":\"search_term_string\"}}],\"inLanguage\":\"es\"},{\"@type\":\"Organization\",\"@id\":\"https:\\\/\\\/palitrochestore.com.mx\\\/#organization\",\"name\":\"Palitroche Store\",\"url\":\"https:\\\/\\\/palitrochestore.com.mx\\\/\",\"logo\":{\"@type\":\"ImageObject\",\"inLanguage\":\"es\",\"@id\":\"https:\\\/\\\/palitrochestore.com.mx\\\/#\\\/schema\\\/logo\\\/image\\\/\",\"url\":\"https:\\\/\\\/palitrochestore.com.mx\\\/wp-content\\\/uploads\\\/2025\\\/12\\\/cropped-LOGO_PALI_2025-1.png\",\"contentUrl\":\"https:\\\/\\\/palitrochestore.com.mx\\\/wp-content\\\/uploads\\\/2025\\\/12\\\/cropped-LOGO_PALI_2025-1.png\",\"width\":2117,\"height\":1572,\"caption\":\"Palitroche Store\"},\"image\":{\"@id\":\"https:\\\/\\\/palitrochestore.com.mx\\\/#\\\/schema\\\/logo\\\/image\\\/\"}}]}<\/script>\n<!-- \/ Yoast SEO plugin. -->","yoast_head_json":{"title":"Bandai Ranma Figuarts Zero - Palitroche Store","robots":{"index":"index","follow":"follow","max-snippet":"max-snippet:-1","max-image-preview":"max-image-preview:large","max-video-preview":"max-video-preview:-1"},"canonical":"https:\/\/palitrochestore.com.mx\/producto\/apartado-preventa-figuarts-zero-ranma\/","og_locale":"es_ES","og_type":"article","og_title":"Bandai Ranma Figuarts Zero - Palitroche Store","og_description":"La figura Figuarts Zero Ranma de Bandai captura la esencia del cl\u00e1sico anime Ranma \u00bd con un nivel de detalle impresionante. Perfecta para cualquier coleccionista que busque revivir las aventuras del joven artista marcial. No dejes pasar la oportunidad de tener esta pieza \u00fanica en tu colecci\u00f3n. Compra en Palitroche Toys y aseg\u00farate de obtener [&hellip;]","og_url":"https:\/\/palitrochestore.com.mx\/producto\/apartado-preventa-figuarts-zero-ranma\/","og_site_name":"Palitroche Store","article_modified_time":"2025-12-16T18:31:09+00:00","og_image":[{"width":1000,"height":1000,"url":"https:\/\/palitrochestore.com.mx\/wp-content\/uploads\/2025\/10\/4573102676030-1.jpg","type":"image\/jpeg"}],"twitter_card":"summary_large_image","twitter_misc":{"Tiempo de lectura":"2 minutos"},"schema":{"@context":"https:\/\/schema.org","@graph":[{"@type":"WebPage","@id":"https:\/\/palitrochestore.com.mx\/producto\/apartado-preventa-figuarts-zero-ranma\/","url":"https:\/\/palitrochestore.com.mx\/producto\/apartado-preventa-figuarts-zero-ranma\/","name":"Bandai Ranma Figuarts Zero - Palitroche Store","isPartOf":{"@id":"https:\/\/palitrochestore.com.mx\/#website"},"primaryImageOfPage":{"@id":"https:\/\/palitrochestore.com.mx\/producto\/apartado-preventa-figuarts-zero-ranma\/#primaryimage"},"image":{"@id":"https:\/\/palitrochestore.com.mx\/producto\/apartado-preventa-figuarts-zero-ranma\/#primaryimage"},"thumbnailUrl":"https:\/\/palitrochestore.com.mx\/wp-content\/uploads\/2025\/10\/4573102676030-1.jpg","datePublished":"2025-10-17T18:11:42+00:00","dateModified":"2025-12-16T18:31:09+00:00","breadcrumb":{"@id":"https:\/\/palitrochestore.com.mx\/producto\/apartado-preventa-figuarts-zero-ranma\/#breadcrumb"},"inLanguage":"es","potentialAction":[{"@type":"ReadAction","target":["https:\/\/palitrochestore.com.mx\/producto\/apartado-preventa-figuarts-zero-ranma\/"]}]},{"@type":"ImageObject","inLanguage":"es","@id":"https:\/\/palitrochestore.com.mx\/producto\/apartado-preventa-figuarts-zero-ranma\/#primaryimage","url":"https:\/\/palitrochestore.com.mx\/wp-content\/uploads\/2025\/10\/4573102676030-1.jpg","contentUrl":"https:\/\/palitrochestore.com.mx\/wp-content\/uploads\/2025\/10\/4573102676030-1.jpg","width":1000,"height":1000},{"@type":"BreadcrumbList","@id":"https:\/\/palitrochestore.com.mx\/producto\/apartado-preventa-figuarts-zero-ranma\/#breadcrumb","itemListElement":[{"@type":"ListItem","position":1,"name":"Home","item":"https:\/\/palitrochestore.com.mx\/"},{"@type":"ListItem","position":2,"name":"Shop","item":"https:\/\/palitrochestore.com.mx\/?page_id=21686"},{"@type":"ListItem","position":3,"name":"Bandai Ranma Figuarts Zero"}]},{"@type":"WebSite","@id":"https:\/\/palitrochestore.com.mx\/#website","url":"https:\/\/palitrochestore.com.mx\/","name":"Palitroche Store","description":"Tienda f\u00edsica y online para comprar figuras de anime en M\u00e9xico, figuras originales coleccionables Bandai y S.H.Figuarts y tambi\u00e9n TCG como One Piece y Pok\u00e9mon TCG en CDMX","publisher":{"@id":"https:\/\/palitrochestore.com.mx\/#organization"},"potentialAction":[{"@type":"SearchAction","target":{"@type":"EntryPoint","urlTemplate":"https:\/\/palitrochestore.com.mx\/?s={search_term_string}"},"query-input":{"@type":"PropertyValueSpecification","valueRequired":true,"valueName":"search_term_string"}}],"inLanguage":"es"},{"@type":"Organization","@id":"https:\/\/palitrochestore.com.mx\/#organization","name":"Palitroche Store","url":"https:\/\/palitrochestore.com.mx\/","logo":{"@type":"ImageObject","inLanguage":"es","@id":"https:\/\/palitrochestore.com.mx\/#\/schema\/logo\/image\/","url":"https:\/\/palitrochestore.com.mx\/wp-content\/uploads\/2025\/12\/cropped-LOGO_PALI_2025-1.png","contentUrl":"https:\/\/palitrochestore.com.mx\/wp-content\/uploads\/2025\/12\/cropped-LOGO_PALI_2025-1.png","width":2117,"height":1572,"caption":"Palitroche Store"},"image":{"@id":"https:\/\/palitrochestore.com.mx\/#\/schema\/logo\/image\/"}}]}},"_links":{"self":[{"href":"https:\/\/palitrochestore.com.mx\/index.php?rest_route=\/wp\/v2\/product\/17352","targetHints":{"allow":["GET"]}}],"collection":[{"href":"https:\/\/palitrochestore.com.mx\/index.php?rest_route=\/wp\/v2\/product"}],"about":[{"href":"https:\/\/palitrochestore.com.mx\/index.php?rest_route=\/wp\/v2\/types\/product"}],"replies":[{"embeddable":true,"href":"https:\/\/palitrochestore.com.mx\/index.php?rest_route=%2Fwp%2Fv2%2Fcomments&post=17352"}],"version-history":[{"count":1,"href":"https:\/\/palitrochestore.com.mx\/index.php?rest_route=\/wp\/v2\/product\/17352\/revisions"}],"predecessor-version":[{"id":17473,"href":"https:\/\/palitrochestore.com.mx\/index.php?rest_route=\/wp\/v2\/product\/17352\/revisions\/17473"}],"wp:featuredmedia":[{"embeddable":true,"href":"https:\/\/palitrochestore.com.mx\/index.php?rest_route=\/wp\/v2\/media\/17311"}],"wp:attachment":[{"href":"https:\/\/palitrochestore.com.mx\/index.php?rest_route=%2Fwp%2Fv2%2Fmedia&parent=17352"}],"wp:term":[{"taxonomy":"product_brand","embeddable":true,"href":"https:\/\/palitrochestore.com.mx\/index.php?rest_route=%2Fwp%2Fv2%2Fproduct_brand&post=17352"},{"taxonomy":"product_cat","embeddable":true,"href":"https:\/\/palitrochestore.com.mx\/index.php?rest_route=%2Fwp%2Fv2%2Fproduct_cat&post=17352"},{"taxonomy":"product_tag","embeddable":true,"href":"https:\/\/palitrochestore.com.mx\/index.php?rest_route=%2Fwp%2Fv2%2Fproduct_tag&post=17352"}],"curies":[{"name":"wp","href":"https:\/\/api.w.org\/{rel}","templated":true}]}}