{"id":17021,"date":"2025-09-30T21:18:28","date_gmt":"2025-10-01T03:18:28","guid":{"rendered":"https:\/\/palitrochestore.com.mx\/?post_type=product&#038;p=17021"},"modified":"2026-02-19T15:18:36","modified_gmt":"2026-02-19T21:18:36","slug":"s-h-figuarts-son-goku-criado-en-la-tierra","status":"publish","type":"product","link":"https:\/\/palitrochestore.com.mx\/?product=s-h-figuarts-son-goku-criado-en-la-tierra","title":{"rendered":"S.H.Figuarts Son Goku Criado en la Tierra"},"content":{"rendered":"<p>En Palitroche Toys, estamos emocionados de anunciar la llegada de una pieza imprescindible para los aficionados de Dragon Ball: la figura S.H.Figuarts Son Goku &#8211; Saiyan Raised on Earth, de la aclamada marca Tamashii Nations. Esta figura captura a la perfecci\u00f3n el esp\u00edritu y la esencia del querido Saiyan criado en la Tierra, Son Goku, con un nivel de detalle y articulaci\u00f3n que solo Tamashii Nations puede ofrecer. Ideal para recrear tus escenas favoritas de la serie o para presumir en tu colecci\u00f3n, esta figura es un tributo al incansable esp\u00edritu de lucha y la eterna bondad de Goku.<\/p>\n<p>Con m\u00faltiples puntos de articulaci\u00f3n y accesorios intercambiables, incluyendo expresiones faciales y manos, la S.H.Figuarts Son Goku ofrece una versatilidad y una posibilidad de personalizaci\u00f3n sin precedentes. Ya sea que quieras capturar la intensidad de una batalla \u00e9pica o un momento de alegr\u00eda y amistad, esta figura lo hace posible. Pide en Palitroche Toys y haz tuya esta extraordinaria figura de Son Goku. \u00a1Es el momento perfecto para a\u00f1adir a tu colecci\u00f3n un h\u00e9roe que ha inspirado a generaciones, demostrando que el coraje y la amistad son los verdaderos poderes que pueden cambiar el mundo!<\/p>\n","protected":false},"excerpt":{"rendered":"<p>En Palitroche Toys, estamos emocionados de anunciar la llegada de una pieza imprescindible para los aficionados de Dragon Ball: la figura S.H.Figuarts Son Goku &#8211; Saiyan Raised on Earth, de la aclamada marca Tamashii Nations. Esta figura captura a la perfecci\u00f3n el esp\u00edritu y la esencia del querido Saiyan criado en la Tierra, Son Goku, [&hellip;]<\/p>\n","protected":false},"featured_media":8696,"comment_status":"open","ping_status":"closed","template":"","meta":{"site-sidebar-layout":"default","site-content-layout":"default","ast-site-content-layout":"default","site-content-style":"default","site-sidebar-style":"default","ast-global-header-display":"","ast-banner-title-visibility":"","ast-main-header-display":"","ast-hfb-above-header-display":"","ast-hfb-below-header-display":"","ast-hfb-mobile-header-display":"","site-post-title":"","ast-breadcrumbs-content":"","ast-featured-img":"","footer-sml-layout":"","ast-disable-related-posts":"","theme-transparent-header-meta":"default","adv-header-id-meta":"","stick-header-meta":"","header-above-stick-meta":"","header-main-stick-meta":"","header-below-stick-meta":"","astra-migrate-meta-layouts":"set","ast-page-background-enabled":"default","ast-page-background-meta":{"desktop":{"background-color":"","background-image":"","background-repeat":"repeat","background-position":"center center","background-size":"auto","background-attachment":"scroll","background-type":"","background-media":"","overlay-type":"","overlay-color":"","overlay-opacity":"","overlay-gradient":""},"tablet":{"background-color":"","background-image":"","background-repeat":"repeat","background-position":"center center","background-size":"auto","background-attachment":"scroll","background-type":"","background-media":"","overlay-type":"","overlay-color":"","overlay-opacity":"","overlay-gradient":""},"mobile":{"background-color":"","background-image":"","background-repeat":"repeat","background-position":"center center","background-size":"auto","background-attachment":"scroll","background-type":"","background-media":"","overlay-type":"","overlay-color":"","overlay-opacity":"","overlay-gradient":""}},"ast-content-background-meta":{"desktop":{"background-color":"var(--ast-global-color-5)","background-image":"","background-repeat":"repeat","background-position":"center center","background-size":"auto","background-attachment":"scroll","background-type":"","background-media":"","overlay-type":"","overlay-color":"","overlay-opacity":"","overlay-gradient":""},"tablet":{"background-color":"var(--ast-global-color-5)","background-image":"","background-repeat":"repeat","background-position":"center center","background-size":"auto","background-attachment":"scroll","background-type":"","background-media":"","overlay-type":"","overlay-color":"","overlay-opacity":"","overlay-gradient":""},"mobile":{"background-color":"var(--ast-global-color-5)","background-image":"","background-repeat":"repeat","background-position":"center center","background-size":"auto","background-attachment":"scroll","background-type":"","background-media":"","overlay-type":"","overlay-color":"","overlay-opacity":"","overlay-gradient":""}}},"product_brand":[],"product_cat":[101,98,37,39],"product_tag":[],"class_list":{"0":"post-17021","1":"product","2":"type-product","3":"status-publish","4":"has-post-thumbnail","6":"product_cat-anime","7":"product_cat-dragon-ball","8":"product_cat-tamashii-nations","9":"product_cat-todas","10":"desktop-align-center","11":"tablet-align-center","12":"mobile-align-center","14":"first","15":"instock","16":"shipping-taxable","17":"purchasable","18":"product-type-simple"},"yoast_head":"<!-- This site is optimized with the Yoast SEO plugin v27.3 - https:\/\/yoast.com\/product\/yoast-seo-wordpress\/ -->\n<title>S.H.Figuarts Son Goku Criado en la Tierra - Palitroche Store<\/title>\n<meta name=\"robots\" content=\"index, follow, max-snippet:-1, max-image-preview:large, max-video-preview:-1\" \/>\n<link rel=\"canonical\" href=\"https:\/\/palitrochestore.com.mx\/?product=s-h-figuarts-son-goku-criado-en-la-tierra\" \/>\n<meta property=\"og:locale\" content=\"es_ES\" \/>\n<meta property=\"og:type\" content=\"article\" \/>\n<meta property=\"og:title\" content=\"S.H.Figuarts Son Goku Criado en la Tierra - Palitroche Store\" \/>\n<meta property=\"og:description\" content=\"En Palitroche Toys, estamos emocionados de anunciar la llegada de una pieza imprescindible para los aficionados de Dragon Ball: la figura S.H.Figuarts Son Goku &#8211; Saiyan Raised on Earth, de la aclamada marca Tamashii Nations. Esta figura captura a la perfecci\u00f3n el esp\u00edritu y la esencia del querido Saiyan criado en la Tierra, Son Goku, [&hellip;]\" \/>\n<meta property=\"og:url\" content=\"https:\/\/palitrochestore.com.mx\/?product=s-h-figuarts-son-goku-criado-en-la-tierra\" \/>\n<meta property=\"og:site_name\" content=\"Palitroche Store\" \/>\n<meta property=\"article:modified_time\" content=\"2026-02-19T21:18:36+00:00\" \/>\n<meta property=\"og:image\" content=\"https:\/\/palitrochestore.com.mx\/wp-content\/uploads\/2023\/11\/4573102555403-1.jpg\" \/>\n\t<meta property=\"og:image:width\" content=\"2160\" \/>\n\t<meta property=\"og:image:height\" content=\"2160\" \/>\n\t<meta property=\"og:image:type\" content=\"image\/jpeg\" \/>\n<meta name=\"twitter:card\" content=\"summary_large_image\" \/>\n<meta name=\"twitter:label1\" content=\"Tiempo de lectura\" \/>\n\t<meta name=\"twitter:data1\" content=\"2 minutos\" \/>\n<script type=\"application\/ld+json\" class=\"yoast-schema-graph\">{\"@context\":\"https:\\\/\\\/schema.org\",\"@graph\":[{\"@type\":\"WebPage\",\"@id\":\"https:\\\/\\\/palitrochestore.com.mx\\\/?product=s-h-figuarts-son-goku-criado-en-la-tierra\",\"url\":\"https:\\\/\\\/palitrochestore.com.mx\\\/?product=s-h-figuarts-son-goku-criado-en-la-tierra\",\"name\":\"S.H.Figuarts Son Goku Criado en la Tierra - Palitroche Store\",\"isPartOf\":{\"@id\":\"https:\\\/\\\/palitrochestore.com.mx\\\/#website\"},\"primaryImageOfPage\":{\"@id\":\"https:\\\/\\\/palitrochestore.com.mx\\\/?product=s-h-figuarts-son-goku-criado-en-la-tierra#primaryimage\"},\"image\":{\"@id\":\"https:\\\/\\\/palitrochestore.com.mx\\\/?product=s-h-figuarts-son-goku-criado-en-la-tierra#primaryimage\"},\"thumbnailUrl\":\"https:\\\/\\\/palitrochestore.com.mx\\\/wp-content\\\/uploads\\\/2023\\\/11\\\/4573102555403-1.jpg\",\"datePublished\":\"2025-10-01T03:18:28+00:00\",\"dateModified\":\"2026-02-19T21:18:36+00:00\",\"breadcrumb\":{\"@id\":\"https:\\\/\\\/palitrochestore.com.mx\\\/?product=s-h-figuarts-son-goku-criado-en-la-tierra#breadcrumb\"},\"inLanguage\":\"es\",\"potentialAction\":[{\"@type\":\"ReadAction\",\"target\":[\"https:\\\/\\\/palitrochestore.com.mx\\\/?product=s-h-figuarts-son-goku-criado-en-la-tierra\"]}]},{\"@type\":\"ImageObject\",\"inLanguage\":\"es\",\"@id\":\"https:\\\/\\\/palitrochestore.com.mx\\\/?product=s-h-figuarts-son-goku-criado-en-la-tierra#primaryimage\",\"url\":\"https:\\\/\\\/palitrochestore.com.mx\\\/wp-content\\\/uploads\\\/2023\\\/11\\\/4573102555403-1.jpg\",\"contentUrl\":\"https:\\\/\\\/palitrochestore.com.mx\\\/wp-content\\\/uploads\\\/2023\\\/11\\\/4573102555403-1.jpg\",\"width\":2160,\"height\":2160},{\"@type\":\"BreadcrumbList\",\"@id\":\"https:\\\/\\\/palitrochestore.com.mx\\\/?product=s-h-figuarts-son-goku-criado-en-la-tierra#breadcrumb\",\"itemListElement\":[{\"@type\":\"ListItem\",\"position\":1,\"name\":\"Home\",\"item\":\"https:\\\/\\\/palitrochestore.com.mx\\\/\"},{\"@type\":\"ListItem\",\"position\":2,\"name\":\"Shop\",\"item\":\"https:\\\/\\\/palitrochestore.com.mx\\\/?page_id=21686\"},{\"@type\":\"ListItem\",\"position\":3,\"name\":\"S.H.Figuarts Son Goku Criado en la Tierra\"}]},{\"@type\":\"WebSite\",\"@id\":\"https:\\\/\\\/palitrochestore.com.mx\\\/#website\",\"url\":\"https:\\\/\\\/palitrochestore.com.mx\\\/\",\"name\":\"Palitroche Store\",\"description\":\"Tienda f\u00edsica y online para comprar figuras de anime en M\u00e9xico, figuras originales coleccionables Bandai y S.H.Figuarts y tambi\u00e9n TCG como One Piece y Pok\u00e9mon TCG en CDMX\",\"publisher\":{\"@id\":\"https:\\\/\\\/palitrochestore.com.mx\\\/#organization\"},\"potentialAction\":[{\"@type\":\"SearchAction\",\"target\":{\"@type\":\"EntryPoint\",\"urlTemplate\":\"https:\\\/\\\/palitrochestore.com.mx\\\/?s={search_term_string}\"},\"query-input\":{\"@type\":\"PropertyValueSpecification\",\"valueRequired\":true,\"valueName\":\"search_term_string\"}}],\"inLanguage\":\"es\"},{\"@type\":\"Organization\",\"@id\":\"https:\\\/\\\/palitrochestore.com.mx\\\/#organization\",\"name\":\"Palitroche Store\",\"url\":\"https:\\\/\\\/palitrochestore.com.mx\\\/\",\"logo\":{\"@type\":\"ImageObject\",\"inLanguage\":\"es\",\"@id\":\"https:\\\/\\\/palitrochestore.com.mx\\\/#\\\/schema\\\/logo\\\/image\\\/\",\"url\":\"https:\\\/\\\/palitrochestore.com.mx\\\/wp-content\\\/uploads\\\/2025\\\/12\\\/cropped-LOGO_PALI_2025-1.png\",\"contentUrl\":\"https:\\\/\\\/palitrochestore.com.mx\\\/wp-content\\\/uploads\\\/2025\\\/12\\\/cropped-LOGO_PALI_2025-1.png\",\"width\":2117,\"height\":1572,\"caption\":\"Palitroche Store\"},\"image\":{\"@id\":\"https:\\\/\\\/palitrochestore.com.mx\\\/#\\\/schema\\\/logo\\\/image\\\/\"}}]}<\/script>\n<!-- \/ Yoast SEO plugin. -->","yoast_head_json":{"title":"S.H.Figuarts Son Goku Criado en la Tierra - Palitroche Store","robots":{"index":"index","follow":"follow","max-snippet":"max-snippet:-1","max-image-preview":"max-image-preview:large","max-video-preview":"max-video-preview:-1"},"canonical":"https:\/\/palitrochestore.com.mx\/?product=s-h-figuarts-son-goku-criado-en-la-tierra","og_locale":"es_ES","og_type":"article","og_title":"S.H.Figuarts Son Goku Criado en la Tierra - Palitroche Store","og_description":"En Palitroche Toys, estamos emocionados de anunciar la llegada de una pieza imprescindible para los aficionados de Dragon Ball: la figura S.H.Figuarts Son Goku &#8211; Saiyan Raised on Earth, de la aclamada marca Tamashii Nations. Esta figura captura a la perfecci\u00f3n el esp\u00edritu y la esencia del querido Saiyan criado en la Tierra, Son Goku, [&hellip;]","og_url":"https:\/\/palitrochestore.com.mx\/?product=s-h-figuarts-son-goku-criado-en-la-tierra","og_site_name":"Palitroche Store","article_modified_time":"2026-02-19T21:18:36+00:00","og_image":[{"width":2160,"height":2160,"url":"https:\/\/palitrochestore.com.mx\/wp-content\/uploads\/2023\/11\/4573102555403-1.jpg","type":"image\/jpeg"}],"twitter_card":"summary_large_image","twitter_misc":{"Tiempo de lectura":"2 minutos"},"schema":{"@context":"https:\/\/schema.org","@graph":[{"@type":"WebPage","@id":"https:\/\/palitrochestore.com.mx\/?product=s-h-figuarts-son-goku-criado-en-la-tierra","url":"https:\/\/palitrochestore.com.mx\/?product=s-h-figuarts-son-goku-criado-en-la-tierra","name":"S.H.Figuarts Son Goku Criado en la Tierra - Palitroche Store","isPartOf":{"@id":"https:\/\/palitrochestore.com.mx\/#website"},"primaryImageOfPage":{"@id":"https:\/\/palitrochestore.com.mx\/?product=s-h-figuarts-son-goku-criado-en-la-tierra#primaryimage"},"image":{"@id":"https:\/\/palitrochestore.com.mx\/?product=s-h-figuarts-son-goku-criado-en-la-tierra#primaryimage"},"thumbnailUrl":"https:\/\/palitrochestore.com.mx\/wp-content\/uploads\/2023\/11\/4573102555403-1.jpg","datePublished":"2025-10-01T03:18:28+00:00","dateModified":"2026-02-19T21:18:36+00:00","breadcrumb":{"@id":"https:\/\/palitrochestore.com.mx\/?product=s-h-figuarts-son-goku-criado-en-la-tierra#breadcrumb"},"inLanguage":"es","potentialAction":[{"@type":"ReadAction","target":["https:\/\/palitrochestore.com.mx\/?product=s-h-figuarts-son-goku-criado-en-la-tierra"]}]},{"@type":"ImageObject","inLanguage":"es","@id":"https:\/\/palitrochestore.com.mx\/?product=s-h-figuarts-son-goku-criado-en-la-tierra#primaryimage","url":"https:\/\/palitrochestore.com.mx\/wp-content\/uploads\/2023\/11\/4573102555403-1.jpg","contentUrl":"https:\/\/palitrochestore.com.mx\/wp-content\/uploads\/2023\/11\/4573102555403-1.jpg","width":2160,"height":2160},{"@type":"BreadcrumbList","@id":"https:\/\/palitrochestore.com.mx\/?product=s-h-figuarts-son-goku-criado-en-la-tierra#breadcrumb","itemListElement":[{"@type":"ListItem","position":1,"name":"Home","item":"https:\/\/palitrochestore.com.mx\/"},{"@type":"ListItem","position":2,"name":"Shop","item":"https:\/\/palitrochestore.com.mx\/?page_id=21686"},{"@type":"ListItem","position":3,"name":"S.H.Figuarts Son Goku Criado en la Tierra"}]},{"@type":"WebSite","@id":"https:\/\/palitrochestore.com.mx\/#website","url":"https:\/\/palitrochestore.com.mx\/","name":"Palitroche Store","description":"Tienda f\u00edsica y online para comprar figuras de anime en M\u00e9xico, figuras originales coleccionables Bandai y S.H.Figuarts y tambi\u00e9n TCG como One Piece y Pok\u00e9mon TCG en CDMX","publisher":{"@id":"https:\/\/palitrochestore.com.mx\/#organization"},"potentialAction":[{"@type":"SearchAction","target":{"@type":"EntryPoint","urlTemplate":"https:\/\/palitrochestore.com.mx\/?s={search_term_string}"},"query-input":{"@type":"PropertyValueSpecification","valueRequired":true,"valueName":"search_term_string"}}],"inLanguage":"es"},{"@type":"Organization","@id":"https:\/\/palitrochestore.com.mx\/#organization","name":"Palitroche Store","url":"https:\/\/palitrochestore.com.mx\/","logo":{"@type":"ImageObject","inLanguage":"es","@id":"https:\/\/palitrochestore.com.mx\/#\/schema\/logo\/image\/","url":"https:\/\/palitrochestore.com.mx\/wp-content\/uploads\/2025\/12\/cropped-LOGO_PALI_2025-1.png","contentUrl":"https:\/\/palitrochestore.com.mx\/wp-content\/uploads\/2025\/12\/cropped-LOGO_PALI_2025-1.png","width":2117,"height":1572,"caption":"Palitroche Store"},"image":{"@id":"https:\/\/palitrochestore.com.mx\/#\/schema\/logo\/image\/"}}]}},"_links":{"self":[{"href":"https:\/\/palitrochestore.com.mx\/index.php?rest_route=\/wp\/v2\/product\/17021","targetHints":{"allow":["GET"]}}],"collection":[{"href":"https:\/\/palitrochestore.com.mx\/index.php?rest_route=\/wp\/v2\/product"}],"about":[{"href":"https:\/\/palitrochestore.com.mx\/index.php?rest_route=\/wp\/v2\/types\/product"}],"replies":[{"embeddable":true,"href":"https:\/\/palitrochestore.com.mx\/index.php?rest_route=%2Fwp%2Fv2%2Fcomments&post=17021"}],"version-history":[{"count":1,"href":"https:\/\/palitrochestore.com.mx\/index.php?rest_route=\/wp\/v2\/product\/17021\/revisions"}],"predecessor-version":[{"id":17022,"href":"https:\/\/palitrochestore.com.mx\/index.php?rest_route=\/wp\/v2\/product\/17021\/revisions\/17022"}],"wp:featuredmedia":[{"embeddable":true,"href":"https:\/\/palitrochestore.com.mx\/index.php?rest_route=\/wp\/v2\/media\/8696"}],"wp:attachment":[{"href":"https:\/\/palitrochestore.com.mx\/index.php?rest_route=%2Fwp%2Fv2%2Fmedia&parent=17021"}],"wp:term":[{"taxonomy":"product_brand","embeddable":true,"href":"https:\/\/palitrochestore.com.mx\/index.php?rest_route=%2Fwp%2Fv2%2Fproduct_brand&post=17021"},{"taxonomy":"product_cat","embeddable":true,"href":"https:\/\/palitrochestore.com.mx\/index.php?rest_route=%2Fwp%2Fv2%2Fproduct_cat&post=17021"},{"taxonomy":"product_tag","embeddable":true,"href":"https:\/\/palitrochestore.com.mx\/index.php?rest_route=%2Fwp%2Fv2%2Fproduct_tag&post=17021"}],"curies":[{"name":"wp","href":"https:\/\/api.w.org\/{rel}","templated":true}]}}