{"id":16653,"date":"2025-09-04T17:33:58","date_gmt":"2025-09-04T23:33:58","guid":{"rendered":"https:\/\/palitrochestore.com.mx\/product\/gundam-aerial-the-robot-spirit-15th-anniversary\/"},"modified":"2026-03-21T15:53:02","modified_gmt":"2026-03-21T21:53:02","slug":"gundam-aerial-the-robot-spirit-15th-anniversary","status":"publish","type":"product","link":"https:\/\/palitrochestore.com.mx\/?product=gundam-aerial-the-robot-spirit-15th-anniversary","title":{"rendered":"Gundam Aerial The Robot Spirit 15th Anniversary"},"content":{"rendered":"<p>Revive la emoci\u00f3n de <strong>Mobile Suit Gundam: The Witch from Mercury<\/strong> con la figura <strong>Gundam Aerial<\/strong> en su versi\u00f3n <strong>The Robot Spirit 15th Anniversary<\/strong>. Una pieza imprescindible para coleccionistas que buscan calidad y detalle en cada \u00e1ngulo.<\/p>\n<p>Fabricada por <strong>Bandai<\/strong>, esta figura celebra 15 a\u00f1os de excelencia en The Robot Spirit, ofreciendo articulaciones din\u00e1micas y acabados espectaculares. Disponible en <strong>Palitroche Toys<\/strong>, tu tienda de coleccionismo en M\u00e9xico.<\/p>\n<ul>\n<li>Figura altamente detallada del Gundam Aerial<\/li>\n<li>Edici\u00f3n especial 15th Anniversary de The Robot Spirit<\/li>\n<li>Amplia articulaci\u00f3n para poses din\u00e1micas<\/li>\n<li>Incluye accesorios intercambiables<\/li>\n<li>Calidad de fabricaci\u00f3n Bandai Tamashii Nations<\/li>\n<\/ul>\n<p><strong>Compra en palitrochestore.com.mx<\/strong> y disfruta de:<\/p>\n<ul>\n<li>Env\u00edo r\u00e1pido y seguro a todo M\u00e9xico<\/li>\n<li>Atenci\u00f3n personalizada a coleccionistas<\/li>\n<li>Compra 100% protegida y confiable<\/li>\n<\/ul>\n","protected":false},"excerpt":{"rendered":"<p>Revive la emoci\u00f3n de Mobile Suit Gundam: The Witch from Mercury con la figura Gundam Aerial en su versi\u00f3n The Robot Spirit 15th Anniversary. Una pieza imprescindible para coleccionistas que buscan calidad y detalle en cada \u00e1ngulo. Fabricada por Bandai, esta figura celebra 15 a\u00f1os de excelencia en The Robot Spirit, ofreciendo articulaciones din\u00e1micas y [&hellip;]<\/p>\n","protected":false},"featured_media":16641,"comment_status":"open","ping_status":"closed","template":"","meta":{"site-sidebar-layout":"default","site-content-layout":"","ast-site-content-layout":"default","site-content-style":"default","site-sidebar-style":"default","ast-global-header-display":"","ast-banner-title-visibility":"","ast-main-header-display":"","ast-hfb-above-header-display":"","ast-hfb-below-header-display":"","ast-hfb-mobile-header-display":"","site-post-title":"","ast-breadcrumbs-content":"","ast-featured-img":"","footer-sml-layout":"","ast-disable-related-posts":"","theme-transparent-header-meta":"","adv-header-id-meta":"","stick-header-meta":"","header-above-stick-meta":"","header-main-stick-meta":"","header-below-stick-meta":"","astra-migrate-meta-layouts":"default","ast-page-background-enabled":"default","ast-page-background-meta":{"desktop":{"background-color":"","background-image":"","background-repeat":"repeat","background-position":"center center","background-size":"auto","background-attachment":"scroll","background-type":"","background-media":"","overlay-type":"","overlay-color":"","overlay-opacity":"","overlay-gradient":""},"tablet":{"background-color":"","background-image":"","background-repeat":"repeat","background-position":"center center","background-size":"auto","background-attachment":"scroll","background-type":"","background-media":"","overlay-type":"","overlay-color":"","overlay-opacity":"","overlay-gradient":""},"mobile":{"background-color":"","background-image":"","background-repeat":"repeat","background-position":"center center","background-size":"auto","background-attachment":"scroll","background-type":"","background-media":"","overlay-type":"","overlay-color":"","overlay-opacity":"","overlay-gradient":""}},"ast-content-background-meta":{"desktop":{"background-color":"var(--ast-global-color-5)","background-image":"","background-repeat":"repeat","background-position":"center center","background-size":"auto","background-attachment":"scroll","background-type":"","background-media":"","overlay-type":"","overlay-color":"","overlay-opacity":"","overlay-gradient":""},"tablet":{"background-color":"var(--ast-global-color-5)","background-image":"","background-repeat":"repeat","background-position":"center center","background-size":"auto","background-attachment":"scroll","background-type":"","background-media":"","overlay-type":"","overlay-color":"","overlay-opacity":"","overlay-gradient":""},"mobile":{"background-color":"var(--ast-global-color-5)","background-image":"","background-repeat":"repeat","background-position":"center center","background-size":"auto","background-attachment":"scroll","background-type":"","background-media":"","overlay-type":"","overlay-color":"","overlay-opacity":"","overlay-gradient":""}}},"product_brand":[],"product_cat":[39],"product_tag":[296],"class_list":{"0":"post-16653","1":"product","2":"type-product","3":"status-publish","4":"has-post-thumbnail","6":"product_cat-todas","7":"product_tag-figuras","8":"desktop-align-center","9":"tablet-align-center","10":"mobile-align-center","12":"first","13":"outofstock","14":"sold-individually","15":"shipping-taxable","16":"purchasable","17":"product-type-simple"},"yoast_head":"<!-- This site is optimized with the Yoast SEO plugin v27.3 - https:\/\/yoast.com\/product\/yoast-seo-wordpress\/ -->\n<title>Gundam Aerial The Robot Spirit 15th Anniversary - Palitroche Store<\/title>\n<meta name=\"robots\" content=\"index, follow, max-snippet:-1, max-image-preview:large, max-video-preview:-1\" \/>\n<link rel=\"canonical\" href=\"https:\/\/palitrochestore.com.mx\/?product=gundam-aerial-the-robot-spirit-15th-anniversary\" \/>\n<meta property=\"og:locale\" content=\"es_ES\" \/>\n<meta property=\"og:type\" content=\"article\" \/>\n<meta property=\"og:title\" content=\"Gundam Aerial The Robot Spirit 15th Anniversary - Palitroche Store\" \/>\n<meta property=\"og:description\" content=\"Revive la emoci\u00f3n de Mobile Suit Gundam: The Witch from Mercury con la figura Gundam Aerial en su versi\u00f3n The Robot Spirit 15th Anniversary. Una pieza imprescindible para coleccionistas que buscan calidad y detalle en cada \u00e1ngulo. Fabricada por Bandai, esta figura celebra 15 a\u00f1os de excelencia en The Robot Spirit, ofreciendo articulaciones din\u00e1micas y [&hellip;]\" \/>\n<meta property=\"og:url\" content=\"https:\/\/palitrochestore.com.mx\/?product=gundam-aerial-the-robot-spirit-15th-anniversary\" \/>\n<meta property=\"og:site_name\" content=\"Palitroche Store\" \/>\n<meta property=\"article:modified_time\" content=\"2026-03-21T21:53:02+00:00\" \/>\n<meta property=\"og:image\" content=\"https:\/\/palitrochestore.com.mx\/wp-content\/uploads\/2025\/09\/4573102655264-1.webp\" \/>\n\t<meta property=\"og:image:width\" content=\"1200\" \/>\n\t<meta property=\"og:image:height\" content=\"1200\" \/>\n\t<meta property=\"og:image:type\" content=\"image\/webp\" \/>\n<meta name=\"twitter:card\" content=\"summary_large_image\" \/>\n<meta name=\"twitter:label1\" content=\"Tiempo de lectura\" \/>\n\t<meta name=\"twitter:data1\" content=\"1 minuto\" \/>\n<script type=\"application\/ld+json\" class=\"yoast-schema-graph\">{\"@context\":\"https:\\\/\\\/schema.org\",\"@graph\":[{\"@type\":\"WebPage\",\"@id\":\"https:\\\/\\\/palitrochestore.com.mx\\\/?product=gundam-aerial-the-robot-spirit-15th-anniversary\",\"url\":\"https:\\\/\\\/palitrochestore.com.mx\\\/?product=gundam-aerial-the-robot-spirit-15th-anniversary\",\"name\":\"Gundam Aerial The Robot Spirit 15th Anniversary - Palitroche Store\",\"isPartOf\":{\"@id\":\"https:\\\/\\\/palitrochestore.com.mx\\\/#website\"},\"primaryImageOfPage\":{\"@id\":\"https:\\\/\\\/palitrochestore.com.mx\\\/?product=gundam-aerial-the-robot-spirit-15th-anniversary#primaryimage\"},\"image\":{\"@id\":\"https:\\\/\\\/palitrochestore.com.mx\\\/?product=gundam-aerial-the-robot-spirit-15th-anniversary#primaryimage\"},\"thumbnailUrl\":\"https:\\\/\\\/palitrochestore.com.mx\\\/wp-content\\\/uploads\\\/2025\\\/09\\\/4573102655264-1.webp\",\"datePublished\":\"2025-09-04T23:33:58+00:00\",\"dateModified\":\"2026-03-21T21:53:02+00:00\",\"breadcrumb\":{\"@id\":\"https:\\\/\\\/palitrochestore.com.mx\\\/?product=gundam-aerial-the-robot-spirit-15th-anniversary#breadcrumb\"},\"inLanguage\":\"es\",\"potentialAction\":[{\"@type\":\"ReadAction\",\"target\":[\"https:\\\/\\\/palitrochestore.com.mx\\\/?product=gundam-aerial-the-robot-spirit-15th-anniversary\"]}]},{\"@type\":\"ImageObject\",\"inLanguage\":\"es\",\"@id\":\"https:\\\/\\\/palitrochestore.com.mx\\\/?product=gundam-aerial-the-robot-spirit-15th-anniversary#primaryimage\",\"url\":\"https:\\\/\\\/palitrochestore.com.mx\\\/wp-content\\\/uploads\\\/2025\\\/09\\\/4573102655264-1.webp\",\"contentUrl\":\"https:\\\/\\\/palitrochestore.com.mx\\\/wp-content\\\/uploads\\\/2025\\\/09\\\/4573102655264-1.webp\",\"width\":1200,\"height\":1200},{\"@type\":\"BreadcrumbList\",\"@id\":\"https:\\\/\\\/palitrochestore.com.mx\\\/?product=gundam-aerial-the-robot-spirit-15th-anniversary#breadcrumb\",\"itemListElement\":[{\"@type\":\"ListItem\",\"position\":1,\"name\":\"Home\",\"item\":\"https:\\\/\\\/palitrochestore.com.mx\\\/\"},{\"@type\":\"ListItem\",\"position\":2,\"name\":\"Shop\",\"item\":\"https:\\\/\\\/palitrochestore.com.mx\\\/?page_id=21686\"},{\"@type\":\"ListItem\",\"position\":3,\"name\":\"Gundam Aerial The Robot Spirit 15th Anniversary\"}]},{\"@type\":\"WebSite\",\"@id\":\"https:\\\/\\\/palitrochestore.com.mx\\\/#website\",\"url\":\"https:\\\/\\\/palitrochestore.com.mx\\\/\",\"name\":\"Palitroche Store\",\"description\":\"Tienda f\u00edsica y online para comprar figuras de anime en M\u00e9xico, figuras originales coleccionables Bandai y S.H.Figuarts y tambi\u00e9n TCG como One Piece y Pok\u00e9mon TCG en CDMX\",\"publisher\":{\"@id\":\"https:\\\/\\\/palitrochestore.com.mx\\\/#organization\"},\"potentialAction\":[{\"@type\":\"SearchAction\",\"target\":{\"@type\":\"EntryPoint\",\"urlTemplate\":\"https:\\\/\\\/palitrochestore.com.mx\\\/?s={search_term_string}\"},\"query-input\":{\"@type\":\"PropertyValueSpecification\",\"valueRequired\":true,\"valueName\":\"search_term_string\"}}],\"inLanguage\":\"es\"},{\"@type\":\"Organization\",\"@id\":\"https:\\\/\\\/palitrochestore.com.mx\\\/#organization\",\"name\":\"Palitroche Store\",\"url\":\"https:\\\/\\\/palitrochestore.com.mx\\\/\",\"logo\":{\"@type\":\"ImageObject\",\"inLanguage\":\"es\",\"@id\":\"https:\\\/\\\/palitrochestore.com.mx\\\/#\\\/schema\\\/logo\\\/image\\\/\",\"url\":\"https:\\\/\\\/palitrochestore.com.mx\\\/wp-content\\\/uploads\\\/2025\\\/12\\\/cropped-LOGO_PALI_2025-1.png\",\"contentUrl\":\"https:\\\/\\\/palitrochestore.com.mx\\\/wp-content\\\/uploads\\\/2025\\\/12\\\/cropped-LOGO_PALI_2025-1.png\",\"width\":2117,\"height\":1572,\"caption\":\"Palitroche Store\"},\"image\":{\"@id\":\"https:\\\/\\\/palitrochestore.com.mx\\\/#\\\/schema\\\/logo\\\/image\\\/\"}}]}<\/script>\n<!-- \/ Yoast SEO plugin. -->","yoast_head_json":{"title":"Gundam Aerial The Robot Spirit 15th Anniversary - Palitroche Store","robots":{"index":"index","follow":"follow","max-snippet":"max-snippet:-1","max-image-preview":"max-image-preview:large","max-video-preview":"max-video-preview:-1"},"canonical":"https:\/\/palitrochestore.com.mx\/?product=gundam-aerial-the-robot-spirit-15th-anniversary","og_locale":"es_ES","og_type":"article","og_title":"Gundam Aerial The Robot Spirit 15th Anniversary - Palitroche Store","og_description":"Revive la emoci\u00f3n de Mobile Suit Gundam: The Witch from Mercury con la figura Gundam Aerial en su versi\u00f3n The Robot Spirit 15th Anniversary. Una pieza imprescindible para coleccionistas que buscan calidad y detalle en cada \u00e1ngulo. Fabricada por Bandai, esta figura celebra 15 a\u00f1os de excelencia en The Robot Spirit, ofreciendo articulaciones din\u00e1micas y [&hellip;]","og_url":"https:\/\/palitrochestore.com.mx\/?product=gundam-aerial-the-robot-spirit-15th-anniversary","og_site_name":"Palitroche Store","article_modified_time":"2026-03-21T21:53:02+00:00","og_image":[{"width":1200,"height":1200,"url":"https:\/\/palitrochestore.com.mx\/wp-content\/uploads\/2025\/09\/4573102655264-1.webp","type":"image\/webp"}],"twitter_card":"summary_large_image","twitter_misc":{"Tiempo de lectura":"1 minuto"},"schema":{"@context":"https:\/\/schema.org","@graph":[{"@type":"WebPage","@id":"https:\/\/palitrochestore.com.mx\/?product=gundam-aerial-the-robot-spirit-15th-anniversary","url":"https:\/\/palitrochestore.com.mx\/?product=gundam-aerial-the-robot-spirit-15th-anniversary","name":"Gundam Aerial The Robot Spirit 15th Anniversary - Palitroche Store","isPartOf":{"@id":"https:\/\/palitrochestore.com.mx\/#website"},"primaryImageOfPage":{"@id":"https:\/\/palitrochestore.com.mx\/?product=gundam-aerial-the-robot-spirit-15th-anniversary#primaryimage"},"image":{"@id":"https:\/\/palitrochestore.com.mx\/?product=gundam-aerial-the-robot-spirit-15th-anniversary#primaryimage"},"thumbnailUrl":"https:\/\/palitrochestore.com.mx\/wp-content\/uploads\/2025\/09\/4573102655264-1.webp","datePublished":"2025-09-04T23:33:58+00:00","dateModified":"2026-03-21T21:53:02+00:00","breadcrumb":{"@id":"https:\/\/palitrochestore.com.mx\/?product=gundam-aerial-the-robot-spirit-15th-anniversary#breadcrumb"},"inLanguage":"es","potentialAction":[{"@type":"ReadAction","target":["https:\/\/palitrochestore.com.mx\/?product=gundam-aerial-the-robot-spirit-15th-anniversary"]}]},{"@type":"ImageObject","inLanguage":"es","@id":"https:\/\/palitrochestore.com.mx\/?product=gundam-aerial-the-robot-spirit-15th-anniversary#primaryimage","url":"https:\/\/palitrochestore.com.mx\/wp-content\/uploads\/2025\/09\/4573102655264-1.webp","contentUrl":"https:\/\/palitrochestore.com.mx\/wp-content\/uploads\/2025\/09\/4573102655264-1.webp","width":1200,"height":1200},{"@type":"BreadcrumbList","@id":"https:\/\/palitrochestore.com.mx\/?product=gundam-aerial-the-robot-spirit-15th-anniversary#breadcrumb","itemListElement":[{"@type":"ListItem","position":1,"name":"Home","item":"https:\/\/palitrochestore.com.mx\/"},{"@type":"ListItem","position":2,"name":"Shop","item":"https:\/\/palitrochestore.com.mx\/?page_id=21686"},{"@type":"ListItem","position":3,"name":"Gundam Aerial The Robot Spirit 15th Anniversary"}]},{"@type":"WebSite","@id":"https:\/\/palitrochestore.com.mx\/#website","url":"https:\/\/palitrochestore.com.mx\/","name":"Palitroche Store","description":"Tienda f\u00edsica y online para comprar figuras de anime en M\u00e9xico, figuras originales coleccionables Bandai y S.H.Figuarts y tambi\u00e9n TCG como One Piece y Pok\u00e9mon TCG en CDMX","publisher":{"@id":"https:\/\/palitrochestore.com.mx\/#organization"},"potentialAction":[{"@type":"SearchAction","target":{"@type":"EntryPoint","urlTemplate":"https:\/\/palitrochestore.com.mx\/?s={search_term_string}"},"query-input":{"@type":"PropertyValueSpecification","valueRequired":true,"valueName":"search_term_string"}}],"inLanguage":"es"},{"@type":"Organization","@id":"https:\/\/palitrochestore.com.mx\/#organization","name":"Palitroche Store","url":"https:\/\/palitrochestore.com.mx\/","logo":{"@type":"ImageObject","inLanguage":"es","@id":"https:\/\/palitrochestore.com.mx\/#\/schema\/logo\/image\/","url":"https:\/\/palitrochestore.com.mx\/wp-content\/uploads\/2025\/12\/cropped-LOGO_PALI_2025-1.png","contentUrl":"https:\/\/palitrochestore.com.mx\/wp-content\/uploads\/2025\/12\/cropped-LOGO_PALI_2025-1.png","width":2117,"height":1572,"caption":"Palitroche Store"},"image":{"@id":"https:\/\/palitrochestore.com.mx\/#\/schema\/logo\/image\/"}}]}},"_links":{"self":[{"href":"https:\/\/palitrochestore.com.mx\/index.php?rest_route=\/wp\/v2\/product\/16653","targetHints":{"allow":["GET"]}}],"collection":[{"href":"https:\/\/palitrochestore.com.mx\/index.php?rest_route=\/wp\/v2\/product"}],"about":[{"href":"https:\/\/palitrochestore.com.mx\/index.php?rest_route=\/wp\/v2\/types\/product"}],"replies":[{"embeddable":true,"href":"https:\/\/palitrochestore.com.mx\/index.php?rest_route=%2Fwp%2Fv2%2Fcomments&post=16653"}],"version-history":[{"count":0,"href":"https:\/\/palitrochestore.com.mx\/index.php?rest_route=\/wp\/v2\/product\/16653\/revisions"}],"wp:featuredmedia":[{"embeddable":true,"href":"https:\/\/palitrochestore.com.mx\/index.php?rest_route=\/wp\/v2\/media\/16641"}],"wp:attachment":[{"href":"https:\/\/palitrochestore.com.mx\/index.php?rest_route=%2Fwp%2Fv2%2Fmedia&parent=16653"}],"wp:term":[{"taxonomy":"product_brand","embeddable":true,"href":"https:\/\/palitrochestore.com.mx\/index.php?rest_route=%2Fwp%2Fv2%2Fproduct_brand&post=16653"},{"taxonomy":"product_cat","embeddable":true,"href":"https:\/\/palitrochestore.com.mx\/index.php?rest_route=%2Fwp%2Fv2%2Fproduct_cat&post=16653"},{"taxonomy":"product_tag","embeddable":true,"href":"https:\/\/palitrochestore.com.mx\/index.php?rest_route=%2Fwp%2Fv2%2Fproduct_tag&post=16653"}],"curies":[{"name":"wp","href":"https:\/\/api.w.org\/{rel}","templated":true}]}}