{"id":16554,"date":"2025-08-28T12:50:57","date_gmt":"2025-08-28T18:50:57","guid":{"rendered":"https:\/\/palitrochestore.com.mx\/product\/apartado-preventa-scmex-aquarius-hyoga-inheritor-of-the-gold-cloth\/"},"modified":"2026-03-11T16:01:00","modified_gmt":"2026-03-11T22:01:00","slug":"apartado-preventa-scmex-aquarius-hyoga-inheritor-of-the-gold-cloth","status":"publish","type":"product","link":"https:\/\/palitrochestore.com.mx\/?product=apartado-preventa-scmex-aquarius-hyoga-inheritor-of-the-gold-cloth","title":{"rendered":"Myth Cloth EX Aquarius Hyoga Inheritor Of The Gold Cloth"},"content":{"rendered":"<p>Revive la grandeza de Saint Seiya con la figura <strong>Scmex Aquarius Hyoga<\/strong>, una representaci\u00f3n impresionante del Caballero del Hielo como heredero de la Armadura Dorada de Acuario. Fabricada con gran detalle y acabados de alta calidad, es una pieza que ning\u00fan coleccionista puede dejar pasar.<\/p>\n<p>La figura <strong>Inheritor Of The Gold Cloth<\/strong> es un tributo a la saga que marc\u00f3 a generaciones. Disponible en Palitroche Toys, la mejor tienda de figuras en M\u00e9xico, es tu oportunidad de a\u00f1adir una pieza exclusiva y aut\u00e9ntica a tu colecci\u00f3n.<\/p>\n<ul>\n<li>Figura altamente detallada basada en Saint Seiya<\/li>\n<li>Incluye accesorios intercambiables<\/li>\n<li>Excelente calidad en pintura y acabados<\/li>\n<li>Material resistente y duradero<\/li>\n<li>Ideal para exhibici\u00f3n de coleccionistas<\/li>\n<\/ul>\n<p><strong>Compra en palitrochestore.com.mx y disfruta de:<\/strong><\/p>\n<ul>\n<li>Env\u00edo r\u00e1pido a todo M\u00e9xico<\/li>\n<li>Atenci\u00f3n personalizada en cada pedido<\/li>\n<li>Compra 100% segura y confiable<\/li>\n<\/ul>\n","protected":false},"excerpt":{"rendered":"<p>Revive la grandeza de Saint Seiya con la figura Scmex Aquarius Hyoga, una representaci\u00f3n impresionante del Caballero del Hielo como heredero de la Armadura Dorada de Acuario. Fabricada con gran detalle y acabados de alta calidad, es una pieza que ning\u00fan coleccionista puede dejar pasar. La figura Inheritor Of The Gold Cloth es un tributo [&hellip;]<\/p>\n","protected":false},"featured_media":16555,"comment_status":"open","ping_status":"closed","template":"","meta":{"site-sidebar-layout":"default","site-content-layout":"","ast-site-content-layout":"default","site-content-style":"default","site-sidebar-style":"default","ast-global-header-display":"","ast-banner-title-visibility":"","ast-main-header-display":"","ast-hfb-above-header-display":"","ast-hfb-below-header-display":"","ast-hfb-mobile-header-display":"","site-post-title":"","ast-breadcrumbs-content":"","ast-featured-img":"","footer-sml-layout":"","ast-disable-related-posts":"","theme-transparent-header-meta":"default","adv-header-id-meta":"","stick-header-meta":"","header-above-stick-meta":"","header-main-stick-meta":"","header-below-stick-meta":"","astra-migrate-meta-layouts":"set","ast-page-background-enabled":"default","ast-page-background-meta":{"desktop":{"background-color":"","background-image":"","background-repeat":"repeat","background-position":"center center","background-size":"auto","background-attachment":"scroll","background-type":"","background-media":"","overlay-type":"","overlay-color":"","overlay-opacity":"","overlay-gradient":""},"tablet":{"background-color":"","background-image":"","background-repeat":"repeat","background-position":"center center","background-size":"auto","background-attachment":"scroll","background-type":"","background-media":"","overlay-type":"","overlay-color":"","overlay-opacity":"","overlay-gradient":""},"mobile":{"background-color":"","background-image":"","background-repeat":"repeat","background-position":"center center","background-size":"auto","background-attachment":"scroll","background-type":"","background-media":"","overlay-type":"","overlay-color":"","overlay-opacity":"","overlay-gradient":""}},"ast-content-background-meta":{"desktop":{"background-color":"var(--ast-global-color-5)","background-image":"","background-repeat":"repeat","background-position":"center center","background-size":"auto","background-attachment":"scroll","background-type":"","background-media":"","overlay-type":"","overlay-color":"","overlay-opacity":"","overlay-gradient":""},"tablet":{"background-color":"var(--ast-global-color-5)","background-image":"","background-repeat":"repeat","background-position":"center center","background-size":"auto","background-attachment":"scroll","background-type":"","background-media":"","overlay-type":"","overlay-color":"","overlay-opacity":"","overlay-gradient":""},"mobile":{"background-color":"var(--ast-global-color-5)","background-image":"","background-repeat":"repeat","background-position":"center center","background-size":"auto","background-attachment":"scroll","background-type":"","background-media":"","overlay-type":"","overlay-color":"","overlay-opacity":"","overlay-gradient":""}}},"product_brand":[],"product_cat":[101,431,37,39],"product_tag":[296,282],"class_list":{"0":"post-16554","1":"product","2":"type-product","3":"status-publish","4":"has-post-thumbnail","6":"product_cat-anime","7":"product_cat-saint-seiya","8":"product_cat-tamashii-nations","9":"product_cat-todas","10":"product_tag-figuras","11":"product_tag-tamashii-nations","12":"desktop-align-center","13":"tablet-align-center","14":"mobile-align-center","16":"first","17":"instock","18":"sold-individually","19":"shipping-taxable","20":"purchasable","21":"product-type-simple"},"yoast_head":"<!-- This site is optimized with the Yoast SEO plugin v27.3 - https:\/\/yoast.com\/product\/yoast-seo-wordpress\/ -->\n<title>Myth Cloth EX Aquarius Hyoga Inheritor Of The Gold Cloth - Palitroche Store<\/title>\n<meta name=\"robots\" content=\"index, follow, max-snippet:-1, max-image-preview:large, max-video-preview:-1\" \/>\n<link rel=\"canonical\" href=\"https:\/\/palitrochestore.com.mx\/?product=apartado-preventa-scmex-aquarius-hyoga-inheritor-of-the-gold-cloth\" \/>\n<meta property=\"og:locale\" content=\"es_ES\" \/>\n<meta property=\"og:type\" content=\"article\" \/>\n<meta property=\"og:title\" content=\"Myth Cloth EX Aquarius Hyoga Inheritor Of The Gold Cloth - Palitroche Store\" \/>\n<meta property=\"og:description\" content=\"Revive la grandeza de Saint Seiya con la figura Scmex Aquarius Hyoga, una representaci\u00f3n impresionante del Caballero del Hielo como heredero de la Armadura Dorada de Acuario. Fabricada con gran detalle y acabados de alta calidad, es una pieza que ning\u00fan coleccionista puede dejar pasar. La figura Inheritor Of The Gold Cloth es un tributo [&hellip;]\" \/>\n<meta property=\"og:url\" content=\"https:\/\/palitrochestore.com.mx\/?product=apartado-preventa-scmex-aquarius-hyoga-inheritor-of-the-gold-cloth\" \/>\n<meta property=\"og:site_name\" content=\"Palitroche Store\" \/>\n<meta property=\"article:modified_time\" content=\"2026-03-11T22:01:00+00:00\" \/>\n<meta property=\"og:image\" content=\"https:\/\/palitrochestore.com.mx\/wp-content\/uploads\/2025\/08\/4573102675569-1.png\" \/>\n\t<meta property=\"og:image:width\" content=\"2000\" \/>\n\t<meta property=\"og:image:height\" content=\"2000\" \/>\n\t<meta property=\"og:image:type\" content=\"image\/png\" \/>\n<meta name=\"twitter:card\" content=\"summary_large_image\" \/>\n<meta name=\"twitter:label1\" content=\"Tiempo de lectura\" \/>\n\t<meta name=\"twitter:data1\" content=\"2 minutos\" \/>\n<script type=\"application\/ld+json\" class=\"yoast-schema-graph\">{\"@context\":\"https:\\\/\\\/schema.org\",\"@graph\":[{\"@type\":\"WebPage\",\"@id\":\"https:\\\/\\\/palitrochestore.com.mx\\\/?product=apartado-preventa-scmex-aquarius-hyoga-inheritor-of-the-gold-cloth\",\"url\":\"https:\\\/\\\/palitrochestore.com.mx\\\/?product=apartado-preventa-scmex-aquarius-hyoga-inheritor-of-the-gold-cloth\",\"name\":\"Myth Cloth EX Aquarius Hyoga Inheritor Of The Gold Cloth - Palitroche Store\",\"isPartOf\":{\"@id\":\"https:\\\/\\\/palitrochestore.com.mx\\\/#website\"},\"primaryImageOfPage\":{\"@id\":\"https:\\\/\\\/palitrochestore.com.mx\\\/?product=apartado-preventa-scmex-aquarius-hyoga-inheritor-of-the-gold-cloth#primaryimage\"},\"image\":{\"@id\":\"https:\\\/\\\/palitrochestore.com.mx\\\/?product=apartado-preventa-scmex-aquarius-hyoga-inheritor-of-the-gold-cloth#primaryimage\"},\"thumbnailUrl\":\"https:\\\/\\\/palitrochestore.com.mx\\\/wp-content\\\/uploads\\\/2025\\\/08\\\/4573102675569-1.png\",\"datePublished\":\"2025-08-28T18:50:57+00:00\",\"dateModified\":\"2026-03-11T22:01:00+00:00\",\"breadcrumb\":{\"@id\":\"https:\\\/\\\/palitrochestore.com.mx\\\/?product=apartado-preventa-scmex-aquarius-hyoga-inheritor-of-the-gold-cloth#breadcrumb\"},\"inLanguage\":\"es\",\"potentialAction\":[{\"@type\":\"ReadAction\",\"target\":[\"https:\\\/\\\/palitrochestore.com.mx\\\/?product=apartado-preventa-scmex-aquarius-hyoga-inheritor-of-the-gold-cloth\"]}]},{\"@type\":\"ImageObject\",\"inLanguage\":\"es\",\"@id\":\"https:\\\/\\\/palitrochestore.com.mx\\\/?product=apartado-preventa-scmex-aquarius-hyoga-inheritor-of-the-gold-cloth#primaryimage\",\"url\":\"https:\\\/\\\/palitrochestore.com.mx\\\/wp-content\\\/uploads\\\/2025\\\/08\\\/4573102675569-1.png\",\"contentUrl\":\"https:\\\/\\\/palitrochestore.com.mx\\\/wp-content\\\/uploads\\\/2025\\\/08\\\/4573102675569-1.png\",\"width\":2000,\"height\":2000},{\"@type\":\"BreadcrumbList\",\"@id\":\"https:\\\/\\\/palitrochestore.com.mx\\\/?product=apartado-preventa-scmex-aquarius-hyoga-inheritor-of-the-gold-cloth#breadcrumb\",\"itemListElement\":[{\"@type\":\"ListItem\",\"position\":1,\"name\":\"Home\",\"item\":\"https:\\\/\\\/palitrochestore.com.mx\\\/\"},{\"@type\":\"ListItem\",\"position\":2,\"name\":\"Shop\",\"item\":\"https:\\\/\\\/palitrochestore.com.mx\\\/?page_id=21686\"},{\"@type\":\"ListItem\",\"position\":3,\"name\":\"Myth Cloth EX Aquarius Hyoga Inheritor Of The Gold Cloth\"}]},{\"@type\":\"WebSite\",\"@id\":\"https:\\\/\\\/palitrochestore.com.mx\\\/#website\",\"url\":\"https:\\\/\\\/palitrochestore.com.mx\\\/\",\"name\":\"Palitroche Store\",\"description\":\"Tienda f\u00edsica y online para comprar figuras de anime en M\u00e9xico, figuras originales coleccionables Bandai y S.H.Figuarts y tambi\u00e9n TCG como One Piece y Pok\u00e9mon TCG en CDMX\",\"publisher\":{\"@id\":\"https:\\\/\\\/palitrochestore.com.mx\\\/#organization\"},\"potentialAction\":[{\"@type\":\"SearchAction\",\"target\":{\"@type\":\"EntryPoint\",\"urlTemplate\":\"https:\\\/\\\/palitrochestore.com.mx\\\/?s={search_term_string}\"},\"query-input\":{\"@type\":\"PropertyValueSpecification\",\"valueRequired\":true,\"valueName\":\"search_term_string\"}}],\"inLanguage\":\"es\"},{\"@type\":\"Organization\",\"@id\":\"https:\\\/\\\/palitrochestore.com.mx\\\/#organization\",\"name\":\"Palitroche Store\",\"url\":\"https:\\\/\\\/palitrochestore.com.mx\\\/\",\"logo\":{\"@type\":\"ImageObject\",\"inLanguage\":\"es\",\"@id\":\"https:\\\/\\\/palitrochestore.com.mx\\\/#\\\/schema\\\/logo\\\/image\\\/\",\"url\":\"https:\\\/\\\/palitrochestore.com.mx\\\/wp-content\\\/uploads\\\/2025\\\/12\\\/cropped-LOGO_PALI_2025-1.png\",\"contentUrl\":\"https:\\\/\\\/palitrochestore.com.mx\\\/wp-content\\\/uploads\\\/2025\\\/12\\\/cropped-LOGO_PALI_2025-1.png\",\"width\":2117,\"height\":1572,\"caption\":\"Palitroche Store\"},\"image\":{\"@id\":\"https:\\\/\\\/palitrochestore.com.mx\\\/#\\\/schema\\\/logo\\\/image\\\/\"}}]}<\/script>\n<!-- \/ Yoast SEO plugin. -->","yoast_head_json":{"title":"Myth Cloth EX Aquarius Hyoga Inheritor Of The Gold Cloth - Palitroche Store","robots":{"index":"index","follow":"follow","max-snippet":"max-snippet:-1","max-image-preview":"max-image-preview:large","max-video-preview":"max-video-preview:-1"},"canonical":"https:\/\/palitrochestore.com.mx\/?product=apartado-preventa-scmex-aquarius-hyoga-inheritor-of-the-gold-cloth","og_locale":"es_ES","og_type":"article","og_title":"Myth Cloth EX Aquarius Hyoga Inheritor Of The Gold Cloth - Palitroche Store","og_description":"Revive la grandeza de Saint Seiya con la figura Scmex Aquarius Hyoga, una representaci\u00f3n impresionante del Caballero del Hielo como heredero de la Armadura Dorada de Acuario. Fabricada con gran detalle y acabados de alta calidad, es una pieza que ning\u00fan coleccionista puede dejar pasar. La figura Inheritor Of The Gold Cloth es un tributo [&hellip;]","og_url":"https:\/\/palitrochestore.com.mx\/?product=apartado-preventa-scmex-aquarius-hyoga-inheritor-of-the-gold-cloth","og_site_name":"Palitroche Store","article_modified_time":"2026-03-11T22:01:00+00:00","og_image":[{"width":2000,"height":2000,"url":"https:\/\/palitrochestore.com.mx\/wp-content\/uploads\/2025\/08\/4573102675569-1.png","type":"image\/png"}],"twitter_card":"summary_large_image","twitter_misc":{"Tiempo de lectura":"2 minutos"},"schema":{"@context":"https:\/\/schema.org","@graph":[{"@type":"WebPage","@id":"https:\/\/palitrochestore.com.mx\/?product=apartado-preventa-scmex-aquarius-hyoga-inheritor-of-the-gold-cloth","url":"https:\/\/palitrochestore.com.mx\/?product=apartado-preventa-scmex-aquarius-hyoga-inheritor-of-the-gold-cloth","name":"Myth Cloth EX Aquarius Hyoga Inheritor Of The Gold Cloth - Palitroche Store","isPartOf":{"@id":"https:\/\/palitrochestore.com.mx\/#website"},"primaryImageOfPage":{"@id":"https:\/\/palitrochestore.com.mx\/?product=apartado-preventa-scmex-aquarius-hyoga-inheritor-of-the-gold-cloth#primaryimage"},"image":{"@id":"https:\/\/palitrochestore.com.mx\/?product=apartado-preventa-scmex-aquarius-hyoga-inheritor-of-the-gold-cloth#primaryimage"},"thumbnailUrl":"https:\/\/palitrochestore.com.mx\/wp-content\/uploads\/2025\/08\/4573102675569-1.png","datePublished":"2025-08-28T18:50:57+00:00","dateModified":"2026-03-11T22:01:00+00:00","breadcrumb":{"@id":"https:\/\/palitrochestore.com.mx\/?product=apartado-preventa-scmex-aquarius-hyoga-inheritor-of-the-gold-cloth#breadcrumb"},"inLanguage":"es","potentialAction":[{"@type":"ReadAction","target":["https:\/\/palitrochestore.com.mx\/?product=apartado-preventa-scmex-aquarius-hyoga-inheritor-of-the-gold-cloth"]}]},{"@type":"ImageObject","inLanguage":"es","@id":"https:\/\/palitrochestore.com.mx\/?product=apartado-preventa-scmex-aquarius-hyoga-inheritor-of-the-gold-cloth#primaryimage","url":"https:\/\/palitrochestore.com.mx\/wp-content\/uploads\/2025\/08\/4573102675569-1.png","contentUrl":"https:\/\/palitrochestore.com.mx\/wp-content\/uploads\/2025\/08\/4573102675569-1.png","width":2000,"height":2000},{"@type":"BreadcrumbList","@id":"https:\/\/palitrochestore.com.mx\/?product=apartado-preventa-scmex-aquarius-hyoga-inheritor-of-the-gold-cloth#breadcrumb","itemListElement":[{"@type":"ListItem","position":1,"name":"Home","item":"https:\/\/palitrochestore.com.mx\/"},{"@type":"ListItem","position":2,"name":"Shop","item":"https:\/\/palitrochestore.com.mx\/?page_id=21686"},{"@type":"ListItem","position":3,"name":"Myth Cloth EX Aquarius Hyoga Inheritor Of The Gold Cloth"}]},{"@type":"WebSite","@id":"https:\/\/palitrochestore.com.mx\/#website","url":"https:\/\/palitrochestore.com.mx\/","name":"Palitroche Store","description":"Tienda f\u00edsica y online para comprar figuras de anime en M\u00e9xico, figuras originales coleccionables Bandai y S.H.Figuarts y tambi\u00e9n TCG como One Piece y Pok\u00e9mon TCG en CDMX","publisher":{"@id":"https:\/\/palitrochestore.com.mx\/#organization"},"potentialAction":[{"@type":"SearchAction","target":{"@type":"EntryPoint","urlTemplate":"https:\/\/palitrochestore.com.mx\/?s={search_term_string}"},"query-input":{"@type":"PropertyValueSpecification","valueRequired":true,"valueName":"search_term_string"}}],"inLanguage":"es"},{"@type":"Organization","@id":"https:\/\/palitrochestore.com.mx\/#organization","name":"Palitroche Store","url":"https:\/\/palitrochestore.com.mx\/","logo":{"@type":"ImageObject","inLanguage":"es","@id":"https:\/\/palitrochestore.com.mx\/#\/schema\/logo\/image\/","url":"https:\/\/palitrochestore.com.mx\/wp-content\/uploads\/2025\/12\/cropped-LOGO_PALI_2025-1.png","contentUrl":"https:\/\/palitrochestore.com.mx\/wp-content\/uploads\/2025\/12\/cropped-LOGO_PALI_2025-1.png","width":2117,"height":1572,"caption":"Palitroche Store"},"image":{"@id":"https:\/\/palitrochestore.com.mx\/#\/schema\/logo\/image\/"}}]}},"_links":{"self":[{"href":"https:\/\/palitrochestore.com.mx\/index.php?rest_route=\/wp\/v2\/product\/16554","targetHints":{"allow":["GET"]}}],"collection":[{"href":"https:\/\/palitrochestore.com.mx\/index.php?rest_route=\/wp\/v2\/product"}],"about":[{"href":"https:\/\/palitrochestore.com.mx\/index.php?rest_route=\/wp\/v2\/types\/product"}],"replies":[{"embeddable":true,"href":"https:\/\/palitrochestore.com.mx\/index.php?rest_route=%2Fwp%2Fv2%2Fcomments&post=16554"}],"version-history":[{"count":0,"href":"https:\/\/palitrochestore.com.mx\/index.php?rest_route=\/wp\/v2\/product\/16554\/revisions"}],"wp:featuredmedia":[{"embeddable":true,"href":"https:\/\/palitrochestore.com.mx\/index.php?rest_route=\/wp\/v2\/media\/16555"}],"wp:attachment":[{"href":"https:\/\/palitrochestore.com.mx\/index.php?rest_route=%2Fwp%2Fv2%2Fmedia&parent=16554"}],"wp:term":[{"taxonomy":"product_brand","embeddable":true,"href":"https:\/\/palitrochestore.com.mx\/index.php?rest_route=%2Fwp%2Fv2%2Fproduct_brand&post=16554"},{"taxonomy":"product_cat","embeddable":true,"href":"https:\/\/palitrochestore.com.mx\/index.php?rest_route=%2Fwp%2Fv2%2Fproduct_cat&post=16554"},{"taxonomy":"product_tag","embeddable":true,"href":"https:\/\/palitrochestore.com.mx\/index.php?rest_route=%2Fwp%2Fv2%2Fproduct_tag&post=16554"}],"curies":[{"name":"wp","href":"https:\/\/api.w.org\/{rel}","templated":true}]}}