{"id":16518,"date":"2025-08-27T12:41:08","date_gmt":"2025-08-27T18:41:08","guid":{"rendered":"https:\/\/palitrochestore.com.mx\/product\/apartado-preventa-luffys-archive-of-adventure-vol-1-box-set\/"},"modified":"2025-11-18T01:22:24","modified_gmt":"2025-11-18T07:22:24","slug":"apartado-preventa-luffys-archive-of-adventure-vol-1-box-set","status":"publish","type":"product","link":"https:\/\/palitrochestore.com.mx\/?product=apartado-preventa-luffys-archive-of-adventure-vol-1-box-set","title":{"rendered":"Luffy&#8217;s Archive Of Adventure [Vol.1]  (Box Set)"},"content":{"rendered":"<p>Revive las aventuras de Monkey D. Luffy con el <strong>Luffy&#8217;S Archive Of Adventure [Vol.1] (Box Set)<\/strong>, un imperdible lanzamiento que todo fan de One Piece debe tener en su colecci\u00f3n. Este set de 10 piezas diferentes y exclusivas que celebran la gran traves\u00eda del futuro Rey de los Piratas.<\/p>\n<p>El <strong>Box Set<\/strong> es una edici\u00f3n \u00fanica que destaca por su calidad y detalles, pensado para coleccionistas apasionados. Cons\u00edguelo en <strong>Palitroche Toys<\/strong>, tu tienda en M\u00e9xico especializada en figuras y coleccionables de anime.<\/p>\n<ul>\n<li>Edici\u00f3n especial de 10 piezas conmemorativas de One Piece<\/li>\n<li>Incluye contenido exclusivo y de colecci\u00f3n<\/li>\n<li>Materiales de alta calidad y dise\u00f1o detallado<\/li>\n<li>Ideal para fans y coleccionistas de One Piece<\/li>\n<li>Producto dif\u00edcil de conseguir en M\u00e9xico<\/li>\n<\/ul>\n<p><strong>Compra en Palitroche Toys y disfruta de:<\/strong><\/p>\n<ul>\n<li>Env\u00edo r\u00e1pido a todo M\u00e9xico<\/li>\n<li>Atenci\u00f3n personalizada y confiable<\/li>\n<li>Compra 100% segura<\/li>\n<\/ul>\n","protected":false},"excerpt":{"rendered":"<p>Revive las aventuras de Monkey D. Luffy con el Luffy&#8217;S Archive Of Adventure [Vol.1] (Box Set), un imperdible lanzamiento que todo fan de One Piece debe tener en su colecci\u00f3n. Este set de 10 piezas diferentes y exclusivas que celebran la gran traves\u00eda del futuro Rey de los Piratas. El Box Set es una edici\u00f3n [&hellip;]<\/p>\n","protected":false},"featured_media":16507,"comment_status":"open","ping_status":"closed","template":"","meta":{"site-sidebar-layout":"default","site-content-layout":"","ast-site-content-layout":"default","site-content-style":"default","site-sidebar-style":"default","ast-global-header-display":"","ast-banner-title-visibility":"","ast-main-header-display":"","ast-hfb-above-header-display":"","ast-hfb-below-header-display":"","ast-hfb-mobile-header-display":"","site-post-title":"","ast-breadcrumbs-content":"","ast-featured-img":"","footer-sml-layout":"","ast-disable-related-posts":"","theme-transparent-header-meta":"default","adv-header-id-meta":"","stick-header-meta":"","header-above-stick-meta":"","header-main-stick-meta":"","header-below-stick-meta":"","astra-migrate-meta-layouts":"set","ast-page-background-enabled":"default","ast-page-background-meta":{"desktop":{"background-color":"","background-image":"","background-repeat":"repeat","background-position":"center center","background-size":"auto","background-attachment":"scroll","background-type":"","background-media":"","overlay-type":"","overlay-color":"","overlay-opacity":"","overlay-gradient":""},"tablet":{"background-color":"","background-image":"","background-repeat":"repeat","background-position":"center center","background-size":"auto","background-attachment":"scroll","background-type":"","background-media":"","overlay-type":"","overlay-color":"","overlay-opacity":"","overlay-gradient":""},"mobile":{"background-color":"","background-image":"","background-repeat":"repeat","background-position":"center center","background-size":"auto","background-attachment":"scroll","background-type":"","background-media":"","overlay-type":"","overlay-color":"","overlay-opacity":"","overlay-gradient":""}},"ast-content-background-meta":{"desktop":{"background-color":"var(--ast-global-color-5)","background-image":"","background-repeat":"repeat","background-position":"center center","background-size":"auto","background-attachment":"scroll","background-type":"","background-media":"","overlay-type":"","overlay-color":"","overlay-opacity":"","overlay-gradient":""},"tablet":{"background-color":"var(--ast-global-color-5)","background-image":"","background-repeat":"repeat","background-position":"center center","background-size":"auto","background-attachment":"scroll","background-type":"","background-media":"","overlay-type":"","overlay-color":"","overlay-opacity":"","overlay-gradient":""},"mobile":{"background-color":"var(--ast-global-color-5)","background-image":"","background-repeat":"repeat","background-position":"center center","background-size":"auto","background-attachment":"scroll","background-type":"","background-media":"","overlay-type":"","overlay-color":"","overlay-opacity":"","overlay-gradient":""}}},"product_brand":[],"product_cat":[101,37,39],"product_tag":[296,282],"class_list":{"0":"post-16518","1":"product","2":"type-product","3":"status-publish","4":"has-post-thumbnail","6":"product_cat-anime","7":"product_cat-tamashii-nations","8":"product_cat-todas","9":"product_tag-figuras","10":"product_tag-tamashii-nations","11":"desktop-align-center","12":"tablet-align-center","13":"mobile-align-center","15":"first","16":"outofstock","17":"sold-individually","18":"shipping-taxable","19":"purchasable","20":"product-type-simple"},"yoast_head":"<!-- This site is optimized with the Yoast SEO plugin v27.3 - https:\/\/yoast.com\/product\/yoast-seo-wordpress\/ -->\n<title>Luffy&#039;s Archive Of Adventure [Vol.1] (Box Set) - Palitroche Store<\/title>\n<meta name=\"robots\" content=\"index, follow, max-snippet:-1, max-image-preview:large, max-video-preview:-1\" \/>\n<link rel=\"canonical\" href=\"https:\/\/palitrochestore.com.mx\/producto\/apartado-preventa-luffys-archive-of-adventure-vol-1-box-set\/\" \/>\n<meta property=\"og:locale\" content=\"es_ES\" \/>\n<meta property=\"og:type\" content=\"article\" \/>\n<meta property=\"og:title\" content=\"Luffy&#039;s Archive Of Adventure [Vol.1] (Box Set) - Palitroche Store\" \/>\n<meta property=\"og:description\" content=\"Revive las aventuras de Monkey D. Luffy con el Luffy&#8217;S Archive Of Adventure [Vol.1] (Box Set), un imperdible lanzamiento que todo fan de One Piece debe tener en su colecci\u00f3n. Este set de 10 piezas diferentes y exclusivas que celebran la gran traves\u00eda del futuro Rey de los Piratas. El Box Set es una edici\u00f3n [&hellip;]\" \/>\n<meta property=\"og:url\" content=\"https:\/\/palitrochestore.com.mx\/producto\/apartado-preventa-luffys-archive-of-adventure-vol-1-box-set\/\" \/>\n<meta property=\"og:site_name\" content=\"Palitroche Store\" \/>\n<meta property=\"article:modified_time\" content=\"2025-11-18T07:22:24+00:00\" \/>\n<meta property=\"og:image\" content=\"https:\/\/palitrochestore.com.mx\/wp-content\/uploads\/2025\/08\/4573102686619-1.jpeg\" \/>\n\t<meta property=\"og:image:width\" content=\"1024\" \/>\n\t<meta property=\"og:image:height\" content=\"1024\" \/>\n\t<meta property=\"og:image:type\" content=\"image\/jpeg\" \/>\n<meta name=\"twitter:card\" content=\"summary_large_image\" \/>\n<meta name=\"twitter:label1\" content=\"Tiempo de lectura\" \/>\n\t<meta name=\"twitter:data1\" content=\"2 minutos\" \/>\n<script type=\"application\/ld+json\" class=\"yoast-schema-graph\">{\"@context\":\"https:\\\/\\\/schema.org\",\"@graph\":[{\"@type\":\"WebPage\",\"@id\":\"https:\\\/\\\/palitrochestore.com.mx\\\/producto\\\/apartado-preventa-luffys-archive-of-adventure-vol-1-box-set\\\/\",\"url\":\"https:\\\/\\\/palitrochestore.com.mx\\\/producto\\\/apartado-preventa-luffys-archive-of-adventure-vol-1-box-set\\\/\",\"name\":\"Luffy's Archive Of Adventure [Vol.1] (Box Set) - Palitroche Store\",\"isPartOf\":{\"@id\":\"https:\\\/\\\/palitrochestore.com.mx\\\/#website\"},\"primaryImageOfPage\":{\"@id\":\"https:\\\/\\\/palitrochestore.com.mx\\\/producto\\\/apartado-preventa-luffys-archive-of-adventure-vol-1-box-set\\\/#primaryimage\"},\"image\":{\"@id\":\"https:\\\/\\\/palitrochestore.com.mx\\\/producto\\\/apartado-preventa-luffys-archive-of-adventure-vol-1-box-set\\\/#primaryimage\"},\"thumbnailUrl\":\"https:\\\/\\\/palitrochestore.com.mx\\\/wp-content\\\/uploads\\\/2025\\\/08\\\/4573102686619-1.jpeg\",\"datePublished\":\"2025-08-27T18:41:08+00:00\",\"dateModified\":\"2025-11-18T07:22:24+00:00\",\"breadcrumb\":{\"@id\":\"https:\\\/\\\/palitrochestore.com.mx\\\/producto\\\/apartado-preventa-luffys-archive-of-adventure-vol-1-box-set\\\/#breadcrumb\"},\"inLanguage\":\"es\",\"potentialAction\":[{\"@type\":\"ReadAction\",\"target\":[\"https:\\\/\\\/palitrochestore.com.mx\\\/producto\\\/apartado-preventa-luffys-archive-of-adventure-vol-1-box-set\\\/\"]}]},{\"@type\":\"ImageObject\",\"inLanguage\":\"es\",\"@id\":\"https:\\\/\\\/palitrochestore.com.mx\\\/producto\\\/apartado-preventa-luffys-archive-of-adventure-vol-1-box-set\\\/#primaryimage\",\"url\":\"https:\\\/\\\/palitrochestore.com.mx\\\/wp-content\\\/uploads\\\/2025\\\/08\\\/4573102686619-1.jpeg\",\"contentUrl\":\"https:\\\/\\\/palitrochestore.com.mx\\\/wp-content\\\/uploads\\\/2025\\\/08\\\/4573102686619-1.jpeg\",\"width\":1024,\"height\":1024},{\"@type\":\"BreadcrumbList\",\"@id\":\"https:\\\/\\\/palitrochestore.com.mx\\\/producto\\\/apartado-preventa-luffys-archive-of-adventure-vol-1-box-set\\\/#breadcrumb\",\"itemListElement\":[{\"@type\":\"ListItem\",\"position\":1,\"name\":\"Home\",\"item\":\"https:\\\/\\\/palitrochestore.com.mx\\\/\"},{\"@type\":\"ListItem\",\"position\":2,\"name\":\"Shop\",\"item\":\"https:\\\/\\\/palitrochestore.com.mx\\\/?page_id=21686\"},{\"@type\":\"ListItem\",\"position\":3,\"name\":\"Luffy&#8217;s Archive Of Adventure [Vol.1] (Box Set)\"}]},{\"@type\":\"WebSite\",\"@id\":\"https:\\\/\\\/palitrochestore.com.mx\\\/#website\",\"url\":\"https:\\\/\\\/palitrochestore.com.mx\\\/\",\"name\":\"Palitroche Store\",\"description\":\"Tienda f\u00edsica y online para comprar figuras de anime en M\u00e9xico, figuras originales coleccionables Bandai y S.H.Figuarts y tambi\u00e9n TCG como One Piece y Pok\u00e9mon TCG en CDMX\",\"publisher\":{\"@id\":\"https:\\\/\\\/palitrochestore.com.mx\\\/#organization\"},\"potentialAction\":[{\"@type\":\"SearchAction\",\"target\":{\"@type\":\"EntryPoint\",\"urlTemplate\":\"https:\\\/\\\/palitrochestore.com.mx\\\/?s={search_term_string}\"},\"query-input\":{\"@type\":\"PropertyValueSpecification\",\"valueRequired\":true,\"valueName\":\"search_term_string\"}}],\"inLanguage\":\"es\"},{\"@type\":\"Organization\",\"@id\":\"https:\\\/\\\/palitrochestore.com.mx\\\/#organization\",\"name\":\"Palitroche Store\",\"url\":\"https:\\\/\\\/palitrochestore.com.mx\\\/\",\"logo\":{\"@type\":\"ImageObject\",\"inLanguage\":\"es\",\"@id\":\"https:\\\/\\\/palitrochestore.com.mx\\\/#\\\/schema\\\/logo\\\/image\\\/\",\"url\":\"https:\\\/\\\/palitrochestore.com.mx\\\/wp-content\\\/uploads\\\/2025\\\/12\\\/cropped-LOGO_PALI_2025-1.png\",\"contentUrl\":\"https:\\\/\\\/palitrochestore.com.mx\\\/wp-content\\\/uploads\\\/2025\\\/12\\\/cropped-LOGO_PALI_2025-1.png\",\"width\":2117,\"height\":1572,\"caption\":\"Palitroche Store\"},\"image\":{\"@id\":\"https:\\\/\\\/palitrochestore.com.mx\\\/#\\\/schema\\\/logo\\\/image\\\/\"}}]}<\/script>\n<!-- \/ Yoast SEO plugin. -->","yoast_head_json":{"title":"Luffy's Archive Of Adventure [Vol.1] (Box Set) - Palitroche Store","robots":{"index":"index","follow":"follow","max-snippet":"max-snippet:-1","max-image-preview":"max-image-preview:large","max-video-preview":"max-video-preview:-1"},"canonical":"https:\/\/palitrochestore.com.mx\/producto\/apartado-preventa-luffys-archive-of-adventure-vol-1-box-set\/","og_locale":"es_ES","og_type":"article","og_title":"Luffy's Archive Of Adventure [Vol.1] (Box Set) - Palitroche Store","og_description":"Revive las aventuras de Monkey D. Luffy con el Luffy&#8217;S Archive Of Adventure [Vol.1] (Box Set), un imperdible lanzamiento que todo fan de One Piece debe tener en su colecci\u00f3n. Este set de 10 piezas diferentes y exclusivas que celebran la gran traves\u00eda del futuro Rey de los Piratas. El Box Set es una edici\u00f3n [&hellip;]","og_url":"https:\/\/palitrochestore.com.mx\/producto\/apartado-preventa-luffys-archive-of-adventure-vol-1-box-set\/","og_site_name":"Palitroche Store","article_modified_time":"2025-11-18T07:22:24+00:00","og_image":[{"width":1024,"height":1024,"url":"https:\/\/palitrochestore.com.mx\/wp-content\/uploads\/2025\/08\/4573102686619-1.jpeg","type":"image\/jpeg"}],"twitter_card":"summary_large_image","twitter_misc":{"Tiempo de lectura":"2 minutos"},"schema":{"@context":"https:\/\/schema.org","@graph":[{"@type":"WebPage","@id":"https:\/\/palitrochestore.com.mx\/producto\/apartado-preventa-luffys-archive-of-adventure-vol-1-box-set\/","url":"https:\/\/palitrochestore.com.mx\/producto\/apartado-preventa-luffys-archive-of-adventure-vol-1-box-set\/","name":"Luffy's Archive Of Adventure [Vol.1] (Box Set) - Palitroche Store","isPartOf":{"@id":"https:\/\/palitrochestore.com.mx\/#website"},"primaryImageOfPage":{"@id":"https:\/\/palitrochestore.com.mx\/producto\/apartado-preventa-luffys-archive-of-adventure-vol-1-box-set\/#primaryimage"},"image":{"@id":"https:\/\/palitrochestore.com.mx\/producto\/apartado-preventa-luffys-archive-of-adventure-vol-1-box-set\/#primaryimage"},"thumbnailUrl":"https:\/\/palitrochestore.com.mx\/wp-content\/uploads\/2025\/08\/4573102686619-1.jpeg","datePublished":"2025-08-27T18:41:08+00:00","dateModified":"2025-11-18T07:22:24+00:00","breadcrumb":{"@id":"https:\/\/palitrochestore.com.mx\/producto\/apartado-preventa-luffys-archive-of-adventure-vol-1-box-set\/#breadcrumb"},"inLanguage":"es","potentialAction":[{"@type":"ReadAction","target":["https:\/\/palitrochestore.com.mx\/producto\/apartado-preventa-luffys-archive-of-adventure-vol-1-box-set\/"]}]},{"@type":"ImageObject","inLanguage":"es","@id":"https:\/\/palitrochestore.com.mx\/producto\/apartado-preventa-luffys-archive-of-adventure-vol-1-box-set\/#primaryimage","url":"https:\/\/palitrochestore.com.mx\/wp-content\/uploads\/2025\/08\/4573102686619-1.jpeg","contentUrl":"https:\/\/palitrochestore.com.mx\/wp-content\/uploads\/2025\/08\/4573102686619-1.jpeg","width":1024,"height":1024},{"@type":"BreadcrumbList","@id":"https:\/\/palitrochestore.com.mx\/producto\/apartado-preventa-luffys-archive-of-adventure-vol-1-box-set\/#breadcrumb","itemListElement":[{"@type":"ListItem","position":1,"name":"Home","item":"https:\/\/palitrochestore.com.mx\/"},{"@type":"ListItem","position":2,"name":"Shop","item":"https:\/\/palitrochestore.com.mx\/?page_id=21686"},{"@type":"ListItem","position":3,"name":"Luffy&#8217;s Archive Of Adventure [Vol.1] (Box Set)"}]},{"@type":"WebSite","@id":"https:\/\/palitrochestore.com.mx\/#website","url":"https:\/\/palitrochestore.com.mx\/","name":"Palitroche Store","description":"Tienda f\u00edsica y online para comprar figuras de anime en M\u00e9xico, figuras originales coleccionables Bandai y S.H.Figuarts y tambi\u00e9n TCG como One Piece y Pok\u00e9mon TCG en CDMX","publisher":{"@id":"https:\/\/palitrochestore.com.mx\/#organization"},"potentialAction":[{"@type":"SearchAction","target":{"@type":"EntryPoint","urlTemplate":"https:\/\/palitrochestore.com.mx\/?s={search_term_string}"},"query-input":{"@type":"PropertyValueSpecification","valueRequired":true,"valueName":"search_term_string"}}],"inLanguage":"es"},{"@type":"Organization","@id":"https:\/\/palitrochestore.com.mx\/#organization","name":"Palitroche Store","url":"https:\/\/palitrochestore.com.mx\/","logo":{"@type":"ImageObject","inLanguage":"es","@id":"https:\/\/palitrochestore.com.mx\/#\/schema\/logo\/image\/","url":"https:\/\/palitrochestore.com.mx\/wp-content\/uploads\/2025\/12\/cropped-LOGO_PALI_2025-1.png","contentUrl":"https:\/\/palitrochestore.com.mx\/wp-content\/uploads\/2025\/12\/cropped-LOGO_PALI_2025-1.png","width":2117,"height":1572,"caption":"Palitroche Store"},"image":{"@id":"https:\/\/palitrochestore.com.mx\/#\/schema\/logo\/image\/"}}]}},"_links":{"self":[{"href":"https:\/\/palitrochestore.com.mx\/index.php?rest_route=\/wp\/v2\/product\/16518","targetHints":{"allow":["GET"]}}],"collection":[{"href":"https:\/\/palitrochestore.com.mx\/index.php?rest_route=\/wp\/v2\/product"}],"about":[{"href":"https:\/\/palitrochestore.com.mx\/index.php?rest_route=\/wp\/v2\/types\/product"}],"replies":[{"embeddable":true,"href":"https:\/\/palitrochestore.com.mx\/index.php?rest_route=%2Fwp%2Fv2%2Fcomments&post=16518"}],"version-history":[{"count":1,"href":"https:\/\/palitrochestore.com.mx\/index.php?rest_route=\/wp\/v2\/product\/16518\/revisions"}],"predecessor-version":[{"id":16539,"href":"https:\/\/palitrochestore.com.mx\/index.php?rest_route=\/wp\/v2\/product\/16518\/revisions\/16539"}],"wp:featuredmedia":[{"embeddable":true,"href":"https:\/\/palitrochestore.com.mx\/index.php?rest_route=\/wp\/v2\/media\/16507"}],"wp:attachment":[{"href":"https:\/\/palitrochestore.com.mx\/index.php?rest_route=%2Fwp%2Fv2%2Fmedia&parent=16518"}],"wp:term":[{"taxonomy":"product_brand","embeddable":true,"href":"https:\/\/palitrochestore.com.mx\/index.php?rest_route=%2Fwp%2Fv2%2Fproduct_brand&post=16518"},{"taxonomy":"product_cat","embeddable":true,"href":"https:\/\/palitrochestore.com.mx\/index.php?rest_route=%2Fwp%2Fv2%2Fproduct_cat&post=16518"},{"taxonomy":"product_tag","embeddable":true,"href":"https:\/\/palitrochestore.com.mx\/index.php?rest_route=%2Fwp%2Fv2%2Fproduct_tag&post=16518"}],"curies":[{"name":"wp","href":"https:\/\/api.w.org\/{rel}","templated":true}]}}