{"id":16089,"date":"2025-08-05T11:25:22","date_gmt":"2025-08-05T17:25:22","guid":{"rendered":"https:\/\/palitrochestore.com.mx\/product\/apartado-preventa-my-hero-academia-fluffy-puffy-shotocat-ochaneco-bochaneco\/"},"modified":"2026-02-19T01:17:07","modified_gmt":"2026-02-19T07:17:07","slug":"apartado-preventa-my-hero-academia-fluffy-puffy-shotocat-ochaneco-bochaneco","status":"publish","type":"product","link":"https:\/\/palitrochestore.com.mx\/?product=apartado-preventa-my-hero-academia-fluffy-puffy-shotocat-ochaneco-bochaneco","title":{"rendered":"Banpresto My Hero Academia Fluffy Puffy Shotocat &#038; Ochaneco (B:Ochaneco)"},"content":{"rendered":"<p>Palitroche Toys es la mejor tienda de figuras de Anime en M\u00e9xico, aqu\u00ed es donde coleccionar figuras de My Hero Academia es tu mejor opci\u00f3n.<\/p>\n<p>My Hero Academia Fluffy Pluffy Shotocat &amp; Ochaneco (B:ochaneco) presenta versiones adorables y coleccionables de tus personajes favoritos.<\/p>\n<p>Perfectos para darle un toque divertido y original a tu colecci\u00f3n.<\/p>\n<p>Ideal para coleccionistas hombres de 25 a 40 a\u00f1os que buscan figuras \u00fanicas y con mucha personalidad.<\/p>\n<p>Cons\u00edguelos en Palitroche Toys, tu tienda en CDMX con env\u00edos seguros a todo M\u00e9xico.<\/p>\n<ul>\n<li>Figuras oficiales de My Hero Academia en versi\u00f3n Fluffy Pluffy<\/li>\n<li>Dise\u00f1os tiernos y detallados de Shotocat y Bochaneco<\/li>\n<li>Material suave con acabados de alta calidad<\/li>\n<li>Tama\u00f1o compacto ideal para exhibir en vitrinas o escritorios<\/li>\n<li>Producto con licencia oficial<\/li>\n<\/ul>\n<ul>\n<li>Env\u00edos r\u00e1pidos a todo M\u00e9xico<\/li>\n<li>Atenci\u00f3n personalizada y especializada<\/li>\n<li>Compra segura respaldada por tienda f\u00edsica en CDMX<\/li>\n<\/ul>\n","protected":false},"excerpt":{"rendered":"<p>Palitroche Toys es la mejor tienda de figuras de Anime en M\u00e9xico, aqu\u00ed es donde coleccionar figuras de My Hero Academia es tu mejor opci\u00f3n. My Hero Academia Fluffy Pluffy Shotocat &amp; Ochaneco (B:ochaneco) presenta versiones adorables y coleccionables de tus personajes favoritos. Perfectos para darle un toque divertido y original a tu colecci\u00f3n. Ideal [&hellip;]<\/p>\n","protected":false},"featured_media":16036,"comment_status":"open","ping_status":"closed","template":"","meta":{"site-sidebar-layout":"default","site-content-layout":"","ast-site-content-layout":"default","site-content-style":"default","site-sidebar-style":"default","ast-global-header-display":"","ast-banner-title-visibility":"","ast-main-header-display":"","ast-hfb-above-header-display":"","ast-hfb-below-header-display":"","ast-hfb-mobile-header-display":"","site-post-title":"","ast-breadcrumbs-content":"","ast-featured-img":"","footer-sml-layout":"","ast-disable-related-posts":"","theme-transparent-header-meta":"default","adv-header-id-meta":"","stick-header-meta":"","header-above-stick-meta":"","header-main-stick-meta":"","header-below-stick-meta":"","astra-migrate-meta-layouts":"set","ast-page-background-enabled":"default","ast-page-background-meta":{"desktop":{"background-color":"","background-image":"","background-repeat":"repeat","background-position":"center center","background-size":"auto","background-attachment":"scroll","background-type":"","background-media":"","overlay-type":"","overlay-color":"","overlay-opacity":"","overlay-gradient":""},"tablet":{"background-color":"","background-image":"","background-repeat":"repeat","background-position":"center center","background-size":"auto","background-attachment":"scroll","background-type":"","background-media":"","overlay-type":"","overlay-color":"","overlay-opacity":"","overlay-gradient":""},"mobile":{"background-color":"","background-image":"","background-repeat":"repeat","background-position":"center center","background-size":"auto","background-attachment":"scroll","background-type":"","background-media":"","overlay-type":"","overlay-color":"","overlay-opacity":"","overlay-gradient":""}},"ast-content-background-meta":{"desktop":{"background-color":"var(--ast-global-color-5)","background-image":"","background-repeat":"repeat","background-position":"center center","background-size":"auto","background-attachment":"scroll","background-type":"","background-media":"","overlay-type":"","overlay-color":"","overlay-opacity":"","overlay-gradient":""},"tablet":{"background-color":"var(--ast-global-color-5)","background-image":"","background-repeat":"repeat","background-position":"center center","background-size":"auto","background-attachment":"scroll","background-type":"","background-media":"","overlay-type":"","overlay-color":"","overlay-opacity":"","overlay-gradient":""},"mobile":{"background-color":"var(--ast-global-color-5)","background-image":"","background-repeat":"repeat","background-position":"center center","background-size":"auto","background-attachment":"scroll","background-type":"","background-media":"","overlay-type":"","overlay-color":"","overlay-opacity":"","overlay-gradient":""}}},"product_brand":[],"product_cat":[38,39],"product_tag":[296,282],"class_list":{"0":"post-16089","1":"product","2":"type-product","3":"status-publish","4":"has-post-thumbnail","6":"product_cat-banpresto","7":"product_cat-todas","8":"product_tag-figuras","9":"product_tag-tamashii-nations","10":"desktop-align-center","11":"tablet-align-center","12":"mobile-align-center","14":"first","15":"instock","16":"sold-individually","17":"shipping-taxable","18":"purchasable","19":"product-type-simple"},"yoast_head":"<!-- This site is optimized with the Yoast SEO plugin v27.3 - https:\/\/yoast.com\/product\/yoast-seo-wordpress\/ -->\n<title>Banpresto My Hero Academia Fluffy Puffy Shotocat &amp; Ochaneco (B:Ochaneco) - Palitroche Store<\/title>\n<meta name=\"robots\" content=\"index, follow, max-snippet:-1, max-image-preview:large, max-video-preview:-1\" \/>\n<link rel=\"canonical\" href=\"https:\/\/palitrochestore.com.mx\/?product=apartado-preventa-my-hero-academia-fluffy-puffy-shotocat-ochaneco-bochaneco\" \/>\n<meta property=\"og:locale\" content=\"es_ES\" \/>\n<meta property=\"og:type\" content=\"article\" \/>\n<meta property=\"og:title\" content=\"Banpresto My Hero Academia Fluffy Puffy Shotocat &amp; Ochaneco (B:Ochaneco) - Palitroche Store\" \/>\n<meta property=\"og:description\" content=\"Palitroche Toys es la mejor tienda de figuras de Anime en M\u00e9xico, aqu\u00ed es donde coleccionar figuras de My Hero Academia es tu mejor opci\u00f3n. My Hero Academia Fluffy Pluffy Shotocat &amp; Ochaneco (B:ochaneco) presenta versiones adorables y coleccionables de tus personajes favoritos. Perfectos para darle un toque divertido y original a tu colecci\u00f3n. Ideal [&hellip;]\" \/>\n<meta property=\"og:url\" content=\"https:\/\/palitrochestore.com.mx\/?product=apartado-preventa-my-hero-academia-fluffy-puffy-shotocat-ochaneco-bochaneco\" \/>\n<meta property=\"og:site_name\" content=\"Palitroche Store\" \/>\n<meta property=\"article:modified_time\" content=\"2026-02-19T07:17:07+00:00\" \/>\n<meta property=\"og:image\" content=\"https:\/\/palitrochestore.com.mx\/wp-content\/uploads\/2025\/08\/OCHA-BAN-AGT-1.jpeg\" \/>\n\t<meta property=\"og:image:width\" content=\"668\" \/>\n\t<meta property=\"og:image:height\" content=\"668\" \/>\n\t<meta property=\"og:image:type\" content=\"image\/jpeg\" \/>\n<meta name=\"twitter:card\" content=\"summary_large_image\" \/>\n<meta name=\"twitter:label1\" content=\"Tiempo de lectura\" \/>\n\t<meta name=\"twitter:data1\" content=\"2 minutos\" \/>\n<script type=\"application\/ld+json\" class=\"yoast-schema-graph\">{\"@context\":\"https:\\\/\\\/schema.org\",\"@graph\":[{\"@type\":\"WebPage\",\"@id\":\"https:\\\/\\\/palitrochestore.com.mx\\\/?product=apartado-preventa-my-hero-academia-fluffy-puffy-shotocat-ochaneco-bochaneco\",\"url\":\"https:\\\/\\\/palitrochestore.com.mx\\\/?product=apartado-preventa-my-hero-academia-fluffy-puffy-shotocat-ochaneco-bochaneco\",\"name\":\"Banpresto My Hero Academia Fluffy Puffy Shotocat & Ochaneco (B:Ochaneco) - Palitroche Store\",\"isPartOf\":{\"@id\":\"https:\\\/\\\/palitrochestore.com.mx\\\/#website\"},\"primaryImageOfPage\":{\"@id\":\"https:\\\/\\\/palitrochestore.com.mx\\\/?product=apartado-preventa-my-hero-academia-fluffy-puffy-shotocat-ochaneco-bochaneco#primaryimage\"},\"image\":{\"@id\":\"https:\\\/\\\/palitrochestore.com.mx\\\/?product=apartado-preventa-my-hero-academia-fluffy-puffy-shotocat-ochaneco-bochaneco#primaryimage\"},\"thumbnailUrl\":\"https:\\\/\\\/palitrochestore.com.mx\\\/wp-content\\\/uploads\\\/2025\\\/08\\\/OCHA-BAN-AGT-1.jpeg\",\"datePublished\":\"2025-08-05T17:25:22+00:00\",\"dateModified\":\"2026-02-19T07:17:07+00:00\",\"breadcrumb\":{\"@id\":\"https:\\\/\\\/palitrochestore.com.mx\\\/?product=apartado-preventa-my-hero-academia-fluffy-puffy-shotocat-ochaneco-bochaneco#breadcrumb\"},\"inLanguage\":\"es\",\"potentialAction\":[{\"@type\":\"ReadAction\",\"target\":[\"https:\\\/\\\/palitrochestore.com.mx\\\/?product=apartado-preventa-my-hero-academia-fluffy-puffy-shotocat-ochaneco-bochaneco\"]}]},{\"@type\":\"ImageObject\",\"inLanguage\":\"es\",\"@id\":\"https:\\\/\\\/palitrochestore.com.mx\\\/?product=apartado-preventa-my-hero-academia-fluffy-puffy-shotocat-ochaneco-bochaneco#primaryimage\",\"url\":\"https:\\\/\\\/palitrochestore.com.mx\\\/wp-content\\\/uploads\\\/2025\\\/08\\\/OCHA-BAN-AGT-1.jpeg\",\"contentUrl\":\"https:\\\/\\\/palitrochestore.com.mx\\\/wp-content\\\/uploads\\\/2025\\\/08\\\/OCHA-BAN-AGT-1.jpeg\",\"width\":668,\"height\":668},{\"@type\":\"BreadcrumbList\",\"@id\":\"https:\\\/\\\/palitrochestore.com.mx\\\/?product=apartado-preventa-my-hero-academia-fluffy-puffy-shotocat-ochaneco-bochaneco#breadcrumb\",\"itemListElement\":[{\"@type\":\"ListItem\",\"position\":1,\"name\":\"Home\",\"item\":\"https:\\\/\\\/palitrochestore.com.mx\\\/\"},{\"@type\":\"ListItem\",\"position\":2,\"name\":\"Shop\",\"item\":\"https:\\\/\\\/palitrochestore.com.mx\\\/?page_id=21686\"},{\"@type\":\"ListItem\",\"position\":3,\"name\":\"Banpresto My Hero Academia Fluffy Puffy Shotocat &#038; Ochaneco (B:Ochaneco)\"}]},{\"@type\":\"WebSite\",\"@id\":\"https:\\\/\\\/palitrochestore.com.mx\\\/#website\",\"url\":\"https:\\\/\\\/palitrochestore.com.mx\\\/\",\"name\":\"Palitroche Store\",\"description\":\"Tienda f\u00edsica y online para comprar figuras de anime en M\u00e9xico, figuras originales coleccionables Bandai y S.H.Figuarts y tambi\u00e9n TCG como One Piece y Pok\u00e9mon TCG en CDMX\",\"publisher\":{\"@id\":\"https:\\\/\\\/palitrochestore.com.mx\\\/#organization\"},\"potentialAction\":[{\"@type\":\"SearchAction\",\"target\":{\"@type\":\"EntryPoint\",\"urlTemplate\":\"https:\\\/\\\/palitrochestore.com.mx\\\/?s={search_term_string}\"},\"query-input\":{\"@type\":\"PropertyValueSpecification\",\"valueRequired\":true,\"valueName\":\"search_term_string\"}}],\"inLanguage\":\"es\"},{\"@type\":\"Organization\",\"@id\":\"https:\\\/\\\/palitrochestore.com.mx\\\/#organization\",\"name\":\"Palitroche Store\",\"url\":\"https:\\\/\\\/palitrochestore.com.mx\\\/\",\"logo\":{\"@type\":\"ImageObject\",\"inLanguage\":\"es\",\"@id\":\"https:\\\/\\\/palitrochestore.com.mx\\\/#\\\/schema\\\/logo\\\/image\\\/\",\"url\":\"https:\\\/\\\/palitrochestore.com.mx\\\/wp-content\\\/uploads\\\/2025\\\/12\\\/cropped-LOGO_PALI_2025-1.png\",\"contentUrl\":\"https:\\\/\\\/palitrochestore.com.mx\\\/wp-content\\\/uploads\\\/2025\\\/12\\\/cropped-LOGO_PALI_2025-1.png\",\"width\":2117,\"height\":1572,\"caption\":\"Palitroche Store\"},\"image\":{\"@id\":\"https:\\\/\\\/palitrochestore.com.mx\\\/#\\\/schema\\\/logo\\\/image\\\/\"}}]}<\/script>\n<!-- \/ Yoast SEO plugin. -->","yoast_head_json":{"title":"Banpresto My Hero Academia Fluffy Puffy Shotocat & Ochaneco (B:Ochaneco) - Palitroche Store","robots":{"index":"index","follow":"follow","max-snippet":"max-snippet:-1","max-image-preview":"max-image-preview:large","max-video-preview":"max-video-preview:-1"},"canonical":"https:\/\/palitrochestore.com.mx\/?product=apartado-preventa-my-hero-academia-fluffy-puffy-shotocat-ochaneco-bochaneco","og_locale":"es_ES","og_type":"article","og_title":"Banpresto My Hero Academia Fluffy Puffy Shotocat & Ochaneco (B:Ochaneco) - Palitroche Store","og_description":"Palitroche Toys es la mejor tienda de figuras de Anime en M\u00e9xico, aqu\u00ed es donde coleccionar figuras de My Hero Academia es tu mejor opci\u00f3n. My Hero Academia Fluffy Pluffy Shotocat &amp; Ochaneco (B:ochaneco) presenta versiones adorables y coleccionables de tus personajes favoritos. Perfectos para darle un toque divertido y original a tu colecci\u00f3n. Ideal [&hellip;]","og_url":"https:\/\/palitrochestore.com.mx\/?product=apartado-preventa-my-hero-academia-fluffy-puffy-shotocat-ochaneco-bochaneco","og_site_name":"Palitroche Store","article_modified_time":"2026-02-19T07:17:07+00:00","og_image":[{"width":668,"height":668,"url":"https:\/\/palitrochestore.com.mx\/wp-content\/uploads\/2025\/08\/OCHA-BAN-AGT-1.jpeg","type":"image\/jpeg"}],"twitter_card":"summary_large_image","twitter_misc":{"Tiempo de lectura":"2 minutos"},"schema":{"@context":"https:\/\/schema.org","@graph":[{"@type":"WebPage","@id":"https:\/\/palitrochestore.com.mx\/?product=apartado-preventa-my-hero-academia-fluffy-puffy-shotocat-ochaneco-bochaneco","url":"https:\/\/palitrochestore.com.mx\/?product=apartado-preventa-my-hero-academia-fluffy-puffy-shotocat-ochaneco-bochaneco","name":"Banpresto My Hero Academia Fluffy Puffy Shotocat & Ochaneco (B:Ochaneco) - Palitroche Store","isPartOf":{"@id":"https:\/\/palitrochestore.com.mx\/#website"},"primaryImageOfPage":{"@id":"https:\/\/palitrochestore.com.mx\/?product=apartado-preventa-my-hero-academia-fluffy-puffy-shotocat-ochaneco-bochaneco#primaryimage"},"image":{"@id":"https:\/\/palitrochestore.com.mx\/?product=apartado-preventa-my-hero-academia-fluffy-puffy-shotocat-ochaneco-bochaneco#primaryimage"},"thumbnailUrl":"https:\/\/palitrochestore.com.mx\/wp-content\/uploads\/2025\/08\/OCHA-BAN-AGT-1.jpeg","datePublished":"2025-08-05T17:25:22+00:00","dateModified":"2026-02-19T07:17:07+00:00","breadcrumb":{"@id":"https:\/\/palitrochestore.com.mx\/?product=apartado-preventa-my-hero-academia-fluffy-puffy-shotocat-ochaneco-bochaneco#breadcrumb"},"inLanguage":"es","potentialAction":[{"@type":"ReadAction","target":["https:\/\/palitrochestore.com.mx\/?product=apartado-preventa-my-hero-academia-fluffy-puffy-shotocat-ochaneco-bochaneco"]}]},{"@type":"ImageObject","inLanguage":"es","@id":"https:\/\/palitrochestore.com.mx\/?product=apartado-preventa-my-hero-academia-fluffy-puffy-shotocat-ochaneco-bochaneco#primaryimage","url":"https:\/\/palitrochestore.com.mx\/wp-content\/uploads\/2025\/08\/OCHA-BAN-AGT-1.jpeg","contentUrl":"https:\/\/palitrochestore.com.mx\/wp-content\/uploads\/2025\/08\/OCHA-BAN-AGT-1.jpeg","width":668,"height":668},{"@type":"BreadcrumbList","@id":"https:\/\/palitrochestore.com.mx\/?product=apartado-preventa-my-hero-academia-fluffy-puffy-shotocat-ochaneco-bochaneco#breadcrumb","itemListElement":[{"@type":"ListItem","position":1,"name":"Home","item":"https:\/\/palitrochestore.com.mx\/"},{"@type":"ListItem","position":2,"name":"Shop","item":"https:\/\/palitrochestore.com.mx\/?page_id=21686"},{"@type":"ListItem","position":3,"name":"Banpresto My Hero Academia Fluffy Puffy Shotocat &#038; Ochaneco (B:Ochaneco)"}]},{"@type":"WebSite","@id":"https:\/\/palitrochestore.com.mx\/#website","url":"https:\/\/palitrochestore.com.mx\/","name":"Palitroche Store","description":"Tienda f\u00edsica y online para comprar figuras de anime en M\u00e9xico, figuras originales coleccionables Bandai y S.H.Figuarts y tambi\u00e9n TCG como One Piece y Pok\u00e9mon TCG en CDMX","publisher":{"@id":"https:\/\/palitrochestore.com.mx\/#organization"},"potentialAction":[{"@type":"SearchAction","target":{"@type":"EntryPoint","urlTemplate":"https:\/\/palitrochestore.com.mx\/?s={search_term_string}"},"query-input":{"@type":"PropertyValueSpecification","valueRequired":true,"valueName":"search_term_string"}}],"inLanguage":"es"},{"@type":"Organization","@id":"https:\/\/palitrochestore.com.mx\/#organization","name":"Palitroche Store","url":"https:\/\/palitrochestore.com.mx\/","logo":{"@type":"ImageObject","inLanguage":"es","@id":"https:\/\/palitrochestore.com.mx\/#\/schema\/logo\/image\/","url":"https:\/\/palitrochestore.com.mx\/wp-content\/uploads\/2025\/12\/cropped-LOGO_PALI_2025-1.png","contentUrl":"https:\/\/palitrochestore.com.mx\/wp-content\/uploads\/2025\/12\/cropped-LOGO_PALI_2025-1.png","width":2117,"height":1572,"caption":"Palitroche Store"},"image":{"@id":"https:\/\/palitrochestore.com.mx\/#\/schema\/logo\/image\/"}}]}},"_links":{"self":[{"href":"https:\/\/palitrochestore.com.mx\/index.php?rest_route=\/wp\/v2\/product\/16089","targetHints":{"allow":["GET"]}}],"collection":[{"href":"https:\/\/palitrochestore.com.mx\/index.php?rest_route=\/wp\/v2\/product"}],"about":[{"href":"https:\/\/palitrochestore.com.mx\/index.php?rest_route=\/wp\/v2\/types\/product"}],"replies":[{"embeddable":true,"href":"https:\/\/palitrochestore.com.mx\/index.php?rest_route=%2Fwp%2Fv2%2Fcomments&post=16089"}],"version-history":[{"count":1,"href":"https:\/\/palitrochestore.com.mx\/index.php?rest_route=\/wp\/v2\/product\/16089\/revisions"}],"predecessor-version":[{"id":16097,"href":"https:\/\/palitrochestore.com.mx\/index.php?rest_route=\/wp\/v2\/product\/16089\/revisions\/16097"}],"wp:featuredmedia":[{"embeddable":true,"href":"https:\/\/palitrochestore.com.mx\/index.php?rest_route=\/wp\/v2\/media\/16036"}],"wp:attachment":[{"href":"https:\/\/palitrochestore.com.mx\/index.php?rest_route=%2Fwp%2Fv2%2Fmedia&parent=16089"}],"wp:term":[{"taxonomy":"product_brand","embeddable":true,"href":"https:\/\/palitrochestore.com.mx\/index.php?rest_route=%2Fwp%2Fv2%2Fproduct_brand&post=16089"},{"taxonomy":"product_cat","embeddable":true,"href":"https:\/\/palitrochestore.com.mx\/index.php?rest_route=%2Fwp%2Fv2%2Fproduct_cat&post=16089"},{"taxonomy":"product_tag","embeddable":true,"href":"https:\/\/palitrochestore.com.mx\/index.php?rest_route=%2Fwp%2Fv2%2Fproduct_tag&post=16089"}],"curies":[{"name":"wp","href":"https:\/\/api.w.org\/{rel}","templated":true}]}}