{"id":15950,"date":"2025-07-31T12:31:13","date_gmt":"2025-07-31T18:31:13","guid":{"rendered":"https:\/\/palitrochestore.com.mx\/?post_type=product&#038;p=15950"},"modified":"2026-01-25T23:49:58","modified_gmt":"2026-01-26T05:49:58","slug":"apartado-preventa-saint-cloth-myth-ex-benetnasch-mime","status":"publish","type":"product","link":"https:\/\/palitrochestore.com.mx\/?product=apartado-preventa-saint-cloth-myth-ex-benetnasch-mime","title":{"rendered":"Saint Cloth Myth EX Benetnasch Mime"},"content":{"rendered":"<p>Palitroche Toys es la mejor tienda de figuras de Anime en M\u00e9xico, aqu\u00ed es donde coleccionar figuras de Los Caballeros del Z\u00f3dicado es tu mejor opci\u00f3n.<\/p>\n<p data-start=\"0\" data-end=\"206\"><strong data-start=\"0\" data-end=\"39\">Saint Cloth Myth EX Benetnasch Mime<\/strong> es una figura de colecci\u00f3n imprescindible para los fans de <em data-start=\"99\" data-end=\"112\">Saint Seiya<\/em>. Su dise\u00f1o fiel al anime y los acabados met\u00e1licos destacan en cualquier vitrina de colecci\u00f3n.<\/p>\n<p data-start=\"208\" data-end=\"409\">Esta versi\u00f3n de Mime de Benetnasch ofrece gran articulaci\u00f3n, piezas intercambiables y una armadura detallada que luce impresionante. Adqui\u00e9rela en Palitroche Toys, la mejor tienda de figuras en M\u00e9xico.<\/p>\n<p data-start=\"411\" data-end=\"439\"><strong data-start=\"411\" data-end=\"439\">Cualidades del producto:<\/strong><\/p>\n<ul data-start=\"440\" data-end=\"676\">\n<li data-start=\"440\" data-end=\"478\">\n<p data-start=\"442\" data-end=\"478\">Figura articulada con dise\u00f1o premium<\/p>\n<\/li>\n<li data-start=\"479\" data-end=\"515\">\n<p data-start=\"481\" data-end=\"515\">Armadura EX totalmente desmontable<\/p>\n<\/li>\n<li data-start=\"516\" data-end=\"562\">\n<p data-start=\"518\" data-end=\"562\">Incluye m\u00faltiples rostros y manos opcionales<\/p>\n<\/li>\n<li data-start=\"563\" data-end=\"588\">\n<p data-start=\"565\" data-end=\"588\">Piezas para modo objeto<\/p>\n<\/li>\n<li data-start=\"589\" data-end=\"638\">\n<p data-start=\"591\" data-end=\"638\">Materiales de alta calidad y acabados met\u00e1licos<\/p>\n<\/li>\n<li data-start=\"639\" data-end=\"676\">\n<p data-start=\"641\" data-end=\"676\">Ideal para coleccionistas exigentes<\/p>\n<\/li>\n<\/ul>\n<p data-start=\"678\" data-end=\"722\"><strong data-start=\"678\" data-end=\"722\">Compra en Palitroche Toys y disfruta de:<\/strong><\/p>\n<ul data-start=\"723\" data-end=\"842\" data-is-last-node=\"\" data-is-only-node=\"\">\n<li data-start=\"723\" data-end=\"753\">\n<p data-start=\"725\" data-end=\"753\">Env\u00edo r\u00e1pido a todo M\u00e9xico<\/p>\n<\/li>\n<li data-start=\"754\" data-end=\"796\">\n<p data-start=\"756\" data-end=\"796\">Atenci\u00f3n personalizada y especializada<\/p>\n<\/li>\n<li data-start=\"797\" data-end=\"842\" data-is-last-node=\"\">\n<p data-start=\"799\" data-end=\"842\" data-is-last-node=\"\">Compras seguras en tienda f\u00edsica y en l\u00ednea<\/p>\n<\/li>\n<\/ul>\n","protected":false},"excerpt":{"rendered":"<p>Palitroche Toys es la mejor tienda de figuras de Anime en M\u00e9xico, aqu\u00ed es donde coleccionar figuras de Los Caballeros del Z\u00f3dicado es tu mejor opci\u00f3n. Saint Cloth Myth EX Benetnasch Mime es una figura de colecci\u00f3n imprescindible para los fans de Saint Seiya. Su dise\u00f1o fiel al anime y los acabados met\u00e1licos destacan en [&hellip;]<\/p>\n","protected":false},"featured_media":15951,"comment_status":"open","ping_status":"closed","template":"","meta":{"site-sidebar-layout":"default","site-content-layout":"","ast-site-content-layout":"default","site-content-style":"default","site-sidebar-style":"default","ast-global-header-display":"","ast-banner-title-visibility":"","ast-main-header-display":"","ast-hfb-above-header-display":"","ast-hfb-below-header-display":"","ast-hfb-mobile-header-display":"","site-post-title":"","ast-breadcrumbs-content":"","ast-featured-img":"","footer-sml-layout":"","ast-disable-related-posts":"","theme-transparent-header-meta":"default","adv-header-id-meta":"","stick-header-meta":"","header-above-stick-meta":"","header-main-stick-meta":"","header-below-stick-meta":"","astra-migrate-meta-layouts":"set","ast-page-background-enabled":"default","ast-page-background-meta":{"desktop":{"background-color":"","background-image":"","background-repeat":"repeat","background-position":"center center","background-size":"auto","background-attachment":"scroll","background-type":"","background-media":"","overlay-type":"","overlay-color":"","overlay-opacity":"","overlay-gradient":""},"tablet":{"background-color":"","background-image":"","background-repeat":"repeat","background-position":"center center","background-size":"auto","background-attachment":"scroll","background-type":"","background-media":"","overlay-type":"","overlay-color":"","overlay-opacity":"","overlay-gradient":""},"mobile":{"background-color":"","background-image":"","background-repeat":"repeat","background-position":"center center","background-size":"auto","background-attachment":"scroll","background-type":"","background-media":"","overlay-type":"","overlay-color":"","overlay-opacity":"","overlay-gradient":""}},"ast-content-background-meta":{"desktop":{"background-color":"var(--ast-global-color-5)","background-image":"","background-repeat":"repeat","background-position":"center center","background-size":"auto","background-attachment":"scroll","background-type":"","background-media":"","overlay-type":"","overlay-color":"","overlay-opacity":"","overlay-gradient":""},"tablet":{"background-color":"var(--ast-global-color-5)","background-image":"","background-repeat":"repeat","background-position":"center center","background-size":"auto","background-attachment":"scroll","background-type":"","background-media":"","overlay-type":"","overlay-color":"","overlay-opacity":"","overlay-gradient":""},"mobile":{"background-color":"var(--ast-global-color-5)","background-image":"","background-repeat":"repeat","background-position":"center center","background-size":"auto","background-attachment":"scroll","background-type":"","background-media":"","overlay-type":"","overlay-color":"","overlay-opacity":"","overlay-gradient":""}}},"product_brand":[],"product_cat":[101,431,37,39],"product_tag":[],"class_list":{"0":"post-15950","1":"product","2":"type-product","3":"status-publish","4":"has-post-thumbnail","6":"product_cat-anime","7":"product_cat-saint-seiya","8":"product_cat-tamashii-nations","9":"product_cat-todas","10":"desktop-align-center","11":"tablet-align-center","12":"mobile-align-center","14":"first","15":"outofstock","16":"sold-individually","17":"shipping-taxable","18":"purchasable","19":"product-type-simple"},"yoast_head":"<!-- This site is optimized with the Yoast SEO plugin v27.3 - https:\/\/yoast.com\/product\/yoast-seo-wordpress\/ -->\n<title>Saint Cloth Myth EX Benetnasch Mime - Palitroche Store<\/title>\n<meta name=\"robots\" content=\"index, follow, max-snippet:-1, max-image-preview:large, max-video-preview:-1\" \/>\n<link rel=\"canonical\" href=\"https:\/\/palitrochestore.com.mx\/producto\/apartado-preventa-saint-cloth-myth-ex-benetnasch-mime\/\" \/>\n<meta property=\"og:locale\" content=\"es_ES\" \/>\n<meta property=\"og:type\" content=\"article\" \/>\n<meta property=\"og:title\" content=\"Saint Cloth Myth EX Benetnasch Mime - Palitroche Store\" \/>\n<meta property=\"og:description\" content=\"Palitroche Toys es la mejor tienda de figuras de Anime en M\u00e9xico, aqu\u00ed es donde coleccionar figuras de Los Caballeros del Z\u00f3dicado es tu mejor opci\u00f3n. Saint Cloth Myth EX Benetnasch Mime es una figura de colecci\u00f3n imprescindible para los fans de Saint Seiya. Su dise\u00f1o fiel al anime y los acabados met\u00e1licos destacan en [&hellip;]\" \/>\n<meta property=\"og:url\" content=\"https:\/\/palitrochestore.com.mx\/producto\/apartado-preventa-saint-cloth-myth-ex-benetnasch-mime\/\" \/>\n<meta property=\"og:site_name\" content=\"Palitroche Store\" \/>\n<meta property=\"article:modified_time\" content=\"2026-01-26T05:49:58+00:00\" \/>\n<meta property=\"og:image\" content=\"https:\/\/palitrochestore.com.mx\/wp-content\/uploads\/2025\/07\/image.jpeg\" \/>\n\t<meta property=\"og:image:width\" content=\"1024\" \/>\n\t<meta property=\"og:image:height\" content=\"1024\" \/>\n\t<meta property=\"og:image:type\" content=\"image\/jpeg\" \/>\n<meta name=\"twitter:card\" content=\"summary_large_image\" \/>\n<meta name=\"twitter:label1\" content=\"Tiempo de lectura\" \/>\n\t<meta name=\"twitter:data1\" content=\"2 minutos\" \/>\n<script type=\"application\/ld+json\" class=\"yoast-schema-graph\">{\"@context\":\"https:\\\/\\\/schema.org\",\"@graph\":[{\"@type\":\"WebPage\",\"@id\":\"https:\\\/\\\/palitrochestore.com.mx\\\/producto\\\/apartado-preventa-saint-cloth-myth-ex-benetnasch-mime\\\/\",\"url\":\"https:\\\/\\\/palitrochestore.com.mx\\\/producto\\\/apartado-preventa-saint-cloth-myth-ex-benetnasch-mime\\\/\",\"name\":\"Saint Cloth Myth EX Benetnasch Mime - Palitroche Store\",\"isPartOf\":{\"@id\":\"https:\\\/\\\/palitrochestore.com.mx\\\/#website\"},\"primaryImageOfPage\":{\"@id\":\"https:\\\/\\\/palitrochestore.com.mx\\\/producto\\\/apartado-preventa-saint-cloth-myth-ex-benetnasch-mime\\\/#primaryimage\"},\"image\":{\"@id\":\"https:\\\/\\\/palitrochestore.com.mx\\\/producto\\\/apartado-preventa-saint-cloth-myth-ex-benetnasch-mime\\\/#primaryimage\"},\"thumbnailUrl\":\"https:\\\/\\\/palitrochestore.com.mx\\\/wp-content\\\/uploads\\\/2025\\\/07\\\/image.jpeg\",\"datePublished\":\"2025-07-31T18:31:13+00:00\",\"dateModified\":\"2026-01-26T05:49:58+00:00\",\"breadcrumb\":{\"@id\":\"https:\\\/\\\/palitrochestore.com.mx\\\/producto\\\/apartado-preventa-saint-cloth-myth-ex-benetnasch-mime\\\/#breadcrumb\"},\"inLanguage\":\"es\",\"potentialAction\":[{\"@type\":\"ReadAction\",\"target\":[\"https:\\\/\\\/palitrochestore.com.mx\\\/producto\\\/apartado-preventa-saint-cloth-myth-ex-benetnasch-mime\\\/\"]}]},{\"@type\":\"ImageObject\",\"inLanguage\":\"es\",\"@id\":\"https:\\\/\\\/palitrochestore.com.mx\\\/producto\\\/apartado-preventa-saint-cloth-myth-ex-benetnasch-mime\\\/#primaryimage\",\"url\":\"https:\\\/\\\/palitrochestore.com.mx\\\/wp-content\\\/uploads\\\/2025\\\/07\\\/image.jpeg\",\"contentUrl\":\"https:\\\/\\\/palitrochestore.com.mx\\\/wp-content\\\/uploads\\\/2025\\\/07\\\/image.jpeg\",\"width\":1024,\"height\":1024},{\"@type\":\"BreadcrumbList\",\"@id\":\"https:\\\/\\\/palitrochestore.com.mx\\\/producto\\\/apartado-preventa-saint-cloth-myth-ex-benetnasch-mime\\\/#breadcrumb\",\"itemListElement\":[{\"@type\":\"ListItem\",\"position\":1,\"name\":\"Home\",\"item\":\"https:\\\/\\\/palitrochestore.com.mx\\\/\"},{\"@type\":\"ListItem\",\"position\":2,\"name\":\"Shop\",\"item\":\"https:\\\/\\\/palitrochestore.com.mx\\\/?page_id=21686\"},{\"@type\":\"ListItem\",\"position\":3,\"name\":\"Saint Cloth Myth EX Benetnasch Mime\"}]},{\"@type\":\"WebSite\",\"@id\":\"https:\\\/\\\/palitrochestore.com.mx\\\/#website\",\"url\":\"https:\\\/\\\/palitrochestore.com.mx\\\/\",\"name\":\"Palitroche Store\",\"description\":\"Tienda f\u00edsica y online para comprar figuras de anime en M\u00e9xico, figuras originales coleccionables Bandai y S.H.Figuarts y tambi\u00e9n TCG como One Piece y Pok\u00e9mon TCG en CDMX\",\"publisher\":{\"@id\":\"https:\\\/\\\/palitrochestore.com.mx\\\/#organization\"},\"potentialAction\":[{\"@type\":\"SearchAction\",\"target\":{\"@type\":\"EntryPoint\",\"urlTemplate\":\"https:\\\/\\\/palitrochestore.com.mx\\\/?s={search_term_string}\"},\"query-input\":{\"@type\":\"PropertyValueSpecification\",\"valueRequired\":true,\"valueName\":\"search_term_string\"}}],\"inLanguage\":\"es\"},{\"@type\":\"Organization\",\"@id\":\"https:\\\/\\\/palitrochestore.com.mx\\\/#organization\",\"name\":\"Palitroche Store\",\"url\":\"https:\\\/\\\/palitrochestore.com.mx\\\/\",\"logo\":{\"@type\":\"ImageObject\",\"inLanguage\":\"es\",\"@id\":\"https:\\\/\\\/palitrochestore.com.mx\\\/#\\\/schema\\\/logo\\\/image\\\/\",\"url\":\"https:\\\/\\\/palitrochestore.com.mx\\\/wp-content\\\/uploads\\\/2025\\\/12\\\/cropped-LOGO_PALI_2025-1.png\",\"contentUrl\":\"https:\\\/\\\/palitrochestore.com.mx\\\/wp-content\\\/uploads\\\/2025\\\/12\\\/cropped-LOGO_PALI_2025-1.png\",\"width\":2117,\"height\":1572,\"caption\":\"Palitroche Store\"},\"image\":{\"@id\":\"https:\\\/\\\/palitrochestore.com.mx\\\/#\\\/schema\\\/logo\\\/image\\\/\"}}]}<\/script>\n<!-- \/ Yoast SEO plugin. -->","yoast_head_json":{"title":"Saint Cloth Myth EX Benetnasch Mime - Palitroche Store","robots":{"index":"index","follow":"follow","max-snippet":"max-snippet:-1","max-image-preview":"max-image-preview:large","max-video-preview":"max-video-preview:-1"},"canonical":"https:\/\/palitrochestore.com.mx\/producto\/apartado-preventa-saint-cloth-myth-ex-benetnasch-mime\/","og_locale":"es_ES","og_type":"article","og_title":"Saint Cloth Myth EX Benetnasch Mime - Palitroche Store","og_description":"Palitroche Toys es la mejor tienda de figuras de Anime en M\u00e9xico, aqu\u00ed es donde coleccionar figuras de Los Caballeros del Z\u00f3dicado es tu mejor opci\u00f3n. Saint Cloth Myth EX Benetnasch Mime es una figura de colecci\u00f3n imprescindible para los fans de Saint Seiya. Su dise\u00f1o fiel al anime y los acabados met\u00e1licos destacan en [&hellip;]","og_url":"https:\/\/palitrochestore.com.mx\/producto\/apartado-preventa-saint-cloth-myth-ex-benetnasch-mime\/","og_site_name":"Palitroche Store","article_modified_time":"2026-01-26T05:49:58+00:00","og_image":[{"width":1024,"height":1024,"url":"https:\/\/palitrochestore.com.mx\/wp-content\/uploads\/2025\/07\/image.jpeg","type":"image\/jpeg"}],"twitter_card":"summary_large_image","twitter_misc":{"Tiempo de lectura":"2 minutos"},"schema":{"@context":"https:\/\/schema.org","@graph":[{"@type":"WebPage","@id":"https:\/\/palitrochestore.com.mx\/producto\/apartado-preventa-saint-cloth-myth-ex-benetnasch-mime\/","url":"https:\/\/palitrochestore.com.mx\/producto\/apartado-preventa-saint-cloth-myth-ex-benetnasch-mime\/","name":"Saint Cloth Myth EX Benetnasch Mime - Palitroche Store","isPartOf":{"@id":"https:\/\/palitrochestore.com.mx\/#website"},"primaryImageOfPage":{"@id":"https:\/\/palitrochestore.com.mx\/producto\/apartado-preventa-saint-cloth-myth-ex-benetnasch-mime\/#primaryimage"},"image":{"@id":"https:\/\/palitrochestore.com.mx\/producto\/apartado-preventa-saint-cloth-myth-ex-benetnasch-mime\/#primaryimage"},"thumbnailUrl":"https:\/\/palitrochestore.com.mx\/wp-content\/uploads\/2025\/07\/image.jpeg","datePublished":"2025-07-31T18:31:13+00:00","dateModified":"2026-01-26T05:49:58+00:00","breadcrumb":{"@id":"https:\/\/palitrochestore.com.mx\/producto\/apartado-preventa-saint-cloth-myth-ex-benetnasch-mime\/#breadcrumb"},"inLanguage":"es","potentialAction":[{"@type":"ReadAction","target":["https:\/\/palitrochestore.com.mx\/producto\/apartado-preventa-saint-cloth-myth-ex-benetnasch-mime\/"]}]},{"@type":"ImageObject","inLanguage":"es","@id":"https:\/\/palitrochestore.com.mx\/producto\/apartado-preventa-saint-cloth-myth-ex-benetnasch-mime\/#primaryimage","url":"https:\/\/palitrochestore.com.mx\/wp-content\/uploads\/2025\/07\/image.jpeg","contentUrl":"https:\/\/palitrochestore.com.mx\/wp-content\/uploads\/2025\/07\/image.jpeg","width":1024,"height":1024},{"@type":"BreadcrumbList","@id":"https:\/\/palitrochestore.com.mx\/producto\/apartado-preventa-saint-cloth-myth-ex-benetnasch-mime\/#breadcrumb","itemListElement":[{"@type":"ListItem","position":1,"name":"Home","item":"https:\/\/palitrochestore.com.mx\/"},{"@type":"ListItem","position":2,"name":"Shop","item":"https:\/\/palitrochestore.com.mx\/?page_id=21686"},{"@type":"ListItem","position":3,"name":"Saint Cloth Myth EX Benetnasch Mime"}]},{"@type":"WebSite","@id":"https:\/\/palitrochestore.com.mx\/#website","url":"https:\/\/palitrochestore.com.mx\/","name":"Palitroche Store","description":"Tienda f\u00edsica y online para comprar figuras de anime en M\u00e9xico, figuras originales coleccionables Bandai y S.H.Figuarts y tambi\u00e9n TCG como One Piece y Pok\u00e9mon TCG en CDMX","publisher":{"@id":"https:\/\/palitrochestore.com.mx\/#organization"},"potentialAction":[{"@type":"SearchAction","target":{"@type":"EntryPoint","urlTemplate":"https:\/\/palitrochestore.com.mx\/?s={search_term_string}"},"query-input":{"@type":"PropertyValueSpecification","valueRequired":true,"valueName":"search_term_string"}}],"inLanguage":"es"},{"@type":"Organization","@id":"https:\/\/palitrochestore.com.mx\/#organization","name":"Palitroche Store","url":"https:\/\/palitrochestore.com.mx\/","logo":{"@type":"ImageObject","inLanguage":"es","@id":"https:\/\/palitrochestore.com.mx\/#\/schema\/logo\/image\/","url":"https:\/\/palitrochestore.com.mx\/wp-content\/uploads\/2025\/12\/cropped-LOGO_PALI_2025-1.png","contentUrl":"https:\/\/palitrochestore.com.mx\/wp-content\/uploads\/2025\/12\/cropped-LOGO_PALI_2025-1.png","width":2117,"height":1572,"caption":"Palitroche Store"},"image":{"@id":"https:\/\/palitrochestore.com.mx\/#\/schema\/logo\/image\/"}}]}},"_links":{"self":[{"href":"https:\/\/palitrochestore.com.mx\/index.php?rest_route=\/wp\/v2\/product\/15950","targetHints":{"allow":["GET"]}}],"collection":[{"href":"https:\/\/palitrochestore.com.mx\/index.php?rest_route=\/wp\/v2\/product"}],"about":[{"href":"https:\/\/palitrochestore.com.mx\/index.php?rest_route=\/wp\/v2\/types\/product"}],"replies":[{"embeddable":true,"href":"https:\/\/palitrochestore.com.mx\/index.php?rest_route=%2Fwp%2Fv2%2Fcomments&post=15950"}],"version-history":[{"count":0,"href":"https:\/\/palitrochestore.com.mx\/index.php?rest_route=\/wp\/v2\/product\/15950\/revisions"}],"wp:featuredmedia":[{"embeddable":true,"href":"https:\/\/palitrochestore.com.mx\/index.php?rest_route=\/wp\/v2\/media\/15951"}],"wp:attachment":[{"href":"https:\/\/palitrochestore.com.mx\/index.php?rest_route=%2Fwp%2Fv2%2Fmedia&parent=15950"}],"wp:term":[{"taxonomy":"product_brand","embeddable":true,"href":"https:\/\/palitrochestore.com.mx\/index.php?rest_route=%2Fwp%2Fv2%2Fproduct_brand&post=15950"},{"taxonomy":"product_cat","embeddable":true,"href":"https:\/\/palitrochestore.com.mx\/index.php?rest_route=%2Fwp%2Fv2%2Fproduct_cat&post=15950"},{"taxonomy":"product_tag","embeddable":true,"href":"https:\/\/palitrochestore.com.mx\/index.php?rest_route=%2Fwp%2Fv2%2Fproduct_tag&post=15950"}],"curies":[{"name":"wp","href":"https:\/\/api.w.org\/{rel}","templated":true}]}}