{"id":15604,"date":"2025-07-22T13:09:50","date_gmt":"2025-07-22T19:09:50","guid":{"rendered":"https:\/\/palitrochestore.com.mx\/?post_type=product&#038;p=15604"},"modified":"2025-11-18T01:19:58","modified_gmt":"2025-11-18T07:19:58","slug":"pokemon-i-choose-you-plush-lugia","status":"publish","type":"product","link":"https:\/\/palitrochestore.com.mx\/?product=pokemon-i-choose-you-plush-lugia","title":{"rendered":"Pok\u00e9mon: I choose you! Plush Lugia"},"content":{"rendered":"<p>Revive la emoci\u00f3n de la pel\u00edcula Pok\u00e9mon: I Choose You! con este incre\u00edble peluche de Lugia, el legendario guardi\u00e1n de los cielos. Perfecto para fans que crecieron con la saga y quieren agregar un toque nost\u00e1lgico a su colecci\u00f3n.<\/p>\n<p>Este peluche de Lugia no solo destaca por su calidad y detalles, tambi\u00e9n es ideal para exhibir o abrazar. Cons\u00edguelo en Palitroche Toys, la mejor tienda de coleccionismo en M\u00e9xico.<\/p>\n<p><strong>Cualidades del producto:<\/strong><\/p>\n<p>Inspirado en Pok\u00e9mon: I Choose You!<\/p>\n<p>Dise\u00f1o fiel y con gran nivel de detalle<\/p>\n<p>Tama\u00f1o ideal para colecci\u00f3n o decoraci\u00f3n<\/p>\n<p>Suave y fabricado con materiales de alta calidad<\/p>\n<p>Producto oficial para coleccionistas exigentes<\/p>\n<p><strong>Compra con confianza en Palitroche Toys:<\/strong><\/p>\n<p>Env\u00edos r\u00e1pidos a todo M\u00e9xico<\/p>\n<p>Atenci\u00f3n personalizada y amable<\/p>\n<p>Compra 100% segura desde nuestra tienda f\u00edsica o en l\u00ednea<\/p>\n","protected":false},"excerpt":{"rendered":"<p>Revive la emoci\u00f3n de la pel\u00edcula Pok\u00e9mon: I Choose You! con este incre\u00edble peluche de Lugia, el legendario guardi\u00e1n de los cielos. Perfecto para fans que crecieron con la saga y quieren agregar un toque nost\u00e1lgico a su colecci\u00f3n. Este peluche de Lugia no solo destaca por su calidad y detalles, tambi\u00e9n es ideal para [&hellip;]<\/p>\n","protected":false},"featured_media":15627,"comment_status":"open","ping_status":"closed","template":"","meta":{"site-sidebar-layout":"default","site-content-layout":"","ast-site-content-layout":"default","site-content-style":"default","site-sidebar-style":"default","ast-global-header-display":"","ast-banner-title-visibility":"","ast-main-header-display":"","ast-hfb-above-header-display":"","ast-hfb-below-header-display":"","ast-hfb-mobile-header-display":"","site-post-title":"","ast-breadcrumbs-content":"","ast-featured-img":"","footer-sml-layout":"","ast-disable-related-posts":"","theme-transparent-header-meta":"default","adv-header-id-meta":"","stick-header-meta":"","header-above-stick-meta":"","header-main-stick-meta":"","header-below-stick-meta":"","astra-migrate-meta-layouts":"set","ast-page-background-enabled":"default","ast-page-background-meta":{"desktop":{"background-color":"","background-image":"","background-repeat":"repeat","background-position":"center center","background-size":"auto","background-attachment":"scroll","background-type":"","background-media":"","overlay-type":"","overlay-color":"","overlay-opacity":"","overlay-gradient":""},"tablet":{"background-color":"","background-image":"","background-repeat":"repeat","background-position":"center center","background-size":"auto","background-attachment":"scroll","background-type":"","background-media":"","overlay-type":"","overlay-color":"","overlay-opacity":"","overlay-gradient":""},"mobile":{"background-color":"","background-image":"","background-repeat":"repeat","background-position":"center center","background-size":"auto","background-attachment":"scroll","background-type":"","background-media":"","overlay-type":"","overlay-color":"","overlay-opacity":"","overlay-gradient":""}},"ast-content-background-meta":{"desktop":{"background-color":"var(--ast-global-color-5)","background-image":"","background-repeat":"repeat","background-position":"center center","background-size":"auto","background-attachment":"scroll","background-type":"","background-media":"","overlay-type":"","overlay-color":"","overlay-opacity":"","overlay-gradient":""},"tablet":{"background-color":"var(--ast-global-color-5)","background-image":"","background-repeat":"repeat","background-position":"center center","background-size":"auto","background-attachment":"scroll","background-type":"","background-media":"","overlay-type":"","overlay-color":"","overlay-opacity":"","overlay-gradient":""},"mobile":{"background-color":"var(--ast-global-color-5)","background-image":"","background-repeat":"repeat","background-position":"center center","background-size":"auto","background-attachment":"scroll","background-type":"","background-media":"","overlay-type":"","overlay-color":"","overlay-opacity":"","overlay-gradient":""}}},"product_brand":[],"product_cat":[109],"product_tag":[300],"class_list":{"0":"post-15604","1":"product","2":"type-product","3":"status-publish","4":"has-post-thumbnail","6":"product_cat-accesorios","7":"product_tag-pokemon","8":"desktop-align-center","9":"tablet-align-center","10":"mobile-align-center","12":"first","13":"outofstock","14":"sold-individually","15":"shipping-taxable","16":"purchasable","17":"product-type-simple"},"yoast_head":"<!-- This site is optimized with the Yoast SEO plugin v27.3 - https:\/\/yoast.com\/product\/yoast-seo-wordpress\/ -->\n<title>Pok\u00e9mon: I choose you! Plush Lugia - Palitroche Store<\/title>\n<meta name=\"robots\" content=\"index, follow, max-snippet:-1, max-image-preview:large, max-video-preview:-1\" \/>\n<link rel=\"canonical\" href=\"https:\/\/palitrochestore.com.mx\/producto\/pokemon-i-choose-you-plush-lugia\/\" \/>\n<meta property=\"og:locale\" content=\"es_ES\" \/>\n<meta property=\"og:type\" content=\"article\" \/>\n<meta property=\"og:title\" content=\"Pok\u00e9mon: I choose you! Plush Lugia - Palitroche Store\" \/>\n<meta property=\"og:description\" content=\"Revive la emoci\u00f3n de la pel\u00edcula Pok\u00e9mon: I Choose You! con este incre\u00edble peluche de Lugia, el legendario guardi\u00e1n de los cielos. Perfecto para fans que crecieron con la saga y quieren agregar un toque nost\u00e1lgico a su colecci\u00f3n. Este peluche de Lugia no solo destaca por su calidad y detalles, tambi\u00e9n es ideal para [&hellip;]\" \/>\n<meta property=\"og:url\" content=\"https:\/\/palitrochestore.com.mx\/producto\/pokemon-i-choose-you-plush-lugia\/\" \/>\n<meta property=\"og:site_name\" content=\"Palitroche Store\" \/>\n<meta property=\"article:modified_time\" content=\"2025-11-18T07:19:58+00:00\" \/>\n<meta property=\"og:image\" content=\"https:\/\/palitrochestore.com.mx\/wp-content\/uploads\/2025\/07\/991d99d268f915e4b58712649036cc8cce3ae5132ae902871e5313a3c7325797.jpg\" \/>\n\t<meta property=\"og:image:width\" content=\"1500\" \/>\n\t<meta property=\"og:image:height\" content=\"1500\" \/>\n\t<meta property=\"og:image:type\" content=\"image\/jpeg\" \/>\n<meta name=\"twitter:card\" content=\"summary_large_image\" \/>\n<meta name=\"twitter:label1\" content=\"Tiempo de lectura\" \/>\n\t<meta name=\"twitter:data1\" content=\"1 minuto\" \/>\n<script type=\"application\/ld+json\" class=\"yoast-schema-graph\">{\"@context\":\"https:\\\/\\\/schema.org\",\"@graph\":[{\"@type\":\"WebPage\",\"@id\":\"https:\\\/\\\/palitrochestore.com.mx\\\/producto\\\/pokemon-i-choose-you-plush-lugia\\\/\",\"url\":\"https:\\\/\\\/palitrochestore.com.mx\\\/producto\\\/pokemon-i-choose-you-plush-lugia\\\/\",\"name\":\"Pok\u00e9mon: I choose you! Plush Lugia - Palitroche Store\",\"isPartOf\":{\"@id\":\"https:\\\/\\\/palitrochestore.com.mx\\\/#website\"},\"primaryImageOfPage\":{\"@id\":\"https:\\\/\\\/palitrochestore.com.mx\\\/producto\\\/pokemon-i-choose-you-plush-lugia\\\/#primaryimage\"},\"image\":{\"@id\":\"https:\\\/\\\/palitrochestore.com.mx\\\/producto\\\/pokemon-i-choose-you-plush-lugia\\\/#primaryimage\"},\"thumbnailUrl\":\"https:\\\/\\\/palitrochestore.com.mx\\\/wp-content\\\/uploads\\\/2025\\\/07\\\/991d99d268f915e4b58712649036cc8cce3ae5132ae902871e5313a3c7325797.jpg\",\"datePublished\":\"2025-07-22T19:09:50+00:00\",\"dateModified\":\"2025-11-18T07:19:58+00:00\",\"breadcrumb\":{\"@id\":\"https:\\\/\\\/palitrochestore.com.mx\\\/producto\\\/pokemon-i-choose-you-plush-lugia\\\/#breadcrumb\"},\"inLanguage\":\"es\",\"potentialAction\":[{\"@type\":\"ReadAction\",\"target\":[\"https:\\\/\\\/palitrochestore.com.mx\\\/producto\\\/pokemon-i-choose-you-plush-lugia\\\/\"]}]},{\"@type\":\"ImageObject\",\"inLanguage\":\"es\",\"@id\":\"https:\\\/\\\/palitrochestore.com.mx\\\/producto\\\/pokemon-i-choose-you-plush-lugia\\\/#primaryimage\",\"url\":\"https:\\\/\\\/palitrochestore.com.mx\\\/wp-content\\\/uploads\\\/2025\\\/07\\\/991d99d268f915e4b58712649036cc8cce3ae5132ae902871e5313a3c7325797.jpg\",\"contentUrl\":\"https:\\\/\\\/palitrochestore.com.mx\\\/wp-content\\\/uploads\\\/2025\\\/07\\\/991d99d268f915e4b58712649036cc8cce3ae5132ae902871e5313a3c7325797.jpg\",\"width\":1500,\"height\":1500},{\"@type\":\"BreadcrumbList\",\"@id\":\"https:\\\/\\\/palitrochestore.com.mx\\\/producto\\\/pokemon-i-choose-you-plush-lugia\\\/#breadcrumb\",\"itemListElement\":[{\"@type\":\"ListItem\",\"position\":1,\"name\":\"Home\",\"item\":\"https:\\\/\\\/palitrochestore.com.mx\\\/\"},{\"@type\":\"ListItem\",\"position\":2,\"name\":\"Shop\",\"item\":\"https:\\\/\\\/palitrochestore.com.mx\\\/?page_id=21686\"},{\"@type\":\"ListItem\",\"position\":3,\"name\":\"Pok\u00e9mon: I choose you! Plush Lugia\"}]},{\"@type\":\"WebSite\",\"@id\":\"https:\\\/\\\/palitrochestore.com.mx\\\/#website\",\"url\":\"https:\\\/\\\/palitrochestore.com.mx\\\/\",\"name\":\"Palitroche Store\",\"description\":\"Tienda f\u00edsica y online para comprar figuras de anime en M\u00e9xico, figuras originales coleccionables Bandai y S.H.Figuarts y tambi\u00e9n TCG como One Piece y Pok\u00e9mon TCG en CDMX\",\"publisher\":{\"@id\":\"https:\\\/\\\/palitrochestore.com.mx\\\/#organization\"},\"potentialAction\":[{\"@type\":\"SearchAction\",\"target\":{\"@type\":\"EntryPoint\",\"urlTemplate\":\"https:\\\/\\\/palitrochestore.com.mx\\\/?s={search_term_string}\"},\"query-input\":{\"@type\":\"PropertyValueSpecification\",\"valueRequired\":true,\"valueName\":\"search_term_string\"}}],\"inLanguage\":\"es\"},{\"@type\":\"Organization\",\"@id\":\"https:\\\/\\\/palitrochestore.com.mx\\\/#organization\",\"name\":\"Palitroche Store\",\"url\":\"https:\\\/\\\/palitrochestore.com.mx\\\/\",\"logo\":{\"@type\":\"ImageObject\",\"inLanguage\":\"es\",\"@id\":\"https:\\\/\\\/palitrochestore.com.mx\\\/#\\\/schema\\\/logo\\\/image\\\/\",\"url\":\"https:\\\/\\\/palitrochestore.com.mx\\\/wp-content\\\/uploads\\\/2025\\\/12\\\/cropped-LOGO_PALI_2025-1.png\",\"contentUrl\":\"https:\\\/\\\/palitrochestore.com.mx\\\/wp-content\\\/uploads\\\/2025\\\/12\\\/cropped-LOGO_PALI_2025-1.png\",\"width\":2117,\"height\":1572,\"caption\":\"Palitroche Store\"},\"image\":{\"@id\":\"https:\\\/\\\/palitrochestore.com.mx\\\/#\\\/schema\\\/logo\\\/image\\\/\"}}]}<\/script>\n<!-- \/ Yoast SEO plugin. -->","yoast_head_json":{"title":"Pok\u00e9mon: I choose you! Plush Lugia - Palitroche Store","robots":{"index":"index","follow":"follow","max-snippet":"max-snippet:-1","max-image-preview":"max-image-preview:large","max-video-preview":"max-video-preview:-1"},"canonical":"https:\/\/palitrochestore.com.mx\/producto\/pokemon-i-choose-you-plush-lugia\/","og_locale":"es_ES","og_type":"article","og_title":"Pok\u00e9mon: I choose you! Plush Lugia - Palitroche Store","og_description":"Revive la emoci\u00f3n de la pel\u00edcula Pok\u00e9mon: I Choose You! con este incre\u00edble peluche de Lugia, el legendario guardi\u00e1n de los cielos. Perfecto para fans que crecieron con la saga y quieren agregar un toque nost\u00e1lgico a su colecci\u00f3n. Este peluche de Lugia no solo destaca por su calidad y detalles, tambi\u00e9n es ideal para [&hellip;]","og_url":"https:\/\/palitrochestore.com.mx\/producto\/pokemon-i-choose-you-plush-lugia\/","og_site_name":"Palitroche Store","article_modified_time":"2025-11-18T07:19:58+00:00","og_image":[{"width":1500,"height":1500,"url":"https:\/\/palitrochestore.com.mx\/wp-content\/uploads\/2025\/07\/991d99d268f915e4b58712649036cc8cce3ae5132ae902871e5313a3c7325797.jpg","type":"image\/jpeg"}],"twitter_card":"summary_large_image","twitter_misc":{"Tiempo de lectura":"1 minuto"},"schema":{"@context":"https:\/\/schema.org","@graph":[{"@type":"WebPage","@id":"https:\/\/palitrochestore.com.mx\/producto\/pokemon-i-choose-you-plush-lugia\/","url":"https:\/\/palitrochestore.com.mx\/producto\/pokemon-i-choose-you-plush-lugia\/","name":"Pok\u00e9mon: I choose you! Plush Lugia - Palitroche Store","isPartOf":{"@id":"https:\/\/palitrochestore.com.mx\/#website"},"primaryImageOfPage":{"@id":"https:\/\/palitrochestore.com.mx\/producto\/pokemon-i-choose-you-plush-lugia\/#primaryimage"},"image":{"@id":"https:\/\/palitrochestore.com.mx\/producto\/pokemon-i-choose-you-plush-lugia\/#primaryimage"},"thumbnailUrl":"https:\/\/palitrochestore.com.mx\/wp-content\/uploads\/2025\/07\/991d99d268f915e4b58712649036cc8cce3ae5132ae902871e5313a3c7325797.jpg","datePublished":"2025-07-22T19:09:50+00:00","dateModified":"2025-11-18T07:19:58+00:00","breadcrumb":{"@id":"https:\/\/palitrochestore.com.mx\/producto\/pokemon-i-choose-you-plush-lugia\/#breadcrumb"},"inLanguage":"es","potentialAction":[{"@type":"ReadAction","target":["https:\/\/palitrochestore.com.mx\/producto\/pokemon-i-choose-you-plush-lugia\/"]}]},{"@type":"ImageObject","inLanguage":"es","@id":"https:\/\/palitrochestore.com.mx\/producto\/pokemon-i-choose-you-plush-lugia\/#primaryimage","url":"https:\/\/palitrochestore.com.mx\/wp-content\/uploads\/2025\/07\/991d99d268f915e4b58712649036cc8cce3ae5132ae902871e5313a3c7325797.jpg","contentUrl":"https:\/\/palitrochestore.com.mx\/wp-content\/uploads\/2025\/07\/991d99d268f915e4b58712649036cc8cce3ae5132ae902871e5313a3c7325797.jpg","width":1500,"height":1500},{"@type":"BreadcrumbList","@id":"https:\/\/palitrochestore.com.mx\/producto\/pokemon-i-choose-you-plush-lugia\/#breadcrumb","itemListElement":[{"@type":"ListItem","position":1,"name":"Home","item":"https:\/\/palitrochestore.com.mx\/"},{"@type":"ListItem","position":2,"name":"Shop","item":"https:\/\/palitrochestore.com.mx\/?page_id=21686"},{"@type":"ListItem","position":3,"name":"Pok\u00e9mon: I choose you! Plush Lugia"}]},{"@type":"WebSite","@id":"https:\/\/palitrochestore.com.mx\/#website","url":"https:\/\/palitrochestore.com.mx\/","name":"Palitroche Store","description":"Tienda f\u00edsica y online para comprar figuras de anime en M\u00e9xico, figuras originales coleccionables Bandai y S.H.Figuarts y tambi\u00e9n TCG como One Piece y Pok\u00e9mon TCG en CDMX","publisher":{"@id":"https:\/\/palitrochestore.com.mx\/#organization"},"potentialAction":[{"@type":"SearchAction","target":{"@type":"EntryPoint","urlTemplate":"https:\/\/palitrochestore.com.mx\/?s={search_term_string}"},"query-input":{"@type":"PropertyValueSpecification","valueRequired":true,"valueName":"search_term_string"}}],"inLanguage":"es"},{"@type":"Organization","@id":"https:\/\/palitrochestore.com.mx\/#organization","name":"Palitroche Store","url":"https:\/\/palitrochestore.com.mx\/","logo":{"@type":"ImageObject","inLanguage":"es","@id":"https:\/\/palitrochestore.com.mx\/#\/schema\/logo\/image\/","url":"https:\/\/palitrochestore.com.mx\/wp-content\/uploads\/2025\/12\/cropped-LOGO_PALI_2025-1.png","contentUrl":"https:\/\/palitrochestore.com.mx\/wp-content\/uploads\/2025\/12\/cropped-LOGO_PALI_2025-1.png","width":2117,"height":1572,"caption":"Palitroche Store"},"image":{"@id":"https:\/\/palitrochestore.com.mx\/#\/schema\/logo\/image\/"}}]}},"_links":{"self":[{"href":"https:\/\/palitrochestore.com.mx\/index.php?rest_route=\/wp\/v2\/product\/15604","targetHints":{"allow":["GET"]}}],"collection":[{"href":"https:\/\/palitrochestore.com.mx\/index.php?rest_route=\/wp\/v2\/product"}],"about":[{"href":"https:\/\/palitrochestore.com.mx\/index.php?rest_route=\/wp\/v2\/types\/product"}],"replies":[{"embeddable":true,"href":"https:\/\/palitrochestore.com.mx\/index.php?rest_route=%2Fwp%2Fv2%2Fcomments&post=15604"}],"version-history":[{"count":1,"href":"https:\/\/palitrochestore.com.mx\/index.php?rest_route=\/wp\/v2\/product\/15604\/revisions"}],"predecessor-version":[{"id":15626,"href":"https:\/\/palitrochestore.com.mx\/index.php?rest_route=\/wp\/v2\/product\/15604\/revisions\/15626"}],"wp:featuredmedia":[{"embeddable":true,"href":"https:\/\/palitrochestore.com.mx\/index.php?rest_route=\/wp\/v2\/media\/15627"}],"wp:attachment":[{"href":"https:\/\/palitrochestore.com.mx\/index.php?rest_route=%2Fwp%2Fv2%2Fmedia&parent=15604"}],"wp:term":[{"taxonomy":"product_brand","embeddable":true,"href":"https:\/\/palitrochestore.com.mx\/index.php?rest_route=%2Fwp%2Fv2%2Fproduct_brand&post=15604"},{"taxonomy":"product_cat","embeddable":true,"href":"https:\/\/palitrochestore.com.mx\/index.php?rest_route=%2Fwp%2Fv2%2Fproduct_cat&post=15604"},{"taxonomy":"product_tag","embeddable":true,"href":"https:\/\/palitrochestore.com.mx\/index.php?rest_route=%2Fwp%2Fv2%2Fproduct_tag&post=15604"}],"curies":[{"name":"wp","href":"https:\/\/api.w.org\/{rel}","templated":true}]}}