{"id":15215,"date":"2025-06-26T15:17:31","date_gmt":"2025-06-26T21:17:31","guid":{"rendered":"https:\/\/palitrochestore.com.mx\/?post_type=product&#038;p=15215"},"modified":"2026-04-17T17:36:53","modified_gmt":"2026-04-17T23:36:53","slug":"apartado-preventa-figuartszero-straw-hat-luffy-reissue","status":"publish","type":"product","link":"https:\/\/palitrochestore.com.mx\/?product=apartado-preventa-figuartszero-straw-hat-luffy-reissue","title":{"rendered":"FiguartsZERO Straw Hat Luffy REISSUE"},"content":{"rendered":"<p><strong>FiguartsZERO Straw Hat Luffy REISSUE<\/strong> revive al protagonista de <em>One Piece<\/em> con una estatua din\u00e1mica y llena de energ\u00eda. Bandai Tamashii Nations presenta esta reedici\u00f3n que captura a la perfecci\u00f3n el esp\u00edritu del capit\u00e1n de los Sombrero de Paja.<\/p>\n<p>Un cl\u00e1sico dentro de la colecci\u00f3n FiguartsZERO que regresa para deleitar a los coleccionistas. Esta reedici\u00f3n es una oportunidad \u00fanica para quienes no pudieron adquirir la versi\u00f3n original.<\/p>\n<ul>\n<li>Figura est\u00e1tica de gran calidad<\/li>\n<li>Altura aproximada de 15 cm<\/li>\n<li>Pose din\u00e1mica con efectos de acci\u00f3n<\/li>\n<li>Escultura fiel al dise\u00f1o del anime<\/li>\n<li>Pintura detallada y precisa<\/li>\n<\/ul>\n<p>Encu\u00e9ntrala en <strong>palitrochestore.com.mx<\/strong> con el respaldo de Palitroche Toys:<\/p>\n<ul>\n<li>Env\u00edo r\u00e1pido y protegido<\/li>\n<li>Compra 100% confiable<\/li>\n<li>Productos originales de Bandai<\/li>\n<li>Atenci\u00f3n personalizada<\/li>\n<\/ul>\n","protected":false},"excerpt":{"rendered":"<p>FiguartsZERO Straw Hat Luffy REISSUE revive al protagonista de One Piece con una estatua din\u00e1mica y llena de energ\u00eda. Bandai Tamashii Nations presenta esta reedici\u00f3n que captura a la perfecci\u00f3n el esp\u00edritu del capit\u00e1n de los Sombrero de Paja. Un cl\u00e1sico dentro de la colecci\u00f3n FiguartsZERO que regresa para deleitar a los coleccionistas. Esta reedici\u00f3n [&hellip;]<\/p>\n","protected":false},"featured_media":15142,"comment_status":"open","ping_status":"closed","template":"","meta":{"site-sidebar-layout":"default","site-content-layout":"","ast-site-content-layout":"default","site-content-style":"default","site-sidebar-style":"default","ast-global-header-display":"","ast-banner-title-visibility":"","ast-main-header-display":"","ast-hfb-above-header-display":"","ast-hfb-below-header-display":"","ast-hfb-mobile-header-display":"","site-post-title":"","ast-breadcrumbs-content":"","ast-featured-img":"","footer-sml-layout":"","ast-disable-related-posts":"","theme-transparent-header-meta":"default","adv-header-id-meta":"","stick-header-meta":"","header-above-stick-meta":"","header-main-stick-meta":"","header-below-stick-meta":"","astra-migrate-meta-layouts":"set","ast-page-background-enabled":"default","ast-page-background-meta":{"desktop":{"background-color":"","background-image":"","background-repeat":"repeat","background-position":"center center","background-size":"auto","background-attachment":"scroll","background-type":"","background-media":"","overlay-type":"","overlay-color":"","overlay-opacity":"","overlay-gradient":""},"tablet":{"background-color":"","background-image":"","background-repeat":"repeat","background-position":"center center","background-size":"auto","background-attachment":"scroll","background-type":"","background-media":"","overlay-type":"","overlay-color":"","overlay-opacity":"","overlay-gradient":""},"mobile":{"background-color":"","background-image":"","background-repeat":"repeat","background-position":"center center","background-size":"auto","background-attachment":"scroll","background-type":"","background-media":"","overlay-type":"","overlay-color":"","overlay-opacity":"","overlay-gradient":""}},"ast-content-background-meta":{"desktop":{"background-color":"var(--ast-global-color-5)","background-image":"","background-repeat":"repeat","background-position":"center center","background-size":"auto","background-attachment":"scroll","background-type":"","background-media":"","overlay-type":"","overlay-color":"","overlay-opacity":"","overlay-gradient":""},"tablet":{"background-color":"var(--ast-global-color-5)","background-image":"","background-repeat":"repeat","background-position":"center center","background-size":"auto","background-attachment":"scroll","background-type":"","background-media":"","overlay-type":"","overlay-color":"","overlay-opacity":"","overlay-gradient":""},"mobile":{"background-color":"var(--ast-global-color-5)","background-image":"","background-repeat":"repeat","background-position":"center center","background-size":"auto","background-attachment":"scroll","background-type":"","background-media":"","overlay-type":"","overlay-color":"","overlay-opacity":"","overlay-gradient":""}}},"product_brand":[],"product_cat":[37,39],"product_tag":[296,282],"class_list":{"0":"post-15215","1":"product","2":"type-product","3":"status-publish","4":"has-post-thumbnail","6":"product_cat-tamashii-nations","7":"product_cat-todas","8":"product_tag-figuras","9":"product_tag-tamashii-nations","10":"desktop-align-center","11":"tablet-align-center","12":"mobile-align-center","14":"first","15":"instock","16":"sold-individually","17":"shipping-taxable","18":"purchasable","19":"product-type-simple"},"yoast_head":"<!-- This site is optimized with the Yoast SEO plugin v27.3 - https:\/\/yoast.com\/product\/yoast-seo-wordpress\/ -->\n<title>FiguartsZERO Straw Hat Luffy REISSUE - Palitroche Store<\/title>\n<meta name=\"robots\" content=\"index, follow, max-snippet:-1, max-image-preview:large, max-video-preview:-1\" \/>\n<link rel=\"canonical\" href=\"https:\/\/palitrochestore.com.mx\/?product=apartado-preventa-figuartszero-straw-hat-luffy-reissue\" \/>\n<meta property=\"og:locale\" content=\"es_ES\" \/>\n<meta property=\"og:type\" content=\"article\" \/>\n<meta property=\"og:title\" content=\"FiguartsZERO Straw Hat Luffy REISSUE - Palitroche Store\" \/>\n<meta property=\"og:description\" content=\"FiguartsZERO Straw Hat Luffy REISSUE revive al protagonista de One Piece con una estatua din\u00e1mica y llena de energ\u00eda. Bandai Tamashii Nations presenta esta reedici\u00f3n que captura a la perfecci\u00f3n el esp\u00edritu del capit\u00e1n de los Sombrero de Paja. Un cl\u00e1sico dentro de la colecci\u00f3n FiguartsZERO que regresa para deleitar a los coleccionistas. Esta reedici\u00f3n [&hellip;]\" \/>\n<meta property=\"og:url\" content=\"https:\/\/palitrochestore.com.mx\/?product=apartado-preventa-figuartszero-straw-hat-luffy-reissue\" \/>\n<meta property=\"og:site_name\" content=\"Palitroche Store\" \/>\n<meta property=\"article:modified_time\" content=\"2026-04-17T23:36:53+00:00\" \/>\n<meta property=\"og:image\" content=\"https:\/\/palitrochestore.com.mx\/wp-content\/uploads\/2025\/06\/4573102664990-1.jpeg\" \/>\n\t<meta property=\"og:image:width\" content=\"1600\" \/>\n\t<meta property=\"og:image:height\" content=\"1600\" \/>\n\t<meta property=\"og:image:type\" content=\"image\/jpeg\" \/>\n<meta name=\"twitter:card\" content=\"summary_large_image\" \/>\n<meta name=\"twitter:label1\" content=\"Tiempo de lectura\" \/>\n\t<meta name=\"twitter:data1\" content=\"1 minuto\" \/>\n<script type=\"application\/ld+json\" class=\"yoast-schema-graph\">{\"@context\":\"https:\\\/\\\/schema.org\",\"@graph\":[{\"@type\":\"WebPage\",\"@id\":\"https:\\\/\\\/palitrochestore.com.mx\\\/?product=apartado-preventa-figuartszero-straw-hat-luffy-reissue\",\"url\":\"https:\\\/\\\/palitrochestore.com.mx\\\/?product=apartado-preventa-figuartszero-straw-hat-luffy-reissue\",\"name\":\"FiguartsZERO Straw Hat Luffy REISSUE - Palitroche Store\",\"isPartOf\":{\"@id\":\"https:\\\/\\\/palitrochestore.com.mx\\\/#website\"},\"primaryImageOfPage\":{\"@id\":\"https:\\\/\\\/palitrochestore.com.mx\\\/?product=apartado-preventa-figuartszero-straw-hat-luffy-reissue#primaryimage\"},\"image\":{\"@id\":\"https:\\\/\\\/palitrochestore.com.mx\\\/?product=apartado-preventa-figuartszero-straw-hat-luffy-reissue#primaryimage\"},\"thumbnailUrl\":\"https:\\\/\\\/palitrochestore.com.mx\\\/wp-content\\\/uploads\\\/2025\\\/06\\\/4573102664990-1.jpeg\",\"datePublished\":\"2025-06-26T21:17:31+00:00\",\"dateModified\":\"2026-04-17T23:36:53+00:00\",\"breadcrumb\":{\"@id\":\"https:\\\/\\\/palitrochestore.com.mx\\\/?product=apartado-preventa-figuartszero-straw-hat-luffy-reissue#breadcrumb\"},\"inLanguage\":\"es\",\"potentialAction\":[{\"@type\":\"ReadAction\",\"target\":[\"https:\\\/\\\/palitrochestore.com.mx\\\/?product=apartado-preventa-figuartszero-straw-hat-luffy-reissue\"]}]},{\"@type\":\"ImageObject\",\"inLanguage\":\"es\",\"@id\":\"https:\\\/\\\/palitrochestore.com.mx\\\/?product=apartado-preventa-figuartszero-straw-hat-luffy-reissue#primaryimage\",\"url\":\"https:\\\/\\\/palitrochestore.com.mx\\\/wp-content\\\/uploads\\\/2025\\\/06\\\/4573102664990-1.jpeg\",\"contentUrl\":\"https:\\\/\\\/palitrochestore.com.mx\\\/wp-content\\\/uploads\\\/2025\\\/06\\\/4573102664990-1.jpeg\",\"width\":1600,\"height\":1600},{\"@type\":\"BreadcrumbList\",\"@id\":\"https:\\\/\\\/palitrochestore.com.mx\\\/?product=apartado-preventa-figuartszero-straw-hat-luffy-reissue#breadcrumb\",\"itemListElement\":[{\"@type\":\"ListItem\",\"position\":1,\"name\":\"Home\",\"item\":\"https:\\\/\\\/palitrochestore.com.mx\\\/\"},{\"@type\":\"ListItem\",\"position\":2,\"name\":\"Shop\",\"item\":\"https:\\\/\\\/palitrochestore.com.mx\\\/?page_id=21686\"},{\"@type\":\"ListItem\",\"position\":3,\"name\":\"FiguartsZERO Straw Hat Luffy REISSUE\"}]},{\"@type\":\"WebSite\",\"@id\":\"https:\\\/\\\/palitrochestore.com.mx\\\/#website\",\"url\":\"https:\\\/\\\/palitrochestore.com.mx\\\/\",\"name\":\"Palitroche Store\",\"description\":\"Tienda f\u00edsica y online para comprar figuras de anime en M\u00e9xico, figuras originales coleccionables Bandai y S.H.Figuarts y tambi\u00e9n TCG como One Piece y Pok\u00e9mon TCG en CDMX\",\"publisher\":{\"@id\":\"https:\\\/\\\/palitrochestore.com.mx\\\/#organization\"},\"potentialAction\":[{\"@type\":\"SearchAction\",\"target\":{\"@type\":\"EntryPoint\",\"urlTemplate\":\"https:\\\/\\\/palitrochestore.com.mx\\\/?s={search_term_string}\"},\"query-input\":{\"@type\":\"PropertyValueSpecification\",\"valueRequired\":true,\"valueName\":\"search_term_string\"}}],\"inLanguage\":\"es\"},{\"@type\":\"Organization\",\"@id\":\"https:\\\/\\\/palitrochestore.com.mx\\\/#organization\",\"name\":\"Palitroche Store\",\"url\":\"https:\\\/\\\/palitrochestore.com.mx\\\/\",\"logo\":{\"@type\":\"ImageObject\",\"inLanguage\":\"es\",\"@id\":\"https:\\\/\\\/palitrochestore.com.mx\\\/#\\\/schema\\\/logo\\\/image\\\/\",\"url\":\"https:\\\/\\\/palitrochestore.com.mx\\\/wp-content\\\/uploads\\\/2025\\\/12\\\/cropped-LOGO_PALI_2025-1.png\",\"contentUrl\":\"https:\\\/\\\/palitrochestore.com.mx\\\/wp-content\\\/uploads\\\/2025\\\/12\\\/cropped-LOGO_PALI_2025-1.png\",\"width\":2117,\"height\":1572,\"caption\":\"Palitroche Store\"},\"image\":{\"@id\":\"https:\\\/\\\/palitrochestore.com.mx\\\/#\\\/schema\\\/logo\\\/image\\\/\"}}]}<\/script>\n<!-- \/ Yoast SEO plugin. -->","yoast_head_json":{"title":"FiguartsZERO Straw Hat Luffy REISSUE - Palitroche Store","robots":{"index":"index","follow":"follow","max-snippet":"max-snippet:-1","max-image-preview":"max-image-preview:large","max-video-preview":"max-video-preview:-1"},"canonical":"https:\/\/palitrochestore.com.mx\/?product=apartado-preventa-figuartszero-straw-hat-luffy-reissue","og_locale":"es_ES","og_type":"article","og_title":"FiguartsZERO Straw Hat Luffy REISSUE - Palitroche Store","og_description":"FiguartsZERO Straw Hat Luffy REISSUE revive al protagonista de One Piece con una estatua din\u00e1mica y llena de energ\u00eda. Bandai Tamashii Nations presenta esta reedici\u00f3n que captura a la perfecci\u00f3n el esp\u00edritu del capit\u00e1n de los Sombrero de Paja. Un cl\u00e1sico dentro de la colecci\u00f3n FiguartsZERO que regresa para deleitar a los coleccionistas. Esta reedici\u00f3n [&hellip;]","og_url":"https:\/\/palitrochestore.com.mx\/?product=apartado-preventa-figuartszero-straw-hat-luffy-reissue","og_site_name":"Palitroche Store","article_modified_time":"2026-04-17T23:36:53+00:00","og_image":[{"width":1600,"height":1600,"url":"https:\/\/palitrochestore.com.mx\/wp-content\/uploads\/2025\/06\/4573102664990-1.jpeg","type":"image\/jpeg"}],"twitter_card":"summary_large_image","twitter_misc":{"Tiempo de lectura":"1 minuto"},"schema":{"@context":"https:\/\/schema.org","@graph":[{"@type":"WebPage","@id":"https:\/\/palitrochestore.com.mx\/?product=apartado-preventa-figuartszero-straw-hat-luffy-reissue","url":"https:\/\/palitrochestore.com.mx\/?product=apartado-preventa-figuartszero-straw-hat-luffy-reissue","name":"FiguartsZERO Straw Hat Luffy REISSUE - Palitroche Store","isPartOf":{"@id":"https:\/\/palitrochestore.com.mx\/#website"},"primaryImageOfPage":{"@id":"https:\/\/palitrochestore.com.mx\/?product=apartado-preventa-figuartszero-straw-hat-luffy-reissue#primaryimage"},"image":{"@id":"https:\/\/palitrochestore.com.mx\/?product=apartado-preventa-figuartszero-straw-hat-luffy-reissue#primaryimage"},"thumbnailUrl":"https:\/\/palitrochestore.com.mx\/wp-content\/uploads\/2025\/06\/4573102664990-1.jpeg","datePublished":"2025-06-26T21:17:31+00:00","dateModified":"2026-04-17T23:36:53+00:00","breadcrumb":{"@id":"https:\/\/palitrochestore.com.mx\/?product=apartado-preventa-figuartszero-straw-hat-luffy-reissue#breadcrumb"},"inLanguage":"es","potentialAction":[{"@type":"ReadAction","target":["https:\/\/palitrochestore.com.mx\/?product=apartado-preventa-figuartszero-straw-hat-luffy-reissue"]}]},{"@type":"ImageObject","inLanguage":"es","@id":"https:\/\/palitrochestore.com.mx\/?product=apartado-preventa-figuartszero-straw-hat-luffy-reissue#primaryimage","url":"https:\/\/palitrochestore.com.mx\/wp-content\/uploads\/2025\/06\/4573102664990-1.jpeg","contentUrl":"https:\/\/palitrochestore.com.mx\/wp-content\/uploads\/2025\/06\/4573102664990-1.jpeg","width":1600,"height":1600},{"@type":"BreadcrumbList","@id":"https:\/\/palitrochestore.com.mx\/?product=apartado-preventa-figuartszero-straw-hat-luffy-reissue#breadcrumb","itemListElement":[{"@type":"ListItem","position":1,"name":"Home","item":"https:\/\/palitrochestore.com.mx\/"},{"@type":"ListItem","position":2,"name":"Shop","item":"https:\/\/palitrochestore.com.mx\/?page_id=21686"},{"@type":"ListItem","position":3,"name":"FiguartsZERO Straw Hat Luffy REISSUE"}]},{"@type":"WebSite","@id":"https:\/\/palitrochestore.com.mx\/#website","url":"https:\/\/palitrochestore.com.mx\/","name":"Palitroche Store","description":"Tienda f\u00edsica y online para comprar figuras de anime en M\u00e9xico, figuras originales coleccionables Bandai y S.H.Figuarts y tambi\u00e9n TCG como One Piece y Pok\u00e9mon TCG en CDMX","publisher":{"@id":"https:\/\/palitrochestore.com.mx\/#organization"},"potentialAction":[{"@type":"SearchAction","target":{"@type":"EntryPoint","urlTemplate":"https:\/\/palitrochestore.com.mx\/?s={search_term_string}"},"query-input":{"@type":"PropertyValueSpecification","valueRequired":true,"valueName":"search_term_string"}}],"inLanguage":"es"},{"@type":"Organization","@id":"https:\/\/palitrochestore.com.mx\/#organization","name":"Palitroche Store","url":"https:\/\/palitrochestore.com.mx\/","logo":{"@type":"ImageObject","inLanguage":"es","@id":"https:\/\/palitrochestore.com.mx\/#\/schema\/logo\/image\/","url":"https:\/\/palitrochestore.com.mx\/wp-content\/uploads\/2025\/12\/cropped-LOGO_PALI_2025-1.png","contentUrl":"https:\/\/palitrochestore.com.mx\/wp-content\/uploads\/2025\/12\/cropped-LOGO_PALI_2025-1.png","width":2117,"height":1572,"caption":"Palitroche Store"},"image":{"@id":"https:\/\/palitrochestore.com.mx\/#\/schema\/logo\/image\/"}}]}},"_links":{"self":[{"href":"https:\/\/palitrochestore.com.mx\/index.php?rest_route=\/wp\/v2\/product\/15215","targetHints":{"allow":["GET"]}}],"collection":[{"href":"https:\/\/palitrochestore.com.mx\/index.php?rest_route=\/wp\/v2\/product"}],"about":[{"href":"https:\/\/palitrochestore.com.mx\/index.php?rest_route=\/wp\/v2\/types\/product"}],"replies":[{"embeddable":true,"href":"https:\/\/palitrochestore.com.mx\/index.php?rest_route=%2Fwp%2Fv2%2Fcomments&post=15215"}],"version-history":[{"count":1,"href":"https:\/\/palitrochestore.com.mx\/index.php?rest_route=\/wp\/v2\/product\/15215\/revisions"}],"predecessor-version":[{"id":22159,"href":"https:\/\/palitrochestore.com.mx\/index.php?rest_route=\/wp\/v2\/product\/15215\/revisions\/22159"}],"wp:featuredmedia":[{"embeddable":true,"href":"https:\/\/palitrochestore.com.mx\/index.php?rest_route=\/wp\/v2\/media\/15142"}],"wp:attachment":[{"href":"https:\/\/palitrochestore.com.mx\/index.php?rest_route=%2Fwp%2Fv2%2Fmedia&parent=15215"}],"wp:term":[{"taxonomy":"product_brand","embeddable":true,"href":"https:\/\/palitrochestore.com.mx\/index.php?rest_route=%2Fwp%2Fv2%2Fproduct_brand&post=15215"},{"taxonomy":"product_cat","embeddable":true,"href":"https:\/\/palitrochestore.com.mx\/index.php?rest_route=%2Fwp%2Fv2%2Fproduct_cat&post=15215"},{"taxonomy":"product_tag","embeddable":true,"href":"https:\/\/palitrochestore.com.mx\/index.php?rest_route=%2Fwp%2Fv2%2Fproduct_tag&post=15215"}],"curies":[{"name":"wp","href":"https:\/\/api.w.org\/{rel}","templated":true}]}}