{"id":14824,"date":"2025-06-06T16:54:34","date_gmt":"2025-06-06T22:54:34","guid":{"rendered":"https:\/\/palitrochestore.com.mx\/product\/portfolio-9-pocket-pokemon-pikachu-2025\/"},"modified":"2025-11-18T01:17:55","modified_gmt":"2025-11-18T07:17:55","slug":"portfolio-9-pocket-pokemon-pikachu-2025","status":"publish","type":"product","link":"https:\/\/palitrochestore.com.mx\/?product=portfolio-9-pocket-pokemon-pikachu-2025","title":{"rendered":"Portfolio: 9-Pocket Pokemon- Pikachu 2025"},"content":{"rendered":"<p>Palitroche Toys es la mejor tienda de TCG en M\u00e9xico, aqu\u00ed es d\u00f3nde coleccionar y comprar TCG de Pok\u00e9mon es tu mejor opci\u00f3n.<\/p>\n<p>Protege y presume tu colecci\u00f3n con el <strong>Portfolio 9-Pocket Pok\u00e9mon Pikachu 2025<\/strong>. Un dise\u00f1o vibrante con el \u00edcono m\u00e1s querido del mundo Pok\u00e9mon.<\/p>\n<p>Capacidad para m\u00e1s de 180 cartas, ideal para coleccionistas exigentes. C\u00f3mpralo en Palitroche Toys con env\u00edo a todo M\u00e9xico.<\/p>\n<ul>\n<li>Dise\u00f1o exclusivo con arte de Pikachu 2025<\/li>\n<li>9 bolsillos por p\u00e1gina, acomoda hasta 180 cartas<\/li>\n<li>Calidad premium para proteger tus cartas<\/li>\n<li>Perfecto para coleccionistas de TCG<\/li>\n<li>Producto oficial con licencia Pok\u00e9mon<\/li>\n<\/ul>\n<ul>\n<li>Env\u00edo r\u00e1pido a todo M\u00e9xico<\/li>\n<li>Excelente atenci\u00f3n al cliente<\/li>\n<li>Compra 100% segura en tienda f\u00edsica o en l\u00ednea<\/li>\n<\/ul>\n","protected":false},"excerpt":{"rendered":"<p>Palitroche Toys es la mejor tienda de TCG en M\u00e9xico, aqu\u00ed es d\u00f3nde coleccionar y comprar TCG de Pok\u00e9mon es tu mejor opci\u00f3n. Protege y presume tu colecci\u00f3n con el Portfolio 9-Pocket Pok\u00e9mon Pikachu 2025. Un dise\u00f1o vibrante con el \u00edcono m\u00e1s querido del mundo Pok\u00e9mon. Capacidad para m\u00e1s de 180 cartas, ideal para coleccionistas [&hellip;]<\/p>\n","protected":false},"featured_media":14442,"comment_status":"open","ping_status":"closed","template":"","meta":{"site-sidebar-layout":"default","site-content-layout":"","ast-site-content-layout":"default","site-content-style":"default","site-sidebar-style":"default","ast-global-header-display":"","ast-banner-title-visibility":"","ast-main-header-display":"","ast-hfb-above-header-display":"","ast-hfb-below-header-display":"","ast-hfb-mobile-header-display":"","site-post-title":"","ast-breadcrumbs-content":"","ast-featured-img":"","footer-sml-layout":"","ast-disable-related-posts":"","theme-transparent-header-meta":"","adv-header-id-meta":"","stick-header-meta":"","header-above-stick-meta":"","header-main-stick-meta":"","header-below-stick-meta":"","astra-migrate-meta-layouts":"default","ast-page-background-enabled":"default","ast-page-background-meta":{"desktop":{"background-color":"","background-image":"","background-repeat":"repeat","background-position":"center center","background-size":"auto","background-attachment":"scroll","background-type":"","background-media":"","overlay-type":"","overlay-color":"","overlay-opacity":"","overlay-gradient":""},"tablet":{"background-color":"","background-image":"","background-repeat":"repeat","background-position":"center center","background-size":"auto","background-attachment":"scroll","background-type":"","background-media":"","overlay-type":"","overlay-color":"","overlay-opacity":"","overlay-gradient":""},"mobile":{"background-color":"","background-image":"","background-repeat":"repeat","background-position":"center center","background-size":"auto","background-attachment":"scroll","background-type":"","background-media":"","overlay-type":"","overlay-color":"","overlay-opacity":"","overlay-gradient":""}},"ast-content-background-meta":{"desktop":{"background-color":"var(--ast-global-color-5)","background-image":"","background-repeat":"repeat","background-position":"center center","background-size":"auto","background-attachment":"scroll","background-type":"","background-media":"","overlay-type":"","overlay-color":"","overlay-opacity":"","overlay-gradient":""},"tablet":{"background-color":"var(--ast-global-color-5)","background-image":"","background-repeat":"repeat","background-position":"center center","background-size":"auto","background-attachment":"scroll","background-type":"","background-media":"","overlay-type":"","overlay-color":"","overlay-opacity":"","overlay-gradient":""},"mobile":{"background-color":"var(--ast-global-color-5)","background-image":"","background-repeat":"repeat","background-position":"center center","background-size":"auto","background-attachment":"scroll","background-type":"","background-media":"","overlay-type":"","overlay-color":"","overlay-opacity":"","overlay-gradient":""}}},"product_brand":[],"product_cat":[399],"product_tag":[387,385],"class_list":{"0":"post-14824","1":"product","2":"type-product","3":"status-publish","4":"has-post-thumbnail","6":"product_cat-pokemon-tcg","7":"product_tag-cartas-pokemon","8":"product_tag-pokemon-tcg","9":"desktop-align-center","10":"tablet-align-center","11":"mobile-align-center","13":"first","14":"instock","15":"shipping-taxable","16":"purchasable","17":"product-type-simple"},"yoast_head":"<!-- This site is optimized with the Yoast SEO plugin v27.3 - https:\/\/yoast.com\/product\/yoast-seo-wordpress\/ -->\n<title>Portfolio: 9-Pocket Pokemon- Pikachu 2025 - Palitroche Store<\/title>\n<meta name=\"robots\" content=\"index, follow, max-snippet:-1, max-image-preview:large, max-video-preview:-1\" \/>\n<link rel=\"canonical\" href=\"https:\/\/palitrochestore.com.mx\/producto\/portfolio-9-pocket-pokemon-pikachu-2025\/\" \/>\n<meta property=\"og:locale\" content=\"es_ES\" \/>\n<meta property=\"og:type\" content=\"article\" \/>\n<meta property=\"og:title\" content=\"Portfolio: 9-Pocket Pokemon- Pikachu 2025 - Palitroche Store\" \/>\n<meta property=\"og:description\" content=\"Palitroche Toys es la mejor tienda de TCG en M\u00e9xico, aqu\u00ed es d\u00f3nde coleccionar y comprar TCG de Pok\u00e9mon es tu mejor opci\u00f3n. Protege y presume tu colecci\u00f3n con el Portfolio 9-Pocket Pok\u00e9mon Pikachu 2025. Un dise\u00f1o vibrante con el \u00edcono m\u00e1s querido del mundo Pok\u00e9mon. Capacidad para m\u00e1s de 180 cartas, ideal para coleccionistas [&hellip;]\" \/>\n<meta property=\"og:url\" content=\"https:\/\/palitrochestore.com.mx\/producto\/portfolio-9-pocket-pokemon-pikachu-2025\/\" \/>\n<meta property=\"og:site_name\" content=\"Palitroche Store\" \/>\n<meta property=\"article:modified_time\" content=\"2025-11-18T07:17:55+00:00\" \/>\n<meta property=\"og:image\" content=\"https:\/\/palitrochestore.com.mx\/wp-content\/uploads\/2025\/05\/PORTPK-1.webp\" \/>\n\t<meta property=\"og:image:width\" content=\"1024\" \/>\n\t<meta property=\"og:image:height\" content=\"1024\" \/>\n\t<meta property=\"og:image:type\" content=\"image\/webp\" \/>\n<meta name=\"twitter:card\" content=\"summary_large_image\" \/>\n<meta name=\"twitter:label1\" content=\"Tiempo de lectura\" \/>\n\t<meta name=\"twitter:data1\" content=\"1 minuto\" \/>\n<script type=\"application\/ld+json\" class=\"yoast-schema-graph\">{\"@context\":\"https:\\\/\\\/schema.org\",\"@graph\":[{\"@type\":\"WebPage\",\"@id\":\"https:\\\/\\\/palitrochestore.com.mx\\\/producto\\\/portfolio-9-pocket-pokemon-pikachu-2025\\\/\",\"url\":\"https:\\\/\\\/palitrochestore.com.mx\\\/producto\\\/portfolio-9-pocket-pokemon-pikachu-2025\\\/\",\"name\":\"Portfolio: 9-Pocket Pokemon- Pikachu 2025 - Palitroche Store\",\"isPartOf\":{\"@id\":\"https:\\\/\\\/palitrochestore.com.mx\\\/#website\"},\"primaryImageOfPage\":{\"@id\":\"https:\\\/\\\/palitrochestore.com.mx\\\/producto\\\/portfolio-9-pocket-pokemon-pikachu-2025\\\/#primaryimage\"},\"image\":{\"@id\":\"https:\\\/\\\/palitrochestore.com.mx\\\/producto\\\/portfolio-9-pocket-pokemon-pikachu-2025\\\/#primaryimage\"},\"thumbnailUrl\":\"https:\\\/\\\/palitrochestore.com.mx\\\/wp-content\\\/uploads\\\/2025\\\/05\\\/PORTPK-1.webp\",\"datePublished\":\"2025-06-06T22:54:34+00:00\",\"dateModified\":\"2025-11-18T07:17:55+00:00\",\"breadcrumb\":{\"@id\":\"https:\\\/\\\/palitrochestore.com.mx\\\/producto\\\/portfolio-9-pocket-pokemon-pikachu-2025\\\/#breadcrumb\"},\"inLanguage\":\"es\",\"potentialAction\":[{\"@type\":\"ReadAction\",\"target\":[\"https:\\\/\\\/palitrochestore.com.mx\\\/producto\\\/portfolio-9-pocket-pokemon-pikachu-2025\\\/\"]}]},{\"@type\":\"ImageObject\",\"inLanguage\":\"es\",\"@id\":\"https:\\\/\\\/palitrochestore.com.mx\\\/producto\\\/portfolio-9-pocket-pokemon-pikachu-2025\\\/#primaryimage\",\"url\":\"https:\\\/\\\/palitrochestore.com.mx\\\/wp-content\\\/uploads\\\/2025\\\/05\\\/PORTPK-1.webp\",\"contentUrl\":\"https:\\\/\\\/palitrochestore.com.mx\\\/wp-content\\\/uploads\\\/2025\\\/05\\\/PORTPK-1.webp\",\"width\":1024,\"height\":1024},{\"@type\":\"BreadcrumbList\",\"@id\":\"https:\\\/\\\/palitrochestore.com.mx\\\/producto\\\/portfolio-9-pocket-pokemon-pikachu-2025\\\/#breadcrumb\",\"itemListElement\":[{\"@type\":\"ListItem\",\"position\":1,\"name\":\"Home\",\"item\":\"https:\\\/\\\/palitrochestore.com.mx\\\/\"},{\"@type\":\"ListItem\",\"position\":2,\"name\":\"Shop\",\"item\":\"https:\\\/\\\/palitrochestore.com.mx\\\/?page_id=21686\"},{\"@type\":\"ListItem\",\"position\":3,\"name\":\"Portfolio: 9-Pocket Pokemon- Pikachu 2025\"}]},{\"@type\":\"WebSite\",\"@id\":\"https:\\\/\\\/palitrochestore.com.mx\\\/#website\",\"url\":\"https:\\\/\\\/palitrochestore.com.mx\\\/\",\"name\":\"Palitroche Store\",\"description\":\"Tienda f\u00edsica y online para comprar figuras de anime en M\u00e9xico, figuras originales coleccionables Bandai y S.H.Figuarts y tambi\u00e9n TCG como One Piece y Pok\u00e9mon TCG en CDMX\",\"publisher\":{\"@id\":\"https:\\\/\\\/palitrochestore.com.mx\\\/#organization\"},\"potentialAction\":[{\"@type\":\"SearchAction\",\"target\":{\"@type\":\"EntryPoint\",\"urlTemplate\":\"https:\\\/\\\/palitrochestore.com.mx\\\/?s={search_term_string}\"},\"query-input\":{\"@type\":\"PropertyValueSpecification\",\"valueRequired\":true,\"valueName\":\"search_term_string\"}}],\"inLanguage\":\"es\"},{\"@type\":\"Organization\",\"@id\":\"https:\\\/\\\/palitrochestore.com.mx\\\/#organization\",\"name\":\"Palitroche Store\",\"url\":\"https:\\\/\\\/palitrochestore.com.mx\\\/\",\"logo\":{\"@type\":\"ImageObject\",\"inLanguage\":\"es\",\"@id\":\"https:\\\/\\\/palitrochestore.com.mx\\\/#\\\/schema\\\/logo\\\/image\\\/\",\"url\":\"https:\\\/\\\/palitrochestore.com.mx\\\/wp-content\\\/uploads\\\/2025\\\/12\\\/cropped-LOGO_PALI_2025-1.png\",\"contentUrl\":\"https:\\\/\\\/palitrochestore.com.mx\\\/wp-content\\\/uploads\\\/2025\\\/12\\\/cropped-LOGO_PALI_2025-1.png\",\"width\":2117,\"height\":1572,\"caption\":\"Palitroche Store\"},\"image\":{\"@id\":\"https:\\\/\\\/palitrochestore.com.mx\\\/#\\\/schema\\\/logo\\\/image\\\/\"}}]}<\/script>\n<!-- \/ Yoast SEO plugin. -->","yoast_head_json":{"title":"Portfolio: 9-Pocket Pokemon- Pikachu 2025 - Palitroche Store","robots":{"index":"index","follow":"follow","max-snippet":"max-snippet:-1","max-image-preview":"max-image-preview:large","max-video-preview":"max-video-preview:-1"},"canonical":"https:\/\/palitrochestore.com.mx\/producto\/portfolio-9-pocket-pokemon-pikachu-2025\/","og_locale":"es_ES","og_type":"article","og_title":"Portfolio: 9-Pocket Pokemon- Pikachu 2025 - Palitroche Store","og_description":"Palitroche Toys es la mejor tienda de TCG en M\u00e9xico, aqu\u00ed es d\u00f3nde coleccionar y comprar TCG de Pok\u00e9mon es tu mejor opci\u00f3n. Protege y presume tu colecci\u00f3n con el Portfolio 9-Pocket Pok\u00e9mon Pikachu 2025. Un dise\u00f1o vibrante con el \u00edcono m\u00e1s querido del mundo Pok\u00e9mon. Capacidad para m\u00e1s de 180 cartas, ideal para coleccionistas [&hellip;]","og_url":"https:\/\/palitrochestore.com.mx\/producto\/portfolio-9-pocket-pokemon-pikachu-2025\/","og_site_name":"Palitroche Store","article_modified_time":"2025-11-18T07:17:55+00:00","og_image":[{"width":1024,"height":1024,"url":"https:\/\/palitrochestore.com.mx\/wp-content\/uploads\/2025\/05\/PORTPK-1.webp","type":"image\/webp"}],"twitter_card":"summary_large_image","twitter_misc":{"Tiempo de lectura":"1 minuto"},"schema":{"@context":"https:\/\/schema.org","@graph":[{"@type":"WebPage","@id":"https:\/\/palitrochestore.com.mx\/producto\/portfolio-9-pocket-pokemon-pikachu-2025\/","url":"https:\/\/palitrochestore.com.mx\/producto\/portfolio-9-pocket-pokemon-pikachu-2025\/","name":"Portfolio: 9-Pocket Pokemon- Pikachu 2025 - Palitroche Store","isPartOf":{"@id":"https:\/\/palitrochestore.com.mx\/#website"},"primaryImageOfPage":{"@id":"https:\/\/palitrochestore.com.mx\/producto\/portfolio-9-pocket-pokemon-pikachu-2025\/#primaryimage"},"image":{"@id":"https:\/\/palitrochestore.com.mx\/producto\/portfolio-9-pocket-pokemon-pikachu-2025\/#primaryimage"},"thumbnailUrl":"https:\/\/palitrochestore.com.mx\/wp-content\/uploads\/2025\/05\/PORTPK-1.webp","datePublished":"2025-06-06T22:54:34+00:00","dateModified":"2025-11-18T07:17:55+00:00","breadcrumb":{"@id":"https:\/\/palitrochestore.com.mx\/producto\/portfolio-9-pocket-pokemon-pikachu-2025\/#breadcrumb"},"inLanguage":"es","potentialAction":[{"@type":"ReadAction","target":["https:\/\/palitrochestore.com.mx\/producto\/portfolio-9-pocket-pokemon-pikachu-2025\/"]}]},{"@type":"ImageObject","inLanguage":"es","@id":"https:\/\/palitrochestore.com.mx\/producto\/portfolio-9-pocket-pokemon-pikachu-2025\/#primaryimage","url":"https:\/\/palitrochestore.com.mx\/wp-content\/uploads\/2025\/05\/PORTPK-1.webp","contentUrl":"https:\/\/palitrochestore.com.mx\/wp-content\/uploads\/2025\/05\/PORTPK-1.webp","width":1024,"height":1024},{"@type":"BreadcrumbList","@id":"https:\/\/palitrochestore.com.mx\/producto\/portfolio-9-pocket-pokemon-pikachu-2025\/#breadcrumb","itemListElement":[{"@type":"ListItem","position":1,"name":"Home","item":"https:\/\/palitrochestore.com.mx\/"},{"@type":"ListItem","position":2,"name":"Shop","item":"https:\/\/palitrochestore.com.mx\/?page_id=21686"},{"@type":"ListItem","position":3,"name":"Portfolio: 9-Pocket Pokemon- Pikachu 2025"}]},{"@type":"WebSite","@id":"https:\/\/palitrochestore.com.mx\/#website","url":"https:\/\/palitrochestore.com.mx\/","name":"Palitroche Store","description":"Tienda f\u00edsica y online para comprar figuras de anime en M\u00e9xico, figuras originales coleccionables Bandai y S.H.Figuarts y tambi\u00e9n TCG como One Piece y Pok\u00e9mon TCG en CDMX","publisher":{"@id":"https:\/\/palitrochestore.com.mx\/#organization"},"potentialAction":[{"@type":"SearchAction","target":{"@type":"EntryPoint","urlTemplate":"https:\/\/palitrochestore.com.mx\/?s={search_term_string}"},"query-input":{"@type":"PropertyValueSpecification","valueRequired":true,"valueName":"search_term_string"}}],"inLanguage":"es"},{"@type":"Organization","@id":"https:\/\/palitrochestore.com.mx\/#organization","name":"Palitroche Store","url":"https:\/\/palitrochestore.com.mx\/","logo":{"@type":"ImageObject","inLanguage":"es","@id":"https:\/\/palitrochestore.com.mx\/#\/schema\/logo\/image\/","url":"https:\/\/palitrochestore.com.mx\/wp-content\/uploads\/2025\/12\/cropped-LOGO_PALI_2025-1.png","contentUrl":"https:\/\/palitrochestore.com.mx\/wp-content\/uploads\/2025\/12\/cropped-LOGO_PALI_2025-1.png","width":2117,"height":1572,"caption":"Palitroche Store"},"image":{"@id":"https:\/\/palitrochestore.com.mx\/#\/schema\/logo\/image\/"}}]}},"_links":{"self":[{"href":"https:\/\/palitrochestore.com.mx\/index.php?rest_route=\/wp\/v2\/product\/14824","targetHints":{"allow":["GET"]}}],"collection":[{"href":"https:\/\/palitrochestore.com.mx\/index.php?rest_route=\/wp\/v2\/product"}],"about":[{"href":"https:\/\/palitrochestore.com.mx\/index.php?rest_route=\/wp\/v2\/types\/product"}],"replies":[{"embeddable":true,"href":"https:\/\/palitrochestore.com.mx\/index.php?rest_route=%2Fwp%2Fv2%2Fcomments&post=14824"}],"version-history":[{"count":0,"href":"https:\/\/palitrochestore.com.mx\/index.php?rest_route=\/wp\/v2\/product\/14824\/revisions"}],"wp:featuredmedia":[{"embeddable":true,"href":"https:\/\/palitrochestore.com.mx\/index.php?rest_route=\/wp\/v2\/media\/14442"}],"wp:attachment":[{"href":"https:\/\/palitrochestore.com.mx\/index.php?rest_route=%2Fwp%2Fv2%2Fmedia&parent=14824"}],"wp:term":[{"taxonomy":"product_brand","embeddable":true,"href":"https:\/\/palitrochestore.com.mx\/index.php?rest_route=%2Fwp%2Fv2%2Fproduct_brand&post=14824"},{"taxonomy":"product_cat","embeddable":true,"href":"https:\/\/palitrochestore.com.mx\/index.php?rest_route=%2Fwp%2Fv2%2Fproduct_cat&post=14824"},{"taxonomy":"product_tag","embeddable":true,"href":"https:\/\/palitrochestore.com.mx\/index.php?rest_route=%2Fwp%2Fv2%2Fproduct_tag&post=14824"}],"curies":[{"name":"wp","href":"https:\/\/api.w.org\/{rel}","templated":true}]}}