{"id":14476,"date":"2025-05-23T13:29:52","date_gmt":"2025-05-23T19:29:52","guid":{"rendered":"https:\/\/palitrochestore.com.mx\/?post_type=product&#038;p=14476"},"modified":"2025-11-18T01:17:05","modified_gmt":"2025-11-18T07:17:05","slug":"yu-gi-oh-battles-of-legend-chapter-1-booster-packs","status":"publish","type":"product","link":"https:\/\/palitrochestore.com.mx\/?product=yu-gi-oh-battles-of-legend-chapter-1-booster-packs","title":{"rendered":"Yu-Gi-Oh! Battles of Legend: Chapter 1: Booster Packs"},"content":{"rendered":"<p>\u00a1Descubre la emoci\u00f3n de Yu-Gi-Oh! Battles of Legend: Chapter 1 con estos Booster Packs que contienen cartas poderosas para mejorar tu mazo y dominar duelos. En Palitroche Toys, la tienda de coleccionismo en CDMX, te ofrecemos el mejor stock y env\u00edo a todo M\u00e9xico para que no te quedes fuera de la batalla.<br \/>\n\u00a1Si eres fan de Yu-Gi-Oh! o coleccionista, estos Booster Packs son ideales para encontrar cartas raras y exclusivas que har\u00e1n destacar tu colecci\u00f3n y tu estrategia. Compra con confianza en Palitroche Toys, tu aliado en figuras y cartas de colecci\u00f3n en M\u00e9xico.<br \/>\nCualidades del producto:<br \/>\n\u2022\t\u00a1Cartas raras y exclusivas de Yu-Gi-Oh! Battles of Legend<br \/>\n\u2022\tIdeal para duelistas y coleccionistas expertos<br \/>\n\u2022\tCalidad oficial y original<br \/>\n\u2022\tPerfecto para mejorar tu mazo y t\u00e1cticas<br \/>\n\u2022\tPaquetes sellados para garantizar autenticidad<br \/>\nPor qu\u00e9 comprar en Palitroche Toys:<br \/>\n\u2022\tEnv\u00edo r\u00e1pido y seguro a todo M\u00e9xico<br \/>\n\u2022\tAtenci\u00f3n personalizada y experta<br \/>\n\u2022\tCompra garantizada con total confianza<\/p>\n","protected":false},"excerpt":{"rendered":"<p>\u00a1Descubre la emoci\u00f3n de Yu-Gi-Oh! Battles of Legend: Chapter 1 con estos Booster Packs que contienen cartas poderosas para mejorar tu mazo y dominar duelos. En Palitroche Toys, la tienda de coleccionismo en CDMX, te ofrecemos el mejor stock y env\u00edo a todo M\u00e9xico para que no te quedes fuera de la batalla. \u00a1Si eres [&hellip;]<\/p>\n","protected":false},"featured_media":14468,"comment_status":"open","ping_status":"closed","template":"","meta":{"site-sidebar-layout":"default","site-content-layout":"","ast-site-content-layout":"default","site-content-style":"default","site-sidebar-style":"default","ast-global-header-display":"","ast-banner-title-visibility":"","ast-main-header-display":"","ast-hfb-above-header-display":"","ast-hfb-below-header-display":"","ast-hfb-mobile-header-display":"","site-post-title":"","ast-breadcrumbs-content":"","ast-featured-img":"","footer-sml-layout":"","ast-disable-related-posts":"","theme-transparent-header-meta":"","adv-header-id-meta":"","stick-header-meta":"","header-above-stick-meta":"","header-main-stick-meta":"","header-below-stick-meta":"","astra-migrate-meta-layouts":"default","ast-page-background-enabled":"default","ast-page-background-meta":{"desktop":{"background-color":"","background-image":"","background-repeat":"repeat","background-position":"center center","background-size":"auto","background-attachment":"scroll","background-type":"","background-media":"","overlay-type":"","overlay-color":"","overlay-opacity":"","overlay-gradient":""},"tablet":{"background-color":"","background-image":"","background-repeat":"repeat","background-position":"center center","background-size":"auto","background-attachment":"scroll","background-type":"","background-media":"","overlay-type":"","overlay-color":"","overlay-opacity":"","overlay-gradient":""},"mobile":{"background-color":"","background-image":"","background-repeat":"repeat","background-position":"center center","background-size":"auto","background-attachment":"scroll","background-type":"","background-media":"","overlay-type":"","overlay-color":"","overlay-opacity":"","overlay-gradient":""}},"ast-content-background-meta":{"desktop":{"background-color":"var(--ast-global-color-5)","background-image":"","background-repeat":"repeat","background-position":"center center","background-size":"auto","background-attachment":"scroll","background-type":"","background-media":"","overlay-type":"","overlay-color":"","overlay-opacity":"","overlay-gradient":""},"tablet":{"background-color":"var(--ast-global-color-5)","background-image":"","background-repeat":"repeat","background-position":"center center","background-size":"auto","background-attachment":"scroll","background-type":"","background-media":"","overlay-type":"","overlay-color":"","overlay-opacity":"","overlay-gradient":""},"mobile":{"background-color":"var(--ast-global-color-5)","background-image":"","background-repeat":"repeat","background-position":"center center","background-size":"auto","background-attachment":"scroll","background-type":"","background-media":"","overlay-type":"","overlay-color":"","overlay-opacity":"","overlay-gradient":""}}},"product_brand":[],"product_cat":[403],"product_tag":[366],"class_list":{"0":"post-14476","1":"product","2":"type-product","3":"status-publish","4":"has-post-thumbnail","6":"product_cat-yugioh","7":"product_tag-yu-gi-oh","8":"desktop-align-center","9":"tablet-align-center","10":"mobile-align-center","12":"first","13":"instock","14":"shipping-taxable","15":"purchasable","16":"product-type-simple"},"yoast_head":"<!-- This site is optimized with the Yoast SEO plugin v27.3 - https:\/\/yoast.com\/product\/yoast-seo-wordpress\/ -->\n<title>Yu-Gi-Oh! Battles of Legend: Chapter 1: Booster Packs - Palitroche Store<\/title>\n<meta name=\"robots\" content=\"index, follow, max-snippet:-1, max-image-preview:large, max-video-preview:-1\" \/>\n<link rel=\"canonical\" href=\"https:\/\/palitrochestore.com.mx\/producto\/yu-gi-oh-battles-of-legend-chapter-1-booster-packs\/\" \/>\n<meta property=\"og:locale\" content=\"es_ES\" \/>\n<meta property=\"og:type\" content=\"article\" \/>\n<meta property=\"og:title\" content=\"Yu-Gi-Oh! Battles of Legend: Chapter 1: Booster Packs - Palitroche Store\" \/>\n<meta property=\"og:description\" content=\"\u00a1Descubre la emoci\u00f3n de Yu-Gi-Oh! Battles of Legend: Chapter 1 con estos Booster Packs que contienen cartas poderosas para mejorar tu mazo y dominar duelos. En Palitroche Toys, la tienda de coleccionismo en CDMX, te ofrecemos el mejor stock y env\u00edo a todo M\u00e9xico para que no te quedes fuera de la batalla. \u00a1Si eres [&hellip;]\" \/>\n<meta property=\"og:url\" content=\"https:\/\/palitrochestore.com.mx\/producto\/yu-gi-oh-battles-of-legend-chapter-1-booster-packs\/\" \/>\n<meta property=\"og:site_name\" content=\"Palitroche Store\" \/>\n<meta property=\"article:modified_time\" content=\"2025-11-18T07:17:05+00:00\" \/>\n<meta property=\"og:image\" content=\"https:\/\/palitrochestore.com.mx\/wp-content\/uploads\/2025\/05\/083717861249-1.webp\" \/>\n\t<meta property=\"og:image:width\" content=\"1946\" \/>\n\t<meta property=\"og:image:height\" content=\"1946\" \/>\n\t<meta property=\"og:image:type\" content=\"image\/webp\" \/>\n<meta name=\"twitter:card\" content=\"summary_large_image\" \/>\n<meta name=\"twitter:label1\" content=\"Tiempo de lectura\" \/>\n\t<meta name=\"twitter:data1\" content=\"1 minuto\" \/>\n<script type=\"application\/ld+json\" class=\"yoast-schema-graph\">{\"@context\":\"https:\\\/\\\/schema.org\",\"@graph\":[{\"@type\":\"WebPage\",\"@id\":\"https:\\\/\\\/palitrochestore.com.mx\\\/producto\\\/yu-gi-oh-battles-of-legend-chapter-1-booster-packs\\\/\",\"url\":\"https:\\\/\\\/palitrochestore.com.mx\\\/producto\\\/yu-gi-oh-battles-of-legend-chapter-1-booster-packs\\\/\",\"name\":\"Yu-Gi-Oh! Battles of Legend: Chapter 1: Booster Packs - Palitroche Store\",\"isPartOf\":{\"@id\":\"https:\\\/\\\/palitrochestore.com.mx\\\/#website\"},\"primaryImageOfPage\":{\"@id\":\"https:\\\/\\\/palitrochestore.com.mx\\\/producto\\\/yu-gi-oh-battles-of-legend-chapter-1-booster-packs\\\/#primaryimage\"},\"image\":{\"@id\":\"https:\\\/\\\/palitrochestore.com.mx\\\/producto\\\/yu-gi-oh-battles-of-legend-chapter-1-booster-packs\\\/#primaryimage\"},\"thumbnailUrl\":\"https:\\\/\\\/palitrochestore.com.mx\\\/wp-content\\\/uploads\\\/2025\\\/05\\\/083717861249-1.webp\",\"datePublished\":\"2025-05-23T19:29:52+00:00\",\"dateModified\":\"2025-11-18T07:17:05+00:00\",\"breadcrumb\":{\"@id\":\"https:\\\/\\\/palitrochestore.com.mx\\\/producto\\\/yu-gi-oh-battles-of-legend-chapter-1-booster-packs\\\/#breadcrumb\"},\"inLanguage\":\"es\",\"potentialAction\":[{\"@type\":\"ReadAction\",\"target\":[\"https:\\\/\\\/palitrochestore.com.mx\\\/producto\\\/yu-gi-oh-battles-of-legend-chapter-1-booster-packs\\\/\"]}]},{\"@type\":\"ImageObject\",\"inLanguage\":\"es\",\"@id\":\"https:\\\/\\\/palitrochestore.com.mx\\\/producto\\\/yu-gi-oh-battles-of-legend-chapter-1-booster-packs\\\/#primaryimage\",\"url\":\"https:\\\/\\\/palitrochestore.com.mx\\\/wp-content\\\/uploads\\\/2025\\\/05\\\/083717861249-1.webp\",\"contentUrl\":\"https:\\\/\\\/palitrochestore.com.mx\\\/wp-content\\\/uploads\\\/2025\\\/05\\\/083717861249-1.webp\",\"width\":1946,\"height\":1946},{\"@type\":\"BreadcrumbList\",\"@id\":\"https:\\\/\\\/palitrochestore.com.mx\\\/producto\\\/yu-gi-oh-battles-of-legend-chapter-1-booster-packs\\\/#breadcrumb\",\"itemListElement\":[{\"@type\":\"ListItem\",\"position\":1,\"name\":\"Home\",\"item\":\"https:\\\/\\\/palitrochestore.com.mx\\\/\"},{\"@type\":\"ListItem\",\"position\":2,\"name\":\"Shop\",\"item\":\"https:\\\/\\\/palitrochestore.com.mx\\\/?page_id=21686\"},{\"@type\":\"ListItem\",\"position\":3,\"name\":\"Yu-Gi-Oh! Battles of Legend: Chapter 1: Booster Packs\"}]},{\"@type\":\"WebSite\",\"@id\":\"https:\\\/\\\/palitrochestore.com.mx\\\/#website\",\"url\":\"https:\\\/\\\/palitrochestore.com.mx\\\/\",\"name\":\"Palitroche Store\",\"description\":\"Tienda f\u00edsica y online para comprar figuras de anime en M\u00e9xico, figuras originales coleccionables Bandai y S.H.Figuarts y tambi\u00e9n TCG como One Piece y Pok\u00e9mon TCG en CDMX\",\"publisher\":{\"@id\":\"https:\\\/\\\/palitrochestore.com.mx\\\/#organization\"},\"potentialAction\":[{\"@type\":\"SearchAction\",\"target\":{\"@type\":\"EntryPoint\",\"urlTemplate\":\"https:\\\/\\\/palitrochestore.com.mx\\\/?s={search_term_string}\"},\"query-input\":{\"@type\":\"PropertyValueSpecification\",\"valueRequired\":true,\"valueName\":\"search_term_string\"}}],\"inLanguage\":\"es\"},{\"@type\":\"Organization\",\"@id\":\"https:\\\/\\\/palitrochestore.com.mx\\\/#organization\",\"name\":\"Palitroche Store\",\"url\":\"https:\\\/\\\/palitrochestore.com.mx\\\/\",\"logo\":{\"@type\":\"ImageObject\",\"inLanguage\":\"es\",\"@id\":\"https:\\\/\\\/palitrochestore.com.mx\\\/#\\\/schema\\\/logo\\\/image\\\/\",\"url\":\"https:\\\/\\\/palitrochestore.com.mx\\\/wp-content\\\/uploads\\\/2025\\\/12\\\/cropped-LOGO_PALI_2025-1.png\",\"contentUrl\":\"https:\\\/\\\/palitrochestore.com.mx\\\/wp-content\\\/uploads\\\/2025\\\/12\\\/cropped-LOGO_PALI_2025-1.png\",\"width\":2117,\"height\":1572,\"caption\":\"Palitroche Store\"},\"image\":{\"@id\":\"https:\\\/\\\/palitrochestore.com.mx\\\/#\\\/schema\\\/logo\\\/image\\\/\"}}]}<\/script>\n<!-- \/ Yoast SEO plugin. -->","yoast_head_json":{"title":"Yu-Gi-Oh! Battles of Legend: Chapter 1: Booster Packs - Palitroche Store","robots":{"index":"index","follow":"follow","max-snippet":"max-snippet:-1","max-image-preview":"max-image-preview:large","max-video-preview":"max-video-preview:-1"},"canonical":"https:\/\/palitrochestore.com.mx\/producto\/yu-gi-oh-battles-of-legend-chapter-1-booster-packs\/","og_locale":"es_ES","og_type":"article","og_title":"Yu-Gi-Oh! Battles of Legend: Chapter 1: Booster Packs - Palitroche Store","og_description":"\u00a1Descubre la emoci\u00f3n de Yu-Gi-Oh! Battles of Legend: Chapter 1 con estos Booster Packs que contienen cartas poderosas para mejorar tu mazo y dominar duelos. En Palitroche Toys, la tienda de coleccionismo en CDMX, te ofrecemos el mejor stock y env\u00edo a todo M\u00e9xico para que no te quedes fuera de la batalla. \u00a1Si eres [&hellip;]","og_url":"https:\/\/palitrochestore.com.mx\/producto\/yu-gi-oh-battles-of-legend-chapter-1-booster-packs\/","og_site_name":"Palitroche Store","article_modified_time":"2025-11-18T07:17:05+00:00","og_image":[{"width":1946,"height":1946,"url":"https:\/\/palitrochestore.com.mx\/wp-content\/uploads\/2025\/05\/083717861249-1.webp","type":"image\/webp"}],"twitter_card":"summary_large_image","twitter_misc":{"Tiempo de lectura":"1 minuto"},"schema":{"@context":"https:\/\/schema.org","@graph":[{"@type":"WebPage","@id":"https:\/\/palitrochestore.com.mx\/producto\/yu-gi-oh-battles-of-legend-chapter-1-booster-packs\/","url":"https:\/\/palitrochestore.com.mx\/producto\/yu-gi-oh-battles-of-legend-chapter-1-booster-packs\/","name":"Yu-Gi-Oh! Battles of Legend: Chapter 1: Booster Packs - Palitroche Store","isPartOf":{"@id":"https:\/\/palitrochestore.com.mx\/#website"},"primaryImageOfPage":{"@id":"https:\/\/palitrochestore.com.mx\/producto\/yu-gi-oh-battles-of-legend-chapter-1-booster-packs\/#primaryimage"},"image":{"@id":"https:\/\/palitrochestore.com.mx\/producto\/yu-gi-oh-battles-of-legend-chapter-1-booster-packs\/#primaryimage"},"thumbnailUrl":"https:\/\/palitrochestore.com.mx\/wp-content\/uploads\/2025\/05\/083717861249-1.webp","datePublished":"2025-05-23T19:29:52+00:00","dateModified":"2025-11-18T07:17:05+00:00","breadcrumb":{"@id":"https:\/\/palitrochestore.com.mx\/producto\/yu-gi-oh-battles-of-legend-chapter-1-booster-packs\/#breadcrumb"},"inLanguage":"es","potentialAction":[{"@type":"ReadAction","target":["https:\/\/palitrochestore.com.mx\/producto\/yu-gi-oh-battles-of-legend-chapter-1-booster-packs\/"]}]},{"@type":"ImageObject","inLanguage":"es","@id":"https:\/\/palitrochestore.com.mx\/producto\/yu-gi-oh-battles-of-legend-chapter-1-booster-packs\/#primaryimage","url":"https:\/\/palitrochestore.com.mx\/wp-content\/uploads\/2025\/05\/083717861249-1.webp","contentUrl":"https:\/\/palitrochestore.com.mx\/wp-content\/uploads\/2025\/05\/083717861249-1.webp","width":1946,"height":1946},{"@type":"BreadcrumbList","@id":"https:\/\/palitrochestore.com.mx\/producto\/yu-gi-oh-battles-of-legend-chapter-1-booster-packs\/#breadcrumb","itemListElement":[{"@type":"ListItem","position":1,"name":"Home","item":"https:\/\/palitrochestore.com.mx\/"},{"@type":"ListItem","position":2,"name":"Shop","item":"https:\/\/palitrochestore.com.mx\/?page_id=21686"},{"@type":"ListItem","position":3,"name":"Yu-Gi-Oh! Battles of Legend: Chapter 1: Booster Packs"}]},{"@type":"WebSite","@id":"https:\/\/palitrochestore.com.mx\/#website","url":"https:\/\/palitrochestore.com.mx\/","name":"Palitroche Store","description":"Tienda f\u00edsica y online para comprar figuras de anime en M\u00e9xico, figuras originales coleccionables Bandai y S.H.Figuarts y tambi\u00e9n TCG como One Piece y Pok\u00e9mon TCG en CDMX","publisher":{"@id":"https:\/\/palitrochestore.com.mx\/#organization"},"potentialAction":[{"@type":"SearchAction","target":{"@type":"EntryPoint","urlTemplate":"https:\/\/palitrochestore.com.mx\/?s={search_term_string}"},"query-input":{"@type":"PropertyValueSpecification","valueRequired":true,"valueName":"search_term_string"}}],"inLanguage":"es"},{"@type":"Organization","@id":"https:\/\/palitrochestore.com.mx\/#organization","name":"Palitroche Store","url":"https:\/\/palitrochestore.com.mx\/","logo":{"@type":"ImageObject","inLanguage":"es","@id":"https:\/\/palitrochestore.com.mx\/#\/schema\/logo\/image\/","url":"https:\/\/palitrochestore.com.mx\/wp-content\/uploads\/2025\/12\/cropped-LOGO_PALI_2025-1.png","contentUrl":"https:\/\/palitrochestore.com.mx\/wp-content\/uploads\/2025\/12\/cropped-LOGO_PALI_2025-1.png","width":2117,"height":1572,"caption":"Palitroche Store"},"image":{"@id":"https:\/\/palitrochestore.com.mx\/#\/schema\/logo\/image\/"}}]}},"_links":{"self":[{"href":"https:\/\/palitrochestore.com.mx\/index.php?rest_route=\/wp\/v2\/product\/14476","targetHints":{"allow":["GET"]}}],"collection":[{"href":"https:\/\/palitrochestore.com.mx\/index.php?rest_route=\/wp\/v2\/product"}],"about":[{"href":"https:\/\/palitrochestore.com.mx\/index.php?rest_route=\/wp\/v2\/types\/product"}],"replies":[{"embeddable":true,"href":"https:\/\/palitrochestore.com.mx\/index.php?rest_route=%2Fwp%2Fv2%2Fcomments&post=14476"}],"version-history":[{"count":0,"href":"https:\/\/palitrochestore.com.mx\/index.php?rest_route=\/wp\/v2\/product\/14476\/revisions"}],"wp:featuredmedia":[{"embeddable":true,"href":"https:\/\/palitrochestore.com.mx\/index.php?rest_route=\/wp\/v2\/media\/14468"}],"wp:attachment":[{"href":"https:\/\/palitrochestore.com.mx\/index.php?rest_route=%2Fwp%2Fv2%2Fmedia&parent=14476"}],"wp:term":[{"taxonomy":"product_brand","embeddable":true,"href":"https:\/\/palitrochestore.com.mx\/index.php?rest_route=%2Fwp%2Fv2%2Fproduct_brand&post=14476"},{"taxonomy":"product_cat","embeddable":true,"href":"https:\/\/palitrochestore.com.mx\/index.php?rest_route=%2Fwp%2Fv2%2Fproduct_cat&post=14476"},{"taxonomy":"product_tag","embeddable":true,"href":"https:\/\/palitrochestore.com.mx\/index.php?rest_route=%2Fwp%2Fv2%2Fproduct_tag&post=14476"}],"curies":[{"name":"wp","href":"https:\/\/api.w.org\/{rel}","templated":true}]}}