{"id":14226,"date":"2025-05-07T16:31:55","date_gmt":"2025-05-07T22:31:55","guid":{"rendered":"https:\/\/palitrochestore.com.mx\/product\/geek-industry-llavero-dragon-ball-vegeta-ozaru-db-02\/"},"modified":"2026-04-14T18:14:34","modified_gmt":"2026-04-15T00:14:34","slug":"geek-industry-llavero-dragon-ball-vegeta-ozaru-db-02","status":"publish","type":"product","link":"https:\/\/palitrochestore.com.mx\/?product=geek-industry-llavero-dragon-ball-vegeta-ozaru-db-02","title":{"rendered":"Geek Industry Llavero Dragon ball Vegeta Ozaru DB-02"},"content":{"rendered":"<p>Lleva tu amor por Dragon Ball al siguiente nivel con este incre\u00edble llavero de Vegeta en su poderosa transformaci\u00f3n Ozaru. Dise\u00f1o detallado y robusto, ideal para mochila, llaves o exhibir en tu colecci\u00f3n.<\/p>\n<p>Cons\u00edguelo en Palitroche Toys, la tienda n\u00famero uno de coleccionismo en M\u00e9xico. \u00a1Compra online o vis\u00edtanos en CDMX y recibe tu pedido r\u00e1pido y seguro en todo el pa\u00eds!<\/p>\n<p>Caracter\u00edsticas del llavero:<\/p>\n<p>Dise\u00f1o exclusivo de Vegeta Ozaru<\/p>\n<p>Producto oficial Geek Store<\/p>\n<p>Fabricado en materiales resistentes<\/p>\n<p>Acabado detallado estilo coleccionable<\/p>\n<p>Tama\u00f1o compacto y funcional<\/p>\n<p>\u00bfPor qu\u00e9 comprar en Palitroche Toys?<\/p>\n<p>Env\u00edos r\u00e1pidos a todo M\u00e9xico<\/p>\n<p>Atenci\u00f3n personalizada en tienda y online<\/p>\n<p>Pagos seguros y protegidos en cada compra<\/p>\n","protected":false},"excerpt":{"rendered":"<p>Lleva tu amor por Dragon Ball al siguiente nivel con este incre\u00edble llavero de Vegeta en su poderosa transformaci\u00f3n Ozaru. Dise\u00f1o detallado y robusto, ideal para mochila, llaves o exhibir en tu colecci\u00f3n. Cons\u00edguelo en Palitroche Toys, la tienda n\u00famero uno de coleccionismo en M\u00e9xico. \u00a1Compra online o vis\u00edtanos en CDMX y recibe tu pedido [&hellip;]<\/p>\n","protected":false},"featured_media":14216,"comment_status":"open","ping_status":"closed","template":"","meta":{"site-sidebar-layout":"default","site-content-layout":"","ast-site-content-layout":"default","site-content-style":"default","site-sidebar-style":"default","ast-global-header-display":"","ast-banner-title-visibility":"","ast-main-header-display":"","ast-hfb-above-header-display":"","ast-hfb-below-header-display":"","ast-hfb-mobile-header-display":"","site-post-title":"","ast-breadcrumbs-content":"","ast-featured-img":"","footer-sml-layout":"","ast-disable-related-posts":"","theme-transparent-header-meta":"","adv-header-id-meta":"","stick-header-meta":"","header-above-stick-meta":"","header-main-stick-meta":"","header-below-stick-meta":"","astra-migrate-meta-layouts":"default","ast-page-background-enabled":"default","ast-page-background-meta":{"desktop":{"background-color":"","background-image":"","background-repeat":"repeat","background-position":"center center","background-size":"auto","background-attachment":"scroll","background-type":"","background-media":"","overlay-type":"","overlay-color":"","overlay-opacity":"","overlay-gradient":""},"tablet":{"background-color":"","background-image":"","background-repeat":"repeat","background-position":"center center","background-size":"auto","background-attachment":"scroll","background-type":"","background-media":"","overlay-type":"","overlay-color":"","overlay-opacity":"","overlay-gradient":""},"mobile":{"background-color":"","background-image":"","background-repeat":"repeat","background-position":"center center","background-size":"auto","background-attachment":"scroll","background-type":"","background-media":"","overlay-type":"","overlay-color":"","overlay-opacity":"","overlay-gradient":""}},"ast-content-background-meta":{"desktop":{"background-color":"var(--ast-global-color-5)","background-image":"","background-repeat":"repeat","background-position":"center center","background-size":"auto","background-attachment":"scroll","background-type":"","background-media":"","overlay-type":"","overlay-color":"","overlay-opacity":"","overlay-gradient":""},"tablet":{"background-color":"var(--ast-global-color-5)","background-image":"","background-repeat":"repeat","background-position":"center center","background-size":"auto","background-attachment":"scroll","background-type":"","background-media":"","overlay-type":"","overlay-color":"","overlay-opacity":"","overlay-gradient":""},"mobile":{"background-color":"var(--ast-global-color-5)","background-image":"","background-repeat":"repeat","background-position":"center center","background-size":"auto","background-attachment":"scroll","background-type":"","background-media":"","overlay-type":"","overlay-color":"","overlay-opacity":"","overlay-gradient":""}}},"product_brand":[],"product_cat":[109],"product_tag":[434],"class_list":{"0":"post-14226","1":"product","2":"type-product","3":"status-publish","4":"has-post-thumbnail","6":"product_cat-accesorios","7":"product_tag-dragon-ball-z","8":"desktop-align-center","9":"tablet-align-center","10":"mobile-align-center","12":"first","13":"instock","14":"sold-individually","15":"shipping-taxable","16":"purchasable","17":"product-type-simple"},"yoast_head":"<!-- This site is optimized with the Yoast SEO plugin v27.3 - https:\/\/yoast.com\/product\/yoast-seo-wordpress\/ -->\n<title>Geek Industry Llavero Dragon ball Vegeta Ozaru DB-02 - Palitroche Store<\/title>\n<meta name=\"robots\" content=\"index, follow, max-snippet:-1, max-image-preview:large, max-video-preview:-1\" \/>\n<link rel=\"canonical\" href=\"https:\/\/palitrochestore.com.mx\/?product=geek-industry-llavero-dragon-ball-vegeta-ozaru-db-02\" \/>\n<meta property=\"og:locale\" content=\"es_ES\" \/>\n<meta property=\"og:type\" content=\"article\" \/>\n<meta property=\"og:title\" content=\"Geek Industry Llavero Dragon ball Vegeta Ozaru DB-02 - Palitroche Store\" \/>\n<meta property=\"og:description\" content=\"Lleva tu amor por Dragon Ball al siguiente nivel con este incre\u00edble llavero de Vegeta en su poderosa transformaci\u00f3n Ozaru. Dise\u00f1o detallado y robusto, ideal para mochila, llaves o exhibir en tu colecci\u00f3n. Cons\u00edguelo en Palitroche Toys, la tienda n\u00famero uno de coleccionismo en M\u00e9xico. \u00a1Compra online o vis\u00edtanos en CDMX y recibe tu pedido [&hellip;]\" \/>\n<meta property=\"og:url\" content=\"https:\/\/palitrochestore.com.mx\/?product=geek-industry-llavero-dragon-ball-vegeta-ozaru-db-02\" \/>\n<meta property=\"og:site_name\" content=\"Palitroche Store\" \/>\n<meta property=\"article:modified_time\" content=\"2026-04-15T00:14:34+00:00\" \/>\n<meta property=\"og:image\" content=\"https:\/\/palitrochestore.com.mx\/wp-content\/uploads\/2025\/05\/7503037815485-1.webp\" \/>\n\t<meta property=\"og:image:width\" content=\"1000\" \/>\n\t<meta property=\"og:image:height\" content=\"1000\" \/>\n\t<meta property=\"og:image:type\" content=\"image\/webp\" \/>\n<meta name=\"twitter:card\" content=\"summary_large_image\" \/>\n<meta name=\"twitter:label1\" content=\"Tiempo de lectura\" \/>\n\t<meta name=\"twitter:data1\" content=\"1 minuto\" \/>\n<script type=\"application\/ld+json\" class=\"yoast-schema-graph\">{\"@context\":\"https:\\\/\\\/schema.org\",\"@graph\":[{\"@type\":\"WebPage\",\"@id\":\"https:\\\/\\\/palitrochestore.com.mx\\\/?product=geek-industry-llavero-dragon-ball-vegeta-ozaru-db-02\",\"url\":\"https:\\\/\\\/palitrochestore.com.mx\\\/?product=geek-industry-llavero-dragon-ball-vegeta-ozaru-db-02\",\"name\":\"Geek Industry Llavero Dragon ball Vegeta Ozaru DB-02 - Palitroche Store\",\"isPartOf\":{\"@id\":\"https:\\\/\\\/palitrochestore.com.mx\\\/#website\"},\"primaryImageOfPage\":{\"@id\":\"https:\\\/\\\/palitrochestore.com.mx\\\/?product=geek-industry-llavero-dragon-ball-vegeta-ozaru-db-02#primaryimage\"},\"image\":{\"@id\":\"https:\\\/\\\/palitrochestore.com.mx\\\/?product=geek-industry-llavero-dragon-ball-vegeta-ozaru-db-02#primaryimage\"},\"thumbnailUrl\":\"https:\\\/\\\/palitrochestore.com.mx\\\/wp-content\\\/uploads\\\/2025\\\/05\\\/7503037815485-1.webp\",\"datePublished\":\"2025-05-07T22:31:55+00:00\",\"dateModified\":\"2026-04-15T00:14:34+00:00\",\"breadcrumb\":{\"@id\":\"https:\\\/\\\/palitrochestore.com.mx\\\/?product=geek-industry-llavero-dragon-ball-vegeta-ozaru-db-02#breadcrumb\"},\"inLanguage\":\"es\",\"potentialAction\":[{\"@type\":\"ReadAction\",\"target\":[\"https:\\\/\\\/palitrochestore.com.mx\\\/?product=geek-industry-llavero-dragon-ball-vegeta-ozaru-db-02\"]}]},{\"@type\":\"ImageObject\",\"inLanguage\":\"es\",\"@id\":\"https:\\\/\\\/palitrochestore.com.mx\\\/?product=geek-industry-llavero-dragon-ball-vegeta-ozaru-db-02#primaryimage\",\"url\":\"https:\\\/\\\/palitrochestore.com.mx\\\/wp-content\\\/uploads\\\/2025\\\/05\\\/7503037815485-1.webp\",\"contentUrl\":\"https:\\\/\\\/palitrochestore.com.mx\\\/wp-content\\\/uploads\\\/2025\\\/05\\\/7503037815485-1.webp\",\"width\":1000,\"height\":1000},{\"@type\":\"BreadcrumbList\",\"@id\":\"https:\\\/\\\/palitrochestore.com.mx\\\/?product=geek-industry-llavero-dragon-ball-vegeta-ozaru-db-02#breadcrumb\",\"itemListElement\":[{\"@type\":\"ListItem\",\"position\":1,\"name\":\"Home\",\"item\":\"https:\\\/\\\/palitrochestore.com.mx\\\/\"},{\"@type\":\"ListItem\",\"position\":2,\"name\":\"Shop\",\"item\":\"https:\\\/\\\/palitrochestore.com.mx\\\/?page_id=21686\"},{\"@type\":\"ListItem\",\"position\":3,\"name\":\"Geek Industry Llavero Dragon ball Vegeta Ozaru DB-02\"}]},{\"@type\":\"WebSite\",\"@id\":\"https:\\\/\\\/palitrochestore.com.mx\\\/#website\",\"url\":\"https:\\\/\\\/palitrochestore.com.mx\\\/\",\"name\":\"Palitroche Store\",\"description\":\"Tienda f\u00edsica y online para comprar figuras de anime en M\u00e9xico, figuras originales coleccionables Bandai y S.H.Figuarts y tambi\u00e9n TCG como One Piece y Pok\u00e9mon TCG en CDMX\",\"publisher\":{\"@id\":\"https:\\\/\\\/palitrochestore.com.mx\\\/#organization\"},\"potentialAction\":[{\"@type\":\"SearchAction\",\"target\":{\"@type\":\"EntryPoint\",\"urlTemplate\":\"https:\\\/\\\/palitrochestore.com.mx\\\/?s={search_term_string}\"},\"query-input\":{\"@type\":\"PropertyValueSpecification\",\"valueRequired\":true,\"valueName\":\"search_term_string\"}}],\"inLanguage\":\"es\"},{\"@type\":\"Organization\",\"@id\":\"https:\\\/\\\/palitrochestore.com.mx\\\/#organization\",\"name\":\"Palitroche Store\",\"url\":\"https:\\\/\\\/palitrochestore.com.mx\\\/\",\"logo\":{\"@type\":\"ImageObject\",\"inLanguage\":\"es\",\"@id\":\"https:\\\/\\\/palitrochestore.com.mx\\\/#\\\/schema\\\/logo\\\/image\\\/\",\"url\":\"https:\\\/\\\/palitrochestore.com.mx\\\/wp-content\\\/uploads\\\/2025\\\/12\\\/cropped-LOGO_PALI_2025-1.png\",\"contentUrl\":\"https:\\\/\\\/palitrochestore.com.mx\\\/wp-content\\\/uploads\\\/2025\\\/12\\\/cropped-LOGO_PALI_2025-1.png\",\"width\":2117,\"height\":1572,\"caption\":\"Palitroche Store\"},\"image\":{\"@id\":\"https:\\\/\\\/palitrochestore.com.mx\\\/#\\\/schema\\\/logo\\\/image\\\/\"}}]}<\/script>\n<!-- \/ Yoast SEO plugin. -->","yoast_head_json":{"title":"Geek Industry Llavero Dragon ball Vegeta Ozaru DB-02 - Palitroche Store","robots":{"index":"index","follow":"follow","max-snippet":"max-snippet:-1","max-image-preview":"max-image-preview:large","max-video-preview":"max-video-preview:-1"},"canonical":"https:\/\/palitrochestore.com.mx\/?product=geek-industry-llavero-dragon-ball-vegeta-ozaru-db-02","og_locale":"es_ES","og_type":"article","og_title":"Geek Industry Llavero Dragon ball Vegeta Ozaru DB-02 - Palitroche Store","og_description":"Lleva tu amor por Dragon Ball al siguiente nivel con este incre\u00edble llavero de Vegeta en su poderosa transformaci\u00f3n Ozaru. Dise\u00f1o detallado y robusto, ideal para mochila, llaves o exhibir en tu colecci\u00f3n. Cons\u00edguelo en Palitroche Toys, la tienda n\u00famero uno de coleccionismo en M\u00e9xico. \u00a1Compra online o vis\u00edtanos en CDMX y recibe tu pedido [&hellip;]","og_url":"https:\/\/palitrochestore.com.mx\/?product=geek-industry-llavero-dragon-ball-vegeta-ozaru-db-02","og_site_name":"Palitroche Store","article_modified_time":"2026-04-15T00:14:34+00:00","og_image":[{"width":1000,"height":1000,"url":"https:\/\/palitrochestore.com.mx\/wp-content\/uploads\/2025\/05\/7503037815485-1.webp","type":"image\/webp"}],"twitter_card":"summary_large_image","twitter_misc":{"Tiempo de lectura":"1 minuto"},"schema":{"@context":"https:\/\/schema.org","@graph":[{"@type":"WebPage","@id":"https:\/\/palitrochestore.com.mx\/?product=geek-industry-llavero-dragon-ball-vegeta-ozaru-db-02","url":"https:\/\/palitrochestore.com.mx\/?product=geek-industry-llavero-dragon-ball-vegeta-ozaru-db-02","name":"Geek Industry Llavero Dragon ball Vegeta Ozaru DB-02 - Palitroche Store","isPartOf":{"@id":"https:\/\/palitrochestore.com.mx\/#website"},"primaryImageOfPage":{"@id":"https:\/\/palitrochestore.com.mx\/?product=geek-industry-llavero-dragon-ball-vegeta-ozaru-db-02#primaryimage"},"image":{"@id":"https:\/\/palitrochestore.com.mx\/?product=geek-industry-llavero-dragon-ball-vegeta-ozaru-db-02#primaryimage"},"thumbnailUrl":"https:\/\/palitrochestore.com.mx\/wp-content\/uploads\/2025\/05\/7503037815485-1.webp","datePublished":"2025-05-07T22:31:55+00:00","dateModified":"2026-04-15T00:14:34+00:00","breadcrumb":{"@id":"https:\/\/palitrochestore.com.mx\/?product=geek-industry-llavero-dragon-ball-vegeta-ozaru-db-02#breadcrumb"},"inLanguage":"es","potentialAction":[{"@type":"ReadAction","target":["https:\/\/palitrochestore.com.mx\/?product=geek-industry-llavero-dragon-ball-vegeta-ozaru-db-02"]}]},{"@type":"ImageObject","inLanguage":"es","@id":"https:\/\/palitrochestore.com.mx\/?product=geek-industry-llavero-dragon-ball-vegeta-ozaru-db-02#primaryimage","url":"https:\/\/palitrochestore.com.mx\/wp-content\/uploads\/2025\/05\/7503037815485-1.webp","contentUrl":"https:\/\/palitrochestore.com.mx\/wp-content\/uploads\/2025\/05\/7503037815485-1.webp","width":1000,"height":1000},{"@type":"BreadcrumbList","@id":"https:\/\/palitrochestore.com.mx\/?product=geek-industry-llavero-dragon-ball-vegeta-ozaru-db-02#breadcrumb","itemListElement":[{"@type":"ListItem","position":1,"name":"Home","item":"https:\/\/palitrochestore.com.mx\/"},{"@type":"ListItem","position":2,"name":"Shop","item":"https:\/\/palitrochestore.com.mx\/?page_id=21686"},{"@type":"ListItem","position":3,"name":"Geek Industry Llavero Dragon ball Vegeta Ozaru DB-02"}]},{"@type":"WebSite","@id":"https:\/\/palitrochestore.com.mx\/#website","url":"https:\/\/palitrochestore.com.mx\/","name":"Palitroche Store","description":"Tienda f\u00edsica y online para comprar figuras de anime en M\u00e9xico, figuras originales coleccionables Bandai y S.H.Figuarts y tambi\u00e9n TCG como One Piece y Pok\u00e9mon TCG en CDMX","publisher":{"@id":"https:\/\/palitrochestore.com.mx\/#organization"},"potentialAction":[{"@type":"SearchAction","target":{"@type":"EntryPoint","urlTemplate":"https:\/\/palitrochestore.com.mx\/?s={search_term_string}"},"query-input":{"@type":"PropertyValueSpecification","valueRequired":true,"valueName":"search_term_string"}}],"inLanguage":"es"},{"@type":"Organization","@id":"https:\/\/palitrochestore.com.mx\/#organization","name":"Palitroche Store","url":"https:\/\/palitrochestore.com.mx\/","logo":{"@type":"ImageObject","inLanguage":"es","@id":"https:\/\/palitrochestore.com.mx\/#\/schema\/logo\/image\/","url":"https:\/\/palitrochestore.com.mx\/wp-content\/uploads\/2025\/12\/cropped-LOGO_PALI_2025-1.png","contentUrl":"https:\/\/palitrochestore.com.mx\/wp-content\/uploads\/2025\/12\/cropped-LOGO_PALI_2025-1.png","width":2117,"height":1572,"caption":"Palitroche Store"},"image":{"@id":"https:\/\/palitrochestore.com.mx\/#\/schema\/logo\/image\/"}}]}},"_links":{"self":[{"href":"https:\/\/palitrochestore.com.mx\/index.php?rest_route=\/wp\/v2\/product\/14226","targetHints":{"allow":["GET"]}}],"collection":[{"href":"https:\/\/palitrochestore.com.mx\/index.php?rest_route=\/wp\/v2\/product"}],"about":[{"href":"https:\/\/palitrochestore.com.mx\/index.php?rest_route=\/wp\/v2\/types\/product"}],"replies":[{"embeddable":true,"href":"https:\/\/palitrochestore.com.mx\/index.php?rest_route=%2Fwp%2Fv2%2Fcomments&post=14226"}],"version-history":[{"count":1,"href":"https:\/\/palitrochestore.com.mx\/index.php?rest_route=\/wp\/v2\/product\/14226\/revisions"}],"predecessor-version":[{"id":21656,"href":"https:\/\/palitrochestore.com.mx\/index.php?rest_route=\/wp\/v2\/product\/14226\/revisions\/21656"}],"wp:featuredmedia":[{"embeddable":true,"href":"https:\/\/palitrochestore.com.mx\/index.php?rest_route=\/wp\/v2\/media\/14216"}],"wp:attachment":[{"href":"https:\/\/palitrochestore.com.mx\/index.php?rest_route=%2Fwp%2Fv2%2Fmedia&parent=14226"}],"wp:term":[{"taxonomy":"product_brand","embeddable":true,"href":"https:\/\/palitrochestore.com.mx\/index.php?rest_route=%2Fwp%2Fv2%2Fproduct_brand&post=14226"},{"taxonomy":"product_cat","embeddable":true,"href":"https:\/\/palitrochestore.com.mx\/index.php?rest_route=%2Fwp%2Fv2%2Fproduct_cat&post=14226"},{"taxonomy":"product_tag","embeddable":true,"href":"https:\/\/palitrochestore.com.mx\/index.php?rest_route=%2Fwp%2Fv2%2Fproduct_tag&post=14226"}],"curies":[{"name":"wp","href":"https:\/\/api.w.org\/{rel}","templated":true}]}}