{"id":14052,"date":"2025-04-24T15:31:04","date_gmt":"2025-04-24T21:31:04","guid":{"rendered":"https:\/\/palitrochestore.com.mx\/product\/apartado-preventa-s-h-figuarts-nosferatu-zodd\/"},"modified":"2025-11-18T01:16:05","modified_gmt":"2025-11-18T07:16:05","slug":"apartado-preventa-s-h-figuarts-nosferatu-zodd","status":"publish","type":"product","link":"https:\/\/palitrochestore.com.mx\/?product=apartado-preventa-s-h-figuarts-nosferatu-zodd","title":{"rendered":"BANDAI Tamashii Nations S.H.Figuarts Nosferatu Zodd"},"content":{"rendered":"<p>Palitroche Toys es la mejor tienda de figuras de Anime en M\u00e9xico, aqu\u00ed es donde coleccionar figuras de Berserk es tu mejor opci\u00f3n.<\/p>\n<p data-start=\"0\" data-end=\"240\">Desata el poder salvaje del ap\u00f3stol m\u00e1s imponente de <em data-start=\"53\" data-end=\"62\">Berserk<\/em> con <strong data-start=\"67\" data-end=\"85\">Nosferatu Zodd<\/strong>, una figura brutalmente detallada que no puede faltar en tu colecci\u00f3n. Perfecta para los fans m\u00e1s exigentes que buscan piezas impactantes y con presencia.<\/p>\n<p data-start=\"242\" data-end=\"418\">Ideal para vitrinas de alto nivel o como centro de cualquier display de figuras oscuras. Encu\u00e9ntralo en <strong data-start=\"346\" data-end=\"365\">Palitroche Toys<\/strong>, la tienda de coleccionismo m\u00e1s confiable de M\u00e9xico.<\/p>\n<p data-start=\"420\" data-end=\"448\"><strong data-start=\"420\" data-end=\"448\">Cualidades del producto:<\/strong><\/p>\n<ul data-start=\"449\" data-end=\"732\">\n<li data-start=\"449\" data-end=\"502\">\n<p data-start=\"451\" data-end=\"502\">Figura articulada ultra detallada de Nosferatu Zodd<\/p>\n<\/li>\n<li data-start=\"503\" data-end=\"566\">\n<p data-start=\"505\" data-end=\"566\">Incluye accesorios intercambiables y partes de transformaci\u00f3n<\/p>\n<\/li>\n<li data-start=\"567\" data-end=\"618\">\n<p data-start=\"569\" data-end=\"618\">Escultura fiel al dise\u00f1o original del anime\/manga<\/p>\n<\/li>\n<li data-start=\"619\" data-end=\"666\">\n<p data-start=\"621\" data-end=\"666\">Alta calidad de materiales y acabados premium<\/p>\n<\/li>\n<li data-start=\"667\" data-end=\"732\">\n<p data-start=\"669\" data-end=\"732\">Escala perfecta para exhibir junto a otras figuras de <em data-start=\"723\" data-end=\"732\">Berserk<\/em><\/p>\n<\/li>\n<\/ul>\n<p data-start=\"734\" data-end=\"774\"><strong data-start=\"734\" data-end=\"774\">\u00bfPor qu\u00e9 comprar en Palitroche Toys?<\/strong><\/p>\n<ul data-start=\"775\" data-end=\"895\" data-is-last-node=\"\" data-is-only-node=\"\">\n<li data-start=\"775\" data-end=\"805\">\n<p data-start=\"777\" data-end=\"805\">Env\u00edos r\u00e1pidos a todo M\u00e9xico<\/p>\n<\/li>\n<li data-start=\"806\" data-end=\"840\">\n<p data-start=\"808\" data-end=\"840\">Excelente atenci\u00f3n personalizada<\/p>\n<\/li>\n<li data-start=\"841\" data-end=\"895\" data-is-last-node=\"\">\n<p data-start=\"843\" data-end=\"895\" data-is-last-node=\"\">Sitio 100% seguro para comprar tus figuras favoritas<\/p>\n<\/li>\n<\/ul>\n","protected":false},"excerpt":{"rendered":"<p>Palitroche Toys es la mejor tienda de figuras de Anime en M\u00e9xico, aqu\u00ed es donde coleccionar figuras de Berserk es tu mejor opci\u00f3n. Desata el poder salvaje del ap\u00f3stol m\u00e1s imponente de Berserk con Nosferatu Zodd, una figura brutalmente detallada que no puede faltar en tu colecci\u00f3n. Perfecta para los fans m\u00e1s exigentes que buscan [&hellip;]<\/p>\n","protected":false},"featured_media":14011,"comment_status":"open","ping_status":"closed","template":"","meta":{"site-sidebar-layout":"default","site-content-layout":"","ast-site-content-layout":"default","site-content-style":"default","site-sidebar-style":"default","ast-global-header-display":"","ast-banner-title-visibility":"","ast-main-header-display":"","ast-hfb-above-header-display":"","ast-hfb-below-header-display":"","ast-hfb-mobile-header-display":"","site-post-title":"","ast-breadcrumbs-content":"","ast-featured-img":"","footer-sml-layout":"","ast-disable-related-posts":"","theme-transparent-header-meta":"default","adv-header-id-meta":"","stick-header-meta":"","header-above-stick-meta":"","header-main-stick-meta":"","header-below-stick-meta":"","astra-migrate-meta-layouts":"set","ast-page-background-enabled":"default","ast-page-background-meta":{"desktop":{"background-color":"","background-image":"","background-repeat":"repeat","background-position":"center center","background-size":"auto","background-attachment":"scroll","background-type":"","background-media":"","overlay-type":"","overlay-color":"","overlay-opacity":"","overlay-gradient":""},"tablet":{"background-color":"","background-image":"","background-repeat":"repeat","background-position":"center center","background-size":"auto","background-attachment":"scroll","background-type":"","background-media":"","overlay-type":"","overlay-color":"","overlay-opacity":"","overlay-gradient":""},"mobile":{"background-color":"","background-image":"","background-repeat":"repeat","background-position":"center center","background-size":"auto","background-attachment":"scroll","background-type":"","background-media":"","overlay-type":"","overlay-color":"","overlay-opacity":"","overlay-gradient":""}},"ast-content-background-meta":{"desktop":{"background-color":"var(--ast-global-color-5)","background-image":"","background-repeat":"repeat","background-position":"center center","background-size":"auto","background-attachment":"scroll","background-type":"","background-media":"","overlay-type":"","overlay-color":"","overlay-opacity":"","overlay-gradient":""},"tablet":{"background-color":"var(--ast-global-color-5)","background-image":"","background-repeat":"repeat","background-position":"center center","background-size":"auto","background-attachment":"scroll","background-type":"","background-media":"","overlay-type":"","overlay-color":"","overlay-opacity":"","overlay-gradient":""},"mobile":{"background-color":"var(--ast-global-color-5)","background-image":"","background-repeat":"repeat","background-position":"center center","background-size":"auto","background-attachment":"scroll","background-type":"","background-media":"","overlay-type":"","overlay-color":"","overlay-opacity":"","overlay-gradient":""}}},"product_brand":[],"product_cat":[101,37,39],"product_tag":[117,432,282],"class_list":{"0":"post-14052","1":"product","2":"type-product","3":"status-publish","4":"has-post-thumbnail","6":"product_cat-anime","7":"product_cat-tamashii-nations","8":"product_cat-todas","9":"product_tag-anime","10":"product_tag-s-h-figuarts","11":"product_tag-tamashii-nations","12":"product_shipping_class-bulto","13":"desktop-align-center","14":"tablet-align-center","15":"mobile-align-center","17":"first","18":"instock","19":"sold-individually","20":"shipping-taxable","21":"purchasable","22":"product-type-simple"},"yoast_head":"<!-- This site is optimized with the Yoast SEO plugin v27.3 - https:\/\/yoast.com\/product\/yoast-seo-wordpress\/ -->\n<title>BANDAI Tamashii Nations S.H.Figuarts Nosferatu Zodd - Palitroche Store<\/title>\n<meta name=\"robots\" content=\"index, follow, max-snippet:-1, max-image-preview:large, max-video-preview:-1\" \/>\n<link rel=\"canonical\" href=\"https:\/\/palitrochestore.com.mx\/producto\/apartado-preventa-s-h-figuarts-nosferatu-zodd\/\" \/>\n<meta property=\"og:locale\" content=\"es_ES\" \/>\n<meta property=\"og:type\" content=\"article\" \/>\n<meta property=\"og:title\" content=\"BANDAI Tamashii Nations S.H.Figuarts Nosferatu Zodd - Palitroche Store\" \/>\n<meta property=\"og:description\" content=\"Palitroche Toys es la mejor tienda de figuras de Anime en M\u00e9xico, aqu\u00ed es donde coleccionar figuras de Berserk es tu mejor opci\u00f3n. Desata el poder salvaje del ap\u00f3stol m\u00e1s imponente de Berserk con Nosferatu Zodd, una figura brutalmente detallada que no puede faltar en tu colecci\u00f3n. Perfecta para los fans m\u00e1s exigentes que buscan [&hellip;]\" \/>\n<meta property=\"og:url\" content=\"https:\/\/palitrochestore.com.mx\/producto\/apartado-preventa-s-h-figuarts-nosferatu-zodd\/\" \/>\n<meta property=\"og:site_name\" content=\"Palitroche Store\" \/>\n<meta property=\"article:modified_time\" content=\"2025-11-18T07:16:05+00:00\" \/>\n<meta property=\"og:image\" content=\"https:\/\/palitrochestore.com.mx\/wp-content\/uploads\/2025\/04\/4573102668752-1.webp\" \/>\n\t<meta property=\"og:image:width\" content=\"800\" \/>\n\t<meta property=\"og:image:height\" content=\"800\" \/>\n\t<meta property=\"og:image:type\" content=\"image\/webp\" \/>\n<meta name=\"twitter:card\" content=\"summary_large_image\" \/>\n<meta name=\"twitter:label1\" content=\"Tiempo de lectura\" \/>\n\t<meta name=\"twitter:data1\" content=\"1 minuto\" \/>\n<script type=\"application\/ld+json\" class=\"yoast-schema-graph\">{\"@context\":\"https:\\\/\\\/schema.org\",\"@graph\":[{\"@type\":\"WebPage\",\"@id\":\"https:\\\/\\\/palitrochestore.com.mx\\\/producto\\\/apartado-preventa-s-h-figuarts-nosferatu-zodd\\\/\",\"url\":\"https:\\\/\\\/palitrochestore.com.mx\\\/producto\\\/apartado-preventa-s-h-figuarts-nosferatu-zodd\\\/\",\"name\":\"BANDAI Tamashii Nations S.H.Figuarts Nosferatu Zodd - Palitroche Store\",\"isPartOf\":{\"@id\":\"https:\\\/\\\/palitrochestore.com.mx\\\/#website\"},\"primaryImageOfPage\":{\"@id\":\"https:\\\/\\\/palitrochestore.com.mx\\\/producto\\\/apartado-preventa-s-h-figuarts-nosferatu-zodd\\\/#primaryimage\"},\"image\":{\"@id\":\"https:\\\/\\\/palitrochestore.com.mx\\\/producto\\\/apartado-preventa-s-h-figuarts-nosferatu-zodd\\\/#primaryimage\"},\"thumbnailUrl\":\"https:\\\/\\\/palitrochestore.com.mx\\\/wp-content\\\/uploads\\\/2025\\\/04\\\/4573102668752-1.webp\",\"datePublished\":\"2025-04-24T21:31:04+00:00\",\"dateModified\":\"2025-11-18T07:16:05+00:00\",\"breadcrumb\":{\"@id\":\"https:\\\/\\\/palitrochestore.com.mx\\\/producto\\\/apartado-preventa-s-h-figuarts-nosferatu-zodd\\\/#breadcrumb\"},\"inLanguage\":\"es\",\"potentialAction\":[{\"@type\":\"ReadAction\",\"target\":[\"https:\\\/\\\/palitrochestore.com.mx\\\/producto\\\/apartado-preventa-s-h-figuarts-nosferatu-zodd\\\/\"]}]},{\"@type\":\"ImageObject\",\"inLanguage\":\"es\",\"@id\":\"https:\\\/\\\/palitrochestore.com.mx\\\/producto\\\/apartado-preventa-s-h-figuarts-nosferatu-zodd\\\/#primaryimage\",\"url\":\"https:\\\/\\\/palitrochestore.com.mx\\\/wp-content\\\/uploads\\\/2025\\\/04\\\/4573102668752-1.webp\",\"contentUrl\":\"https:\\\/\\\/palitrochestore.com.mx\\\/wp-content\\\/uploads\\\/2025\\\/04\\\/4573102668752-1.webp\",\"width\":800,\"height\":800},{\"@type\":\"BreadcrumbList\",\"@id\":\"https:\\\/\\\/palitrochestore.com.mx\\\/producto\\\/apartado-preventa-s-h-figuarts-nosferatu-zodd\\\/#breadcrumb\",\"itemListElement\":[{\"@type\":\"ListItem\",\"position\":1,\"name\":\"Home\",\"item\":\"https:\\\/\\\/palitrochestore.com.mx\\\/\"},{\"@type\":\"ListItem\",\"position\":2,\"name\":\"Shop\",\"item\":\"https:\\\/\\\/palitrochestore.com.mx\\\/?page_id=21686\"},{\"@type\":\"ListItem\",\"position\":3,\"name\":\"BANDAI Tamashii Nations S.H.Figuarts Nosferatu Zodd\"}]},{\"@type\":\"WebSite\",\"@id\":\"https:\\\/\\\/palitrochestore.com.mx\\\/#website\",\"url\":\"https:\\\/\\\/palitrochestore.com.mx\\\/\",\"name\":\"Palitroche Store\",\"description\":\"Tienda f\u00edsica y online para comprar figuras de anime en M\u00e9xico, figuras originales coleccionables Bandai y S.H.Figuarts y tambi\u00e9n TCG como One Piece y Pok\u00e9mon TCG en CDMX\",\"publisher\":{\"@id\":\"https:\\\/\\\/palitrochestore.com.mx\\\/#organization\"},\"potentialAction\":[{\"@type\":\"SearchAction\",\"target\":{\"@type\":\"EntryPoint\",\"urlTemplate\":\"https:\\\/\\\/palitrochestore.com.mx\\\/?s={search_term_string}\"},\"query-input\":{\"@type\":\"PropertyValueSpecification\",\"valueRequired\":true,\"valueName\":\"search_term_string\"}}],\"inLanguage\":\"es\"},{\"@type\":\"Organization\",\"@id\":\"https:\\\/\\\/palitrochestore.com.mx\\\/#organization\",\"name\":\"Palitroche Store\",\"url\":\"https:\\\/\\\/palitrochestore.com.mx\\\/\",\"logo\":{\"@type\":\"ImageObject\",\"inLanguage\":\"es\",\"@id\":\"https:\\\/\\\/palitrochestore.com.mx\\\/#\\\/schema\\\/logo\\\/image\\\/\",\"url\":\"https:\\\/\\\/palitrochestore.com.mx\\\/wp-content\\\/uploads\\\/2025\\\/12\\\/cropped-LOGO_PALI_2025-1.png\",\"contentUrl\":\"https:\\\/\\\/palitrochestore.com.mx\\\/wp-content\\\/uploads\\\/2025\\\/12\\\/cropped-LOGO_PALI_2025-1.png\",\"width\":2117,\"height\":1572,\"caption\":\"Palitroche Store\"},\"image\":{\"@id\":\"https:\\\/\\\/palitrochestore.com.mx\\\/#\\\/schema\\\/logo\\\/image\\\/\"}}]}<\/script>\n<!-- \/ Yoast SEO plugin. -->","yoast_head_json":{"title":"BANDAI Tamashii Nations S.H.Figuarts Nosferatu Zodd - Palitroche Store","robots":{"index":"index","follow":"follow","max-snippet":"max-snippet:-1","max-image-preview":"max-image-preview:large","max-video-preview":"max-video-preview:-1"},"canonical":"https:\/\/palitrochestore.com.mx\/producto\/apartado-preventa-s-h-figuarts-nosferatu-zodd\/","og_locale":"es_ES","og_type":"article","og_title":"BANDAI Tamashii Nations S.H.Figuarts Nosferatu Zodd - Palitroche Store","og_description":"Palitroche Toys es la mejor tienda de figuras de Anime en M\u00e9xico, aqu\u00ed es donde coleccionar figuras de Berserk es tu mejor opci\u00f3n. Desata el poder salvaje del ap\u00f3stol m\u00e1s imponente de Berserk con Nosferatu Zodd, una figura brutalmente detallada que no puede faltar en tu colecci\u00f3n. Perfecta para los fans m\u00e1s exigentes que buscan [&hellip;]","og_url":"https:\/\/palitrochestore.com.mx\/producto\/apartado-preventa-s-h-figuarts-nosferatu-zodd\/","og_site_name":"Palitroche Store","article_modified_time":"2025-11-18T07:16:05+00:00","og_image":[{"width":800,"height":800,"url":"https:\/\/palitrochestore.com.mx\/wp-content\/uploads\/2025\/04\/4573102668752-1.webp","type":"image\/webp"}],"twitter_card":"summary_large_image","twitter_misc":{"Tiempo de lectura":"1 minuto"},"schema":{"@context":"https:\/\/schema.org","@graph":[{"@type":"WebPage","@id":"https:\/\/palitrochestore.com.mx\/producto\/apartado-preventa-s-h-figuarts-nosferatu-zodd\/","url":"https:\/\/palitrochestore.com.mx\/producto\/apartado-preventa-s-h-figuarts-nosferatu-zodd\/","name":"BANDAI Tamashii Nations S.H.Figuarts Nosferatu Zodd - Palitroche Store","isPartOf":{"@id":"https:\/\/palitrochestore.com.mx\/#website"},"primaryImageOfPage":{"@id":"https:\/\/palitrochestore.com.mx\/producto\/apartado-preventa-s-h-figuarts-nosferatu-zodd\/#primaryimage"},"image":{"@id":"https:\/\/palitrochestore.com.mx\/producto\/apartado-preventa-s-h-figuarts-nosferatu-zodd\/#primaryimage"},"thumbnailUrl":"https:\/\/palitrochestore.com.mx\/wp-content\/uploads\/2025\/04\/4573102668752-1.webp","datePublished":"2025-04-24T21:31:04+00:00","dateModified":"2025-11-18T07:16:05+00:00","breadcrumb":{"@id":"https:\/\/palitrochestore.com.mx\/producto\/apartado-preventa-s-h-figuarts-nosferatu-zodd\/#breadcrumb"},"inLanguage":"es","potentialAction":[{"@type":"ReadAction","target":["https:\/\/palitrochestore.com.mx\/producto\/apartado-preventa-s-h-figuarts-nosferatu-zodd\/"]}]},{"@type":"ImageObject","inLanguage":"es","@id":"https:\/\/palitrochestore.com.mx\/producto\/apartado-preventa-s-h-figuarts-nosferatu-zodd\/#primaryimage","url":"https:\/\/palitrochestore.com.mx\/wp-content\/uploads\/2025\/04\/4573102668752-1.webp","contentUrl":"https:\/\/palitrochestore.com.mx\/wp-content\/uploads\/2025\/04\/4573102668752-1.webp","width":800,"height":800},{"@type":"BreadcrumbList","@id":"https:\/\/palitrochestore.com.mx\/producto\/apartado-preventa-s-h-figuarts-nosferatu-zodd\/#breadcrumb","itemListElement":[{"@type":"ListItem","position":1,"name":"Home","item":"https:\/\/palitrochestore.com.mx\/"},{"@type":"ListItem","position":2,"name":"Shop","item":"https:\/\/palitrochestore.com.mx\/?page_id=21686"},{"@type":"ListItem","position":3,"name":"BANDAI Tamashii Nations S.H.Figuarts Nosferatu Zodd"}]},{"@type":"WebSite","@id":"https:\/\/palitrochestore.com.mx\/#website","url":"https:\/\/palitrochestore.com.mx\/","name":"Palitroche Store","description":"Tienda f\u00edsica y online para comprar figuras de anime en M\u00e9xico, figuras originales coleccionables Bandai y S.H.Figuarts y tambi\u00e9n TCG como One Piece y Pok\u00e9mon TCG en CDMX","publisher":{"@id":"https:\/\/palitrochestore.com.mx\/#organization"},"potentialAction":[{"@type":"SearchAction","target":{"@type":"EntryPoint","urlTemplate":"https:\/\/palitrochestore.com.mx\/?s={search_term_string}"},"query-input":{"@type":"PropertyValueSpecification","valueRequired":true,"valueName":"search_term_string"}}],"inLanguage":"es"},{"@type":"Organization","@id":"https:\/\/palitrochestore.com.mx\/#organization","name":"Palitroche Store","url":"https:\/\/palitrochestore.com.mx\/","logo":{"@type":"ImageObject","inLanguage":"es","@id":"https:\/\/palitrochestore.com.mx\/#\/schema\/logo\/image\/","url":"https:\/\/palitrochestore.com.mx\/wp-content\/uploads\/2025\/12\/cropped-LOGO_PALI_2025-1.png","contentUrl":"https:\/\/palitrochestore.com.mx\/wp-content\/uploads\/2025\/12\/cropped-LOGO_PALI_2025-1.png","width":2117,"height":1572,"caption":"Palitroche Store"},"image":{"@id":"https:\/\/palitrochestore.com.mx\/#\/schema\/logo\/image\/"}}]}},"_links":{"self":[{"href":"https:\/\/palitrochestore.com.mx\/index.php?rest_route=\/wp\/v2\/product\/14052","targetHints":{"allow":["GET"]}}],"collection":[{"href":"https:\/\/palitrochestore.com.mx\/index.php?rest_route=\/wp\/v2\/product"}],"about":[{"href":"https:\/\/palitrochestore.com.mx\/index.php?rest_route=\/wp\/v2\/types\/product"}],"replies":[{"embeddable":true,"href":"https:\/\/palitrochestore.com.mx\/index.php?rest_route=%2Fwp%2Fv2%2Fcomments&post=14052"}],"version-history":[{"count":1,"href":"https:\/\/palitrochestore.com.mx\/index.php?rest_route=\/wp\/v2\/product\/14052\/revisions"}],"predecessor-version":[{"id":14906,"href":"https:\/\/palitrochestore.com.mx\/index.php?rest_route=\/wp\/v2\/product\/14052\/revisions\/14906"}],"wp:featuredmedia":[{"embeddable":true,"href":"https:\/\/palitrochestore.com.mx\/index.php?rest_route=\/wp\/v2\/media\/14011"}],"wp:attachment":[{"href":"https:\/\/palitrochestore.com.mx\/index.php?rest_route=%2Fwp%2Fv2%2Fmedia&parent=14052"}],"wp:term":[{"taxonomy":"product_brand","embeddable":true,"href":"https:\/\/palitrochestore.com.mx\/index.php?rest_route=%2Fwp%2Fv2%2Fproduct_brand&post=14052"},{"taxonomy":"product_cat","embeddable":true,"href":"https:\/\/palitrochestore.com.mx\/index.php?rest_route=%2Fwp%2Fv2%2Fproduct_cat&post=14052"},{"taxonomy":"product_tag","embeddable":true,"href":"https:\/\/palitrochestore.com.mx\/index.php?rest_route=%2Fwp%2Fv2%2Fproduct_tag&post=14052"}],"curies":[{"name":"wp","href":"https:\/\/api.w.org\/{rel}","templated":true}]}}