{"id":13516,"date":"2025-03-12T18:05:15","date_gmt":"2025-03-13T00:05:15","guid":{"rendered":"https:\/\/palitrochestore.com.mx\/?post_type=product&#038;p=13516"},"modified":"2025-12-21T16:30:21","modified_gmt":"2025-12-21T22:30:21","slug":"bandai-s-h-figuarts-son-goku-dragon-ball-gt-2","status":"publish","type":"product","link":"https:\/\/palitrochestore.com.mx\/?product=bandai-s-h-figuarts-son-goku-dragon-ball-gt-2","title":{"rendered":"BANDAI S.H.Figuarts Son Goku Dragon Ball GT"},"content":{"rendered":"<p>\u00a1Experimenta la leyenda viviente con la figura S.H.Figuarts Son Goku GT. Esta asombrosa representaci\u00f3n del guerrero saiyajin m\u00e1s ic\u00f3nico captura cada detalle impresionante del legendario personaje de Dragon Ball GT.<br \/>\nCon una articulaci\u00f3n superior y una amplia gama de accesorios intercambiables, podr\u00e1s recrear las \u00e9picas batallas de Goku y llevar la emoci\u00f3n de Dragon Ball GT directamente a tu colecci\u00f3n. Ya sea que seas un fan\u00e1tico ac\u00e9rrimo o est\u00e9s buscando el regalo perfecto para un verdadero amante de Dragon Ball, esta figura S.H.Figuarts es la elecci\u00f3n definitiva.<\/p>\n","protected":false},"excerpt":{"rendered":"<p>\u00a1Experimenta la leyenda viviente con la figura S.H.Figuarts Son Goku GT. Esta asombrosa representaci\u00f3n del guerrero saiyajin m\u00e1s ic\u00f3nico captura cada detalle impresionante del legendario personaje de Dragon Ball GT. Con una articulaci\u00f3n superior y una amplia gama de accesorios intercambiables, podr\u00e1s recrear las \u00e9picas batallas de Goku y llevar la emoci\u00f3n de Dragon Ball [&hellip;]<\/p>\n","protected":false},"featured_media":13514,"comment_status":"open","ping_status":"closed","template":"","meta":{"site-sidebar-layout":"default","site-content-layout":"default","ast-site-content-layout":"default","site-content-style":"default","site-sidebar-style":"default","ast-global-header-display":"","ast-banner-title-visibility":"","ast-main-header-display":"","ast-hfb-above-header-display":"","ast-hfb-below-header-display":"","ast-hfb-mobile-header-display":"","site-post-title":"","ast-breadcrumbs-content":"","ast-featured-img":"","footer-sml-layout":"","ast-disable-related-posts":"","theme-transparent-header-meta":"default","adv-header-id-meta":"","stick-header-meta":"","header-above-stick-meta":"","header-main-stick-meta":"","header-below-stick-meta":"","astra-migrate-meta-layouts":"set","ast-page-background-enabled":"default","ast-page-background-meta":{"desktop":{"background-color":"","background-image":"","background-repeat":"repeat","background-position":"center center","background-size":"auto","background-attachment":"scroll","background-type":"","background-media":"","overlay-type":"","overlay-color":"","overlay-opacity":"","overlay-gradient":""},"tablet":{"background-color":"","background-image":"","background-repeat":"repeat","background-position":"center center","background-size":"auto","background-attachment":"scroll","background-type":"","background-media":"","overlay-type":"","overlay-color":"","overlay-opacity":"","overlay-gradient":""},"mobile":{"background-color":"","background-image":"","background-repeat":"repeat","background-position":"center center","background-size":"auto","background-attachment":"scroll","background-type":"","background-media":"","overlay-type":"","overlay-color":"","overlay-opacity":"","overlay-gradient":""}},"ast-content-background-meta":{"desktop":{"background-color":"var(--ast-global-color-5)","background-image":"","background-repeat":"repeat","background-position":"center center","background-size":"auto","background-attachment":"scroll","background-type":"","background-media":"","overlay-type":"","overlay-color":"","overlay-opacity":"","overlay-gradient":""},"tablet":{"background-color":"var(--ast-global-color-5)","background-image":"","background-repeat":"repeat","background-position":"center center","background-size":"auto","background-attachment":"scroll","background-type":"","background-media":"","overlay-type":"","overlay-color":"","overlay-opacity":"","overlay-gradient":""},"mobile":{"background-color":"var(--ast-global-color-5)","background-image":"","background-repeat":"repeat","background-position":"center center","background-size":"auto","background-attachment":"scroll","background-type":"","background-media":"","overlay-type":"","overlay-color":"","overlay-opacity":"","overlay-gradient":""}}},"product_brand":[],"product_cat":[101,98,37,39],"product_tag":[118,367,282],"class_list":{"0":"post-13516","1":"product","2":"type-product","3":"status-publish","4":"has-post-thumbnail","6":"product_cat-anime","7":"product_cat-dragon-ball","8":"product_cat-tamashii-nations","9":"product_cat-todas","10":"product_tag-bandai","11":"product_tag-shfiguarts","12":"product_tag-tamashii-nations","13":"desktop-align-center","14":"tablet-align-center","15":"mobile-align-center","17":"first","18":"outofstock","19":"sold-individually","20":"shipping-taxable","21":"purchasable","22":"product-type-simple"},"yoast_head":"<!-- This site is optimized with the Yoast SEO plugin v27.3 - https:\/\/yoast.com\/product\/yoast-seo-wordpress\/ -->\n<title>BANDAI S.H.Figuarts Son Goku Dragon Ball GT - Palitroche Store<\/title>\n<meta name=\"robots\" content=\"index, follow, max-snippet:-1, max-image-preview:large, max-video-preview:-1\" \/>\n<link rel=\"canonical\" href=\"https:\/\/palitrochestore.com.mx\/producto\/bandai-s-h-figuarts-son-goku-dragon-ball-gt-2\/\" \/>\n<meta property=\"og:locale\" content=\"es_ES\" \/>\n<meta property=\"og:type\" content=\"article\" \/>\n<meta property=\"og:title\" content=\"BANDAI S.H.Figuarts Son Goku Dragon Ball GT - Palitroche Store\" \/>\n<meta property=\"og:description\" content=\"\u00a1Experimenta la leyenda viviente con la figura S.H.Figuarts Son Goku GT. Esta asombrosa representaci\u00f3n del guerrero saiyajin m\u00e1s ic\u00f3nico captura cada detalle impresionante del legendario personaje de Dragon Ball GT. Con una articulaci\u00f3n superior y una amplia gama de accesorios intercambiables, podr\u00e1s recrear las \u00e9picas batallas de Goku y llevar la emoci\u00f3n de Dragon Ball [&hellip;]\" \/>\n<meta property=\"og:url\" content=\"https:\/\/palitrochestore.com.mx\/producto\/bandai-s-h-figuarts-son-goku-dragon-ball-gt-2\/\" \/>\n<meta property=\"og:site_name\" content=\"Palitroche Store\" \/>\n<meta property=\"article:modified_time\" content=\"2025-12-21T22:30:21+00:00\" \/>\n<meta property=\"og:image\" content=\"https:\/\/palitrochestore.com.mx\/wp-content\/uploads\/2024\/01\/gokugt_3.webp\" \/>\n\t<meta property=\"og:image:width\" content=\"1080\" \/>\n\t<meta property=\"og:image:height\" content=\"1080\" \/>\n\t<meta property=\"og:image:type\" content=\"image\/webp\" \/>\n<meta name=\"twitter:card\" content=\"summary_large_image\" \/>\n<meta name=\"twitter:label1\" content=\"Tiempo de lectura\" \/>\n\t<meta name=\"twitter:data1\" content=\"1 minuto\" \/>\n<script type=\"application\/ld+json\" class=\"yoast-schema-graph\">{\"@context\":\"https:\\\/\\\/schema.org\",\"@graph\":[{\"@type\":\"WebPage\",\"@id\":\"https:\\\/\\\/palitrochestore.com.mx\\\/producto\\\/bandai-s-h-figuarts-son-goku-dragon-ball-gt-2\\\/\",\"url\":\"https:\\\/\\\/palitrochestore.com.mx\\\/producto\\\/bandai-s-h-figuarts-son-goku-dragon-ball-gt-2\\\/\",\"name\":\"BANDAI S.H.Figuarts Son Goku Dragon Ball GT - Palitroche Store\",\"isPartOf\":{\"@id\":\"https:\\\/\\\/palitrochestore.com.mx\\\/#website\"},\"primaryImageOfPage\":{\"@id\":\"https:\\\/\\\/palitrochestore.com.mx\\\/producto\\\/bandai-s-h-figuarts-son-goku-dragon-ball-gt-2\\\/#primaryimage\"},\"image\":{\"@id\":\"https:\\\/\\\/palitrochestore.com.mx\\\/producto\\\/bandai-s-h-figuarts-son-goku-dragon-ball-gt-2\\\/#primaryimage\"},\"thumbnailUrl\":\"https:\\\/\\\/palitrochestore.com.mx\\\/wp-content\\\/uploads\\\/2024\\\/01\\\/gokugt_3.webp\",\"datePublished\":\"2025-03-13T00:05:15+00:00\",\"dateModified\":\"2025-12-21T22:30:21+00:00\",\"breadcrumb\":{\"@id\":\"https:\\\/\\\/palitrochestore.com.mx\\\/producto\\\/bandai-s-h-figuarts-son-goku-dragon-ball-gt-2\\\/#breadcrumb\"},\"inLanguage\":\"es\",\"potentialAction\":[{\"@type\":\"ReadAction\",\"target\":[\"https:\\\/\\\/palitrochestore.com.mx\\\/producto\\\/bandai-s-h-figuarts-son-goku-dragon-ball-gt-2\\\/\"]}]},{\"@type\":\"ImageObject\",\"inLanguage\":\"es\",\"@id\":\"https:\\\/\\\/palitrochestore.com.mx\\\/producto\\\/bandai-s-h-figuarts-son-goku-dragon-ball-gt-2\\\/#primaryimage\",\"url\":\"https:\\\/\\\/palitrochestore.com.mx\\\/wp-content\\\/uploads\\\/2024\\\/01\\\/gokugt_3.webp\",\"contentUrl\":\"https:\\\/\\\/palitrochestore.com.mx\\\/wp-content\\\/uploads\\\/2024\\\/01\\\/gokugt_3.webp\",\"width\":1080,\"height\":1080},{\"@type\":\"BreadcrumbList\",\"@id\":\"https:\\\/\\\/palitrochestore.com.mx\\\/producto\\\/bandai-s-h-figuarts-son-goku-dragon-ball-gt-2\\\/#breadcrumb\",\"itemListElement\":[{\"@type\":\"ListItem\",\"position\":1,\"name\":\"Home\",\"item\":\"https:\\\/\\\/palitrochestore.com.mx\\\/\"},{\"@type\":\"ListItem\",\"position\":2,\"name\":\"Shop\",\"item\":\"https:\\\/\\\/palitrochestore.com.mx\\\/?page_id=21686\"},{\"@type\":\"ListItem\",\"position\":3,\"name\":\"BANDAI S.H.Figuarts Son Goku Dragon Ball GT\"}]},{\"@type\":\"WebSite\",\"@id\":\"https:\\\/\\\/palitrochestore.com.mx\\\/#website\",\"url\":\"https:\\\/\\\/palitrochestore.com.mx\\\/\",\"name\":\"Palitroche Store\",\"description\":\"Tienda f\u00edsica y online para comprar figuras de anime en M\u00e9xico, figuras originales coleccionables Bandai y S.H.Figuarts y tambi\u00e9n TCG como One Piece y Pok\u00e9mon TCG en CDMX\",\"publisher\":{\"@id\":\"https:\\\/\\\/palitrochestore.com.mx\\\/#organization\"},\"potentialAction\":[{\"@type\":\"SearchAction\",\"target\":{\"@type\":\"EntryPoint\",\"urlTemplate\":\"https:\\\/\\\/palitrochestore.com.mx\\\/?s={search_term_string}\"},\"query-input\":{\"@type\":\"PropertyValueSpecification\",\"valueRequired\":true,\"valueName\":\"search_term_string\"}}],\"inLanguage\":\"es\"},{\"@type\":\"Organization\",\"@id\":\"https:\\\/\\\/palitrochestore.com.mx\\\/#organization\",\"name\":\"Palitroche Store\",\"url\":\"https:\\\/\\\/palitrochestore.com.mx\\\/\",\"logo\":{\"@type\":\"ImageObject\",\"inLanguage\":\"es\",\"@id\":\"https:\\\/\\\/palitrochestore.com.mx\\\/#\\\/schema\\\/logo\\\/image\\\/\",\"url\":\"https:\\\/\\\/palitrochestore.com.mx\\\/wp-content\\\/uploads\\\/2025\\\/12\\\/cropped-LOGO_PALI_2025-1.png\",\"contentUrl\":\"https:\\\/\\\/palitrochestore.com.mx\\\/wp-content\\\/uploads\\\/2025\\\/12\\\/cropped-LOGO_PALI_2025-1.png\",\"width\":2117,\"height\":1572,\"caption\":\"Palitroche Store\"},\"image\":{\"@id\":\"https:\\\/\\\/palitrochestore.com.mx\\\/#\\\/schema\\\/logo\\\/image\\\/\"}}]}<\/script>\n<!-- \/ Yoast SEO plugin. -->","yoast_head_json":{"title":"BANDAI S.H.Figuarts Son Goku Dragon Ball GT - Palitroche Store","robots":{"index":"index","follow":"follow","max-snippet":"max-snippet:-1","max-image-preview":"max-image-preview:large","max-video-preview":"max-video-preview:-1"},"canonical":"https:\/\/palitrochestore.com.mx\/producto\/bandai-s-h-figuarts-son-goku-dragon-ball-gt-2\/","og_locale":"es_ES","og_type":"article","og_title":"BANDAI S.H.Figuarts Son Goku Dragon Ball GT - Palitroche Store","og_description":"\u00a1Experimenta la leyenda viviente con la figura S.H.Figuarts Son Goku GT. Esta asombrosa representaci\u00f3n del guerrero saiyajin m\u00e1s ic\u00f3nico captura cada detalle impresionante del legendario personaje de Dragon Ball GT. Con una articulaci\u00f3n superior y una amplia gama de accesorios intercambiables, podr\u00e1s recrear las \u00e9picas batallas de Goku y llevar la emoci\u00f3n de Dragon Ball [&hellip;]","og_url":"https:\/\/palitrochestore.com.mx\/producto\/bandai-s-h-figuarts-son-goku-dragon-ball-gt-2\/","og_site_name":"Palitroche Store","article_modified_time":"2025-12-21T22:30:21+00:00","og_image":[{"width":1080,"height":1080,"url":"https:\/\/palitrochestore.com.mx\/wp-content\/uploads\/2024\/01\/gokugt_3.webp","type":"image\/webp"}],"twitter_card":"summary_large_image","twitter_misc":{"Tiempo de lectura":"1 minuto"},"schema":{"@context":"https:\/\/schema.org","@graph":[{"@type":"WebPage","@id":"https:\/\/palitrochestore.com.mx\/producto\/bandai-s-h-figuarts-son-goku-dragon-ball-gt-2\/","url":"https:\/\/palitrochestore.com.mx\/producto\/bandai-s-h-figuarts-son-goku-dragon-ball-gt-2\/","name":"BANDAI S.H.Figuarts Son Goku Dragon Ball GT - Palitroche Store","isPartOf":{"@id":"https:\/\/palitrochestore.com.mx\/#website"},"primaryImageOfPage":{"@id":"https:\/\/palitrochestore.com.mx\/producto\/bandai-s-h-figuarts-son-goku-dragon-ball-gt-2\/#primaryimage"},"image":{"@id":"https:\/\/palitrochestore.com.mx\/producto\/bandai-s-h-figuarts-son-goku-dragon-ball-gt-2\/#primaryimage"},"thumbnailUrl":"https:\/\/palitrochestore.com.mx\/wp-content\/uploads\/2024\/01\/gokugt_3.webp","datePublished":"2025-03-13T00:05:15+00:00","dateModified":"2025-12-21T22:30:21+00:00","breadcrumb":{"@id":"https:\/\/palitrochestore.com.mx\/producto\/bandai-s-h-figuarts-son-goku-dragon-ball-gt-2\/#breadcrumb"},"inLanguage":"es","potentialAction":[{"@type":"ReadAction","target":["https:\/\/palitrochestore.com.mx\/producto\/bandai-s-h-figuarts-son-goku-dragon-ball-gt-2\/"]}]},{"@type":"ImageObject","inLanguage":"es","@id":"https:\/\/palitrochestore.com.mx\/producto\/bandai-s-h-figuarts-son-goku-dragon-ball-gt-2\/#primaryimage","url":"https:\/\/palitrochestore.com.mx\/wp-content\/uploads\/2024\/01\/gokugt_3.webp","contentUrl":"https:\/\/palitrochestore.com.mx\/wp-content\/uploads\/2024\/01\/gokugt_3.webp","width":1080,"height":1080},{"@type":"BreadcrumbList","@id":"https:\/\/palitrochestore.com.mx\/producto\/bandai-s-h-figuarts-son-goku-dragon-ball-gt-2\/#breadcrumb","itemListElement":[{"@type":"ListItem","position":1,"name":"Home","item":"https:\/\/palitrochestore.com.mx\/"},{"@type":"ListItem","position":2,"name":"Shop","item":"https:\/\/palitrochestore.com.mx\/?page_id=21686"},{"@type":"ListItem","position":3,"name":"BANDAI S.H.Figuarts Son Goku Dragon Ball GT"}]},{"@type":"WebSite","@id":"https:\/\/palitrochestore.com.mx\/#website","url":"https:\/\/palitrochestore.com.mx\/","name":"Palitroche Store","description":"Tienda f\u00edsica y online para comprar figuras de anime en M\u00e9xico, figuras originales coleccionables Bandai y S.H.Figuarts y tambi\u00e9n TCG como One Piece y Pok\u00e9mon TCG en CDMX","publisher":{"@id":"https:\/\/palitrochestore.com.mx\/#organization"},"potentialAction":[{"@type":"SearchAction","target":{"@type":"EntryPoint","urlTemplate":"https:\/\/palitrochestore.com.mx\/?s={search_term_string}"},"query-input":{"@type":"PropertyValueSpecification","valueRequired":true,"valueName":"search_term_string"}}],"inLanguage":"es"},{"@type":"Organization","@id":"https:\/\/palitrochestore.com.mx\/#organization","name":"Palitroche Store","url":"https:\/\/palitrochestore.com.mx\/","logo":{"@type":"ImageObject","inLanguage":"es","@id":"https:\/\/palitrochestore.com.mx\/#\/schema\/logo\/image\/","url":"https:\/\/palitrochestore.com.mx\/wp-content\/uploads\/2025\/12\/cropped-LOGO_PALI_2025-1.png","contentUrl":"https:\/\/palitrochestore.com.mx\/wp-content\/uploads\/2025\/12\/cropped-LOGO_PALI_2025-1.png","width":2117,"height":1572,"caption":"Palitroche Store"},"image":{"@id":"https:\/\/palitrochestore.com.mx\/#\/schema\/logo\/image\/"}}]}},"_links":{"self":[{"href":"https:\/\/palitrochestore.com.mx\/index.php?rest_route=\/wp\/v2\/product\/13516","targetHints":{"allow":["GET"]}}],"collection":[{"href":"https:\/\/palitrochestore.com.mx\/index.php?rest_route=\/wp\/v2\/product"}],"about":[{"href":"https:\/\/palitrochestore.com.mx\/index.php?rest_route=\/wp\/v2\/types\/product"}],"replies":[{"embeddable":true,"href":"https:\/\/palitrochestore.com.mx\/index.php?rest_route=%2Fwp%2Fv2%2Fcomments&post=13516"}],"version-history":[{"count":0,"href":"https:\/\/palitrochestore.com.mx\/index.php?rest_route=\/wp\/v2\/product\/13516\/revisions"}],"wp:featuredmedia":[{"embeddable":true,"href":"https:\/\/palitrochestore.com.mx\/index.php?rest_route=\/wp\/v2\/media\/13514"}],"wp:attachment":[{"href":"https:\/\/palitrochestore.com.mx\/index.php?rest_route=%2Fwp%2Fv2%2Fmedia&parent=13516"}],"wp:term":[{"taxonomy":"product_brand","embeddable":true,"href":"https:\/\/palitrochestore.com.mx\/index.php?rest_route=%2Fwp%2Fv2%2Fproduct_brand&post=13516"},{"taxonomy":"product_cat","embeddable":true,"href":"https:\/\/palitrochestore.com.mx\/index.php?rest_route=%2Fwp%2Fv2%2Fproduct_cat&post=13516"},{"taxonomy":"product_tag","embeddable":true,"href":"https:\/\/palitrochestore.com.mx\/index.php?rest_route=%2Fwp%2Fv2%2Fproduct_tag&post=13516"}],"curies":[{"name":"wp","href":"https:\/\/api.w.org\/{rel}","templated":true}]}}