{"id":12638,"date":"2025-01-09T14:19:44","date_gmt":"2025-01-09T20:19:44","guid":{"rendered":"https:\/\/palitrochestore.com.mx\/product\/apartado-preventa-hg-1-144-lightning-buster-gundam\/"},"modified":"2025-11-18T01:13:00","modified_gmt":"2025-11-18T07:13:00","slug":"apartado-preventa-hg-1-144-lightning-buster-gundam","status":"publish","type":"product","link":"https:\/\/palitrochestore.com.mx\/?product=apartado-preventa-hg-1-144-lightning-buster-gundam","title":{"rendered":"HG 1\/144 Lightning Buster Gundam"},"content":{"rendered":"<p>Palitroche Toys es la mejor tienda de figuras de Anime en M\u00e9xico, aqu\u00ed es donde coleccionar figuras de Gundam es tu mejor opci\u00f3n.<\/p>\n<p>En Palitroche Toys, la mejor tienda de figuras de anime y superh\u00e9roes en M\u00e9xico nos complace presentar y elevar tu colecci\u00f3n al siguiente nivel con la impresionante figura HG 1\/144 Lightning Buster Gundam: \u00a1Lleva tus batallas al siguiente nivel!<\/p>\n<p>Dale vida a tus combates con este impresionante modelo de Gunpla. El Lightning Buster Gundam es el balance perfecto entre dise\u00f1o futurista y poder armament\u00edstico, ideal para coleccionistas y constructores de maquetas que buscan un desaf\u00edo emocionante.<br \/>\n\u00bfPor qu\u00e9 necesitas este Gundam en tu colecci\u00f3n?<br \/>\n* Dise\u00f1o impactante: Una figura que combina detalles meticulosos con un dise\u00f1o agresivo y aerodin\u00e1mico. \u00a1Un deleite visual para cualquier fan\u00e1tico!<br \/>\n* Perfecto para armar y personalizar: Disfruta de la experiencia de construirlo, con piezas que ofrecen un ajuste preciso y que est\u00e1n listas para pintar y detallar.<br \/>\n* Articulaci\u00f3n avanzada: Posibilidades infinitas para recrear escenas \u00e9picas o para destacar en tu vitrina de colecci\u00f3n.<\/p>\n<p>Cualidades del producto:<br \/>\n* Escala: 1\/144 (High Grade)<br \/>\n* Excelente calidad en moldes y piezas pre-coloreadas<br \/>\n* Instrucciones claras para un armado f\u00e1cil y preciso<br \/>\n* Incluye un completo set de armas y accesorios<br \/>\n* Ideal para principiantes y expertos en Gunpla<br \/>\nEn Palitroche Toys, nos enorgullece ofrecer productos excepcionales, \u00a1No dejes pasar la oportunidad de poseer esta poderosa figura y dale un lugar especial en tu vitrina!<\/p>\n","protected":false},"excerpt":{"rendered":"<p>Palitroche Toys es la mejor tienda de figuras de Anime en M\u00e9xico, aqu\u00ed es donde coleccionar figuras de Gundam es tu mejor opci\u00f3n. En Palitroche Toys, la mejor tienda de figuras de anime y superh\u00e9roes en M\u00e9xico nos complace presentar y elevar tu colecci\u00f3n al siguiente nivel con la impresionante figura HG 1\/144 Lightning Buster [&hellip;]<\/p>\n","protected":false},"featured_media":12625,"comment_status":"open","ping_status":"closed","template":"","meta":{"site-sidebar-layout":"default","site-content-layout":"","ast-site-content-layout":"default","site-content-style":"default","site-sidebar-style":"default","ast-global-header-display":"","ast-banner-title-visibility":"","ast-main-header-display":"","ast-hfb-above-header-display":"","ast-hfb-below-header-display":"","ast-hfb-mobile-header-display":"","site-post-title":"","ast-breadcrumbs-content":"","ast-featured-img":"","footer-sml-layout":"","ast-disable-related-posts":"","theme-transparent-header-meta":"default","adv-header-id-meta":"","stick-header-meta":"","header-above-stick-meta":"","header-main-stick-meta":"","header-below-stick-meta":"","astra-migrate-meta-layouts":"set","ast-page-background-enabled":"default","ast-page-background-meta":{"desktop":{"background-color":"","background-image":"","background-repeat":"repeat","background-position":"center center","background-size":"auto","background-attachment":"scroll","background-type":"","background-media":"","overlay-type":"","overlay-color":"","overlay-opacity":"","overlay-gradient":""},"tablet":{"background-color":"","background-image":"","background-repeat":"repeat","background-position":"center center","background-size":"auto","background-attachment":"scroll","background-type":"","background-media":"","overlay-type":"","overlay-color":"","overlay-opacity":"","overlay-gradient":""},"mobile":{"background-color":"","background-image":"","background-repeat":"repeat","background-position":"center center","background-size":"auto","background-attachment":"scroll","background-type":"","background-media":"","overlay-type":"","overlay-color":"","overlay-opacity":"","overlay-gradient":""}},"ast-content-background-meta":{"desktop":{"background-color":"var(--ast-global-color-5)","background-image":"","background-repeat":"repeat","background-position":"center center","background-size":"auto","background-attachment":"scroll","background-type":"","background-media":"","overlay-type":"","overlay-color":"","overlay-opacity":"","overlay-gradient":""},"tablet":{"background-color":"var(--ast-global-color-5)","background-image":"","background-repeat":"repeat","background-position":"center center","background-size":"auto","background-attachment":"scroll","background-type":"","background-media":"","overlay-type":"","overlay-color":"","overlay-opacity":"","overlay-gradient":""},"mobile":{"background-color":"var(--ast-global-color-5)","background-image":"","background-repeat":"repeat","background-position":"center center","background-size":"auto","background-attachment":"scroll","background-type":"","background-media":"","overlay-type":"","overlay-color":"","overlay-opacity":"","overlay-gradient":""}}},"product_brand":[],"product_cat":[363],"product_tag":[147,296],"class_list":{"0":"post-12638","1":"product","2":"type-product","3":"status-publish","4":"has-post-thumbnail","6":"product_cat-bandai-hobby","7":"product_tag-coleccion","8":"product_tag-figuras","9":"desktop-align-center","10":"tablet-align-center","11":"mobile-align-center","13":"first","14":"outofstock","15":"shipping-taxable","16":"purchasable","17":"product-type-simple"},"yoast_head":"<!-- This site is optimized with the Yoast SEO plugin v27.3 - https:\/\/yoast.com\/product\/yoast-seo-wordpress\/ -->\n<title>HG 1\/144 Lightning Buster Gundam - Palitroche Store<\/title>\n<meta name=\"robots\" content=\"index, follow, max-snippet:-1, max-image-preview:large, max-video-preview:-1\" \/>\n<link rel=\"canonical\" href=\"https:\/\/palitrochestore.com.mx\/producto\/apartado-preventa-hg-1-144-lightning-buster-gundam\/\" \/>\n<meta property=\"og:locale\" content=\"es_ES\" \/>\n<meta property=\"og:type\" content=\"article\" \/>\n<meta property=\"og:title\" content=\"HG 1\/144 Lightning Buster Gundam - Palitroche Store\" \/>\n<meta property=\"og:description\" content=\"Palitroche Toys es la mejor tienda de figuras de Anime en M\u00e9xico, aqu\u00ed es donde coleccionar figuras de Gundam es tu mejor opci\u00f3n. En Palitroche Toys, la mejor tienda de figuras de anime y superh\u00e9roes en M\u00e9xico nos complace presentar y elevar tu colecci\u00f3n al siguiente nivel con la impresionante figura HG 1\/144 Lightning Buster [&hellip;]\" \/>\n<meta property=\"og:url\" content=\"https:\/\/palitrochestore.com.mx\/producto\/apartado-preventa-hg-1-144-lightning-buster-gundam\/\" \/>\n<meta property=\"og:site_name\" content=\"Palitroche Store\" \/>\n<meta property=\"article:modified_time\" content=\"2025-11-18T07:13:00+00:00\" \/>\n<meta property=\"og:image\" content=\"https:\/\/palitrochestore.com.mx\/wp-content\/uploads\/2025\/01\/4573102671714-1.jpeg\" \/>\n\t<meta property=\"og:image:width\" content=\"1200\" \/>\n\t<meta property=\"og:image:height\" content=\"1200\" \/>\n\t<meta property=\"og:image:type\" content=\"image\/jpeg\" \/>\n<meta name=\"twitter:card\" content=\"summary_large_image\" \/>\n<meta name=\"twitter:label1\" content=\"Tiempo de lectura\" \/>\n\t<meta name=\"twitter:data1\" content=\"2 minutos\" \/>\n<script type=\"application\/ld+json\" class=\"yoast-schema-graph\">{\"@context\":\"https:\\\/\\\/schema.org\",\"@graph\":[{\"@type\":\"WebPage\",\"@id\":\"https:\\\/\\\/palitrochestore.com.mx\\\/producto\\\/apartado-preventa-hg-1-144-lightning-buster-gundam\\\/\",\"url\":\"https:\\\/\\\/palitrochestore.com.mx\\\/producto\\\/apartado-preventa-hg-1-144-lightning-buster-gundam\\\/\",\"name\":\"HG 1\\\/144 Lightning Buster Gundam - Palitroche Store\",\"isPartOf\":{\"@id\":\"https:\\\/\\\/palitrochestore.com.mx\\\/#website\"},\"primaryImageOfPage\":{\"@id\":\"https:\\\/\\\/palitrochestore.com.mx\\\/producto\\\/apartado-preventa-hg-1-144-lightning-buster-gundam\\\/#primaryimage\"},\"image\":{\"@id\":\"https:\\\/\\\/palitrochestore.com.mx\\\/producto\\\/apartado-preventa-hg-1-144-lightning-buster-gundam\\\/#primaryimage\"},\"thumbnailUrl\":\"https:\\\/\\\/palitrochestore.com.mx\\\/wp-content\\\/uploads\\\/2025\\\/01\\\/4573102671714-1.jpeg\",\"datePublished\":\"2025-01-09T20:19:44+00:00\",\"dateModified\":\"2025-11-18T07:13:00+00:00\",\"breadcrumb\":{\"@id\":\"https:\\\/\\\/palitrochestore.com.mx\\\/producto\\\/apartado-preventa-hg-1-144-lightning-buster-gundam\\\/#breadcrumb\"},\"inLanguage\":\"es\",\"potentialAction\":[{\"@type\":\"ReadAction\",\"target\":[\"https:\\\/\\\/palitrochestore.com.mx\\\/producto\\\/apartado-preventa-hg-1-144-lightning-buster-gundam\\\/\"]}]},{\"@type\":\"ImageObject\",\"inLanguage\":\"es\",\"@id\":\"https:\\\/\\\/palitrochestore.com.mx\\\/producto\\\/apartado-preventa-hg-1-144-lightning-buster-gundam\\\/#primaryimage\",\"url\":\"https:\\\/\\\/palitrochestore.com.mx\\\/wp-content\\\/uploads\\\/2025\\\/01\\\/4573102671714-1.jpeg\",\"contentUrl\":\"https:\\\/\\\/palitrochestore.com.mx\\\/wp-content\\\/uploads\\\/2025\\\/01\\\/4573102671714-1.jpeg\",\"width\":1200,\"height\":1200},{\"@type\":\"BreadcrumbList\",\"@id\":\"https:\\\/\\\/palitrochestore.com.mx\\\/producto\\\/apartado-preventa-hg-1-144-lightning-buster-gundam\\\/#breadcrumb\",\"itemListElement\":[{\"@type\":\"ListItem\",\"position\":1,\"name\":\"Home\",\"item\":\"https:\\\/\\\/palitrochestore.com.mx\\\/\"},{\"@type\":\"ListItem\",\"position\":2,\"name\":\"Shop\",\"item\":\"https:\\\/\\\/palitrochestore.com.mx\\\/?page_id=21686\"},{\"@type\":\"ListItem\",\"position\":3,\"name\":\"HG 1\\\/144 Lightning Buster Gundam\"}]},{\"@type\":\"WebSite\",\"@id\":\"https:\\\/\\\/palitrochestore.com.mx\\\/#website\",\"url\":\"https:\\\/\\\/palitrochestore.com.mx\\\/\",\"name\":\"Palitroche Store\",\"description\":\"Tienda f\u00edsica y online para comprar figuras de anime en M\u00e9xico, figuras originales coleccionables Bandai y S.H.Figuarts y tambi\u00e9n TCG como One Piece y Pok\u00e9mon TCG en CDMX\",\"publisher\":{\"@id\":\"https:\\\/\\\/palitrochestore.com.mx\\\/#organization\"},\"potentialAction\":[{\"@type\":\"SearchAction\",\"target\":{\"@type\":\"EntryPoint\",\"urlTemplate\":\"https:\\\/\\\/palitrochestore.com.mx\\\/?s={search_term_string}\"},\"query-input\":{\"@type\":\"PropertyValueSpecification\",\"valueRequired\":true,\"valueName\":\"search_term_string\"}}],\"inLanguage\":\"es\"},{\"@type\":\"Organization\",\"@id\":\"https:\\\/\\\/palitrochestore.com.mx\\\/#organization\",\"name\":\"Palitroche Store\",\"url\":\"https:\\\/\\\/palitrochestore.com.mx\\\/\",\"logo\":{\"@type\":\"ImageObject\",\"inLanguage\":\"es\",\"@id\":\"https:\\\/\\\/palitrochestore.com.mx\\\/#\\\/schema\\\/logo\\\/image\\\/\",\"url\":\"https:\\\/\\\/palitrochestore.com.mx\\\/wp-content\\\/uploads\\\/2025\\\/12\\\/cropped-LOGO_PALI_2025-1.png\",\"contentUrl\":\"https:\\\/\\\/palitrochestore.com.mx\\\/wp-content\\\/uploads\\\/2025\\\/12\\\/cropped-LOGO_PALI_2025-1.png\",\"width\":2117,\"height\":1572,\"caption\":\"Palitroche Store\"},\"image\":{\"@id\":\"https:\\\/\\\/palitrochestore.com.mx\\\/#\\\/schema\\\/logo\\\/image\\\/\"}}]}<\/script>\n<!-- \/ Yoast SEO plugin. -->","yoast_head_json":{"title":"HG 1\/144 Lightning Buster Gundam - Palitroche Store","robots":{"index":"index","follow":"follow","max-snippet":"max-snippet:-1","max-image-preview":"max-image-preview:large","max-video-preview":"max-video-preview:-1"},"canonical":"https:\/\/palitrochestore.com.mx\/producto\/apartado-preventa-hg-1-144-lightning-buster-gundam\/","og_locale":"es_ES","og_type":"article","og_title":"HG 1\/144 Lightning Buster Gundam - Palitroche Store","og_description":"Palitroche Toys es la mejor tienda de figuras de Anime en M\u00e9xico, aqu\u00ed es donde coleccionar figuras de Gundam es tu mejor opci\u00f3n. En Palitroche Toys, la mejor tienda de figuras de anime y superh\u00e9roes en M\u00e9xico nos complace presentar y elevar tu colecci\u00f3n al siguiente nivel con la impresionante figura HG 1\/144 Lightning Buster [&hellip;]","og_url":"https:\/\/palitrochestore.com.mx\/producto\/apartado-preventa-hg-1-144-lightning-buster-gundam\/","og_site_name":"Palitroche Store","article_modified_time":"2025-11-18T07:13:00+00:00","og_image":[{"width":1200,"height":1200,"url":"https:\/\/palitrochestore.com.mx\/wp-content\/uploads\/2025\/01\/4573102671714-1.jpeg","type":"image\/jpeg"}],"twitter_card":"summary_large_image","twitter_misc":{"Tiempo de lectura":"2 minutos"},"schema":{"@context":"https:\/\/schema.org","@graph":[{"@type":"WebPage","@id":"https:\/\/palitrochestore.com.mx\/producto\/apartado-preventa-hg-1-144-lightning-buster-gundam\/","url":"https:\/\/palitrochestore.com.mx\/producto\/apartado-preventa-hg-1-144-lightning-buster-gundam\/","name":"HG 1\/144 Lightning Buster Gundam - Palitroche Store","isPartOf":{"@id":"https:\/\/palitrochestore.com.mx\/#website"},"primaryImageOfPage":{"@id":"https:\/\/palitrochestore.com.mx\/producto\/apartado-preventa-hg-1-144-lightning-buster-gundam\/#primaryimage"},"image":{"@id":"https:\/\/palitrochestore.com.mx\/producto\/apartado-preventa-hg-1-144-lightning-buster-gundam\/#primaryimage"},"thumbnailUrl":"https:\/\/palitrochestore.com.mx\/wp-content\/uploads\/2025\/01\/4573102671714-1.jpeg","datePublished":"2025-01-09T20:19:44+00:00","dateModified":"2025-11-18T07:13:00+00:00","breadcrumb":{"@id":"https:\/\/palitrochestore.com.mx\/producto\/apartado-preventa-hg-1-144-lightning-buster-gundam\/#breadcrumb"},"inLanguage":"es","potentialAction":[{"@type":"ReadAction","target":["https:\/\/palitrochestore.com.mx\/producto\/apartado-preventa-hg-1-144-lightning-buster-gundam\/"]}]},{"@type":"ImageObject","inLanguage":"es","@id":"https:\/\/palitrochestore.com.mx\/producto\/apartado-preventa-hg-1-144-lightning-buster-gundam\/#primaryimage","url":"https:\/\/palitrochestore.com.mx\/wp-content\/uploads\/2025\/01\/4573102671714-1.jpeg","contentUrl":"https:\/\/palitrochestore.com.mx\/wp-content\/uploads\/2025\/01\/4573102671714-1.jpeg","width":1200,"height":1200},{"@type":"BreadcrumbList","@id":"https:\/\/palitrochestore.com.mx\/producto\/apartado-preventa-hg-1-144-lightning-buster-gundam\/#breadcrumb","itemListElement":[{"@type":"ListItem","position":1,"name":"Home","item":"https:\/\/palitrochestore.com.mx\/"},{"@type":"ListItem","position":2,"name":"Shop","item":"https:\/\/palitrochestore.com.mx\/?page_id=21686"},{"@type":"ListItem","position":3,"name":"HG 1\/144 Lightning Buster Gundam"}]},{"@type":"WebSite","@id":"https:\/\/palitrochestore.com.mx\/#website","url":"https:\/\/palitrochestore.com.mx\/","name":"Palitroche Store","description":"Tienda f\u00edsica y online para comprar figuras de anime en M\u00e9xico, figuras originales coleccionables Bandai y S.H.Figuarts y tambi\u00e9n TCG como One Piece y Pok\u00e9mon TCG en CDMX","publisher":{"@id":"https:\/\/palitrochestore.com.mx\/#organization"},"potentialAction":[{"@type":"SearchAction","target":{"@type":"EntryPoint","urlTemplate":"https:\/\/palitrochestore.com.mx\/?s={search_term_string}"},"query-input":{"@type":"PropertyValueSpecification","valueRequired":true,"valueName":"search_term_string"}}],"inLanguage":"es"},{"@type":"Organization","@id":"https:\/\/palitrochestore.com.mx\/#organization","name":"Palitroche Store","url":"https:\/\/palitrochestore.com.mx\/","logo":{"@type":"ImageObject","inLanguage":"es","@id":"https:\/\/palitrochestore.com.mx\/#\/schema\/logo\/image\/","url":"https:\/\/palitrochestore.com.mx\/wp-content\/uploads\/2025\/12\/cropped-LOGO_PALI_2025-1.png","contentUrl":"https:\/\/palitrochestore.com.mx\/wp-content\/uploads\/2025\/12\/cropped-LOGO_PALI_2025-1.png","width":2117,"height":1572,"caption":"Palitroche Store"},"image":{"@id":"https:\/\/palitrochestore.com.mx\/#\/schema\/logo\/image\/"}}]}},"_links":{"self":[{"href":"https:\/\/palitrochestore.com.mx\/index.php?rest_route=\/wp\/v2\/product\/12638","targetHints":{"allow":["GET"]}}],"collection":[{"href":"https:\/\/palitrochestore.com.mx\/index.php?rest_route=\/wp\/v2\/product"}],"about":[{"href":"https:\/\/palitrochestore.com.mx\/index.php?rest_route=\/wp\/v2\/types\/product"}],"replies":[{"embeddable":true,"href":"https:\/\/palitrochestore.com.mx\/index.php?rest_route=%2Fwp%2Fv2%2Fcomments&post=12638"}],"version-history":[{"count":1,"href":"https:\/\/palitrochestore.com.mx\/index.php?rest_route=\/wp\/v2\/product\/12638\/revisions"}],"predecessor-version":[{"id":12645,"href":"https:\/\/palitrochestore.com.mx\/index.php?rest_route=\/wp\/v2\/product\/12638\/revisions\/12645"}],"wp:featuredmedia":[{"embeddable":true,"href":"https:\/\/palitrochestore.com.mx\/index.php?rest_route=\/wp\/v2\/media\/12625"}],"wp:attachment":[{"href":"https:\/\/palitrochestore.com.mx\/index.php?rest_route=%2Fwp%2Fv2%2Fmedia&parent=12638"}],"wp:term":[{"taxonomy":"product_brand","embeddable":true,"href":"https:\/\/palitrochestore.com.mx\/index.php?rest_route=%2Fwp%2Fv2%2Fproduct_brand&post=12638"},{"taxonomy":"product_cat","embeddable":true,"href":"https:\/\/palitrochestore.com.mx\/index.php?rest_route=%2Fwp%2Fv2%2Fproduct_cat&post=12638"},{"taxonomy":"product_tag","embeddable":true,"href":"https:\/\/palitrochestore.com.mx\/index.php?rest_route=%2Fwp%2Fv2%2Fproduct_tag&post=12638"}],"curies":[{"name":"wp","href":"https:\/\/api.w.org\/{rel}","templated":true}]}}