{"id":11993,"date":"2024-11-04T14:26:25","date_gmt":"2024-11-04T20:26:25","guid":{"rendered":"https:\/\/palitrochestore.com.mx\/product\/pokemon-tcg-tapu-koko-ex-battle-deck-ingles\/"},"modified":"2026-02-13T01:52:39","modified_gmt":"2026-02-13T07:52:39","slug":"pokemon-tcg-tapu-koko-ex-battle-deck-ingles","status":"publish","type":"product","link":"https:\/\/palitrochestore.com.mx\/?product=pokemon-tcg-tapu-koko-ex-battle-deck-ingles","title":{"rendered":"Pok\u00e9mon TCG Tapu Koko ex Battle Deck INGL\u00c9S"},"content":{"rendered":"<p>\u00a1Desata el poder de Tapu Koko EX Battle Deck en tus partidas de Pok\u00e9mon TCG! En Palitroche Toys, tu tienda de TCG de confianza en M\u00e9xico, tenemos este incre\u00edble mazo listo para que lleves tus batallas al siguiente nivel. Con tienda f\u00edsica en CDMX y env\u00edos a todo el pa\u00eds, te aseguramos una experiencia de compra r\u00e1pida y confiable. Queremos que formes parte de nuestra comunidad de coleccionistas y jugadores, y que encuentres aqu\u00ed todo lo que necesitas para dominar el juego.<\/p>\n<p>El Tapu Koko EX Battle Deck incluye:<br \/>\n&#8211; Una carta especial de Tapu Koko EX<br \/>\n&#8211; Baraja de 60 cartas preconstruida<br \/>\n&#8211; Gu\u00eda de juego para mejorar tus t\u00e1cticas<br \/>\n&#8211; Contadores de da\u00f1o y monedas<br \/>\n&#8211; Tapete y caja para organizar tus cartas<\/p>\n<p>\u00a1No dejes pasar la oportunidad de sumar este poderoso mazo a tu colecci\u00f3n! Compra en Palitroche Toys, donde cada batalla es mejor.<\/p>\n","protected":false},"excerpt":{"rendered":"<p>\u00a1Desata el poder de Tapu Koko EX Battle Deck en tus partidas de Pok\u00e9mon TCG! En Palitroche Toys, tu tienda de TCG de confianza en M\u00e9xico, tenemos este incre\u00edble mazo listo para que lleves tus batallas al siguiente nivel. Con tienda f\u00edsica en CDMX y env\u00edos a todo el pa\u00eds, te aseguramos una experiencia de [&hellip;]<\/p>\n","protected":false},"featured_media":11940,"comment_status":"open","ping_status":"closed","template":"","meta":{"site-sidebar-layout":"default","site-content-layout":"","ast-site-content-layout":"default","site-content-style":"default","site-sidebar-style":"default","ast-global-header-display":"","ast-banner-title-visibility":"","ast-main-header-display":"","ast-hfb-above-header-display":"","ast-hfb-below-header-display":"","ast-hfb-mobile-header-display":"","site-post-title":"","ast-breadcrumbs-content":"","ast-featured-img":"","footer-sml-layout":"","ast-disable-related-posts":"","theme-transparent-header-meta":"","adv-header-id-meta":"","stick-header-meta":"","header-above-stick-meta":"","header-main-stick-meta":"","header-below-stick-meta":"","astra-migrate-meta-layouts":"default","ast-page-background-enabled":"default","ast-page-background-meta":{"desktop":{"background-color":"","background-image":"","background-repeat":"repeat","background-position":"center center","background-size":"auto","background-attachment":"scroll","background-type":"","background-media":"","overlay-type":"","overlay-color":"","overlay-opacity":"","overlay-gradient":""},"tablet":{"background-color":"","background-image":"","background-repeat":"repeat","background-position":"center center","background-size":"auto","background-attachment":"scroll","background-type":"","background-media":"","overlay-type":"","overlay-color":"","overlay-opacity":"","overlay-gradient":""},"mobile":{"background-color":"","background-image":"","background-repeat":"repeat","background-position":"center center","background-size":"auto","background-attachment":"scroll","background-type":"","background-media":"","overlay-type":"","overlay-color":"","overlay-opacity":"","overlay-gradient":""}},"ast-content-background-meta":{"desktop":{"background-color":"var(--ast-global-color-5)","background-image":"","background-repeat":"repeat","background-position":"center center","background-size":"auto","background-attachment":"scroll","background-type":"","background-media":"","overlay-type":"","overlay-color":"","overlay-opacity":"","overlay-gradient":""},"tablet":{"background-color":"var(--ast-global-color-5)","background-image":"","background-repeat":"repeat","background-position":"center center","background-size":"auto","background-attachment":"scroll","background-type":"","background-media":"","overlay-type":"","overlay-color":"","overlay-opacity":"","overlay-gradient":""},"mobile":{"background-color":"var(--ast-global-color-5)","background-image":"","background-repeat":"repeat","background-position":"center center","background-size":"auto","background-attachment":"scroll","background-type":"","background-media":"","overlay-type":"","overlay-color":"","overlay-opacity":"","overlay-gradient":""}}},"product_brand":[],"product_cat":[399],"product_tag":[],"class_list":{"0":"post-11993","1":"product","2":"type-product","3":"status-publish","4":"has-post-thumbnail","6":"product_cat-pokemon-tcg","7":"desktop-align-center","8":"tablet-align-center","9":"mobile-align-center","11":"first","12":"instock","13":"shipping-taxable","14":"purchasable","15":"product-type-simple"},"yoast_head":"<!-- This site is optimized with the Yoast SEO plugin v27.3 - https:\/\/yoast.com\/product\/yoast-seo-wordpress\/ -->\n<title>Pok\u00e9mon TCG Tapu Koko ex Battle Deck INGL\u00c9S - Palitroche Store<\/title>\n<meta name=\"robots\" content=\"index, follow, max-snippet:-1, max-image-preview:large, max-video-preview:-1\" \/>\n<link rel=\"canonical\" href=\"https:\/\/palitrochestore.com.mx\/?product=pokemon-tcg-tapu-koko-ex-battle-deck-ingles\" \/>\n<meta property=\"og:locale\" content=\"es_ES\" \/>\n<meta property=\"og:type\" content=\"article\" \/>\n<meta property=\"og:title\" content=\"Pok\u00e9mon TCG Tapu Koko ex Battle Deck INGL\u00c9S - Palitroche Store\" \/>\n<meta property=\"og:description\" content=\"\u00a1Desata el poder de Tapu Koko EX Battle Deck en tus partidas de Pok\u00e9mon TCG! En Palitroche Toys, tu tienda de TCG de confianza en M\u00e9xico, tenemos este incre\u00edble mazo listo para que lleves tus batallas al siguiente nivel. Con tienda f\u00edsica en CDMX y env\u00edos a todo el pa\u00eds, te aseguramos una experiencia de [&hellip;]\" \/>\n<meta property=\"og:url\" content=\"https:\/\/palitrochestore.com.mx\/?product=pokemon-tcg-tapu-koko-ex-battle-deck-ingles\" \/>\n<meta property=\"og:site_name\" content=\"Palitroche Store\" \/>\n<meta property=\"article:modified_time\" content=\"2026-02-13T07:52:39+00:00\" \/>\n<meta property=\"og:image\" content=\"https:\/\/palitrochestore.com.mx\/wp-content\/uploads\/2024\/11\/820650867781-5.jpg\" \/>\n\t<meta property=\"og:image:width\" content=\"1200\" \/>\n\t<meta property=\"og:image:height\" content=\"1200\" \/>\n\t<meta property=\"og:image:type\" content=\"image\/jpeg\" \/>\n<meta name=\"twitter:card\" content=\"summary_large_image\" \/>\n<meta name=\"twitter:label1\" content=\"Tiempo de lectura\" \/>\n\t<meta name=\"twitter:data1\" content=\"1 minuto\" \/>\n<script type=\"application\/ld+json\" class=\"yoast-schema-graph\">{\"@context\":\"https:\\\/\\\/schema.org\",\"@graph\":[{\"@type\":\"WebPage\",\"@id\":\"https:\\\/\\\/palitrochestore.com.mx\\\/?product=pokemon-tcg-tapu-koko-ex-battle-deck-ingles\",\"url\":\"https:\\\/\\\/palitrochestore.com.mx\\\/?product=pokemon-tcg-tapu-koko-ex-battle-deck-ingles\",\"name\":\"Pok\u00e9mon TCG Tapu Koko ex Battle Deck INGL\u00c9S - Palitroche Store\",\"isPartOf\":{\"@id\":\"https:\\\/\\\/palitrochestore.com.mx\\\/#website\"},\"primaryImageOfPage\":{\"@id\":\"https:\\\/\\\/palitrochestore.com.mx\\\/?product=pokemon-tcg-tapu-koko-ex-battle-deck-ingles#primaryimage\"},\"image\":{\"@id\":\"https:\\\/\\\/palitrochestore.com.mx\\\/?product=pokemon-tcg-tapu-koko-ex-battle-deck-ingles#primaryimage\"},\"thumbnailUrl\":\"https:\\\/\\\/palitrochestore.com.mx\\\/wp-content\\\/uploads\\\/2024\\\/11\\\/820650867781-5.jpg\",\"datePublished\":\"2024-11-04T20:26:25+00:00\",\"dateModified\":\"2026-02-13T07:52:39+00:00\",\"breadcrumb\":{\"@id\":\"https:\\\/\\\/palitrochestore.com.mx\\\/?product=pokemon-tcg-tapu-koko-ex-battle-deck-ingles#breadcrumb\"},\"inLanguage\":\"es\",\"potentialAction\":[{\"@type\":\"ReadAction\",\"target\":[\"https:\\\/\\\/palitrochestore.com.mx\\\/?product=pokemon-tcg-tapu-koko-ex-battle-deck-ingles\"]}]},{\"@type\":\"ImageObject\",\"inLanguage\":\"es\",\"@id\":\"https:\\\/\\\/palitrochestore.com.mx\\\/?product=pokemon-tcg-tapu-koko-ex-battle-deck-ingles#primaryimage\",\"url\":\"https:\\\/\\\/palitrochestore.com.mx\\\/wp-content\\\/uploads\\\/2024\\\/11\\\/820650867781-5.jpg\",\"contentUrl\":\"https:\\\/\\\/palitrochestore.com.mx\\\/wp-content\\\/uploads\\\/2024\\\/11\\\/820650867781-5.jpg\",\"width\":1200,\"height\":1200},{\"@type\":\"BreadcrumbList\",\"@id\":\"https:\\\/\\\/palitrochestore.com.mx\\\/?product=pokemon-tcg-tapu-koko-ex-battle-deck-ingles#breadcrumb\",\"itemListElement\":[{\"@type\":\"ListItem\",\"position\":1,\"name\":\"Home\",\"item\":\"https:\\\/\\\/palitrochestore.com.mx\\\/\"},{\"@type\":\"ListItem\",\"position\":2,\"name\":\"Shop\",\"item\":\"https:\\\/\\\/palitrochestore.com.mx\\\/?page_id=21686\"},{\"@type\":\"ListItem\",\"position\":3,\"name\":\"Pok\u00e9mon TCG Tapu Koko ex Battle Deck INGL\u00c9S\"}]},{\"@type\":\"WebSite\",\"@id\":\"https:\\\/\\\/palitrochestore.com.mx\\\/#website\",\"url\":\"https:\\\/\\\/palitrochestore.com.mx\\\/\",\"name\":\"Palitroche Store\",\"description\":\"Tienda f\u00edsica y online para comprar figuras de anime en M\u00e9xico, figuras originales coleccionables Bandai y S.H.Figuarts y tambi\u00e9n TCG como One Piece y Pok\u00e9mon TCG en CDMX\",\"publisher\":{\"@id\":\"https:\\\/\\\/palitrochestore.com.mx\\\/#organization\"},\"potentialAction\":[{\"@type\":\"SearchAction\",\"target\":{\"@type\":\"EntryPoint\",\"urlTemplate\":\"https:\\\/\\\/palitrochestore.com.mx\\\/?s={search_term_string}\"},\"query-input\":{\"@type\":\"PropertyValueSpecification\",\"valueRequired\":true,\"valueName\":\"search_term_string\"}}],\"inLanguage\":\"es\"},{\"@type\":\"Organization\",\"@id\":\"https:\\\/\\\/palitrochestore.com.mx\\\/#organization\",\"name\":\"Palitroche Store\",\"url\":\"https:\\\/\\\/palitrochestore.com.mx\\\/\",\"logo\":{\"@type\":\"ImageObject\",\"inLanguage\":\"es\",\"@id\":\"https:\\\/\\\/palitrochestore.com.mx\\\/#\\\/schema\\\/logo\\\/image\\\/\",\"url\":\"https:\\\/\\\/palitrochestore.com.mx\\\/wp-content\\\/uploads\\\/2025\\\/12\\\/cropped-LOGO_PALI_2025-1.png\",\"contentUrl\":\"https:\\\/\\\/palitrochestore.com.mx\\\/wp-content\\\/uploads\\\/2025\\\/12\\\/cropped-LOGO_PALI_2025-1.png\",\"width\":2117,\"height\":1572,\"caption\":\"Palitroche Store\"},\"image\":{\"@id\":\"https:\\\/\\\/palitrochestore.com.mx\\\/#\\\/schema\\\/logo\\\/image\\\/\"}}]}<\/script>\n<!-- \/ Yoast SEO plugin. -->","yoast_head_json":{"title":"Pok\u00e9mon TCG Tapu Koko ex Battle Deck INGL\u00c9S - Palitroche Store","robots":{"index":"index","follow":"follow","max-snippet":"max-snippet:-1","max-image-preview":"max-image-preview:large","max-video-preview":"max-video-preview:-1"},"canonical":"https:\/\/palitrochestore.com.mx\/?product=pokemon-tcg-tapu-koko-ex-battle-deck-ingles","og_locale":"es_ES","og_type":"article","og_title":"Pok\u00e9mon TCG Tapu Koko ex Battle Deck INGL\u00c9S - Palitroche Store","og_description":"\u00a1Desata el poder de Tapu Koko EX Battle Deck en tus partidas de Pok\u00e9mon TCG! En Palitroche Toys, tu tienda de TCG de confianza en M\u00e9xico, tenemos este incre\u00edble mazo listo para que lleves tus batallas al siguiente nivel. Con tienda f\u00edsica en CDMX y env\u00edos a todo el pa\u00eds, te aseguramos una experiencia de [&hellip;]","og_url":"https:\/\/palitrochestore.com.mx\/?product=pokemon-tcg-tapu-koko-ex-battle-deck-ingles","og_site_name":"Palitroche Store","article_modified_time":"2026-02-13T07:52:39+00:00","og_image":[{"width":1200,"height":1200,"url":"https:\/\/palitrochestore.com.mx\/wp-content\/uploads\/2024\/11\/820650867781-5.jpg","type":"image\/jpeg"}],"twitter_card":"summary_large_image","twitter_misc":{"Tiempo de lectura":"1 minuto"},"schema":{"@context":"https:\/\/schema.org","@graph":[{"@type":"WebPage","@id":"https:\/\/palitrochestore.com.mx\/?product=pokemon-tcg-tapu-koko-ex-battle-deck-ingles","url":"https:\/\/palitrochestore.com.mx\/?product=pokemon-tcg-tapu-koko-ex-battle-deck-ingles","name":"Pok\u00e9mon TCG Tapu Koko ex Battle Deck INGL\u00c9S - Palitroche Store","isPartOf":{"@id":"https:\/\/palitrochestore.com.mx\/#website"},"primaryImageOfPage":{"@id":"https:\/\/palitrochestore.com.mx\/?product=pokemon-tcg-tapu-koko-ex-battle-deck-ingles#primaryimage"},"image":{"@id":"https:\/\/palitrochestore.com.mx\/?product=pokemon-tcg-tapu-koko-ex-battle-deck-ingles#primaryimage"},"thumbnailUrl":"https:\/\/palitrochestore.com.mx\/wp-content\/uploads\/2024\/11\/820650867781-5.jpg","datePublished":"2024-11-04T20:26:25+00:00","dateModified":"2026-02-13T07:52:39+00:00","breadcrumb":{"@id":"https:\/\/palitrochestore.com.mx\/?product=pokemon-tcg-tapu-koko-ex-battle-deck-ingles#breadcrumb"},"inLanguage":"es","potentialAction":[{"@type":"ReadAction","target":["https:\/\/palitrochestore.com.mx\/?product=pokemon-tcg-tapu-koko-ex-battle-deck-ingles"]}]},{"@type":"ImageObject","inLanguage":"es","@id":"https:\/\/palitrochestore.com.mx\/?product=pokemon-tcg-tapu-koko-ex-battle-deck-ingles#primaryimage","url":"https:\/\/palitrochestore.com.mx\/wp-content\/uploads\/2024\/11\/820650867781-5.jpg","contentUrl":"https:\/\/palitrochestore.com.mx\/wp-content\/uploads\/2024\/11\/820650867781-5.jpg","width":1200,"height":1200},{"@type":"BreadcrumbList","@id":"https:\/\/palitrochestore.com.mx\/?product=pokemon-tcg-tapu-koko-ex-battle-deck-ingles#breadcrumb","itemListElement":[{"@type":"ListItem","position":1,"name":"Home","item":"https:\/\/palitrochestore.com.mx\/"},{"@type":"ListItem","position":2,"name":"Shop","item":"https:\/\/palitrochestore.com.mx\/?page_id=21686"},{"@type":"ListItem","position":3,"name":"Pok\u00e9mon TCG Tapu Koko ex Battle Deck INGL\u00c9S"}]},{"@type":"WebSite","@id":"https:\/\/palitrochestore.com.mx\/#website","url":"https:\/\/palitrochestore.com.mx\/","name":"Palitroche Store","description":"Tienda f\u00edsica y online para comprar figuras de anime en M\u00e9xico, figuras originales coleccionables Bandai y S.H.Figuarts y tambi\u00e9n TCG como One Piece y Pok\u00e9mon TCG en CDMX","publisher":{"@id":"https:\/\/palitrochestore.com.mx\/#organization"},"potentialAction":[{"@type":"SearchAction","target":{"@type":"EntryPoint","urlTemplate":"https:\/\/palitrochestore.com.mx\/?s={search_term_string}"},"query-input":{"@type":"PropertyValueSpecification","valueRequired":true,"valueName":"search_term_string"}}],"inLanguage":"es"},{"@type":"Organization","@id":"https:\/\/palitrochestore.com.mx\/#organization","name":"Palitroche Store","url":"https:\/\/palitrochestore.com.mx\/","logo":{"@type":"ImageObject","inLanguage":"es","@id":"https:\/\/palitrochestore.com.mx\/#\/schema\/logo\/image\/","url":"https:\/\/palitrochestore.com.mx\/wp-content\/uploads\/2025\/12\/cropped-LOGO_PALI_2025-1.png","contentUrl":"https:\/\/palitrochestore.com.mx\/wp-content\/uploads\/2025\/12\/cropped-LOGO_PALI_2025-1.png","width":2117,"height":1572,"caption":"Palitroche Store"},"image":{"@id":"https:\/\/palitrochestore.com.mx\/#\/schema\/logo\/image\/"}}]}},"_links":{"self":[{"href":"https:\/\/palitrochestore.com.mx\/index.php?rest_route=\/wp\/v2\/product\/11993","targetHints":{"allow":["GET"]}}],"collection":[{"href":"https:\/\/palitrochestore.com.mx\/index.php?rest_route=\/wp\/v2\/product"}],"about":[{"href":"https:\/\/palitrochestore.com.mx\/index.php?rest_route=\/wp\/v2\/types\/product"}],"replies":[{"embeddable":true,"href":"https:\/\/palitrochestore.com.mx\/index.php?rest_route=%2Fwp%2Fv2%2Fcomments&post=11993"}],"version-history":[{"count":0,"href":"https:\/\/palitrochestore.com.mx\/index.php?rest_route=\/wp\/v2\/product\/11993\/revisions"}],"wp:featuredmedia":[{"embeddable":true,"href":"https:\/\/palitrochestore.com.mx\/index.php?rest_route=\/wp\/v2\/media\/11940"}],"wp:attachment":[{"href":"https:\/\/palitrochestore.com.mx\/index.php?rest_route=%2Fwp%2Fv2%2Fmedia&parent=11993"}],"wp:term":[{"taxonomy":"product_brand","embeddable":true,"href":"https:\/\/palitrochestore.com.mx\/index.php?rest_route=%2Fwp%2Fv2%2Fproduct_brand&post=11993"},{"taxonomy":"product_cat","embeddable":true,"href":"https:\/\/palitrochestore.com.mx\/index.php?rest_route=%2Fwp%2Fv2%2Fproduct_cat&post=11993"},{"taxonomy":"product_tag","embeddable":true,"href":"https:\/\/palitrochestore.com.mx\/index.php?rest_route=%2Fwp%2Fv2%2Fproduct_tag&post=11993"}],"curies":[{"name":"wp","href":"https:\/\/api.w.org\/{rel}","templated":true}]}}