{"id":11982,"date":"2024-11-04T14:21:56","date_gmt":"2024-11-04T20:21:56","guid":{"rendered":"https:\/\/palitrochestore.com.mx\/product\/preventa-pokemon-tcg-surging-sparks-elite-trainer-box-espanol\/"},"modified":"2025-11-18T01:12:06","modified_gmt":"2025-11-18T07:12:06","slug":"preventa-pokemon-tcg-surging-sparks-elite-trainer-box-espanol","status":"publish","type":"product","link":"https:\/\/palitrochestore.com.mx\/?product=preventa-pokemon-tcg-surging-sparks-elite-trainer-box-espanol","title":{"rendered":"Pok\u00e9mon TCG Surging Sparks Elite Trainer Box ESPA\u00d1OL"},"content":{"rendered":"<p>\u00a1Atrapa la emoci\u00f3n de Pok\u00e9mon TCG con la <strong>Surging Sparks Elite Trainer Box<\/strong> en <strong>espa\u00f1ol<\/strong>, disponible en <strong>Palitroche Toys<\/strong>, tu tienda de confianza en M\u00e9xico! Si eres fan\u00e1tico de las cartas de Pok\u00e9mon, esta caja es imprescindible en tu colecci\u00f3n. Nuestra tienda f\u00edsica en CDMX te espera, pero tambi\u00e9n hacemos env\u00edos a cualquier rinc\u00f3n del pa\u00eds. Con nosotros, tu experiencia de compra ser\u00e1 r\u00e1pida, segura y llena de diversi\u00f3n.<\/p>\n<p><strong>\u00bfPor qu\u00e9 comprar en Palitroche Toys?<\/strong><\/p>\n<ul>\n<li>Env\u00edo r\u00e1pido a todo M\u00e9xico.<\/li>\n<li>Excelente atenci\u00f3n al cliente, siempre listos para ayudarte.<\/li>\n<li>Compra 100% segura y confiable.<\/li>\n<\/ul>\n<p><strong>Caracter\u00edsticas del producto:<\/strong><\/p>\n<ul>\n<li>9 sobres de expansi\u00f3n de <strong>Pok\u00e9mon TCG<\/strong>.<\/li>\n<li>65 fundas de cartas con dise\u00f1o especial.<\/li>\n<li>45 cartas de energ\u00eda de Pok\u00e9mon.<\/li>\n<li>Dados, contadores y todo lo que necesitas para tus partidas.<\/li>\n<li>\u00a1Todo en espa\u00f1ol!<\/li>\n<\/ul>\n","protected":false},"excerpt":{"rendered":"<p>\u00a1Atrapa la emoci\u00f3n de Pok\u00e9mon TCG con la Surging Sparks Elite Trainer Box en espa\u00f1ol, disponible en Palitroche Toys, tu tienda de confianza en M\u00e9xico! Si eres fan\u00e1tico de las cartas de Pok\u00e9mon, esta caja es imprescindible en tu colecci\u00f3n. Nuestra tienda f\u00edsica en CDMX te espera, pero tambi\u00e9n hacemos env\u00edos a cualquier rinc\u00f3n del [&hellip;]<\/p>\n","protected":false},"featured_media":11914,"comment_status":"open","ping_status":"closed","template":"","meta":{"site-sidebar-layout":"default","site-content-layout":"","ast-site-content-layout":"default","site-content-style":"default","site-sidebar-style":"default","ast-global-header-display":"","ast-banner-title-visibility":"","ast-main-header-display":"","ast-hfb-above-header-display":"","ast-hfb-below-header-display":"","ast-hfb-mobile-header-display":"","site-post-title":"","ast-breadcrumbs-content":"","ast-featured-img":"","footer-sml-layout":"","ast-disable-related-posts":"","theme-transparent-header-meta":"default","adv-header-id-meta":"","stick-header-meta":"","header-above-stick-meta":"","header-main-stick-meta":"","header-below-stick-meta":"","astra-migrate-meta-layouts":"set","ast-page-background-enabled":"default","ast-page-background-meta":{"desktop":{"background-color":"","background-image":"","background-repeat":"repeat","background-position":"center center","background-size":"auto","background-attachment":"scroll","background-type":"","background-media":"","overlay-type":"","overlay-color":"","overlay-opacity":"","overlay-gradient":""},"tablet":{"background-color":"","background-image":"","background-repeat":"repeat","background-position":"center center","background-size":"auto","background-attachment":"scroll","background-type":"","background-media":"","overlay-type":"","overlay-color":"","overlay-opacity":"","overlay-gradient":""},"mobile":{"background-color":"","background-image":"","background-repeat":"repeat","background-position":"center center","background-size":"auto","background-attachment":"scroll","background-type":"","background-media":"","overlay-type":"","overlay-color":"","overlay-opacity":"","overlay-gradient":""}},"ast-content-background-meta":{"desktop":{"background-color":"var(--ast-global-color-5)","background-image":"","background-repeat":"repeat","background-position":"center center","background-size":"auto","background-attachment":"scroll","background-type":"","background-media":"","overlay-type":"","overlay-color":"","overlay-opacity":"","overlay-gradient":""},"tablet":{"background-color":"var(--ast-global-color-5)","background-image":"","background-repeat":"repeat","background-position":"center center","background-size":"auto","background-attachment":"scroll","background-type":"","background-media":"","overlay-type":"","overlay-color":"","overlay-opacity":"","overlay-gradient":""},"mobile":{"background-color":"var(--ast-global-color-5)","background-image":"","background-repeat":"repeat","background-position":"center center","background-size":"auto","background-attachment":"scroll","background-type":"","background-media":"","overlay-type":"","overlay-color":"","overlay-opacity":"","overlay-gradient":""}}},"product_brand":[],"product_cat":[399],"product_tag":[],"class_list":{"0":"post-11982","1":"product","2":"type-product","3":"status-publish","4":"has-post-thumbnail","6":"product_cat-pokemon-tcg","7":"desktop-align-center","8":"tablet-align-center","9":"mobile-align-center","11":"first","12":"outofstock","13":"shipping-taxable","14":"purchasable","15":"product-type-simple"},"yoast_head":"<!-- This site is optimized with the Yoast SEO plugin v27.3 - https:\/\/yoast.com\/product\/yoast-seo-wordpress\/ -->\n<title>Pok\u00e9mon TCG Surging Sparks Elite Trainer Box ESPA\u00d1OL - Palitroche Store<\/title>\n<meta name=\"robots\" content=\"index, follow, max-snippet:-1, max-image-preview:large, max-video-preview:-1\" \/>\n<link rel=\"canonical\" href=\"https:\/\/palitrochestore.com.mx\/producto\/preventa-pokemon-tcg-surging-sparks-elite-trainer-box-espanol\/\" \/>\n<meta property=\"og:locale\" content=\"es_ES\" \/>\n<meta property=\"og:type\" content=\"article\" \/>\n<meta property=\"og:title\" content=\"Pok\u00e9mon TCG Surging Sparks Elite Trainer Box ESPA\u00d1OL - Palitroche Store\" \/>\n<meta property=\"og:description\" content=\"\u00a1Atrapa la emoci\u00f3n de Pok\u00e9mon TCG con la Surging Sparks Elite Trainer Box en espa\u00f1ol, disponible en Palitroche Toys, tu tienda de confianza en M\u00e9xico! Si eres fan\u00e1tico de las cartas de Pok\u00e9mon, esta caja es imprescindible en tu colecci\u00f3n. Nuestra tienda f\u00edsica en CDMX te espera, pero tambi\u00e9n hacemos env\u00edos a cualquier rinc\u00f3n del [&hellip;]\" \/>\n<meta property=\"og:url\" content=\"https:\/\/palitrochestore.com.mx\/producto\/preventa-pokemon-tcg-surging-sparks-elite-trainer-box-espanol\/\" \/>\n<meta property=\"og:site_name\" content=\"Palitroche Store\" \/>\n<meta property=\"article:modified_time\" content=\"2025-11-18T07:12:06+00:00\" \/>\n<meta property=\"og:image\" content=\"https:\/\/palitrochestore.com.mx\/wp-content\/uploads\/2024\/10\/820650505638-2.jpg\" \/>\n\t<meta property=\"og:image:width\" content=\"1000\" \/>\n\t<meta property=\"og:image:height\" content=\"1000\" \/>\n\t<meta property=\"og:image:type\" content=\"image\/jpeg\" \/>\n<meta name=\"twitter:card\" content=\"summary_large_image\" \/>\n<meta name=\"twitter:label1\" content=\"Tiempo de lectura\" \/>\n\t<meta name=\"twitter:data1\" content=\"1 minuto\" \/>\n<script type=\"application\/ld+json\" class=\"yoast-schema-graph\">{\"@context\":\"https:\\\/\\\/schema.org\",\"@graph\":[{\"@type\":\"WebPage\",\"@id\":\"https:\\\/\\\/palitrochestore.com.mx\\\/producto\\\/preventa-pokemon-tcg-surging-sparks-elite-trainer-box-espanol\\\/\",\"url\":\"https:\\\/\\\/palitrochestore.com.mx\\\/producto\\\/preventa-pokemon-tcg-surging-sparks-elite-trainer-box-espanol\\\/\",\"name\":\"Pok\u00e9mon TCG Surging Sparks Elite Trainer Box ESPA\u00d1OL - Palitroche Store\",\"isPartOf\":{\"@id\":\"https:\\\/\\\/palitrochestore.com.mx\\\/#website\"},\"primaryImageOfPage\":{\"@id\":\"https:\\\/\\\/palitrochestore.com.mx\\\/producto\\\/preventa-pokemon-tcg-surging-sparks-elite-trainer-box-espanol\\\/#primaryimage\"},\"image\":{\"@id\":\"https:\\\/\\\/palitrochestore.com.mx\\\/producto\\\/preventa-pokemon-tcg-surging-sparks-elite-trainer-box-espanol\\\/#primaryimage\"},\"thumbnailUrl\":\"https:\\\/\\\/palitrochestore.com.mx\\\/wp-content\\\/uploads\\\/2024\\\/10\\\/820650505638-2.jpg\",\"datePublished\":\"2024-11-04T20:21:56+00:00\",\"dateModified\":\"2025-11-18T07:12:06+00:00\",\"breadcrumb\":{\"@id\":\"https:\\\/\\\/palitrochestore.com.mx\\\/producto\\\/preventa-pokemon-tcg-surging-sparks-elite-trainer-box-espanol\\\/#breadcrumb\"},\"inLanguage\":\"es\",\"potentialAction\":[{\"@type\":\"ReadAction\",\"target\":[\"https:\\\/\\\/palitrochestore.com.mx\\\/producto\\\/preventa-pokemon-tcg-surging-sparks-elite-trainer-box-espanol\\\/\"]}]},{\"@type\":\"ImageObject\",\"inLanguage\":\"es\",\"@id\":\"https:\\\/\\\/palitrochestore.com.mx\\\/producto\\\/preventa-pokemon-tcg-surging-sparks-elite-trainer-box-espanol\\\/#primaryimage\",\"url\":\"https:\\\/\\\/palitrochestore.com.mx\\\/wp-content\\\/uploads\\\/2024\\\/10\\\/820650505638-2.jpg\",\"contentUrl\":\"https:\\\/\\\/palitrochestore.com.mx\\\/wp-content\\\/uploads\\\/2024\\\/10\\\/820650505638-2.jpg\",\"width\":1000,\"height\":1000},{\"@type\":\"BreadcrumbList\",\"@id\":\"https:\\\/\\\/palitrochestore.com.mx\\\/producto\\\/preventa-pokemon-tcg-surging-sparks-elite-trainer-box-espanol\\\/#breadcrumb\",\"itemListElement\":[{\"@type\":\"ListItem\",\"position\":1,\"name\":\"Home\",\"item\":\"https:\\\/\\\/palitrochestore.com.mx\\\/\"},{\"@type\":\"ListItem\",\"position\":2,\"name\":\"Shop\",\"item\":\"https:\\\/\\\/palitrochestore.com.mx\\\/?page_id=21686\"},{\"@type\":\"ListItem\",\"position\":3,\"name\":\"Pok\u00e9mon TCG Surging Sparks Elite Trainer Box ESPA\u00d1OL\"}]},{\"@type\":\"WebSite\",\"@id\":\"https:\\\/\\\/palitrochestore.com.mx\\\/#website\",\"url\":\"https:\\\/\\\/palitrochestore.com.mx\\\/\",\"name\":\"Palitroche Store\",\"description\":\"Tienda f\u00edsica y online para comprar figuras de anime en M\u00e9xico, figuras originales coleccionables Bandai y S.H.Figuarts y tambi\u00e9n TCG como One Piece y Pok\u00e9mon TCG en CDMX\",\"publisher\":{\"@id\":\"https:\\\/\\\/palitrochestore.com.mx\\\/#organization\"},\"potentialAction\":[{\"@type\":\"SearchAction\",\"target\":{\"@type\":\"EntryPoint\",\"urlTemplate\":\"https:\\\/\\\/palitrochestore.com.mx\\\/?s={search_term_string}\"},\"query-input\":{\"@type\":\"PropertyValueSpecification\",\"valueRequired\":true,\"valueName\":\"search_term_string\"}}],\"inLanguage\":\"es\"},{\"@type\":\"Organization\",\"@id\":\"https:\\\/\\\/palitrochestore.com.mx\\\/#organization\",\"name\":\"Palitroche Store\",\"url\":\"https:\\\/\\\/palitrochestore.com.mx\\\/\",\"logo\":{\"@type\":\"ImageObject\",\"inLanguage\":\"es\",\"@id\":\"https:\\\/\\\/palitrochestore.com.mx\\\/#\\\/schema\\\/logo\\\/image\\\/\",\"url\":\"https:\\\/\\\/palitrochestore.com.mx\\\/wp-content\\\/uploads\\\/2025\\\/12\\\/cropped-LOGO_PALI_2025-1.png\",\"contentUrl\":\"https:\\\/\\\/palitrochestore.com.mx\\\/wp-content\\\/uploads\\\/2025\\\/12\\\/cropped-LOGO_PALI_2025-1.png\",\"width\":2117,\"height\":1572,\"caption\":\"Palitroche Store\"},\"image\":{\"@id\":\"https:\\\/\\\/palitrochestore.com.mx\\\/#\\\/schema\\\/logo\\\/image\\\/\"}}]}<\/script>\n<!-- \/ Yoast SEO plugin. -->","yoast_head_json":{"title":"Pok\u00e9mon TCG Surging Sparks Elite Trainer Box ESPA\u00d1OL - Palitroche Store","robots":{"index":"index","follow":"follow","max-snippet":"max-snippet:-1","max-image-preview":"max-image-preview:large","max-video-preview":"max-video-preview:-1"},"canonical":"https:\/\/palitrochestore.com.mx\/producto\/preventa-pokemon-tcg-surging-sparks-elite-trainer-box-espanol\/","og_locale":"es_ES","og_type":"article","og_title":"Pok\u00e9mon TCG Surging Sparks Elite Trainer Box ESPA\u00d1OL - Palitroche Store","og_description":"\u00a1Atrapa la emoci\u00f3n de Pok\u00e9mon TCG con la Surging Sparks Elite Trainer Box en espa\u00f1ol, disponible en Palitroche Toys, tu tienda de confianza en M\u00e9xico! Si eres fan\u00e1tico de las cartas de Pok\u00e9mon, esta caja es imprescindible en tu colecci\u00f3n. Nuestra tienda f\u00edsica en CDMX te espera, pero tambi\u00e9n hacemos env\u00edos a cualquier rinc\u00f3n del [&hellip;]","og_url":"https:\/\/palitrochestore.com.mx\/producto\/preventa-pokemon-tcg-surging-sparks-elite-trainer-box-espanol\/","og_site_name":"Palitroche Store","article_modified_time":"2025-11-18T07:12:06+00:00","og_image":[{"width":1000,"height":1000,"url":"https:\/\/palitrochestore.com.mx\/wp-content\/uploads\/2024\/10\/820650505638-2.jpg","type":"image\/jpeg"}],"twitter_card":"summary_large_image","twitter_misc":{"Tiempo de lectura":"1 minuto"},"schema":{"@context":"https:\/\/schema.org","@graph":[{"@type":"WebPage","@id":"https:\/\/palitrochestore.com.mx\/producto\/preventa-pokemon-tcg-surging-sparks-elite-trainer-box-espanol\/","url":"https:\/\/palitrochestore.com.mx\/producto\/preventa-pokemon-tcg-surging-sparks-elite-trainer-box-espanol\/","name":"Pok\u00e9mon TCG Surging Sparks Elite Trainer Box ESPA\u00d1OL - Palitroche Store","isPartOf":{"@id":"https:\/\/palitrochestore.com.mx\/#website"},"primaryImageOfPage":{"@id":"https:\/\/palitrochestore.com.mx\/producto\/preventa-pokemon-tcg-surging-sparks-elite-trainer-box-espanol\/#primaryimage"},"image":{"@id":"https:\/\/palitrochestore.com.mx\/producto\/preventa-pokemon-tcg-surging-sparks-elite-trainer-box-espanol\/#primaryimage"},"thumbnailUrl":"https:\/\/palitrochestore.com.mx\/wp-content\/uploads\/2024\/10\/820650505638-2.jpg","datePublished":"2024-11-04T20:21:56+00:00","dateModified":"2025-11-18T07:12:06+00:00","breadcrumb":{"@id":"https:\/\/palitrochestore.com.mx\/producto\/preventa-pokemon-tcg-surging-sparks-elite-trainer-box-espanol\/#breadcrumb"},"inLanguage":"es","potentialAction":[{"@type":"ReadAction","target":["https:\/\/palitrochestore.com.mx\/producto\/preventa-pokemon-tcg-surging-sparks-elite-trainer-box-espanol\/"]}]},{"@type":"ImageObject","inLanguage":"es","@id":"https:\/\/palitrochestore.com.mx\/producto\/preventa-pokemon-tcg-surging-sparks-elite-trainer-box-espanol\/#primaryimage","url":"https:\/\/palitrochestore.com.mx\/wp-content\/uploads\/2024\/10\/820650505638-2.jpg","contentUrl":"https:\/\/palitrochestore.com.mx\/wp-content\/uploads\/2024\/10\/820650505638-2.jpg","width":1000,"height":1000},{"@type":"BreadcrumbList","@id":"https:\/\/palitrochestore.com.mx\/producto\/preventa-pokemon-tcg-surging-sparks-elite-trainer-box-espanol\/#breadcrumb","itemListElement":[{"@type":"ListItem","position":1,"name":"Home","item":"https:\/\/palitrochestore.com.mx\/"},{"@type":"ListItem","position":2,"name":"Shop","item":"https:\/\/palitrochestore.com.mx\/?page_id=21686"},{"@type":"ListItem","position":3,"name":"Pok\u00e9mon TCG Surging Sparks Elite Trainer Box ESPA\u00d1OL"}]},{"@type":"WebSite","@id":"https:\/\/palitrochestore.com.mx\/#website","url":"https:\/\/palitrochestore.com.mx\/","name":"Palitroche Store","description":"Tienda f\u00edsica y online para comprar figuras de anime en M\u00e9xico, figuras originales coleccionables Bandai y S.H.Figuarts y tambi\u00e9n TCG como One Piece y Pok\u00e9mon TCG en CDMX","publisher":{"@id":"https:\/\/palitrochestore.com.mx\/#organization"},"potentialAction":[{"@type":"SearchAction","target":{"@type":"EntryPoint","urlTemplate":"https:\/\/palitrochestore.com.mx\/?s={search_term_string}"},"query-input":{"@type":"PropertyValueSpecification","valueRequired":true,"valueName":"search_term_string"}}],"inLanguage":"es"},{"@type":"Organization","@id":"https:\/\/palitrochestore.com.mx\/#organization","name":"Palitroche Store","url":"https:\/\/palitrochestore.com.mx\/","logo":{"@type":"ImageObject","inLanguage":"es","@id":"https:\/\/palitrochestore.com.mx\/#\/schema\/logo\/image\/","url":"https:\/\/palitrochestore.com.mx\/wp-content\/uploads\/2025\/12\/cropped-LOGO_PALI_2025-1.png","contentUrl":"https:\/\/palitrochestore.com.mx\/wp-content\/uploads\/2025\/12\/cropped-LOGO_PALI_2025-1.png","width":2117,"height":1572,"caption":"Palitroche Store"},"image":{"@id":"https:\/\/palitrochestore.com.mx\/#\/schema\/logo\/image\/"}}]}},"_links":{"self":[{"href":"https:\/\/palitrochestore.com.mx\/index.php?rest_route=\/wp\/v2\/product\/11982","targetHints":{"allow":["GET"]}}],"collection":[{"href":"https:\/\/palitrochestore.com.mx\/index.php?rest_route=\/wp\/v2\/product"}],"about":[{"href":"https:\/\/palitrochestore.com.mx\/index.php?rest_route=\/wp\/v2\/types\/product"}],"replies":[{"embeddable":true,"href":"https:\/\/palitrochestore.com.mx\/index.php?rest_route=%2Fwp%2Fv2%2Fcomments&post=11982"}],"version-history":[{"count":0,"href":"https:\/\/palitrochestore.com.mx\/index.php?rest_route=\/wp\/v2\/product\/11982\/revisions"}],"wp:featuredmedia":[{"embeddable":true,"href":"https:\/\/palitrochestore.com.mx\/index.php?rest_route=\/wp\/v2\/media\/11914"}],"wp:attachment":[{"href":"https:\/\/palitrochestore.com.mx\/index.php?rest_route=%2Fwp%2Fv2%2Fmedia&parent=11982"}],"wp:term":[{"taxonomy":"product_brand","embeddable":true,"href":"https:\/\/palitrochestore.com.mx\/index.php?rest_route=%2Fwp%2Fv2%2Fproduct_brand&post=11982"},{"taxonomy":"product_cat","embeddable":true,"href":"https:\/\/palitrochestore.com.mx\/index.php?rest_route=%2Fwp%2Fv2%2Fproduct_cat&post=11982"},{"taxonomy":"product_tag","embeddable":true,"href":"https:\/\/palitrochestore.com.mx\/index.php?rest_route=%2Fwp%2Fv2%2Fproduct_tag&post=11982"}],"curies":[{"name":"wp","href":"https:\/\/api.w.org\/{rel}","templated":true}]}}