{"id":11804,"date":"2024-10-28T13:08:16","date_gmt":"2024-10-28T19:08:16","guid":{"rendered":"https:\/\/palitrochestore.com.mx\/product\/preventa-s-h-figuarts-son-goku-mini-dragon-ball-daima\/"},"modified":"2026-03-10T14:27:52","modified_gmt":"2026-03-10T20:27:52","slug":"preventa-s-h-figuarts-son-goku-mini-dragon-ball-daima","status":"publish","type":"product","link":"https:\/\/palitrochestore.com.mx\/?product=preventa-s-h-figuarts-son-goku-mini-dragon-ball-daima","title":{"rendered":"S.H.Figuarts Son Goku (Mini) Dragon Ball Daima"},"content":{"rendered":"<p>Palitroche Toys es la mejor tienda de figuras de Anime en M\u00e9xico, aqu\u00ed es donde coleccionar figuras de Dragon Ball es tu mejor opci\u00f3n.<\/p>\n<p>\u00a1Hola, soy Goku, y si quieres tener una figura incre\u00edble de m\u00ed en <strong>Dragon Ball Daima<\/strong>, \u00a1tienes que ver esta\u00a0 la figura de<strong> Goku Daima S.H.Figuarts de Bandai Tamashii Nations<\/strong>! Con detalles impresionantes y articulaciones que te permiten recrear mis mejores movimientos, esta figura es perfecta para cualquier fan de Dragon Ball. Adem\u00e1s, viene con accesorios intercambiables para que puedas hacerme realizar las poses m\u00e1s \u00e9picas y llevar el poder Saiyajin a otro nivel. \u00a1Es como tener un peque\u00f1o Goku en casa listo para la acci\u00f3n!<\/p>\n<p>Te recomiendo comprar esta figura en Palitroche Toys, la mejor tienda de figuras de colecci\u00f3n en M\u00e9xico. Con tienda f\u00edsica en <strong>CDMX<\/strong> y env\u00edo a todo el pa\u00eds, tu figura llegar\u00e1 directo a tu puerta. \u00a1No esperes m\u00e1s, asegura la tuya antes de que se agoten! \u00a1Nos vemos en Palitroche Toys, Kamehameha!<\/p>\n<p><strong>Cualidades del producto:<\/strong><br \/>\n&#8211; Figura detallada de Goku en Dragon Ball Daima.<br \/>\n&#8211; Articulaciones m\u00f3viles para m\u00faltiples poses de combate.<br \/>\n&#8211; Accesorios intercambiables como expresiones y manos.<br \/>\n&#8211; Fabricada por <strong>Bandai Tamashii Nations<\/strong>\u00a0con materiales de alta calidad.<\/p>\n","protected":false},"excerpt":{"rendered":"<p>Palitroche Toys es la mejor tienda de figuras de Anime en M\u00e9xico, aqu\u00ed es donde coleccionar figuras de Dragon Ball es tu mejor opci\u00f3n. \u00a1Hola, soy Goku, y si quieres tener una figura incre\u00edble de m\u00ed en Dragon Ball Daima, \u00a1tienes que ver esta\u00a0 la figura de Goku Daima S.H.Figuarts de Bandai Tamashii Nations! Con [&hellip;]<\/p>\n","protected":false},"featured_media":11736,"comment_status":"open","ping_status":"closed","template":"","meta":{"site-sidebar-layout":"default","site-content-layout":"","ast-site-content-layout":"default","site-content-style":"default","site-sidebar-style":"default","ast-global-header-display":"","ast-banner-title-visibility":"","ast-main-header-display":"","ast-hfb-above-header-display":"","ast-hfb-below-header-display":"","ast-hfb-mobile-header-display":"","site-post-title":"","ast-breadcrumbs-content":"","ast-featured-img":"","footer-sml-layout":"","ast-disable-related-posts":"","theme-transparent-header-meta":"default","adv-header-id-meta":"","stick-header-meta":"","header-above-stick-meta":"","header-main-stick-meta":"","header-below-stick-meta":"","astra-migrate-meta-layouts":"set","ast-page-background-enabled":"default","ast-page-background-meta":{"desktop":{"background-color":"","background-image":"","background-repeat":"repeat","background-position":"center center","background-size":"auto","background-attachment":"scroll","background-type":"","background-media":"","overlay-type":"","overlay-color":"","overlay-opacity":"","overlay-gradient":""},"tablet":{"background-color":"","background-image":"","background-repeat":"repeat","background-position":"center center","background-size":"auto","background-attachment":"scroll","background-type":"","background-media":"","overlay-type":"","overlay-color":"","overlay-opacity":"","overlay-gradient":""},"mobile":{"background-color":"","background-image":"","background-repeat":"repeat","background-position":"center center","background-size":"auto","background-attachment":"scroll","background-type":"","background-media":"","overlay-type":"","overlay-color":"","overlay-opacity":"","overlay-gradient":""}},"ast-content-background-meta":{"desktop":{"background-color":"var(--ast-global-color-5)","background-image":"","background-repeat":"repeat","background-position":"center center","background-size":"auto","background-attachment":"scroll","background-type":"","background-media":"","overlay-type":"","overlay-color":"","overlay-opacity":"","overlay-gradient":""},"tablet":{"background-color":"var(--ast-global-color-5)","background-image":"","background-repeat":"repeat","background-position":"center center","background-size":"auto","background-attachment":"scroll","background-type":"","background-media":"","overlay-type":"","overlay-color":"","overlay-opacity":"","overlay-gradient":""},"mobile":{"background-color":"var(--ast-global-color-5)","background-image":"","background-repeat":"repeat","background-position":"center center","background-size":"auto","background-attachment":"scroll","background-type":"","background-media":"","overlay-type":"","overlay-color":"","overlay-opacity":"","overlay-gradient":""}}},"product_brand":[],"product_cat":[98,37,39],"product_tag":[147,296],"class_list":{"0":"post-11804","1":"product","2":"type-product","3":"status-publish","4":"has-post-thumbnail","6":"product_cat-dragon-ball","7":"product_cat-tamashii-nations","8":"product_cat-todas","9":"product_tag-coleccion","10":"product_tag-figuras","11":"desktop-align-center","12":"tablet-align-center","13":"mobile-align-center","15":"first","16":"instock","17":"sold-individually","18":"shipping-taxable","19":"purchasable","20":"product-type-simple"},"yoast_head":"<!-- This site is optimized with the Yoast SEO plugin v27.3 - https:\/\/yoast.com\/product\/yoast-seo-wordpress\/ -->\n<title>S.H.Figuarts Son Goku (Mini) Dragon Ball Daima - Palitroche Store<\/title>\n<meta name=\"robots\" content=\"index, follow, max-snippet:-1, max-image-preview:large, max-video-preview:-1\" \/>\n<link rel=\"canonical\" href=\"https:\/\/palitrochestore.com.mx\/?product=preventa-s-h-figuarts-son-goku-mini-dragon-ball-daima\" \/>\n<meta property=\"og:locale\" content=\"es_ES\" \/>\n<meta property=\"og:type\" content=\"article\" \/>\n<meta property=\"og:title\" content=\"S.H.Figuarts Son Goku (Mini) Dragon Ball Daima - Palitroche Store\" \/>\n<meta property=\"og:description\" content=\"Palitroche Toys es la mejor tienda de figuras de Anime en M\u00e9xico, aqu\u00ed es donde coleccionar figuras de Dragon Ball es tu mejor opci\u00f3n. \u00a1Hola, soy Goku, y si quieres tener una figura incre\u00edble de m\u00ed en Dragon Ball Daima, \u00a1tienes que ver esta\u00a0 la figura de Goku Daima S.H.Figuarts de Bandai Tamashii Nations! Con [&hellip;]\" \/>\n<meta property=\"og:url\" content=\"https:\/\/palitrochestore.com.mx\/?product=preventa-s-h-figuarts-son-goku-mini-dragon-ball-daima\" \/>\n<meta property=\"og:site_name\" content=\"Palitroche Store\" \/>\n<meta property=\"article:modified_time\" content=\"2026-03-10T20:27:52+00:00\" \/>\n<meta property=\"og:image\" content=\"https:\/\/palitrochestore.com.mx\/wp-content\/uploads\/2024\/10\/4573102666383-1.jpg\" \/>\n\t<meta property=\"og:image:width\" content=\"1600\" \/>\n\t<meta property=\"og:image:height\" content=\"1600\" \/>\n\t<meta property=\"og:image:type\" content=\"image\/jpeg\" \/>\n<meta name=\"twitter:card\" content=\"summary_large_image\" \/>\n<meta name=\"twitter:label1\" content=\"Tiempo de lectura\" \/>\n\t<meta name=\"twitter:data1\" content=\"2 minutos\" \/>\n<script type=\"application\/ld+json\" class=\"yoast-schema-graph\">{\"@context\":\"https:\\\/\\\/schema.org\",\"@graph\":[{\"@type\":\"WebPage\",\"@id\":\"https:\\\/\\\/palitrochestore.com.mx\\\/?product=preventa-s-h-figuarts-son-goku-mini-dragon-ball-daima\",\"url\":\"https:\\\/\\\/palitrochestore.com.mx\\\/?product=preventa-s-h-figuarts-son-goku-mini-dragon-ball-daima\",\"name\":\"S.H.Figuarts Son Goku (Mini) Dragon Ball Daima - Palitroche Store\",\"isPartOf\":{\"@id\":\"https:\\\/\\\/palitrochestore.com.mx\\\/#website\"},\"primaryImageOfPage\":{\"@id\":\"https:\\\/\\\/palitrochestore.com.mx\\\/?product=preventa-s-h-figuarts-son-goku-mini-dragon-ball-daima#primaryimage\"},\"image\":{\"@id\":\"https:\\\/\\\/palitrochestore.com.mx\\\/?product=preventa-s-h-figuarts-son-goku-mini-dragon-ball-daima#primaryimage\"},\"thumbnailUrl\":\"https:\\\/\\\/palitrochestore.com.mx\\\/wp-content\\\/uploads\\\/2024\\\/10\\\/4573102666383-1.jpg\",\"datePublished\":\"2024-10-28T19:08:16+00:00\",\"dateModified\":\"2026-03-10T20:27:52+00:00\",\"breadcrumb\":{\"@id\":\"https:\\\/\\\/palitrochestore.com.mx\\\/?product=preventa-s-h-figuarts-son-goku-mini-dragon-ball-daima#breadcrumb\"},\"inLanguage\":\"es\",\"potentialAction\":[{\"@type\":\"ReadAction\",\"target\":[\"https:\\\/\\\/palitrochestore.com.mx\\\/?product=preventa-s-h-figuarts-son-goku-mini-dragon-ball-daima\"]}]},{\"@type\":\"ImageObject\",\"inLanguage\":\"es\",\"@id\":\"https:\\\/\\\/palitrochestore.com.mx\\\/?product=preventa-s-h-figuarts-son-goku-mini-dragon-ball-daima#primaryimage\",\"url\":\"https:\\\/\\\/palitrochestore.com.mx\\\/wp-content\\\/uploads\\\/2024\\\/10\\\/4573102666383-1.jpg\",\"contentUrl\":\"https:\\\/\\\/palitrochestore.com.mx\\\/wp-content\\\/uploads\\\/2024\\\/10\\\/4573102666383-1.jpg\",\"width\":1600,\"height\":1600},{\"@type\":\"BreadcrumbList\",\"@id\":\"https:\\\/\\\/palitrochestore.com.mx\\\/?product=preventa-s-h-figuarts-son-goku-mini-dragon-ball-daima#breadcrumb\",\"itemListElement\":[{\"@type\":\"ListItem\",\"position\":1,\"name\":\"Home\",\"item\":\"https:\\\/\\\/palitrochestore.com.mx\\\/\"},{\"@type\":\"ListItem\",\"position\":2,\"name\":\"Shop\",\"item\":\"https:\\\/\\\/palitrochestore.com.mx\\\/?page_id=21686\"},{\"@type\":\"ListItem\",\"position\":3,\"name\":\"S.H.Figuarts Son Goku (Mini) Dragon Ball Daima\"}]},{\"@type\":\"WebSite\",\"@id\":\"https:\\\/\\\/palitrochestore.com.mx\\\/#website\",\"url\":\"https:\\\/\\\/palitrochestore.com.mx\\\/\",\"name\":\"Palitroche Store\",\"description\":\"Tienda f\u00edsica y online para comprar figuras de anime en M\u00e9xico, figuras originales coleccionables Bandai y S.H.Figuarts y tambi\u00e9n TCG como One Piece y Pok\u00e9mon TCG en CDMX\",\"publisher\":{\"@id\":\"https:\\\/\\\/palitrochestore.com.mx\\\/#organization\"},\"potentialAction\":[{\"@type\":\"SearchAction\",\"target\":{\"@type\":\"EntryPoint\",\"urlTemplate\":\"https:\\\/\\\/palitrochestore.com.mx\\\/?s={search_term_string}\"},\"query-input\":{\"@type\":\"PropertyValueSpecification\",\"valueRequired\":true,\"valueName\":\"search_term_string\"}}],\"inLanguage\":\"es\"},{\"@type\":\"Organization\",\"@id\":\"https:\\\/\\\/palitrochestore.com.mx\\\/#organization\",\"name\":\"Palitroche Store\",\"url\":\"https:\\\/\\\/palitrochestore.com.mx\\\/\",\"logo\":{\"@type\":\"ImageObject\",\"inLanguage\":\"es\",\"@id\":\"https:\\\/\\\/palitrochestore.com.mx\\\/#\\\/schema\\\/logo\\\/image\\\/\",\"url\":\"https:\\\/\\\/palitrochestore.com.mx\\\/wp-content\\\/uploads\\\/2025\\\/12\\\/cropped-LOGO_PALI_2025-1.png\",\"contentUrl\":\"https:\\\/\\\/palitrochestore.com.mx\\\/wp-content\\\/uploads\\\/2025\\\/12\\\/cropped-LOGO_PALI_2025-1.png\",\"width\":2117,\"height\":1572,\"caption\":\"Palitroche Store\"},\"image\":{\"@id\":\"https:\\\/\\\/palitrochestore.com.mx\\\/#\\\/schema\\\/logo\\\/image\\\/\"}}]}<\/script>\n<!-- \/ Yoast SEO plugin. -->","yoast_head_json":{"title":"S.H.Figuarts Son Goku (Mini) Dragon Ball Daima - Palitroche Store","robots":{"index":"index","follow":"follow","max-snippet":"max-snippet:-1","max-image-preview":"max-image-preview:large","max-video-preview":"max-video-preview:-1"},"canonical":"https:\/\/palitrochestore.com.mx\/?product=preventa-s-h-figuarts-son-goku-mini-dragon-ball-daima","og_locale":"es_ES","og_type":"article","og_title":"S.H.Figuarts Son Goku (Mini) Dragon Ball Daima - Palitroche Store","og_description":"Palitroche Toys es la mejor tienda de figuras de Anime en M\u00e9xico, aqu\u00ed es donde coleccionar figuras de Dragon Ball es tu mejor opci\u00f3n. \u00a1Hola, soy Goku, y si quieres tener una figura incre\u00edble de m\u00ed en Dragon Ball Daima, \u00a1tienes que ver esta\u00a0 la figura de Goku Daima S.H.Figuarts de Bandai Tamashii Nations! Con [&hellip;]","og_url":"https:\/\/palitrochestore.com.mx\/?product=preventa-s-h-figuarts-son-goku-mini-dragon-ball-daima","og_site_name":"Palitroche Store","article_modified_time":"2026-03-10T20:27:52+00:00","og_image":[{"width":1600,"height":1600,"url":"https:\/\/palitrochestore.com.mx\/wp-content\/uploads\/2024\/10\/4573102666383-1.jpg","type":"image\/jpeg"}],"twitter_card":"summary_large_image","twitter_misc":{"Tiempo de lectura":"2 minutos"},"schema":{"@context":"https:\/\/schema.org","@graph":[{"@type":"WebPage","@id":"https:\/\/palitrochestore.com.mx\/?product=preventa-s-h-figuarts-son-goku-mini-dragon-ball-daima","url":"https:\/\/palitrochestore.com.mx\/?product=preventa-s-h-figuarts-son-goku-mini-dragon-ball-daima","name":"S.H.Figuarts Son Goku (Mini) Dragon Ball Daima - Palitroche Store","isPartOf":{"@id":"https:\/\/palitrochestore.com.mx\/#website"},"primaryImageOfPage":{"@id":"https:\/\/palitrochestore.com.mx\/?product=preventa-s-h-figuarts-son-goku-mini-dragon-ball-daima#primaryimage"},"image":{"@id":"https:\/\/palitrochestore.com.mx\/?product=preventa-s-h-figuarts-son-goku-mini-dragon-ball-daima#primaryimage"},"thumbnailUrl":"https:\/\/palitrochestore.com.mx\/wp-content\/uploads\/2024\/10\/4573102666383-1.jpg","datePublished":"2024-10-28T19:08:16+00:00","dateModified":"2026-03-10T20:27:52+00:00","breadcrumb":{"@id":"https:\/\/palitrochestore.com.mx\/?product=preventa-s-h-figuarts-son-goku-mini-dragon-ball-daima#breadcrumb"},"inLanguage":"es","potentialAction":[{"@type":"ReadAction","target":["https:\/\/palitrochestore.com.mx\/?product=preventa-s-h-figuarts-son-goku-mini-dragon-ball-daima"]}]},{"@type":"ImageObject","inLanguage":"es","@id":"https:\/\/palitrochestore.com.mx\/?product=preventa-s-h-figuarts-son-goku-mini-dragon-ball-daima#primaryimage","url":"https:\/\/palitrochestore.com.mx\/wp-content\/uploads\/2024\/10\/4573102666383-1.jpg","contentUrl":"https:\/\/palitrochestore.com.mx\/wp-content\/uploads\/2024\/10\/4573102666383-1.jpg","width":1600,"height":1600},{"@type":"BreadcrumbList","@id":"https:\/\/palitrochestore.com.mx\/?product=preventa-s-h-figuarts-son-goku-mini-dragon-ball-daima#breadcrumb","itemListElement":[{"@type":"ListItem","position":1,"name":"Home","item":"https:\/\/palitrochestore.com.mx\/"},{"@type":"ListItem","position":2,"name":"Shop","item":"https:\/\/palitrochestore.com.mx\/?page_id=21686"},{"@type":"ListItem","position":3,"name":"S.H.Figuarts Son Goku (Mini) Dragon Ball Daima"}]},{"@type":"WebSite","@id":"https:\/\/palitrochestore.com.mx\/#website","url":"https:\/\/palitrochestore.com.mx\/","name":"Palitroche Store","description":"Tienda f\u00edsica y online para comprar figuras de anime en M\u00e9xico, figuras originales coleccionables Bandai y S.H.Figuarts y tambi\u00e9n TCG como One Piece y Pok\u00e9mon TCG en CDMX","publisher":{"@id":"https:\/\/palitrochestore.com.mx\/#organization"},"potentialAction":[{"@type":"SearchAction","target":{"@type":"EntryPoint","urlTemplate":"https:\/\/palitrochestore.com.mx\/?s={search_term_string}"},"query-input":{"@type":"PropertyValueSpecification","valueRequired":true,"valueName":"search_term_string"}}],"inLanguage":"es"},{"@type":"Organization","@id":"https:\/\/palitrochestore.com.mx\/#organization","name":"Palitroche Store","url":"https:\/\/palitrochestore.com.mx\/","logo":{"@type":"ImageObject","inLanguage":"es","@id":"https:\/\/palitrochestore.com.mx\/#\/schema\/logo\/image\/","url":"https:\/\/palitrochestore.com.mx\/wp-content\/uploads\/2025\/12\/cropped-LOGO_PALI_2025-1.png","contentUrl":"https:\/\/palitrochestore.com.mx\/wp-content\/uploads\/2025\/12\/cropped-LOGO_PALI_2025-1.png","width":2117,"height":1572,"caption":"Palitroche Store"},"image":{"@id":"https:\/\/palitrochestore.com.mx\/#\/schema\/logo\/image\/"}}]}},"_links":{"self":[{"href":"https:\/\/palitrochestore.com.mx\/index.php?rest_route=\/wp\/v2\/product\/11804","targetHints":{"allow":["GET"]}}],"collection":[{"href":"https:\/\/palitrochestore.com.mx\/index.php?rest_route=\/wp\/v2\/product"}],"about":[{"href":"https:\/\/palitrochestore.com.mx\/index.php?rest_route=\/wp\/v2\/types\/product"}],"replies":[{"embeddable":true,"href":"https:\/\/palitrochestore.com.mx\/index.php?rest_route=%2Fwp%2Fv2%2Fcomments&post=11804"}],"version-history":[{"count":0,"href":"https:\/\/palitrochestore.com.mx\/index.php?rest_route=\/wp\/v2\/product\/11804\/revisions"}],"wp:featuredmedia":[{"embeddable":true,"href":"https:\/\/palitrochestore.com.mx\/index.php?rest_route=\/wp\/v2\/media\/11736"}],"wp:attachment":[{"href":"https:\/\/palitrochestore.com.mx\/index.php?rest_route=%2Fwp%2Fv2%2Fmedia&parent=11804"}],"wp:term":[{"taxonomy":"product_brand","embeddable":true,"href":"https:\/\/palitrochestore.com.mx\/index.php?rest_route=%2Fwp%2Fv2%2Fproduct_brand&post=11804"},{"taxonomy":"product_cat","embeddable":true,"href":"https:\/\/palitrochestore.com.mx\/index.php?rest_route=%2Fwp%2Fv2%2Fproduct_cat&post=11804"},{"taxonomy":"product_tag","embeddable":true,"href":"https:\/\/palitrochestore.com.mx\/index.php?rest_route=%2Fwp%2Fv2%2Fproduct_tag&post=11804"}],"curies":[{"name":"wp","href":"https:\/\/api.w.org\/{rel}","templated":true}]}}