{"id":10932,"date":"2024-08-30T13:02:59","date_gmt":"2024-08-30T19:02:59","guid":{"rendered":"https:\/\/palitrochestore.com.mx\/product\/disney-lorcana-tcg-shimmering-skies-fundas-tiana\/"},"modified":"2025-11-18T01:09:25","modified_gmt":"2025-11-18T07:09:25","slug":"disney-lorcana-tcg-shimmering-skies-fundas-tiana","status":"publish","type":"product","link":"https:\/\/palitrochestore.com.mx\/?product=disney-lorcana-tcg-shimmering-skies-fundas-tiana","title":{"rendered":"Disney Lorcana TCG Shimmering Skies Fundas Tiana"},"content":{"rendered":"<p>Disney Lorcana TCG Shimmering Skies Fundas Tiana<br \/>\nPalitroche Toys es la mejor tienda de figuras de Anime en M\u00e9xico, aqu\u00ed es donde coleccionar Disney Lorcana TCG es tu mejor opci\u00f3n.<br \/>\nEn Palitroche Toys, la mejor tienda de figuras de anime y superh\u00e9roes en M\u00e9xico nos complace presentar la magia de Disney Lorcana TCG \u00a1Protege tu colecci\u00f3n con el toque m\u00e1gico de Tiana! Estas fundas premium para cartas de Disney Lorcana TCG est\u00e1n dise\u00f1adas para mantener tus cartas seguras mientras a\u00f1aden un toque de elegancia y encanto. Con un acabado brillante que resalta los colores vibrantes de tus cartas, y la imagen inspiradora de la princesa Tiana, estas fundas no solo protegen, sino que tambi\u00e9n realzan el valor y la belleza de tu colecci\u00f3n. Ideal para fans de Disney y coleccionistas exigentes, que buscan calidad y estilo en cada partida. En Palitroche Toys, nos enorgullece ofrecer productos excepcionales, \u00a1vis\u00edtanos<br \/>\ny haz que cada jugada brille con Tiana!<\/p>\n","protected":false},"excerpt":{"rendered":"<p>Disney Lorcana TCG Shimmering Skies Fundas Tiana Palitroche Toys es la mejor tienda de figuras de Anime en M\u00e9xico, aqu\u00ed es donde coleccionar Disney Lorcana TCG es tu mejor opci\u00f3n. En Palitroche Toys, la mejor tienda de figuras de anime y superh\u00e9roes en M\u00e9xico nos complace presentar la magia de Disney Lorcana TCG \u00a1Protege tu [&hellip;]<\/p>\n","protected":false},"featured_media":10670,"comment_status":"open","ping_status":"closed","template":"","meta":{"site-sidebar-layout":"default","site-content-layout":"","ast-site-content-layout":"default","site-content-style":"default","site-sidebar-style":"default","ast-global-header-display":"","ast-banner-title-visibility":"","ast-main-header-display":"","ast-hfb-above-header-display":"","ast-hfb-below-header-display":"","ast-hfb-mobile-header-display":"","site-post-title":"","ast-breadcrumbs-content":"","ast-featured-img":"","footer-sml-layout":"","ast-disable-related-posts":"","theme-transparent-header-meta":"","adv-header-id-meta":"","stick-header-meta":"","header-above-stick-meta":"","header-main-stick-meta":"","header-below-stick-meta":"","astra-migrate-meta-layouts":"default","ast-page-background-enabled":"default","ast-page-background-meta":{"desktop":{"background-color":"","background-image":"","background-repeat":"repeat","background-position":"center center","background-size":"auto","background-attachment":"scroll","background-type":"","background-media":"","overlay-type":"","overlay-color":"","overlay-opacity":"","overlay-gradient":""},"tablet":{"background-color":"","background-image":"","background-repeat":"repeat","background-position":"center center","background-size":"auto","background-attachment":"scroll","background-type":"","background-media":"","overlay-type":"","overlay-color":"","overlay-opacity":"","overlay-gradient":""},"mobile":{"background-color":"","background-image":"","background-repeat":"repeat","background-position":"center center","background-size":"auto","background-attachment":"scroll","background-type":"","background-media":"","overlay-type":"","overlay-color":"","overlay-opacity":"","overlay-gradient":""}},"ast-content-background-meta":{"desktop":{"background-color":"var(--ast-global-color-5)","background-image":"","background-repeat":"repeat","background-position":"center center","background-size":"auto","background-attachment":"scroll","background-type":"","background-media":"","overlay-type":"","overlay-color":"","overlay-opacity":"","overlay-gradient":""},"tablet":{"background-color":"var(--ast-global-color-5)","background-image":"","background-repeat":"repeat","background-position":"center center","background-size":"auto","background-attachment":"scroll","background-type":"","background-media":"","overlay-type":"","overlay-color":"","overlay-opacity":"","overlay-gradient":""},"mobile":{"background-color":"var(--ast-global-color-5)","background-image":"","background-repeat":"repeat","background-position":"center center","background-size":"auto","background-attachment":"scroll","background-type":"","background-media":"","overlay-type":"","overlay-color":"","overlay-opacity":"","overlay-gradient":""}}},"product_brand":[],"product_cat":[94,362],"product_tag":[395,394,126,392,393,386,391],"class_list":{"0":"post-10932","1":"product","2":"type-product","3":"status-publish","4":"has-post-thumbnail","6":"product_cat-disney","7":"product_cat-lorcana-tcg","8":"product_tag-cartas-coleccion","9":"product_tag-cartas-disney","10":"product_tag-disney","11":"product_tag-disney-lorcana","12":"product_tag-lorcana","13":"product_tag-tcg","14":"product_tag-tcg-disney","15":"desktop-align-center","16":"tablet-align-center","17":"mobile-align-center","19":"first","20":"instock","21":"sold-individually","22":"shipping-taxable","23":"purchasable","24":"product-type-simple"},"yoast_head":"<!-- This site is optimized with the Yoast SEO plugin v27.3 - https:\/\/yoast.com\/product\/yoast-seo-wordpress\/ -->\n<title>Disney Lorcana TCG Shimmering Skies Fundas Tiana - Palitroche Store<\/title>\n<meta name=\"robots\" content=\"index, follow, max-snippet:-1, max-image-preview:large, max-video-preview:-1\" \/>\n<link rel=\"canonical\" href=\"https:\/\/palitrochestore.com.mx\/producto\/disney-lorcana-tcg-shimmering-skies-fundas-tiana\/\" \/>\n<meta property=\"og:locale\" content=\"es_ES\" \/>\n<meta property=\"og:type\" content=\"article\" \/>\n<meta property=\"og:title\" content=\"Disney Lorcana TCG Shimmering Skies Fundas Tiana - Palitroche Store\" \/>\n<meta property=\"og:description\" content=\"Disney Lorcana TCG Shimmering Skies Fundas Tiana Palitroche Toys es la mejor tienda de figuras de Anime en M\u00e9xico, aqu\u00ed es donde coleccionar Disney Lorcana TCG es tu mejor opci\u00f3n. En Palitroche Toys, la mejor tienda de figuras de anime y superh\u00e9roes en M\u00e9xico nos complace presentar la magia de Disney Lorcana TCG \u00a1Protege tu [&hellip;]\" \/>\n<meta property=\"og:url\" content=\"https:\/\/palitrochestore.com.mx\/producto\/disney-lorcana-tcg-shimmering-skies-fundas-tiana\/\" \/>\n<meta property=\"og:site_name\" content=\"Palitroche Store\" \/>\n<meta property=\"article:modified_time\" content=\"2025-11-18T07:09:25+00:00\" \/>\n<meta property=\"og:image\" content=\"https:\/\/palitrochestore.com.mx\/wp-content\/uploads\/2024\/08\/4050368984036-1.jpg\" \/>\n\t<meta property=\"og:image:width\" content=\"1000\" \/>\n\t<meta property=\"og:image:height\" content=\"1000\" \/>\n\t<meta property=\"og:image:type\" content=\"image\/jpeg\" \/>\n<meta name=\"twitter:card\" content=\"summary_large_image\" \/>\n<meta name=\"twitter:label1\" content=\"Tiempo de lectura\" \/>\n\t<meta name=\"twitter:data1\" content=\"1 minuto\" \/>\n<script type=\"application\/ld+json\" class=\"yoast-schema-graph\">{\"@context\":\"https:\\\/\\\/schema.org\",\"@graph\":[{\"@type\":\"WebPage\",\"@id\":\"https:\\\/\\\/palitrochestore.com.mx\\\/producto\\\/disney-lorcana-tcg-shimmering-skies-fundas-tiana\\\/\",\"url\":\"https:\\\/\\\/palitrochestore.com.mx\\\/producto\\\/disney-lorcana-tcg-shimmering-skies-fundas-tiana\\\/\",\"name\":\"Disney Lorcana TCG Shimmering Skies Fundas Tiana - Palitroche Store\",\"isPartOf\":{\"@id\":\"https:\\\/\\\/palitrochestore.com.mx\\\/#website\"},\"primaryImageOfPage\":{\"@id\":\"https:\\\/\\\/palitrochestore.com.mx\\\/producto\\\/disney-lorcana-tcg-shimmering-skies-fundas-tiana\\\/#primaryimage\"},\"image\":{\"@id\":\"https:\\\/\\\/palitrochestore.com.mx\\\/producto\\\/disney-lorcana-tcg-shimmering-skies-fundas-tiana\\\/#primaryimage\"},\"thumbnailUrl\":\"https:\\\/\\\/palitrochestore.com.mx\\\/wp-content\\\/uploads\\\/2024\\\/08\\\/4050368984036-1.jpg\",\"datePublished\":\"2024-08-30T19:02:59+00:00\",\"dateModified\":\"2025-11-18T07:09:25+00:00\",\"breadcrumb\":{\"@id\":\"https:\\\/\\\/palitrochestore.com.mx\\\/producto\\\/disney-lorcana-tcg-shimmering-skies-fundas-tiana\\\/#breadcrumb\"},\"inLanguage\":\"es\",\"potentialAction\":[{\"@type\":\"ReadAction\",\"target\":[\"https:\\\/\\\/palitrochestore.com.mx\\\/producto\\\/disney-lorcana-tcg-shimmering-skies-fundas-tiana\\\/\"]}]},{\"@type\":\"ImageObject\",\"inLanguage\":\"es\",\"@id\":\"https:\\\/\\\/palitrochestore.com.mx\\\/producto\\\/disney-lorcana-tcg-shimmering-skies-fundas-tiana\\\/#primaryimage\",\"url\":\"https:\\\/\\\/palitrochestore.com.mx\\\/wp-content\\\/uploads\\\/2024\\\/08\\\/4050368984036-1.jpg\",\"contentUrl\":\"https:\\\/\\\/palitrochestore.com.mx\\\/wp-content\\\/uploads\\\/2024\\\/08\\\/4050368984036-1.jpg\",\"width\":1000,\"height\":1000},{\"@type\":\"BreadcrumbList\",\"@id\":\"https:\\\/\\\/palitrochestore.com.mx\\\/producto\\\/disney-lorcana-tcg-shimmering-skies-fundas-tiana\\\/#breadcrumb\",\"itemListElement\":[{\"@type\":\"ListItem\",\"position\":1,\"name\":\"Home\",\"item\":\"https:\\\/\\\/palitrochestore.com.mx\\\/\"},{\"@type\":\"ListItem\",\"position\":2,\"name\":\"Shop\",\"item\":\"https:\\\/\\\/palitrochestore.com.mx\\\/?page_id=21686\"},{\"@type\":\"ListItem\",\"position\":3,\"name\":\"Disney Lorcana TCG Shimmering Skies Fundas Tiana\"}]},{\"@type\":\"WebSite\",\"@id\":\"https:\\\/\\\/palitrochestore.com.mx\\\/#website\",\"url\":\"https:\\\/\\\/palitrochestore.com.mx\\\/\",\"name\":\"Palitroche Store\",\"description\":\"Tienda f\u00edsica y online para comprar figuras de anime en M\u00e9xico, figuras originales coleccionables Bandai y S.H.Figuarts y tambi\u00e9n TCG como One Piece y Pok\u00e9mon TCG en CDMX\",\"publisher\":{\"@id\":\"https:\\\/\\\/palitrochestore.com.mx\\\/#organization\"},\"potentialAction\":[{\"@type\":\"SearchAction\",\"target\":{\"@type\":\"EntryPoint\",\"urlTemplate\":\"https:\\\/\\\/palitrochestore.com.mx\\\/?s={search_term_string}\"},\"query-input\":{\"@type\":\"PropertyValueSpecification\",\"valueRequired\":true,\"valueName\":\"search_term_string\"}}],\"inLanguage\":\"es\"},{\"@type\":\"Organization\",\"@id\":\"https:\\\/\\\/palitrochestore.com.mx\\\/#organization\",\"name\":\"Palitroche Store\",\"url\":\"https:\\\/\\\/palitrochestore.com.mx\\\/\",\"logo\":{\"@type\":\"ImageObject\",\"inLanguage\":\"es\",\"@id\":\"https:\\\/\\\/palitrochestore.com.mx\\\/#\\\/schema\\\/logo\\\/image\\\/\",\"url\":\"https:\\\/\\\/palitrochestore.com.mx\\\/wp-content\\\/uploads\\\/2025\\\/12\\\/cropped-LOGO_PALI_2025-1.png\",\"contentUrl\":\"https:\\\/\\\/palitrochestore.com.mx\\\/wp-content\\\/uploads\\\/2025\\\/12\\\/cropped-LOGO_PALI_2025-1.png\",\"width\":2117,\"height\":1572,\"caption\":\"Palitroche Store\"},\"image\":{\"@id\":\"https:\\\/\\\/palitrochestore.com.mx\\\/#\\\/schema\\\/logo\\\/image\\\/\"}}]}<\/script>\n<!-- \/ Yoast SEO plugin. -->","yoast_head_json":{"title":"Disney Lorcana TCG Shimmering Skies Fundas Tiana - Palitroche Store","robots":{"index":"index","follow":"follow","max-snippet":"max-snippet:-1","max-image-preview":"max-image-preview:large","max-video-preview":"max-video-preview:-1"},"canonical":"https:\/\/palitrochestore.com.mx\/producto\/disney-lorcana-tcg-shimmering-skies-fundas-tiana\/","og_locale":"es_ES","og_type":"article","og_title":"Disney Lorcana TCG Shimmering Skies Fundas Tiana - Palitroche Store","og_description":"Disney Lorcana TCG Shimmering Skies Fundas Tiana Palitroche Toys es la mejor tienda de figuras de Anime en M\u00e9xico, aqu\u00ed es donde coleccionar Disney Lorcana TCG es tu mejor opci\u00f3n. En Palitroche Toys, la mejor tienda de figuras de anime y superh\u00e9roes en M\u00e9xico nos complace presentar la magia de Disney Lorcana TCG \u00a1Protege tu [&hellip;]","og_url":"https:\/\/palitrochestore.com.mx\/producto\/disney-lorcana-tcg-shimmering-skies-fundas-tiana\/","og_site_name":"Palitroche Store","article_modified_time":"2025-11-18T07:09:25+00:00","og_image":[{"width":1000,"height":1000,"url":"https:\/\/palitrochestore.com.mx\/wp-content\/uploads\/2024\/08\/4050368984036-1.jpg","type":"image\/jpeg"}],"twitter_card":"summary_large_image","twitter_misc":{"Tiempo de lectura":"1 minuto"},"schema":{"@context":"https:\/\/schema.org","@graph":[{"@type":"WebPage","@id":"https:\/\/palitrochestore.com.mx\/producto\/disney-lorcana-tcg-shimmering-skies-fundas-tiana\/","url":"https:\/\/palitrochestore.com.mx\/producto\/disney-lorcana-tcg-shimmering-skies-fundas-tiana\/","name":"Disney Lorcana TCG Shimmering Skies Fundas Tiana - Palitroche Store","isPartOf":{"@id":"https:\/\/palitrochestore.com.mx\/#website"},"primaryImageOfPage":{"@id":"https:\/\/palitrochestore.com.mx\/producto\/disney-lorcana-tcg-shimmering-skies-fundas-tiana\/#primaryimage"},"image":{"@id":"https:\/\/palitrochestore.com.mx\/producto\/disney-lorcana-tcg-shimmering-skies-fundas-tiana\/#primaryimage"},"thumbnailUrl":"https:\/\/palitrochestore.com.mx\/wp-content\/uploads\/2024\/08\/4050368984036-1.jpg","datePublished":"2024-08-30T19:02:59+00:00","dateModified":"2025-11-18T07:09:25+00:00","breadcrumb":{"@id":"https:\/\/palitrochestore.com.mx\/producto\/disney-lorcana-tcg-shimmering-skies-fundas-tiana\/#breadcrumb"},"inLanguage":"es","potentialAction":[{"@type":"ReadAction","target":["https:\/\/palitrochestore.com.mx\/producto\/disney-lorcana-tcg-shimmering-skies-fundas-tiana\/"]}]},{"@type":"ImageObject","inLanguage":"es","@id":"https:\/\/palitrochestore.com.mx\/producto\/disney-lorcana-tcg-shimmering-skies-fundas-tiana\/#primaryimage","url":"https:\/\/palitrochestore.com.mx\/wp-content\/uploads\/2024\/08\/4050368984036-1.jpg","contentUrl":"https:\/\/palitrochestore.com.mx\/wp-content\/uploads\/2024\/08\/4050368984036-1.jpg","width":1000,"height":1000},{"@type":"BreadcrumbList","@id":"https:\/\/palitrochestore.com.mx\/producto\/disney-lorcana-tcg-shimmering-skies-fundas-tiana\/#breadcrumb","itemListElement":[{"@type":"ListItem","position":1,"name":"Home","item":"https:\/\/palitrochestore.com.mx\/"},{"@type":"ListItem","position":2,"name":"Shop","item":"https:\/\/palitrochestore.com.mx\/?page_id=21686"},{"@type":"ListItem","position":3,"name":"Disney Lorcana TCG Shimmering Skies Fundas Tiana"}]},{"@type":"WebSite","@id":"https:\/\/palitrochestore.com.mx\/#website","url":"https:\/\/palitrochestore.com.mx\/","name":"Palitroche Store","description":"Tienda f\u00edsica y online para comprar figuras de anime en M\u00e9xico, figuras originales coleccionables Bandai y S.H.Figuarts y tambi\u00e9n TCG como One Piece y Pok\u00e9mon TCG en CDMX","publisher":{"@id":"https:\/\/palitrochestore.com.mx\/#organization"},"potentialAction":[{"@type":"SearchAction","target":{"@type":"EntryPoint","urlTemplate":"https:\/\/palitrochestore.com.mx\/?s={search_term_string}"},"query-input":{"@type":"PropertyValueSpecification","valueRequired":true,"valueName":"search_term_string"}}],"inLanguage":"es"},{"@type":"Organization","@id":"https:\/\/palitrochestore.com.mx\/#organization","name":"Palitroche Store","url":"https:\/\/palitrochestore.com.mx\/","logo":{"@type":"ImageObject","inLanguage":"es","@id":"https:\/\/palitrochestore.com.mx\/#\/schema\/logo\/image\/","url":"https:\/\/palitrochestore.com.mx\/wp-content\/uploads\/2025\/12\/cropped-LOGO_PALI_2025-1.png","contentUrl":"https:\/\/palitrochestore.com.mx\/wp-content\/uploads\/2025\/12\/cropped-LOGO_PALI_2025-1.png","width":2117,"height":1572,"caption":"Palitroche Store"},"image":{"@id":"https:\/\/palitrochestore.com.mx\/#\/schema\/logo\/image\/"}}]}},"_links":{"self":[{"href":"https:\/\/palitrochestore.com.mx\/index.php?rest_route=\/wp\/v2\/product\/10932","targetHints":{"allow":["GET"]}}],"collection":[{"href":"https:\/\/palitrochestore.com.mx\/index.php?rest_route=\/wp\/v2\/product"}],"about":[{"href":"https:\/\/palitrochestore.com.mx\/index.php?rest_route=\/wp\/v2\/types\/product"}],"replies":[{"embeddable":true,"href":"https:\/\/palitrochestore.com.mx\/index.php?rest_route=%2Fwp%2Fv2%2Fcomments&post=10932"}],"version-history":[{"count":0,"href":"https:\/\/palitrochestore.com.mx\/index.php?rest_route=\/wp\/v2\/product\/10932\/revisions"}],"wp:featuredmedia":[{"embeddable":true,"href":"https:\/\/palitrochestore.com.mx\/index.php?rest_route=\/wp\/v2\/media\/10670"}],"wp:attachment":[{"href":"https:\/\/palitrochestore.com.mx\/index.php?rest_route=%2Fwp%2Fv2%2Fmedia&parent=10932"}],"wp:term":[{"taxonomy":"product_brand","embeddable":true,"href":"https:\/\/palitrochestore.com.mx\/index.php?rest_route=%2Fwp%2Fv2%2Fproduct_brand&post=10932"},{"taxonomy":"product_cat","embeddable":true,"href":"https:\/\/palitrochestore.com.mx\/index.php?rest_route=%2Fwp%2Fv2%2Fproduct_cat&post=10932"},{"taxonomy":"product_tag","embeddable":true,"href":"https:\/\/palitrochestore.com.mx\/index.php?rest_route=%2Fwp%2Fv2%2Fproduct_tag&post=10932"}],"curies":[{"name":"wp","href":"https:\/\/api.w.org\/{rel}","templated":true}]}}