{"id":5405,"date":"2022-05-22T21:18:02","date_gmt":"2022-05-23T02:18:02","guid":{"rendered":"https:\/\/palitrochestore.com.mx\/?page_id=5405"},"modified":"2026-02-08T16:50:04","modified_gmt":"2026-02-08T22:50:04","slug":"aviso-de-privacidad","status":"publish","type":"page","link":"https:\/\/palitrochestore.com.mx\/?page_id=5405","title":{"rendered":"Aviso de privacidad"},"content":{"rendered":"\t\t<div data-elementor-type=\"wp-page\" data-elementor-id=\"5405\" class=\"elementor elementor-5405\" data-elementor-post-type=\"page\">\n\t\t\t\t\t\t<section class=\"elementor-section elementor-top-section elementor-element elementor-element-7032c12b elementor-section-boxed elementor-section-height-default elementor-section-height-default\" data-id=\"7032c12b\" data-element_type=\"section\" data-e-type=\"section\">\n\t\t\t\t\t\t<div class=\"elementor-container elementor-column-gap-default\">\n\t\t\t\t\t<div class=\"elementor-column elementor-col-100 elementor-top-column elementor-element elementor-element-4a52bfc7\" data-id=\"4a52bfc7\" data-element_type=\"column\" data-e-type=\"column\">\n\t\t\t<div class=\"elementor-widget-wrap elementor-element-populated\">\n\t\t\t\t\t\t<div class=\"elementor-element elementor-element-4a56c19 elementor-widget elementor-widget-text-editor\" data-id=\"4a56c19\" data-element_type=\"widget\" data-e-type=\"widget\" data-widget_type=\"text-editor.default\">\n\t\t\t\t<div class=\"elementor-widget-container\">\n\t\t\t\t\t\t\t\t\t<h2><span style=\"color: #ff6600;\"><strong>Aviso de Privacidad y Confidencialidad<\/strong><\/span><\/h2><p><strong>AUTORIZACI\u00d3N SIMPLIFICADA PARA RECEPCI\u00d3N Y EXPOSICI\u00d3N DE INFORMACI\u00d3N, DE LA P\u00c1GINA\u00a0<\/strong><a href=\"http:\/\/WWW.PALITROCHESTORE.COM.MX\"><strong>WWW.PALITROCHESTORE.COM.MX<\/strong><\/a><strong>\u00a0.<\/strong><\/p><h5><strong>1.- \u201cResponsable\u201d del uso de la p\u00e1gina web\u00a0<\/strong><a href=\"http:\/\/www.palitrochestore.com.mx\"><strong>www.palitrochestore.com.mx<\/strong><\/a><strong>, datos personales y material.<\/strong><\/h5><p>Wilmer Espinoza Porras (en adelante EL RESPONSABLE), es la persona f\u00edsica, que, de acuerdo con la Ley, decide sobre el tratamiento de los datos personales que recaba de usted, como \u201cTitular\u201d de los mismos.<\/p><h5><strong>2.- \u201cEL USUARIO\u201d de la p\u00e1gina web\u00a0<\/strong><a href=\"http:\/\/www.palitrochestore.com.mx\"><strong>www.palitrochestore.com.mx<\/strong><\/a><strong>.<\/strong><\/h5><p>\u201cEL USUARIO\u201d, es la persona f\u00edsica o moral que otorga informaci\u00f3n a la p\u00e1gina web\u00a0<a href=\"http:\/\/www.palitrochestore.mx\">www.palitrochestore.mx<\/a>, persona que deber\u00e1 proporcionar informaci\u00f3n de pago, contacto, nombre y domicilio al \u201cresponsable\u201d, la cual ser\u00e1 catalogada como informaci\u00f3n confidencial y ser\u00e1 utilizada bajo los lineamientos establecidos en el aviso de privacidad de la p\u00e1gina, salvo las disposiciones que m\u00e1s adelante se detallar\u00e1n.<\/p><h5><strong>3.-<\/strong>\u00a0<strong>Informaci\u00f3n<\/strong><\/h5><p>Toda informaci\u00f3n que el usuario decida presentar en la p\u00e1gina <a href=\"http:\/\/www.palitrochestore.mx\">www.palitrochestore.mx<\/a> para la compra de un producto, ser\u00e1 catalogada como confidencial y no podr\u00e1, ni ser\u00e1 compartida con ning\u00fan otro ente, persona o empresa, con la salvedad del uso de servicios de paqueter\u00eda que el cliente desee adquirir para recibir sus compras. El responsable, la p\u00e1gina <a href=\"http:\/\/www.palitrochestore.com.mx\">www.palitrochestore.com.mx<\/a> y sus colaboradores, no alojan informaci\u00f3n de cuentas bancarias en sus servidores.<\/p>\t\t\t\t\t\t\t\t<\/div>\n\t\t\t\t<\/div>\n\t\t\t\t\t<\/div>\n\t\t<\/div>\n\t\t\t\t\t<\/div>\n\t\t<\/section>\n\t\t\t\t<\/div>\n\t\t","protected":false},"excerpt":{"rendered":"<p>Aviso de Privacidad y Confidencialidad AUTORIZACI\u00d3N SIMPLIFICADA PARA RECEPCI\u00d3N Y EXPOSICI\u00d3N DE INFORMACI\u00d3N, DE LA P\u00c1GINA\u00a0WWW.PALITROCHESTORE.COM.MX\u00a0. 1.- \u201cResponsable\u201d del uso de la p\u00e1gina web\u00a0www.palitrochestore.com.mx, datos personales y material. Wilmer Espinoza Porras (en adelante EL RESPONSABLE), es la persona f\u00edsica, que, de acuerdo con la Ley, decide sobre el tratamiento de los datos personales que recaba [&hellip;]<\/p>\n","protected":false},"author":1,"featured_media":0,"parent":0,"menu_order":0,"comment_status":"closed","ping_status":"closed","template":"","meta":{"site-sidebar-layout":"default","site-content-layout":"","ast-site-content-layout":"default","site-content-style":"default","site-sidebar-style":"default","ast-global-header-display":"","ast-banner-title-visibility":"","ast-main-header-display":"","ast-hfb-above-header-display":"","ast-hfb-below-header-display":"","ast-hfb-mobile-header-display":"","site-post-title":"","ast-breadcrumbs-content":"","ast-featured-img":"","footer-sml-layout":"","ast-disable-related-posts":"","theme-transparent-header-meta":"","adv-header-id-meta":"","stick-header-meta":"","header-above-stick-meta":"","header-main-stick-meta":"","header-below-stick-meta":"","astra-migrate-meta-layouts":"default","ast-page-background-enabled":"default","ast-page-background-meta":{"desktop":{"background-color":"","background-image":"","background-repeat":"repeat","background-position":"center center","background-size":"auto","background-attachment":"scroll","background-type":"","background-media":"","overlay-type":"","overlay-color":"","overlay-opacity":"","overlay-gradient":""},"tablet":{"background-color":"","background-image":"","background-repeat":"repeat","background-position":"center center","background-size":"auto","background-attachment":"scroll","background-type":"","background-media":"","overlay-type":"","overlay-color":"","overlay-opacity":"","overlay-gradient":""},"mobile":{"background-color":"","background-image":"","background-repeat":"repeat","background-position":"center center","background-size":"auto","background-attachment":"scroll","background-type":"","background-media":"","overlay-type":"","overlay-color":"","overlay-opacity":"","overlay-gradient":""}},"ast-content-background-meta":{"desktop":{"background-color":"var(--ast-global-color-5)","background-image":"","background-repeat":"repeat","background-position":"center center","background-size":"auto","background-attachment":"scroll","background-type":"","background-media":"","overlay-type":"","overlay-color":"","overlay-opacity":"","overlay-gradient":""},"tablet":{"background-color":"var(--ast-global-color-5)","background-image":"","background-repeat":"repeat","background-position":"center center","background-size":"auto","background-attachment":"scroll","background-type":"","background-media":"","overlay-type":"","overlay-color":"","overlay-opacity":"","overlay-gradient":""},"mobile":{"background-color":"var(--ast-global-color-5)","background-image":"","background-repeat":"repeat","background-position":"center center","background-size":"auto","background-attachment":"scroll","background-type":"","background-media":"","overlay-type":"","overlay-color":"","overlay-opacity":"","overlay-gradient":""}},"footnotes":""},"class_list":["post-5405","page","type-page","status-publish","hentry"],"yoast_head":"<!-- This site is optimized with the Yoast SEO plugin v27.3 - https:\/\/yoast.com\/product\/yoast-seo-wordpress\/ -->\n<title>Aviso de privacidad - Palitroche Store<\/title>\n<meta name=\"robots\" content=\"index, follow, max-snippet:-1, max-image-preview:large, max-video-preview:-1\" \/>\n<link rel=\"canonical\" href=\"https:\/\/palitrochestore.com.mx\/?page_id=5405\" \/>\n<meta property=\"og:locale\" content=\"es_ES\" \/>\n<meta property=\"og:type\" content=\"article\" \/>\n<meta property=\"og:title\" content=\"Aviso de privacidad - Palitroche Store\" \/>\n<meta property=\"og:description\" content=\"Aviso de Privacidad y Confidencialidad AUTORIZACI\u00d3N SIMPLIFICADA PARA RECEPCI\u00d3N Y EXPOSICI\u00d3N DE INFORMACI\u00d3N, DE LA P\u00c1GINA\u00a0WWW.PALITROCHESTORE.COM.MX\u00a0. 1.- \u201cResponsable\u201d del uso de la p\u00e1gina web\u00a0www.palitrochestore.com.mx, datos personales y material. Wilmer Espinoza Porras (en adelante EL RESPONSABLE), es la persona f\u00edsica, que, de acuerdo con la Ley, decide sobre el tratamiento de los datos personales que recaba [&hellip;]\" \/>\n<meta property=\"og:url\" content=\"https:\/\/palitrochestore.com.mx\/?page_id=5405\" \/>\n<meta property=\"og:site_name\" content=\"Palitroche Store\" \/>\n<meta property=\"article:modified_time\" content=\"2026-02-08T22:50:04+00:00\" \/>\n<meta name=\"twitter:card\" content=\"summary_large_image\" \/>\n<meta name=\"twitter:label1\" content=\"Tiempo de lectura\" \/>\n\t<meta name=\"twitter:data1\" content=\"6 minutos\" \/>\n<script type=\"application\/ld+json\" class=\"yoast-schema-graph\">{\"@context\":\"https:\\\/\\\/schema.org\",\"@graph\":[{\"@type\":\"WebPage\",\"@id\":\"https:\\\/\\\/palitrochestore.com.mx\\\/?page_id=5405\",\"url\":\"https:\\\/\\\/palitrochestore.com.mx\\\/?page_id=5405\",\"name\":\"Aviso de privacidad - Palitroche Store\",\"isPartOf\":{\"@id\":\"https:\\\/\\\/palitrochestore.com.mx\\\/#website\"},\"datePublished\":\"2022-05-23T02:18:02+00:00\",\"dateModified\":\"2026-02-08T22:50:04+00:00\",\"breadcrumb\":{\"@id\":\"https:\\\/\\\/palitrochestore.com.mx\\\/?page_id=5405#breadcrumb\"},\"inLanguage\":\"es\",\"potentialAction\":[{\"@type\":\"ReadAction\",\"target\":[\"https:\\\/\\\/palitrochestore.com.mx\\\/?page_id=5405\"]}]},{\"@type\":\"BreadcrumbList\",\"@id\":\"https:\\\/\\\/palitrochestore.com.mx\\\/?page_id=5405#breadcrumb\",\"itemListElement\":[{\"@type\":\"ListItem\",\"position\":1,\"name\":\"Home\",\"item\":\"https:\\\/\\\/palitrochestore.com.mx\\\/\"},{\"@type\":\"ListItem\",\"position\":2,\"name\":\"Aviso de privacidad\"}]},{\"@type\":\"WebSite\",\"@id\":\"https:\\\/\\\/palitrochestore.com.mx\\\/#website\",\"url\":\"https:\\\/\\\/palitrochestore.com.mx\\\/\",\"name\":\"Palitroche Store\",\"description\":\"Tienda f\u00edsica y online para comprar figuras de anime en M\u00e9xico, figuras originales coleccionables Bandai y S.H.Figuarts y tambi\u00e9n TCG como One Piece y Pok\u00e9mon TCG en CDMX\",\"publisher\":{\"@id\":\"https:\\\/\\\/palitrochestore.com.mx\\\/#organization\"},\"potentialAction\":[{\"@type\":\"SearchAction\",\"target\":{\"@type\":\"EntryPoint\",\"urlTemplate\":\"https:\\\/\\\/palitrochestore.com.mx\\\/?s={search_term_string}\"},\"query-input\":{\"@type\":\"PropertyValueSpecification\",\"valueRequired\":true,\"valueName\":\"search_term_string\"}}],\"inLanguage\":\"es\"},{\"@type\":\"Organization\",\"@id\":\"https:\\\/\\\/palitrochestore.com.mx\\\/#organization\",\"name\":\"Palitroche Store\",\"url\":\"https:\\\/\\\/palitrochestore.com.mx\\\/\",\"logo\":{\"@type\":\"ImageObject\",\"inLanguage\":\"es\",\"@id\":\"https:\\\/\\\/palitrochestore.com.mx\\\/#\\\/schema\\\/logo\\\/image\\\/\",\"url\":\"https:\\\/\\\/palitrochestore.com.mx\\\/wp-content\\\/uploads\\\/2025\\\/12\\\/cropped-LOGO_PALI_2025-1.png\",\"contentUrl\":\"https:\\\/\\\/palitrochestore.com.mx\\\/wp-content\\\/uploads\\\/2025\\\/12\\\/cropped-LOGO_PALI_2025-1.png\",\"width\":2117,\"height\":1572,\"caption\":\"Palitroche Store\"},\"image\":{\"@id\":\"https:\\\/\\\/palitrochestore.com.mx\\\/#\\\/schema\\\/logo\\\/image\\\/\"}}]}<\/script>\n<!-- \/ Yoast SEO plugin. -->","yoast_head_json":{"title":"Aviso de privacidad - Palitroche Store","robots":{"index":"index","follow":"follow","max-snippet":"max-snippet:-1","max-image-preview":"max-image-preview:large","max-video-preview":"max-video-preview:-1"},"canonical":"https:\/\/palitrochestore.com.mx\/?page_id=5405","og_locale":"es_ES","og_type":"article","og_title":"Aviso de privacidad - Palitroche Store","og_description":"Aviso de Privacidad y Confidencialidad AUTORIZACI\u00d3N SIMPLIFICADA PARA RECEPCI\u00d3N Y EXPOSICI\u00d3N DE INFORMACI\u00d3N, DE LA P\u00c1GINA\u00a0WWW.PALITROCHESTORE.COM.MX\u00a0. 1.- \u201cResponsable\u201d del uso de la p\u00e1gina web\u00a0www.palitrochestore.com.mx, datos personales y material. Wilmer Espinoza Porras (en adelante EL RESPONSABLE), es la persona f\u00edsica, que, de acuerdo con la Ley, decide sobre el tratamiento de los datos personales que recaba [&hellip;]","og_url":"https:\/\/palitrochestore.com.mx\/?page_id=5405","og_site_name":"Palitroche Store","article_modified_time":"2026-02-08T22:50:04+00:00","twitter_card":"summary_large_image","twitter_misc":{"Tiempo de lectura":"6 minutos"},"schema":{"@context":"https:\/\/schema.org","@graph":[{"@type":"WebPage","@id":"https:\/\/palitrochestore.com.mx\/?page_id=5405","url":"https:\/\/palitrochestore.com.mx\/?page_id=5405","name":"Aviso de privacidad - Palitroche Store","isPartOf":{"@id":"https:\/\/palitrochestore.com.mx\/#website"},"datePublished":"2022-05-23T02:18:02+00:00","dateModified":"2026-02-08T22:50:04+00:00","breadcrumb":{"@id":"https:\/\/palitrochestore.com.mx\/?page_id=5405#breadcrumb"},"inLanguage":"es","potentialAction":[{"@type":"ReadAction","target":["https:\/\/palitrochestore.com.mx\/?page_id=5405"]}]},{"@type":"BreadcrumbList","@id":"https:\/\/palitrochestore.com.mx\/?page_id=5405#breadcrumb","itemListElement":[{"@type":"ListItem","position":1,"name":"Home","item":"https:\/\/palitrochestore.com.mx\/"},{"@type":"ListItem","position":2,"name":"Aviso de privacidad"}]},{"@type":"WebSite","@id":"https:\/\/palitrochestore.com.mx\/#website","url":"https:\/\/palitrochestore.com.mx\/","name":"Palitroche Store","description":"Tienda f\u00edsica y online para comprar figuras de anime en M\u00e9xico, figuras originales coleccionables Bandai y S.H.Figuarts y tambi\u00e9n TCG como One Piece y Pok\u00e9mon TCG en CDMX","publisher":{"@id":"https:\/\/palitrochestore.com.mx\/#organization"},"potentialAction":[{"@type":"SearchAction","target":{"@type":"EntryPoint","urlTemplate":"https:\/\/palitrochestore.com.mx\/?s={search_term_string}"},"query-input":{"@type":"PropertyValueSpecification","valueRequired":true,"valueName":"search_term_string"}}],"inLanguage":"es"},{"@type":"Organization","@id":"https:\/\/palitrochestore.com.mx\/#organization","name":"Palitroche Store","url":"https:\/\/palitrochestore.com.mx\/","logo":{"@type":"ImageObject","inLanguage":"es","@id":"https:\/\/palitrochestore.com.mx\/#\/schema\/logo\/image\/","url":"https:\/\/palitrochestore.com.mx\/wp-content\/uploads\/2025\/12\/cropped-LOGO_PALI_2025-1.png","contentUrl":"https:\/\/palitrochestore.com.mx\/wp-content\/uploads\/2025\/12\/cropped-LOGO_PALI_2025-1.png","width":2117,"height":1572,"caption":"Palitroche Store"},"image":{"@id":"https:\/\/palitrochestore.com.mx\/#\/schema\/logo\/image\/"}}]}},"_links":{"self":[{"href":"https:\/\/palitrochestore.com.mx\/index.php?rest_route=\/wp\/v2\/pages\/5405","targetHints":{"allow":["GET"]}}],"collection":[{"href":"https:\/\/palitrochestore.com.mx\/index.php?rest_route=\/wp\/v2\/pages"}],"about":[{"href":"https:\/\/palitrochestore.com.mx\/index.php?rest_route=\/wp\/v2\/types\/page"}],"author":[{"embeddable":true,"href":"https:\/\/palitrochestore.com.mx\/index.php?rest_route=\/wp\/v2\/users\/1"}],"replies":[{"embeddable":true,"href":"https:\/\/palitrochestore.com.mx\/index.php?rest_route=%2Fwp%2Fv2%2Fcomments&post=5405"}],"version-history":[{"count":72,"href":"https:\/\/palitrochestore.com.mx\/index.php?rest_route=\/wp\/v2\/pages\/5405\/revisions"}],"predecessor-version":[{"id":23388,"href":"https:\/\/palitrochestore.com.mx\/index.php?rest_route=\/wp\/v2\/pages\/5405\/revisions\/23388"}],"wp:attachment":[{"href":"https:\/\/palitrochestore.com.mx\/index.php?rest_route=%2Fwp%2Fv2%2Fmedia&parent=5405"}],"curies":[{"name":"wp","href":"https:\/\/api.w.org\/{rel}","templated":true}]}}