{"id":1516,"date":"2022-04-28T21:52:52","date_gmt":"2022-04-29T02:52:52","guid":{"rendered":"https:\/\/palitrochestore.com.mx\/?page_id=1516"},"modified":"2026-02-13T22:42:01","modified_gmt":"2026-02-14T04:42:01","slug":"favoritos","status":"publish","type":"page","link":"https:\/\/palitrochestore.com.mx\/?page_id=1516","title":{"rendered":"Favoritos"},"content":{"rendered":"\t\t<div data-elementor-type=\"wp-page\" data-elementor-id=\"1516\" class=\"elementor elementor-1516\" data-elementor-post-type=\"page\">\n\t\t\t\t\t\t<section class=\"elementor-section elementor-top-section elementor-element elementor-element-dbfebc2 elementor-section-boxed elementor-section-height-default elementor-section-height-default\" data-id=\"dbfebc2\" data-element_type=\"section\" data-e-type=\"section\">\n\t\t\t\t\t\t<div class=\"elementor-container elementor-column-gap-default\">\n\t\t\t\t\t<div class=\"elementor-column elementor-col-25 elementor-top-column elementor-element elementor-element-d4f0efb\" data-id=\"d4f0efb\" data-element_type=\"column\" data-e-type=\"column\">\n\t\t\t<div class=\"elementor-widget-wrap elementor-element-populated\">\n\t\t\t\t\t\t<div class=\"elementor-element elementor-element-0c57a87 elementor-invisible elementor-widget elementor-widget-image\" data-id=\"0c57a87\" data-element_type=\"widget\" data-e-type=\"widget\" data-settings=\"{&quot;_animation&quot;:&quot;zoomIn&quot;}\" data-widget_type=\"image.default\">\n\t\t\t\t<div class=\"elementor-widget-container\">\n\t\t\t\t\t\t\t\t\t\t\t\t\t\t\t\t<a href=\"https:\/\/palitrochestore.com.mx\/product-category\/disney\/\">\n\t\t\t\t\t\t\t<img fetchpriority=\"high\" decoding=\"async\" width=\"250\" height=\"220\" src=\"https:\/\/palitrochestore.com.mx\/wp-content\/uploads\/2022\/06\/DISNEY-SIN-FONDO.png\" class=\"attachment-large size-large wp-image-6020\" alt=\"\" srcset=\"https:\/\/palitrochestore.com.mx\/wp-content\/uploads\/2022\/06\/DISNEY-SIN-FONDO.png 250w, https:\/\/palitrochestore.com.mx\/wp-content\/uploads\/2022\/06\/DISNEY-SIN-FONDO-64x56.png 64w, https:\/\/palitrochestore.com.mx\/wp-content\/uploads\/2022\/06\/DISNEY-SIN-FONDO-100x88.png 100w\" sizes=\"(max-width: 250px) 100vw, 250px\" \/>\t\t\t\t\t\t\t\t<\/a>\n\t\t\t\t\t\t\t\t\t\t\t\t\t\t\t<\/div>\n\t\t\t\t<\/div>\n\t\t\t\t\t<\/div>\n\t\t<\/div>\n\t\t\t\t<div class=\"elementor-column elementor-col-25 elementor-top-column elementor-element elementor-element-38573e6\" data-id=\"38573e6\" data-element_type=\"column\" data-e-type=\"column\">\n\t\t\t<div class=\"elementor-widget-wrap elementor-element-populated\">\n\t\t\t\t\t\t<div class=\"elementor-element elementor-element-c22340a elementor-invisible elementor-widget elementor-widget-image\" data-id=\"c22340a\" data-element_type=\"widget\" data-e-type=\"widget\" data-settings=\"{&quot;_animation&quot;:&quot;zoomIn&quot;}\" data-widget_type=\"image.default\">\n\t\t\t\t<div class=\"elementor-widget-container\">\n\t\t\t\t\t\t\t\t\t\t\t\t\t\t\t\t<a href=\"https:\/\/palitrochestore.com.mx\/product-category\/marvel\/\">\n\t\t\t\t\t\t\t<img decoding=\"async\" width=\"250\" height=\"220\" src=\"https:\/\/palitrochestore.com.mx\/wp-content\/uploads\/2022\/06\/MARVEL-SIN-FONDO.png\" class=\"attachment-large size-large wp-image-6019\" alt=\"\" srcset=\"https:\/\/palitrochestore.com.mx\/wp-content\/uploads\/2022\/06\/MARVEL-SIN-FONDO.png 250w, https:\/\/palitrochestore.com.mx\/wp-content\/uploads\/2022\/06\/MARVEL-SIN-FONDO-64x56.png 64w, https:\/\/palitrochestore.com.mx\/wp-content\/uploads\/2022\/06\/MARVEL-SIN-FONDO-100x88.png 100w\" sizes=\"(max-width: 250px) 100vw, 250px\" \/>\t\t\t\t\t\t\t\t<\/a>\n\t\t\t\t\t\t\t\t\t\t\t\t\t\t\t<\/div>\n\t\t\t\t<\/div>\n\t\t\t\t\t<\/div>\n\t\t<\/div>\n\t\t\t\t<div class=\"elementor-column elementor-col-25 elementor-top-column elementor-element elementor-element-3e6a77a\" data-id=\"3e6a77a\" data-element_type=\"column\" data-e-type=\"column\">\n\t\t\t<div class=\"elementor-widget-wrap elementor-element-populated\">\n\t\t\t\t\t\t<div class=\"elementor-element elementor-element-d52ff40 elementor-invisible elementor-widget elementor-widget-image\" data-id=\"d52ff40\" data-element_type=\"widget\" data-e-type=\"widget\" data-settings=\"{&quot;_animation&quot;:&quot;zoomIn&quot;}\" data-widget_type=\"image.default\">\n\t\t\t\t<div class=\"elementor-widget-container\">\n\t\t\t\t\t\t\t\t\t\t\t\t\t\t\t\t<a href=\"https:\/\/palitrochestore.com.mx\/product-category\/star-wars\/\">\n\t\t\t\t\t\t\t<img decoding=\"async\" width=\"250\" height=\"220\" src=\"https:\/\/palitrochestore.com.mx\/wp-content\/uploads\/2022\/06\/STAR-WARS-SIN-FONDO.png\" class=\"attachment-large size-large wp-image-6018\" alt=\"\" srcset=\"https:\/\/palitrochestore.com.mx\/wp-content\/uploads\/2022\/06\/STAR-WARS-SIN-FONDO.png 250w, https:\/\/palitrochestore.com.mx\/wp-content\/uploads\/2022\/06\/STAR-WARS-SIN-FONDO-64x56.png 64w, https:\/\/palitrochestore.com.mx\/wp-content\/uploads\/2022\/06\/STAR-WARS-SIN-FONDO-100x88.png 100w\" sizes=\"(max-width: 250px) 100vw, 250px\" \/>\t\t\t\t\t\t\t\t<\/a>\n\t\t\t\t\t\t\t\t\t\t\t\t\t\t\t<\/div>\n\t\t\t\t<\/div>\n\t\t\t\t\t<\/div>\n\t\t<\/div>\n\t\t\t\t<div class=\"elementor-column elementor-col-25 elementor-top-column elementor-element elementor-element-643708c\" data-id=\"643708c\" data-element_type=\"column\" data-e-type=\"column\">\n\t\t\t<div class=\"elementor-widget-wrap elementor-element-populated\">\n\t\t\t\t\t\t<div class=\"elementor-element elementor-element-a88bf21 elementor-invisible elementor-widget elementor-widget-image\" data-id=\"a88bf21\" data-element_type=\"widget\" data-e-type=\"widget\" data-settings=\"{&quot;_animation&quot;:&quot;zoomIn&quot;}\" data-widget_type=\"image.default\">\n\t\t\t\t<div class=\"elementor-widget-container\">\n\t\t\t\t\t\t\t\t\t\t\t\t\t\t\t\t<a href=\"https:\/\/palitrochestore.com.mx\/?product_cat=demon-slayer\">\n\t\t\t\t\t\t\t<img loading=\"lazy\" decoding=\"async\" width=\"250\" height=\"220\" src=\"https:\/\/palitrochestore.com.mx\/wp-content\/uploads\/2022\/06\/DEMON-SLAYER-SIN-FONDO.png\" class=\"attachment-large size-large wp-image-6017\" alt=\"\" srcset=\"https:\/\/palitrochestore.com.mx\/wp-content\/uploads\/2022\/06\/DEMON-SLAYER-SIN-FONDO.png 250w, https:\/\/palitrochestore.com.mx\/wp-content\/uploads\/2022\/06\/DEMON-SLAYER-SIN-FONDO-64x56.png 64w, https:\/\/palitrochestore.com.mx\/wp-content\/uploads\/2022\/06\/DEMON-SLAYER-SIN-FONDO-100x88.png 100w\" sizes=\"(max-width: 250px) 100vw, 250px\" \/>\t\t\t\t\t\t\t\t<\/a>\n\t\t\t\t\t\t\t\t\t\t\t\t\t\t\t<\/div>\n\t\t\t\t<\/div>\n\t\t\t\t\t<\/div>\n\t\t<\/div>\n\t\t\t\t\t<\/div>\n\t\t<\/section>\n\t\t\t\t<section class=\"elementor-section elementor-top-section elementor-element elementor-element-22edf4f elementor-section-boxed elementor-section-height-default elementor-section-height-default\" data-id=\"22edf4f\" data-element_type=\"section\" data-e-type=\"section\">\n\t\t\t\t\t\t<div class=\"elementor-container elementor-column-gap-default\">\n\t\t\t\t\t<div class=\"elementor-column elementor-col-25 elementor-top-column elementor-element elementor-element-e91b915\" data-id=\"e91b915\" data-element_type=\"column\" data-e-type=\"column\">\n\t\t\t<div class=\"elementor-widget-wrap elementor-element-populated\">\n\t\t\t\t\t\t<div class=\"elementor-element elementor-element-7330e95 elementor-invisible elementor-widget elementor-widget-image\" data-id=\"7330e95\" data-element_type=\"widget\" data-e-type=\"widget\" data-settings=\"{&quot;_animation&quot;:&quot;zoomIn&quot;}\" data-widget_type=\"image.default\">\n\t\t\t\t<div class=\"elementor-widget-container\">\n\t\t\t\t\t\t\t\t\t\t\t\t\t\t\t\t<a href=\"https:\/\/palitrochestore.com.mx\/?product_cat=dragon-ball\">\n\t\t\t\t\t\t\t<img loading=\"lazy\" decoding=\"async\" width=\"250\" height=\"220\" src=\"https:\/\/palitrochestore.com.mx\/wp-content\/uploads\/2022\/06\/DRAGON-BALL-SIN-FONDO.png\" class=\"attachment-large size-large wp-image-6016\" alt=\"\" srcset=\"https:\/\/palitrochestore.com.mx\/wp-content\/uploads\/2022\/06\/DRAGON-BALL-SIN-FONDO.png 250w, https:\/\/palitrochestore.com.mx\/wp-content\/uploads\/2022\/06\/DRAGON-BALL-SIN-FONDO-64x56.png 64w, https:\/\/palitrochestore.com.mx\/wp-content\/uploads\/2022\/06\/DRAGON-BALL-SIN-FONDO-100x88.png 100w\" sizes=\"(max-width: 250px) 100vw, 250px\" \/>\t\t\t\t\t\t\t\t<\/a>\n\t\t\t\t\t\t\t\t\t\t\t\t\t\t\t<\/div>\n\t\t\t\t<\/div>\n\t\t\t\t\t<\/div>\n\t\t<\/div>\n\t\t\t\t<div class=\"elementor-column elementor-col-25 elementor-top-column elementor-element elementor-element-4948410\" data-id=\"4948410\" data-element_type=\"column\" data-e-type=\"column\">\n\t\t\t<div class=\"elementor-widget-wrap elementor-element-populated\">\n\t\t\t\t\t\t<div class=\"elementor-element elementor-element-08e3eaf elementor-invisible elementor-widget elementor-widget-image\" data-id=\"08e3eaf\" data-element_type=\"widget\" data-e-type=\"widget\" data-settings=\"{&quot;_animation&quot;:&quot;zoomIn&quot;}\" data-widget_type=\"image.default\">\n\t\t\t\t<div class=\"elementor-widget-container\">\n\t\t\t\t\t\t\t\t\t\t\t\t\t\t\t\t<a href=\"https:\/\/palitrochestore.com.mx\/product-category\/naruto\/\">\n\t\t\t\t\t\t\t<img loading=\"lazy\" decoding=\"async\" width=\"250\" height=\"220\" src=\"https:\/\/palitrochestore.com.mx\/wp-content\/uploads\/2022\/06\/NARUTO-SIN-FONDO.png\" class=\"attachment-large size-large wp-image-6015\" alt=\"\" srcset=\"https:\/\/palitrochestore.com.mx\/wp-content\/uploads\/2022\/06\/NARUTO-SIN-FONDO.png 250w, https:\/\/palitrochestore.com.mx\/wp-content\/uploads\/2022\/06\/NARUTO-SIN-FONDO-64x56.png 64w, https:\/\/palitrochestore.com.mx\/wp-content\/uploads\/2022\/06\/NARUTO-SIN-FONDO-100x88.png 100w\" sizes=\"(max-width: 250px) 100vw, 250px\" \/>\t\t\t\t\t\t\t\t<\/a>\n\t\t\t\t\t\t\t\t\t\t\t\t\t\t\t<\/div>\n\t\t\t\t<\/div>\n\t\t\t\t\t<\/div>\n\t\t<\/div>\n\t\t\t\t<div class=\"elementor-column elementor-col-25 elementor-top-column elementor-element elementor-element-1fc89f7\" data-id=\"1fc89f7\" data-element_type=\"column\" data-e-type=\"column\">\n\t\t\t<div class=\"elementor-widget-wrap elementor-element-populated\">\n\t\t\t\t\t\t<div class=\"elementor-element elementor-element-154942a elementor-invisible elementor-widget elementor-widget-image\" data-id=\"154942a\" data-element_type=\"widget\" data-e-type=\"widget\" data-settings=\"{&quot;_animation&quot;:&quot;zoomIn&quot;}\" data-widget_type=\"image.default\">\n\t\t\t\t<div class=\"elementor-widget-container\">\n\t\t\t\t\t\t\t\t\t\t\t\t\t\t\t\t<a href=\"https:\/\/palitrochestore.com.mx\/?product_cat=one-piece\">\n\t\t\t\t\t\t\t<img loading=\"lazy\" decoding=\"async\" width=\"250\" height=\"220\" src=\"https:\/\/palitrochestore.com.mx\/wp-content\/uploads\/2022\/06\/ONE-PIECE-SIN-FONDO.png\" class=\"attachment-large size-large wp-image-6014\" alt=\"\" srcset=\"https:\/\/palitrochestore.com.mx\/wp-content\/uploads\/2022\/06\/ONE-PIECE-SIN-FONDO.png 250w, https:\/\/palitrochestore.com.mx\/wp-content\/uploads\/2022\/06\/ONE-PIECE-SIN-FONDO-64x56.png 64w, https:\/\/palitrochestore.com.mx\/wp-content\/uploads\/2022\/06\/ONE-PIECE-SIN-FONDO-100x88.png 100w\" sizes=\"(max-width: 250px) 100vw, 250px\" \/>\t\t\t\t\t\t\t\t<\/a>\n\t\t\t\t\t\t\t\t\t\t\t\t\t\t\t<\/div>\n\t\t\t\t<\/div>\n\t\t\t\t\t<\/div>\n\t\t<\/div>\n\t\t\t\t<div class=\"elementor-column elementor-col-25 elementor-top-column elementor-element elementor-element-bd93f7d\" data-id=\"bd93f7d\" data-element_type=\"column\" data-e-type=\"column\">\n\t\t\t<div class=\"elementor-widget-wrap elementor-element-populated\">\n\t\t\t\t\t\t<div class=\"elementor-element elementor-element-9842bde elementor-invisible elementor-widget elementor-widget-image\" data-id=\"9842bde\" data-element_type=\"widget\" data-e-type=\"widget\" data-settings=\"{&quot;_animation&quot;:&quot;zoomIn&quot;}\" data-widget_type=\"image.default\">\n\t\t\t\t<div class=\"elementor-widget-container\">\n\t\t\t\t\t\t\t\t\t\t\t\t\t\t\t\t<a href=\"https:\/\/palitrochestore.com.mx\/product-category\/anime\/\">\n\t\t\t\t\t\t\t<img loading=\"lazy\" decoding=\"async\" width=\"250\" height=\"220\" src=\"https:\/\/palitrochestore.com.mx\/wp-content\/uploads\/2022\/06\/ANIME-SIN-FONDO.png\" class=\"attachment-large size-large wp-image-6013\" alt=\"\" srcset=\"https:\/\/palitrochestore.com.mx\/wp-content\/uploads\/2022\/06\/ANIME-SIN-FONDO.png 250w, https:\/\/palitrochestore.com.mx\/wp-content\/uploads\/2022\/06\/ANIME-SIN-FONDO-64x56.png 64w, https:\/\/palitrochestore.com.mx\/wp-content\/uploads\/2022\/06\/ANIME-SIN-FONDO-100x88.png 100w\" sizes=\"(max-width: 250px) 100vw, 250px\" \/>\t\t\t\t\t\t\t\t<\/a>\n\t\t\t\t\t\t\t\t\t\t\t\t\t\t\t<\/div>\n\t\t\t\t<\/div>\n\t\t\t\t\t<\/div>\n\t\t<\/div>\n\t\t\t\t\t<\/div>\n\t\t<\/section>\n\t\t\t\t<\/div>\n\t\t","protected":false},"excerpt":{"rendered":"","protected":false},"author":1,"featured_media":0,"parent":0,"menu_order":0,"comment_status":"closed","ping_status":"closed","template":"","meta":{"site-sidebar-layout":"no-sidebar","site-content-layout":"page-builder","ast-site-content-layout":"default","site-content-style":"default","site-sidebar-style":"default","ast-global-header-display":"","ast-banner-title-visibility":"","ast-main-header-display":"","ast-hfb-above-header-display":"","ast-hfb-below-header-display":"","ast-hfb-mobile-header-display":"","site-post-title":"disabled","ast-breadcrumbs-content":"","ast-featured-img":"disabled","footer-sml-layout":"","ast-disable-related-posts":"","theme-transparent-header-meta":"","adv-header-id-meta":"","stick-header-meta":"","header-above-stick-meta":"","header-main-stick-meta":"","header-below-stick-meta":"","astra-migrate-meta-layouts":"default","ast-page-background-enabled":"default","ast-page-background-meta":{"desktop":{"background-color":"","background-image":"","background-repeat":"repeat","background-position":"center center","background-size":"auto","background-attachment":"scroll","background-type":"","background-media":"","overlay-type":"","overlay-color":"","overlay-opacity":"","overlay-gradient":""},"tablet":{"background-color":"","background-image":"","background-repeat":"repeat","background-position":"center center","background-size":"auto","background-attachment":"scroll","background-type":"","background-media":"","overlay-type":"","overlay-color":"","overlay-opacity":"","overlay-gradient":""},"mobile":{"background-color":"","background-image":"","background-repeat":"repeat","background-position":"center center","background-size":"auto","background-attachment":"scroll","background-type":"","background-media":"","overlay-type":"","overlay-color":"","overlay-opacity":"","overlay-gradient":""}},"ast-content-background-meta":{"desktop":{"background-color":"var(--ast-global-color-5)","background-image":"","background-repeat":"repeat","background-position":"center center","background-size":"auto","background-attachment":"scroll","background-type":"","background-media":"","overlay-type":"","overlay-color":"","overlay-opacity":"","overlay-gradient":""},"tablet":{"background-color":"var(--ast-global-color-5)","background-image":"","background-repeat":"repeat","background-position":"center center","background-size":"auto","background-attachment":"scroll","background-type":"","background-media":"","overlay-type":"","overlay-color":"","overlay-opacity":"","overlay-gradient":""},"mobile":{"background-color":"var(--ast-global-color-5)","background-image":"","background-repeat":"repeat","background-position":"center center","background-size":"auto","background-attachment":"scroll","background-type":"","background-media":"","overlay-type":"","overlay-color":"","overlay-opacity":"","overlay-gradient":""}},"footnotes":""},"class_list":["post-1516","page","type-page","status-publish","hentry"],"yoast_head":"<!-- This site is optimized with the Yoast SEO plugin v27.3 - https:\/\/yoast.com\/product\/yoast-seo-wordpress\/ -->\n<title>Favoritos - Palitroche Store<\/title>\n<meta name=\"robots\" content=\"index, follow, max-snippet:-1, max-image-preview:large, max-video-preview:-1\" \/>\n<link rel=\"canonical\" href=\"https:\/\/palitrochestore.com.mx\/?page_id=1516\" \/>\n<meta property=\"og:locale\" content=\"es_ES\" \/>\n<meta property=\"og:type\" content=\"article\" \/>\n<meta property=\"og:title\" content=\"Favoritos - Palitroche Store\" \/>\n<meta property=\"og:url\" content=\"https:\/\/palitrochestore.com.mx\/?page_id=1516\" \/>\n<meta property=\"og:site_name\" content=\"Palitroche Store\" \/>\n<meta property=\"article:modified_time\" content=\"2026-02-14T04:42:01+00:00\" \/>\n<meta property=\"og:image\" content=\"https:\/\/palitrochestore.com.mx\/wp-content\/uploads\/2022\/06\/DISNEY-SIN-FONDO.png\" \/>\n\t<meta property=\"og:image:width\" content=\"250\" \/>\n\t<meta property=\"og:image:height\" content=\"220\" \/>\n\t<meta property=\"og:image:type\" content=\"image\/png\" \/>\n<meta name=\"twitter:card\" content=\"summary_large_image\" \/>\n<meta name=\"twitter:label1\" content=\"Tiempo de lectura\" \/>\n\t<meta name=\"twitter:data1\" content=\"2 minutos\" \/>\n<script type=\"application\/ld+json\" class=\"yoast-schema-graph\">{\"@context\":\"https:\\\/\\\/schema.org\",\"@graph\":[{\"@type\":\"WebPage\",\"@id\":\"https:\\\/\\\/palitrochestore.com.mx\\\/?page_id=1516\",\"url\":\"https:\\\/\\\/palitrochestore.com.mx\\\/?page_id=1516\",\"name\":\"Favoritos - Palitroche Store\",\"isPartOf\":{\"@id\":\"https:\\\/\\\/palitrochestore.com.mx\\\/#website\"},\"primaryImageOfPage\":{\"@id\":\"https:\\\/\\\/palitrochestore.com.mx\\\/?page_id=1516#primaryimage\"},\"image\":{\"@id\":\"https:\\\/\\\/palitrochestore.com.mx\\\/?page_id=1516#primaryimage\"},\"thumbnailUrl\":\"https:\\\/\\\/palitrochestore.com.mx\\\/wp-content\\\/uploads\\\/2022\\\/06\\\/DISNEY-SIN-FONDO.png\",\"datePublished\":\"2022-04-29T02:52:52+00:00\",\"dateModified\":\"2026-02-14T04:42:01+00:00\",\"breadcrumb\":{\"@id\":\"https:\\\/\\\/palitrochestore.com.mx\\\/?page_id=1516#breadcrumb\"},\"inLanguage\":\"es\",\"potentialAction\":[{\"@type\":\"ReadAction\",\"target\":[\"https:\\\/\\\/palitrochestore.com.mx\\\/?page_id=1516\"]}]},{\"@type\":\"ImageObject\",\"inLanguage\":\"es\",\"@id\":\"https:\\\/\\\/palitrochestore.com.mx\\\/?page_id=1516#primaryimage\",\"url\":\"https:\\\/\\\/palitrochestore.com.mx\\\/wp-content\\\/uploads\\\/2022\\\/06\\\/DISNEY-SIN-FONDO.png\",\"contentUrl\":\"https:\\\/\\\/palitrochestore.com.mx\\\/wp-content\\\/uploads\\\/2022\\\/06\\\/DISNEY-SIN-FONDO.png\",\"width\":250,\"height\":220},{\"@type\":\"BreadcrumbList\",\"@id\":\"https:\\\/\\\/palitrochestore.com.mx\\\/?page_id=1516#breadcrumb\",\"itemListElement\":[{\"@type\":\"ListItem\",\"position\":1,\"name\":\"Home\",\"item\":\"https:\\\/\\\/palitrochestore.com.mx\\\/\"},{\"@type\":\"ListItem\",\"position\":2,\"name\":\"Favoritos\"}]},{\"@type\":\"WebSite\",\"@id\":\"https:\\\/\\\/palitrochestore.com.mx\\\/#website\",\"url\":\"https:\\\/\\\/palitrochestore.com.mx\\\/\",\"name\":\"Palitroche Store\",\"description\":\"Tienda f\u00edsica y online para comprar figuras de anime en M\u00e9xico, figuras originales coleccionables Bandai y S.H.Figuarts y tambi\u00e9n TCG como One Piece y Pok\u00e9mon TCG en CDMX\",\"publisher\":{\"@id\":\"https:\\\/\\\/palitrochestore.com.mx\\\/#organization\"},\"potentialAction\":[{\"@type\":\"SearchAction\",\"target\":{\"@type\":\"EntryPoint\",\"urlTemplate\":\"https:\\\/\\\/palitrochestore.com.mx\\\/?s={search_term_string}\"},\"query-input\":{\"@type\":\"PropertyValueSpecification\",\"valueRequired\":true,\"valueName\":\"search_term_string\"}}],\"inLanguage\":\"es\"},{\"@type\":\"Organization\",\"@id\":\"https:\\\/\\\/palitrochestore.com.mx\\\/#organization\",\"name\":\"Palitroche Store\",\"url\":\"https:\\\/\\\/palitrochestore.com.mx\\\/\",\"logo\":{\"@type\":\"ImageObject\",\"inLanguage\":\"es\",\"@id\":\"https:\\\/\\\/palitrochestore.com.mx\\\/#\\\/schema\\\/logo\\\/image\\\/\",\"url\":\"https:\\\/\\\/palitrochestore.com.mx\\\/wp-content\\\/uploads\\\/2025\\\/12\\\/cropped-LOGO_PALI_2025-1.png\",\"contentUrl\":\"https:\\\/\\\/palitrochestore.com.mx\\\/wp-content\\\/uploads\\\/2025\\\/12\\\/cropped-LOGO_PALI_2025-1.png\",\"width\":2117,\"height\":1572,\"caption\":\"Palitroche Store\"},\"image\":{\"@id\":\"https:\\\/\\\/palitrochestore.com.mx\\\/#\\\/schema\\\/logo\\\/image\\\/\"}}]}<\/script>\n<!-- \/ Yoast SEO plugin. -->","yoast_head_json":{"title":"Favoritos - Palitroche Store","robots":{"index":"index","follow":"follow","max-snippet":"max-snippet:-1","max-image-preview":"max-image-preview:large","max-video-preview":"max-video-preview:-1"},"canonical":"https:\/\/palitrochestore.com.mx\/?page_id=1516","og_locale":"es_ES","og_type":"article","og_title":"Favoritos - Palitroche Store","og_url":"https:\/\/palitrochestore.com.mx\/?page_id=1516","og_site_name":"Palitroche Store","article_modified_time":"2026-02-14T04:42:01+00:00","og_image":[{"width":250,"height":220,"url":"https:\/\/palitrochestore.com.mx\/wp-content\/uploads\/2022\/06\/DISNEY-SIN-FONDO.png","type":"image\/png"}],"twitter_card":"summary_large_image","twitter_misc":{"Tiempo de lectura":"2 minutos"},"schema":{"@context":"https:\/\/schema.org","@graph":[{"@type":"WebPage","@id":"https:\/\/palitrochestore.com.mx\/?page_id=1516","url":"https:\/\/palitrochestore.com.mx\/?page_id=1516","name":"Favoritos - Palitroche Store","isPartOf":{"@id":"https:\/\/palitrochestore.com.mx\/#website"},"primaryImageOfPage":{"@id":"https:\/\/palitrochestore.com.mx\/?page_id=1516#primaryimage"},"image":{"@id":"https:\/\/palitrochestore.com.mx\/?page_id=1516#primaryimage"},"thumbnailUrl":"https:\/\/palitrochestore.com.mx\/wp-content\/uploads\/2022\/06\/DISNEY-SIN-FONDO.png","datePublished":"2022-04-29T02:52:52+00:00","dateModified":"2026-02-14T04:42:01+00:00","breadcrumb":{"@id":"https:\/\/palitrochestore.com.mx\/?page_id=1516#breadcrumb"},"inLanguage":"es","potentialAction":[{"@type":"ReadAction","target":["https:\/\/palitrochestore.com.mx\/?page_id=1516"]}]},{"@type":"ImageObject","inLanguage":"es","@id":"https:\/\/palitrochestore.com.mx\/?page_id=1516#primaryimage","url":"https:\/\/palitrochestore.com.mx\/wp-content\/uploads\/2022\/06\/DISNEY-SIN-FONDO.png","contentUrl":"https:\/\/palitrochestore.com.mx\/wp-content\/uploads\/2022\/06\/DISNEY-SIN-FONDO.png","width":250,"height":220},{"@type":"BreadcrumbList","@id":"https:\/\/palitrochestore.com.mx\/?page_id=1516#breadcrumb","itemListElement":[{"@type":"ListItem","position":1,"name":"Home","item":"https:\/\/palitrochestore.com.mx\/"},{"@type":"ListItem","position":2,"name":"Favoritos"}]},{"@type":"WebSite","@id":"https:\/\/palitrochestore.com.mx\/#website","url":"https:\/\/palitrochestore.com.mx\/","name":"Palitroche Store","description":"Tienda f\u00edsica y online para comprar figuras de anime en M\u00e9xico, figuras originales coleccionables Bandai y S.H.Figuarts y tambi\u00e9n TCG como One Piece y Pok\u00e9mon TCG en CDMX","publisher":{"@id":"https:\/\/palitrochestore.com.mx\/#organization"},"potentialAction":[{"@type":"SearchAction","target":{"@type":"EntryPoint","urlTemplate":"https:\/\/palitrochestore.com.mx\/?s={search_term_string}"},"query-input":{"@type":"PropertyValueSpecification","valueRequired":true,"valueName":"search_term_string"}}],"inLanguage":"es"},{"@type":"Organization","@id":"https:\/\/palitrochestore.com.mx\/#organization","name":"Palitroche Store","url":"https:\/\/palitrochestore.com.mx\/","logo":{"@type":"ImageObject","inLanguage":"es","@id":"https:\/\/palitrochestore.com.mx\/#\/schema\/logo\/image\/","url":"https:\/\/palitrochestore.com.mx\/wp-content\/uploads\/2025\/12\/cropped-LOGO_PALI_2025-1.png","contentUrl":"https:\/\/palitrochestore.com.mx\/wp-content\/uploads\/2025\/12\/cropped-LOGO_PALI_2025-1.png","width":2117,"height":1572,"caption":"Palitroche Store"},"image":{"@id":"https:\/\/palitrochestore.com.mx\/#\/schema\/logo\/image\/"}}]}},"_links":{"self":[{"href":"https:\/\/palitrochestore.com.mx\/index.php?rest_route=\/wp\/v2\/pages\/1516","targetHints":{"allow":["GET"]}}],"collection":[{"href":"https:\/\/palitrochestore.com.mx\/index.php?rest_route=\/wp\/v2\/pages"}],"about":[{"href":"https:\/\/palitrochestore.com.mx\/index.php?rest_route=\/wp\/v2\/types\/page"}],"author":[{"embeddable":true,"href":"https:\/\/palitrochestore.com.mx\/index.php?rest_route=\/wp\/v2\/users\/1"}],"replies":[{"embeddable":true,"href":"https:\/\/palitrochestore.com.mx\/index.php?rest_route=%2Fwp%2Fv2%2Fcomments&post=1516"}],"version-history":[{"count":13,"href":"https:\/\/palitrochestore.com.mx\/index.php?rest_route=\/wp\/v2\/pages\/1516\/revisions"}],"predecessor-version":[{"id":20006,"href":"https:\/\/palitrochestore.com.mx\/index.php?rest_route=\/wp\/v2\/pages\/1516\/revisions\/20006"}],"wp:attachment":[{"href":"https:\/\/palitrochestore.com.mx\/index.php?rest_route=%2Fwp%2Fv2%2Fmedia&parent=1516"}],"curies":[{"name":"wp","href":"https:\/\/api.w.org\/{rel}","templated":true}]}}